{"id":4060,"date":"2025-10-16T10:35:50","date_gmt":"2025-10-16T07:35:50","guid":{"rendered":"https:\/\/tammetorubbq.ee\/?post_type=product&#038;p=4060"},"modified":"2026-04-16T20:00:21","modified_gmt":"2026-04-16T17:00:21","slug":"ninja-maisytuvas-maisto-procesorius-aptikti-3in1-galia","status":"publish","type":"product","link":"https:\/\/tammetorubbq.ee\/lt\/produktas\/ninja-maisytuvas-maisto-procesorius-aptikti-3in1-galia\/","title":{"rendered":"\"Ninja\" mai\u0161ytuvas ir virtuv\u0117s kombainas \"Detect 3in1 Power"},"content":{"rendered":"<table class=\"woocommerce-product-attributes shop_attributes\" aria-label=\"I\u0161sami informacija apie gamin\u012f\">\n<tbody>\n<tr class=\"woocommerce-product-attributes-item woocommerce-product-attributes-item--weight\">\n<th class=\"woocommerce-product-attributes-item__label\" style=\"text-align: left;\" scope=\"row\">Svoris<\/th>\n<td class=\"woocommerce-product-attributes-item__value\">6,3 kg<\/td>\n<\/tr>\n<tr class=\"woocommerce-product-attributes-item woocommerce-product-attributes-item--dimensions\">\n<th class=\"woocommerce-product-attributes-item__label\" scope=\"row\">Matmenys<\/th>\n<td class=\"woocommerce-product-attributes-item__value\">17,5 \u00d7 21 \u00d7 44,5 cm<\/td>\n<\/tr>\n<\/tbody>\n<\/table>\n<p>&nbsp;<\/p>\n<p data-start=\"112\" data-end=\"348\"><strong data-start=\"112\" data-end=\"121\">Ninja<\/strong>\u00a0<strong>preki\u0173 \u017eenklas<\/strong>\u00a0yra gerai \u017einomas amerikie\u010di\u0173 buitin\u0117s technikos prek\u0117s \u017eenklas, priklausantis bendrovei\u00a0<strong data-start=\"187\" data-end=\"201\">SharkNinja<\/strong>. Prek\u0117s \u017eenklas vertinamas d\u0117l savo\u00a0<strong data-start=\"225\" data-end=\"269\">i\u0161man\u016bs ir patog\u016bs sprendimai.<\/strong>\u00a0kurie palengvina kasdien\u012f maisto ruo\u0161im\u0105 ir padidina jo efektyvum\u0105.<\/p>\n<p data-start=\"350\" data-end=\"651\">\"Ninja\" asortiment\u0105 sudaro\u00a0<strong data-start=\"380\" data-end=\"434\">mai\u0161ytuvai, virtuviniai kombainai, keptuv\u0117s, daugiafunkcin\u0117s keptuv\u0117s<\/strong>\u00a0ir vis da\u017eniau\u00a0<strong data-start=\"452\" data-end=\"474\">lauko virtuv\u0117s \u012franga<\/strong>. Visi produktai yra sukurti taip, kad der\u0117t\u0173\u00a0<strong data-start=\"507\" data-end=\"564\">funkcionalumas, patikimumas ir novatori\u0161kas dizainas<\/strong>sukurti geriausi\u0105 \u012frank\u012f kiekvienai virtuvei - tiek nam\u0173, tiek profesional\u0173 virtuvei.<\/p>","protected":false},"excerpt":{"rendered":"<p><strong data-start=\"168\" data-end=\"234\">Universalus virtuv\u0117s prietaisas, skirtas naudoti namuose ir ne\u0161iotis.<\/strong><\/p>\n<p>\"Ninja Detect 3-in-1\" viename \u012frenginyje sujungia tradicinio mai\u0161ytuvo, asmeninio kokteili\u0173 gaminimo aparato ir maisto procesoriaus funkcijas. <strong data-start=\"361\" data-end=\"387\">\"BlendSense\" technologija<\/strong> aptinka ingredientus ir automati\u0161kai reguliuoja greit\u012f, gali\u0105 ir veikimo laik\u0105, kad kaskart b\u016bt\u0173 pasiekta nepriekai\u0161tinga konsistencija. Idealiai tinka kokteiliams, pada\u017eams, dar\u017eov\u0117ms ir rie\u0161utams.<\/p>\n<h4 data-start=\"586\" data-end=\"612\"><strong data-start=\"591\" data-end=\"612\">Pagrindin\u0117s funkcijos<\/strong><\/h4>\n<ul data-start=\"613\" data-end=\"1202\">\n<li data-start=\"613\" data-end=\"692\">\n<p data-start=\"615\" data-end=\"692\"><strong data-start=\"615\" data-end=\"641\">\"BlendSense\" technologija<\/strong> automati\u0161kai pritaiko nustatymus pagal ingredientus.<\/p>\n<\/li>\n<li data-start=\"693\" data-end=\"766\">\n<p data-start=\"695\" data-end=\"766\"><strong data-start=\"695\" data-end=\"719\">1200 W galingas variklis<\/strong> be vargo sutrupina sunkius ir kietus ingredientus<\/p>\n<\/li>\n<li data-start=\"767\" data-end=\"893\">\n<p data-start=\"769\" data-end=\"893\"><strong data-start=\"769\" data-end=\"797\">2,1 litro talpos mai\u0161ytuvo \u0105sotis<\/strong> ir <strong data-start=\"801\" data-end=\"836\">1,9 litro virtuvinio kombaino indas<\/strong> tinka tiek ma\u017eiems, tiek dideliems kiekiams.<\/p>\n<\/li>\n<li data-start=\"894\" data-end=\"974\">\n<p data-start=\"896\" data-end=\"974\"><strong data-start=\"896\" data-end=\"916\">700 ml kelioninis dangtelis<\/strong> kokteiliams ir pada\u017eams su nepralaid\u017eiu dangteliu<\/p>\n<\/li>\n<li data-start=\"975\" data-end=\"1048\">\n<p data-start=\"977\" data-end=\"1048\">I\u0161 anksto nustatytos m\u0117sos, dar\u017eovi\u0173 ir rie\u0161ut\u0173 apdorojimo programos<\/p>\n<\/li>\n<li data-start=\"1049\" data-end=\"1142\">\n<p data-start=\"1051\" data-end=\"1142\">Universal\u016bs a\u0161menys: <strong data-start=\"1071\" data-end=\"1140\">Pjaustymo peilis, te\u0161los peilis ir dvipusis pjaustymo ir tarkavimo diskas<\/strong><\/p>\n<\/li>\n<li data-start=\"1143\" data-end=\"1202\">\n<p data-start=\"1145\" data-end=\"1202\">Visos nuimamos dalys yra <strong data-start=\"1171\" data-end=\"1200\">galima plauti indaplov\u0117je<\/strong><\/p>\n<\/li>\n<\/ul>\n<h4 data-start=\"1209\" data-end=\"1235\"><strong data-start=\"1214\" data-end=\"1235\">Techniniai duomenys<\/strong><\/h4>\n<ul data-start=\"1236\" data-end=\"1382\">\n<li data-start=\"1236\" data-end=\"1259\">\n<p data-start=\"1238\" data-end=\"1259\">Galia: <strong data-start=\"1247\" data-end=\"1257\">1200 W<\/strong><\/p>\n<\/li>\n<li data-start=\"1260\" data-end=\"1292\">\n<p data-start=\"1262\" data-end=\"1292\">Blenderio \u0105so\u010dio talpa: <strong data-start=\"1281\" data-end=\"1290\">2,1 L<\/strong><\/p>\n<\/li>\n<li data-start=\"1293\" data-end=\"1332\">\n<p data-start=\"1295\" data-end=\"1332\">Virtuvinio kombaino talpa: <strong data-start=\"1321\" data-end=\"1330\">1,9 L<\/strong><\/p>\n<\/li>\n<li data-start=\"1333\" data-end=\"1363\">\n<p data-start=\"1335\" data-end=\"1363\">Pulsacijos re\u017eimas: <strong data-start=\"1354\" data-end=\"1361\">Taip<\/strong><\/p>\n<\/li>\n<li data-start=\"1364\" data-end=\"1382\">\n<p data-start=\"1366\" data-end=\"1382\">Spalva: <strong data-start=\"1372\" data-end=\"1380\">turi<\/strong><\/p>\n<\/li>\n<\/ul>\n<h4 data-start=\"1389\" data-end=\"1408\"><strong data-start=\"1394\" data-end=\"1408\">Pateik\u0117<\/strong><\/h4>\n<ul data-start=\"1409\" data-end=\"1625\">\n<li data-start=\"1409\" data-end=\"1445\">\n<p data-start=\"1411\" data-end=\"1445\">2,1 litro talpos mai\u0161ytuvo \u0105sotis ir dangtelis<\/p>\n<\/li>\n<li data-start=\"1446\" data-end=\"1474\">\n<p data-start=\"1448\" data-end=\"1474\">700 ml talpos dangteliai su pilstymo snapeliu<\/p>\n<\/li>\n<li data-start=\"1475\" data-end=\"1518\">\n<p data-start=\"1477\" data-end=\"1518\">1,9 litro virtuvinio kombaino \u0105sotis su dang\u010diu<\/p>\n<\/li>\n<li data-start=\"1519\" data-end=\"1551\">\n<p data-start=\"1521\" data-end=\"1551\">\"Hybrid Edge\u2122\" a\u0161men\u0173 rinkinys<\/p>\n<\/li>\n<li data-start=\"1552\" data-end=\"1568\">\n<p data-start=\"1554\" data-end=\"1568\">Gauta i\u0161<\/p>\n<\/li>\n<li data-start=\"1569\" data-end=\"1583\">\n<p data-start=\"1571\" data-end=\"1583\">Taignatera<\/p>\n<\/li>\n<li data-start=\"1584\" data-end=\"1625\">\n<p data-start=\"1586\" data-end=\"1625\">Dvipusis pjaustymo ir tarkavimo diskas<\/p>\n<\/li>\n<\/ul>\n<p><img loading=\"lazy\" decoding=\"async\" class=\"wp-image-3980\" src=\"http:\/\/tammetorubbq.ee\/wp-content\/uploads\/2025\/10\/Ninja-logo-300x300.webp\" alt=\"Ninja logotipas\" width=\"180\" height=\"180\" srcset=\"https:\/\/tammetorubbq.ee\/wp-content\/uploads\/2025\/10\/Ninja-logo-300x300.webp 300w, https:\/\/tammetorubbq.ee\/wp-content\/uploads\/2025\/10\/Ninja-logo-150x150.webp 150w, https:\/\/tammetorubbq.ee\/wp-content\/uploads\/2025\/10\/Ninja-logo-12x12.webp 12w, https:\/\/tammetorubbq.ee\/wp-content\/uploads\/2025\/10\/Ninja-logo-600x600.webp 600w, https:\/\/tammetorubbq.ee\/wp-content\/uploads\/2025\/10\/Ninja-logo-64x64.webp 64w, https:\/\/tammetorubbq.ee\/wp-content\/uploads\/2025\/10\/Ninja-logo.webp 680w\" sizes=\"auto, (max-width: 180px) 100vw, 180px\" \/><\/p>\n<p><a href=\"https:\/\/tammetorubbq.ee\/lt\/sumoketi-veliau\/\"><strong>PIRKITE DABAR, MOK\u0116KITE V\u0116LIAU<\/strong><\/a>\u00a0- be pal\u016bkan\u0173!<\/p>\n<p><img loading=\"lazy\" decoding=\"async\" class=\"alignnone wp-image-2646\" src=\"http:\/\/tammetorubbq.ee\/wp-content\/uploads\/2023\/12\/inbank-wordmark.png\" alt=\"\" width=\"167\" height=\"75\" srcset=\"https:\/\/tammetorubbq.ee\/wp-content\/uploads\/2023\/12\/inbank-wordmark.png 300w, https:\/\/tammetorubbq.ee\/wp-content\/uploads\/2023\/12\/inbank-wordmark-18x8.png 18w, https:\/\/tammetorubbq.ee\/wp-content\/uploads\/2023\/12\/inbank-wordmark-64x29.png 64w\" sizes=\"auto, (max-width: 167px) 100vw, 167px\" \/><\/p>\n<p>Taip pat si\u016blome galimyb\u0119 sumok\u0117ti v\u0117liau - viena, dviem arba trimis lygiomis dalimis be joki\u0173 pal\u016bkan\u0173 ar papildom\u0173 mokes\u010di\u0173.<\/p>\n<p>M\u016bs\u0173 pirkini\u0173 krep\u0161elyje rasite \u012fvairi\u0173 mok\u0117jimo b\u016bd\u0173 pasirinkim\u0105.<\/p>","protected":false},"featured_media":4061,"comment_status":"open","ping_status":"closed","template":"","meta":{"_uf_show_specific_survey":0,"_uf_disable_surveys":false},"pwb-brand":[214],"product_brand":[],"product_cat":[194,198],"product_tag":[218,222],"class_list":{"0":"post-4060","1":"product","2":"type-product","3":"status-publish","4":"has-post-thumbnail","6":"pwb-brand-ninja","7":"product_cat-ninja-koogiseadmed","8":"product_cat-blenderid-ja-koogikombainid","9":"product_tag-blender","10":"product_tag-koogikombain","12":"first","13":"instock","14":"taxable","15":"shipping-taxable","16":"purchasable","17":"product-type-simple"},"brands":[{"id":214,"name":"Ninja","slug":"ninja"}],"_links":{"self":[{"href":"https:\/\/tammetorubbq.ee\/lt\/wp-json\/wp\/v2\/product\/4060","targetHints":{"allow":["GET"]}}],"collection":[{"href":"https:\/\/tammetorubbq.ee\/lt\/wp-json\/wp\/v2\/product"}],"about":[{"href":"https:\/\/tammetorubbq.ee\/lt\/wp-json\/wp\/v2\/types\/product"}],"replies":[{"embeddable":true,"href":"https:\/\/tammetorubbq.ee\/lt\/wp-json\/wp\/v2\/comments?post=4060"}],"wp:featuredmedia":[{"embeddable":true,"href":"https:\/\/tammetorubbq.ee\/lt\/wp-json\/wp\/v2\/media\/4061"}],"wp:attachment":[{"href":"https:\/\/tammetorubbq.ee\/lt\/wp-json\/wp\/v2\/media?parent=4060"}],"wp:term":[{"taxonomy":"pwb-brand","embeddable":true,"href":"https:\/\/tammetorubbq.ee\/lt\/wp-json\/wp\/v2\/pwb-brand?post=4060"},{"taxonomy":"product_brand","embeddable":true,"href":"https:\/\/tammetorubbq.ee\/lt\/wp-json\/wp\/v2\/product_brand?post=4060"},{"taxonomy":"product_cat","embeddable":true,"href":"https:\/\/tammetorubbq.ee\/lt\/wp-json\/wp\/v2\/product_cat?post=4060"},{"taxonomy":"product_tag","embeddable":true,"href":"https:\/\/tammetorubbq.ee\/lt\/wp-json\/wp\/v2\/product_tag?post=4060"}],"curies":[{"name":"wp","href":"https:\/\/api.w.org\/{rel}","templated":true}]}}