{"id":4073,"date":"2025-10-16T13:32:30","date_gmt":"2025-10-16T10:32:30","guid":{"rendered":"https:\/\/tammetorubbq.ee\/?post_type=product&#038;p=4073"},"modified":"2026-04-16T20:00:11","modified_gmt":"2026-04-16T17:00:11","slug":"ninja-karsto-oro-keptuve-foodi-dvieju-zonu-76l-juoda","status":"publish","type":"product","link":"https:\/\/tammetorubbq.ee\/lt\/produktas\/ninja-karsto-oro-keptuve-foodi-dvieju-zonu-76l-juoda\/","title":{"rendered":"\"Ninja\" kar\u0161to oro gaubtas su dviej\u0173 zon\u0173 7,6L (juodas)"},"content":{"rendered":"<table class=\"woocommerce-product-attributes shop_attributes\" aria-label=\"I\u0161sami informacija apie gamin\u012f\">\n<tbody>\n<tr class=\"woocommerce-product-attributes-item woocommerce-product-attributes-item--weight\">\n<th class=\"woocommerce-product-attributes-item__label\" style=\"text-align: left;\" scope=\"row\">Svoris<\/th>\n<td class=\"woocommerce-product-attributes-item__value\">8,2 kg<\/td>\n<\/tr>\n<tr class=\"woocommerce-product-attributes-item woocommerce-product-attributes-item--dimensions\">\n<th class=\"woocommerce-product-attributes-item__label\" scope=\"row\">Matmenys<\/th>\n<td class=\"woocommerce-product-attributes-item__value\">26,5 \u00d7 38 \u00d7 31,5 cm<\/td>\n<\/tr>\n<\/tbody>\n<\/table>\n<p>&nbsp;<\/p>\n<p data-start=\"112\" data-end=\"348\"><strong data-start=\"112\" data-end=\"121\">Ninja<\/strong>\u00a0<strong>preki\u0173 \u017eenklas<\/strong>\u00a0yra gerai \u017einomas amerikie\u010di\u0173 buitin\u0117s technikos prek\u0117s \u017eenklas, priklausantis bendrovei\u00a0<strong data-start=\"187\" data-end=\"201\">SharkNinja<\/strong>. Prek\u0117s \u017eenklas vertinamas d\u0117l savo\u00a0<strong data-start=\"225\" data-end=\"269\">i\u0161man\u016bs ir patog\u016bs sprendimai.<\/strong>\u00a0kurie palengvina kasdien\u012f maisto ruo\u0161im\u0105 ir padidina jo efektyvum\u0105.<\/p>\n<p data-start=\"350\" data-end=\"651\">\"Ninja\" asortiment\u0105 sudaro\u00a0<strong data-start=\"380\" data-end=\"434\">mai\u0161ytuvai, virtuviniai kombainai, keptuv\u0117s, daugiafunkcin\u0117s keptuv\u0117s<\/strong>\u00a0ir vis da\u017eniau\u00a0<strong data-start=\"452\" data-end=\"474\">lauko virtuv\u0117s \u012franga<\/strong>. Visi produktai yra sukurti taip, kad der\u0117t\u0173\u00a0<strong data-start=\"507\" data-end=\"564\">funkcionalumas, patikimumas ir novatori\u0161kas dizainas<\/strong>sukurti geriausi\u0105 \u012frank\u012f kiekvienai virtuvei - tiek nam\u0173, tiek profesional\u0173 virtuvei.<\/p>","protected":false},"excerpt":{"rendered":"<p data-start=\"157\" data-end=\"496\">Laikas virtuv\u0117je yra labai svarbus. \"Ninja Food\" dviej\u0173 zon\u0173 kar\u0161to oro keptuv\u0117je vienu metu dviejose atskirose kepimo zonose galite kepti skirtingus maisto produktus - \u017euv\u012f ir bulvytes, m\u0117s\u0105 ir dar\u017eoves arba m\u0117sainius ir garnyrus. D\u0117l SYNC funkcijos visi patiekalai gaminami tuo pa\u010diu metu, net jei kepimo laikas ir temperat\u016bra skiriasi.<\/p>\n<p data-start=\"498\" data-end=\"839\">Bendra prietaiso talpa - 7,6 litro, o kiekvieno kepimo krep\u0161elio talpa - 3,8 litro. 2400 W galia ir reguliuojama iki 240 \u00b0C temperat\u016bra u\u017etikrina greit\u0105 ir tiksl\u0173 maisto ruo\u0161im\u0105. Lengva naudoti d\u0117l LCD ekrano ir \u0161e\u0161i\u0173 automatini\u0173 program\u0173. Visos nuimamos dalys yra nepridegan\u010dios ir tinkamos plauti indaplov\u0117je, tod\u0117l valymas greitas ir patogus.<\/p>\n<p data-start=\"841\" data-end=\"855\"><strong data-start=\"841\" data-end=\"853\">Funkcijos<\/strong><\/p>\n<ul data-start=\"856\" data-end=\"1329\">\n<li data-start=\"856\" data-end=\"875\">\n<p data-start=\"858\" data-end=\"875\">Galia: 2400 W<\/p>\n<\/li>\n<li data-start=\"876\" data-end=\"909\">\n<p data-start=\"878\" data-end=\"909\">Did\u017eiausia talpa: 3200 g<\/p>\n<\/li>\n<li data-start=\"910\" data-end=\"1017\">\n<p data-start=\"912\" data-end=\"1017\">6 automatin\u0117s programos: kepimas kar\u0161tu oru, skrudinimas, skrudinimas, kepimas, kaitinimas, d\u017eiovinimas, ypa\u010d tra\u0161kus.<\/p>\n<\/li>\n<li data-start=\"1018\" data-end=\"1073\">\n<p data-start=\"1020\" data-end=\"1073\">2 \u00d7 3,8 l nepridegan\u010di\u0173 kepimo puodeli\u0173 (i\u0161 viso 7,6 l)<\/p>\n<\/li>\n<li data-start=\"1074\" data-end=\"1108\">\n<p data-start=\"1076\" data-end=\"1108\">2 \u012fvairios talpos kepimo plok\u0161t\u0117s<\/p>\n<\/li>\n<li data-start=\"1109\" data-end=\"1148\">\n<p data-start=\"1111\" data-end=\"1148\">Reguliuojama temperat\u016bra: 40-240 \u00b0C<\/p>\n<\/li>\n<li data-start=\"1149\" data-end=\"1217\">\n<p data-start=\"1151\" data-end=\"1217\">Automatin\u0117 SYNC funkcija, skirta vienu metu gaminti maist\u0105 dviejose zonose<\/p>\n<\/li>\n<li data-start=\"1218\" data-end=\"1250\">\n<p data-start=\"1220\" data-end=\"1250\">Ne\u0161ildomas korpusas, laikmatis<\/p>\n<\/li>\n<li data-start=\"1251\" data-end=\"1294\">\n<p data-start=\"1253\" data-end=\"1294\">LCD ekranas ir elektroninis valdymo skydelis<\/p>\n<\/li>\n<li data-start=\"1295\" data-end=\"1329\">\n<p data-start=\"1297\" data-end=\"1329\">Indaplov\u0117je plaunamos dalys<\/p>\n<\/li>\n<\/ul>\n<p><img loading=\"lazy\" decoding=\"async\" class=\"wp-image-3980\" src=\"http:\/\/tammetorubbq.ee\/wp-content\/uploads\/2025\/10\/Ninja-logo-300x300.webp\" alt=\"Ninja logotipas\" width=\"180\" height=\"180\" srcset=\"https:\/\/tammetorubbq.ee\/wp-content\/uploads\/2025\/10\/Ninja-logo-300x300.webp 300w, https:\/\/tammetorubbq.ee\/wp-content\/uploads\/2025\/10\/Ninja-logo-150x150.webp 150w, https:\/\/tammetorubbq.ee\/wp-content\/uploads\/2025\/10\/Ninja-logo-12x12.webp 12w, https:\/\/tammetorubbq.ee\/wp-content\/uploads\/2025\/10\/Ninja-logo-600x600.webp 600w, https:\/\/tammetorubbq.ee\/wp-content\/uploads\/2025\/10\/Ninja-logo-64x64.webp 64w, https:\/\/tammetorubbq.ee\/wp-content\/uploads\/2025\/10\/Ninja-logo.webp 680w\" sizes=\"auto, (max-width: 180px) 100vw, 180px\" \/><\/p>\n<p><a href=\"https:\/\/tammetorubbq.ee\/lt\/sumoketi-veliau\/\"><strong>PIRKITE DABAR, MOK\u0116KITE V\u0116LIAU<\/strong><\/a>\u00a0- be pal\u016bkan\u0173!<\/p>\n<p><img loading=\"lazy\" decoding=\"async\" class=\"alignnone wp-image-2646\" src=\"http:\/\/tammetorubbq.ee\/wp-content\/uploads\/2023\/12\/inbank-wordmark.png\" alt=\"\" width=\"167\" height=\"75\" srcset=\"https:\/\/tammetorubbq.ee\/wp-content\/uploads\/2023\/12\/inbank-wordmark.png 300w, https:\/\/tammetorubbq.ee\/wp-content\/uploads\/2023\/12\/inbank-wordmark-18x8.png 18w, https:\/\/tammetorubbq.ee\/wp-content\/uploads\/2023\/12\/inbank-wordmark-64x29.png 64w\" sizes=\"auto, (max-width: 167px) 100vw, 167px\" \/><\/p>\n<p>Taip pat si\u016blome galimyb\u0119 sumok\u0117ti v\u0117liau - viena, dviem arba trimis lygiomis dalimis be joki\u0173 pal\u016bkan\u0173 ar papildom\u0173 mokes\u010di\u0173.<\/p>\n<p>M\u016bs\u0173 pirkini\u0173 krep\u0161elyje rasite \u012fvairi\u0173 mok\u0117jimo b\u016bd\u0173 pasirinkim\u0105.<\/p>","protected":false},"featured_media":4077,"comment_status":"open","ping_status":"closed","template":"","meta":{"_uf_show_specific_survey":0,"_uf_disable_surveys":false},"pwb-brand":[214],"product_brand":[],"product_cat":[194,196],"product_tag":[223],"class_list":{"0":"post-4073","1":"product","2":"type-product","3":"status-publish","4":"has-post-thumbnail","6":"pwb-brand-ninja","7":"product_cat-ninja-koogiseadmed","8":"product_cat-kuumaohufrituurid","9":"product_tag-kuumaohufrituur","11":"first","12":"instock","13":"taxable","14":"shipping-taxable","15":"purchasable","16":"product-type-simple"},"brands":[{"id":214,"name":"Ninja","slug":"ninja"}],"_links":{"self":[{"href":"https:\/\/tammetorubbq.ee\/lt\/wp-json\/wp\/v2\/product\/4073","targetHints":{"allow":["GET"]}}],"collection":[{"href":"https:\/\/tammetorubbq.ee\/lt\/wp-json\/wp\/v2\/product"}],"about":[{"href":"https:\/\/tammetorubbq.ee\/lt\/wp-json\/wp\/v2\/types\/product"}],"replies":[{"embeddable":true,"href":"https:\/\/tammetorubbq.ee\/lt\/wp-json\/wp\/v2\/comments?post=4073"}],"wp:featuredmedia":[{"embeddable":true,"href":"https:\/\/tammetorubbq.ee\/lt\/wp-json\/wp\/v2\/media\/4077"}],"wp:attachment":[{"href":"https:\/\/tammetorubbq.ee\/lt\/wp-json\/wp\/v2\/media?parent=4073"}],"wp:term":[{"taxonomy":"pwb-brand","embeddable":true,"href":"https:\/\/tammetorubbq.ee\/lt\/wp-json\/wp\/v2\/pwb-brand?post=4073"},{"taxonomy":"product_brand","embeddable":true,"href":"https:\/\/tammetorubbq.ee\/lt\/wp-json\/wp\/v2\/product_brand?post=4073"},{"taxonomy":"product_cat","embeddable":true,"href":"https:\/\/tammetorubbq.ee\/lt\/wp-json\/wp\/v2\/product_cat?post=4073"},{"taxonomy":"product_tag","embeddable":true,"href":"https:\/\/tammetorubbq.ee\/lt\/wp-json\/wp\/v2\/product_tag?post=4073"}],"curies":[{"name":"wp","href":"https:\/\/api.w.org\/{rel}","templated":true}]}}