{"id":408,"date":"2023-12-03T11:39:33","date_gmt":"2023-12-03T09:39:33","guid":{"rendered":"https:\/\/tammetorubbq.ee\/?post_type=product&#038;p=408"},"modified":"2026-04-16T21:00:26","modified_gmt":"2026-04-16T18:00:26","slug":"bbq-succahi-duminis-zveris-xl","status":"publish","type":"product","link":"https:\/\/tammetorubbq.ee\/lt\/produktas\/bbq-succahi-duminis-zveris-xl\/","title":{"rendered":"BBQ r\u016bkykla \"Smoky Beast XL"},"content":{"rendered":"<p><strong>D\u016bminis \u017ev\u0117ris XL<\/strong>\u00a0modelis yra kelis kartus didesnis u\u017e did\u017eiausias \"Kamado\" keramines kepsnines (\u017eymimas 2XL, \"Pro Joe\"). Dviej\u0173 kepsnini\u0173 bendras pavir\u0161iaus plotas yra 12 900 cm2 (arba 1,29 m2).<\/p>\n<p>Vienu metu orkait\u0117je galima kepti apie 70 kg m\u0117sos.<\/p>\n<p>&nbsp;<\/p>\n<p>\"Smoky Beast XL\" naudoja restoranai, vie\u0161ojo maitinimo \u012fstaigos ir vir\u0117jai m\u0117g\u0117jai, kuriems reikia aptarnauti de\u0161imtis ar \u0161imtus \u017emoni\u0173. Atsi\u017evelgiant \u012f krosnel\u0117s talp\u0105, vienu metu galima i\u0161kepti daugiau kaip 200 m\u0117sos porcij\u0173.<\/p>\n<p>&nbsp;<\/p>\n<p>Raudonai ruda \"Cor-Ten\" plieno spalva derinama su ner\u016bdijan\u010dio plieno detal\u0117mis, tod\u0117l \"Smoky Beast XL\" BBQ kepsnin\u0117 i\u0161siskiria i\u0161 minios savo \u012fsp\u016bdinga i\u0161vaizda. Ta\u010diau d\u0117l savo dyd\u017eio ji dar labiau traukia ak\u012f, o jos gaminamo maisto skonis i\u0161tirpdys j\u016bs\u0173 \u0161irdis.<\/p>\n<p>\u012e kain\u0105 \u012fskai\u010diuota: angli\u0173 keptuv\u0117s (2 vnt.), kepsnin\u0117s briket\u0173 modulis, \u012fmontuotos lentynos.<\/p>\n<p>&nbsp;<\/p>\n<p>BBQ kepsnin\u0117 pagaminta i\u0161 3 mm Cor-Ten plieno, sveria 200 kg.<\/p>\n<p>Pristatomas surinktas, tereikia pritvirtinti tik kaminus.<\/p>\n<p>Virimo ir \u0161ildymo kameros yra atskiros, o kaminai - atskiri.<\/p>\n<p>Grilio kepsnin\u0117s neda\u017eomos.<\/p>\n<p>R\u0117mas turi 10 cm skersmens ratukus, tod\u0117l grotel\u0117s gali ried\u0117ti kietu pavir\u0161iumi.<\/p>\n<p>Nel\u016b\u017etantys vyriai (5 mm ner\u016bdijantis plienas).<\/p>\n<p>Kepimo krosnel\u0117s dydis yra 118 x 60 cm.<\/p>\n<p>Dvi skirting\u0173 lygi\u0173 kepimo formos, kuri\u0173 matmenys 118\u00d760 cm ir 118\u00d750 cm. Med\u017eiaga - ner\u016bdijantis plienas.<\/p>\n<p>Bendras kepimo lentyn\u0173 pavir\u0161iaus plotas yra 12 900 cm2 (arba 1,29 m2).<\/p>\n<p>Talpa: dviejose lentynose vienu metu galima laikyti iki 70 kg m\u0117sos.<\/p>\n<p>Abiejose pus\u0117se esantys kaminai u\u017etikrina tolyg\u0173 \u0161ilumos paskirstym\u0105.<\/p>\n<p>Vanduo \u012f vandens voni\u0105 \u012fpilamas per special\u0173 vamzd\u012f ir krosnel\u0117s nereikia atidaryti.<\/p>\n<p>Riebalai i\u0161 krosnies i\u0161teka nuo\u017eulniu loviu ir la\u0161a \u012f special\u0173 kibir\u0105.<\/p>\n<p>Kamin\u0173 vir\u0161uje yra sieteliai, kuriais galima reguliuoti krosnies temperat\u016br\u0105.<\/p>\n<p>Grilyje yra i\u0161orinis termometras (skal\u0117 0-300 C).<\/p>\n<p>Krosnies gylis 48 cm, ketaus dugnas.<\/p>\n<p>Virykl\u0117s priekyje yra 20\u00d720 cm dyd\u017eio kaitviet\u0117, kurioje galima kaitinti mop\u0173 pada\u017eus.<\/p>\n<p>Dureles galima u\u017efiksuoti dviejose pad\u0117tyse - tai geras b\u016bdas reguliuoti temperat\u016br\u0105.<\/p>\n<p>Dvigubos sienel\u0117s katilo durel\u0117ms u\u017etikrina didesn\u012f atsparum\u0105 kar\u0161\u010diui<\/p>\n<p>&nbsp;<\/p>\n<p>Grilio kepsnin\u0117s med\u017eiaga: Cor-Ten plienas - tai beveik grynas anglinis plienas, ta\u010diau apdorotas taip, kad ant jo pavir\u0161iaus susidaryt\u0173 apsauginis sluoksnis, atsparus gamtos stichijoms. I\u0161 prad\u017ei\u0173 Cor-Ten plienas yra pilk\u0161vos spalvos, v\u0117liau tampa rausvai rudas (r\u016bd\u017ei\u0173 atspalvis) ir laikui b\u0117gant patams\u0117ja. Tinkamai naudojamas Cor-Ten plienas yra i\u0161rai\u0161kingas, ilgaam\u017eis ir nereikalaujantis prie\u017ei\u016bros, tod\u0117l unikaliai i\u0161laiko laiko i\u0161bandym\u0105.<\/p>","protected":false},"excerpt":{"rendered":"<p>Labai talpi klasikin\u0117 kepsnin\u0117 su dviem kaminais, kad gaminimas b\u016bt\u0173 geriausias. Rank\u0173 darbo i\u0161 Cor-Ten plieno. Krosnel\u0119 galima kaitinti malkomis arba kepsnin\u0117s briketais. Taip pat galima naudoti kaip angli\u0173 kepsnin\u0119<strong>.<\/strong>\u00a0Kepant BBQ arba r\u016bkant \u0161iluma sklinda i\u0161 virykl\u0117s dugno, o kepant ant groteli\u0173 po kepimo grotel\u0117mis \u012frengtas specialus angli\u0173 indas.<\/p>\n<p><img loading=\"lazy\" decoding=\"async\" class=\"alignnone wp-image-951\" src=\"http:\/\/tammetorubbq.ee\/wp-content\/uploads\/2023\/11\/GrillSymbol.png\" alt=\"\" width=\"154\" height=\"42\" srcset=\"https:\/\/tammetorubbq.ee\/wp-content\/uploads\/2023\/11\/GrillSymbol.png 273w, https:\/\/tammetorubbq.ee\/wp-content\/uploads\/2023\/11\/GrillSymbol-18x5.png 18w, https:\/\/tammetorubbq.ee\/wp-content\/uploads\/2023\/11\/GrillSymbol-64x18.png 64w\" sizes=\"auto, (max-width: 154px) 100vw, 154px\" \/><\/p>\n<p>&nbsp;<\/p>\n<p><a href=\"https:\/\/tammetorubbq.ee\/lt\/sumoketi-veliau\/\"><strong>PIRKITE DABAR, MOK\u0116KITE V\u0116LIAU<\/strong><\/a>\u00a0- be pal\u016bkan\u0173!<\/p>\n<p><img loading=\"lazy\" decoding=\"async\" class=\"alignnone wp-image-2646\" src=\"http:\/\/tammetorubbq.ee\/wp-content\/uploads\/2023\/12\/inbank-wordmark.png\" alt=\"\" width=\"167\" height=\"75\" srcset=\"https:\/\/tammetorubbq.ee\/wp-content\/uploads\/2023\/12\/inbank-wordmark.png 300w, https:\/\/tammetorubbq.ee\/wp-content\/uploads\/2023\/12\/inbank-wordmark-18x8.png 18w, https:\/\/tammetorubbq.ee\/wp-content\/uploads\/2023\/12\/inbank-wordmark-64x29.png 64w\" sizes=\"auto, (max-width: 167px) 100vw, 167px\" \/><\/p>\n<p>Taip pat si\u016blome galimyb\u0119 sumok\u0117ti v\u0117liau - viena, dviem arba trimis lygiomis dalimis be joki\u0173 pal\u016bkan\u0173 ar papildom\u0173 mokes\u010di\u0173.<\/p>\n<p>M\u016bs\u0173 pirkini\u0173 krep\u0161elyje rasite \u012fvairi\u0173 mok\u0117jimo b\u016bd\u0173 pasirinkim\u0105.<\/p>","protected":false},"featured_media":409,"comment_status":"open","ping_status":"closed","template":"","meta":{"_uf_show_specific_survey":0,"_uf_disable_surveys":false},"pwb-brand":[92],"product_brand":[],"product_cat":[57,53],"product_tag":[77,147,78,76],"class_list":{"0":"post-408","1":"product","2":"type-product","3":"status-publish","4":"has-post-thumbnail","6":"pwb-brand-grillsymbol","7":"product_cat-bbq-suitsuahjud","8":"product_cat-grillid","9":"product_tag-bbq-ahi","10":"product_tag-grillsymbol","11":"product_tag-soegrill","12":"product_tag-suitsuahi","14":"first","15":"instock","16":"taxable","17":"shipping-taxable","18":"purchasable","19":"product-type-simple"},"brands":[{"id":92,"name":"GrillSymbol","slug":"kepsnines-simbolis"}],"_links":{"self":[{"href":"https:\/\/tammetorubbq.ee\/lt\/wp-json\/wp\/v2\/product\/408","targetHints":{"allow":["GET"]}}],"collection":[{"href":"https:\/\/tammetorubbq.ee\/lt\/wp-json\/wp\/v2\/product"}],"about":[{"href":"https:\/\/tammetorubbq.ee\/lt\/wp-json\/wp\/v2\/types\/product"}],"replies":[{"embeddable":true,"href":"https:\/\/tammetorubbq.ee\/lt\/wp-json\/wp\/v2\/comments?post=408"}],"wp:featuredmedia":[{"embeddable":true,"href":"https:\/\/tammetorubbq.ee\/lt\/wp-json\/wp\/v2\/media\/409"}],"wp:attachment":[{"href":"https:\/\/tammetorubbq.ee\/lt\/wp-json\/wp\/v2\/media?parent=408"}],"wp:term":[{"taxonomy":"pwb-brand","embeddable":true,"href":"https:\/\/tammetorubbq.ee\/lt\/wp-json\/wp\/v2\/pwb-brand?post=408"},{"taxonomy":"product_brand","embeddable":true,"href":"https:\/\/tammetorubbq.ee\/lt\/wp-json\/wp\/v2\/product_brand?post=408"},{"taxonomy":"product_cat","embeddable":true,"href":"https:\/\/tammetorubbq.ee\/lt\/wp-json\/wp\/v2\/product_cat?post=408"},{"taxonomy":"product_tag","embeddable":true,"href":"https:\/\/tammetorubbq.ee\/lt\/wp-json\/wp\/v2\/product_tag?post=408"}],"curies":[{"name":"wp","href":"https:\/\/api.w.org\/{rel}","templated":true}]}}