{"id":4082,"date":"2025-10-16T13:40:48","date_gmt":"2025-10-16T10:40:48","guid":{"rendered":"https:\/\/tammetorubbq.ee\/?post_type=product&#038;p=4082"},"modified":"2026-04-16T19:00:12","modified_gmt":"2026-04-16T16:00:12","slug":"ninja-hot-fryer-oro-keptuve-max-pro-62l-juoda","status":"publish","type":"product","link":"https:\/\/tammetorubbq.ee\/lt\/produktas\/ninja-hot-fryer-oro-keptuve-max-pro-62l-juoda\/","title":{"rendered":"\"Ninja\" kar\u0161to oro keptuv\u0117 \"Air Fryer MAX PRO\" 6,2 l (juoda)"},"content":{"rendered":"<table class=\"woocommerce-product-attributes shop_attributes\" aria-label=\"I\u0161sami informacija apie gamin\u012f\">\n<tbody>\n<tr class=\"woocommerce-product-attributes-item woocommerce-product-attributes-item--weight\">\n<th class=\"woocommerce-product-attributes-item__label\" style=\"text-align: left;\" scope=\"row\">Svoris<\/th>\n<td class=\"woocommerce-product-attributes-item__value\">5,8 kg<\/td>\n<\/tr>\n<tr class=\"woocommerce-product-attributes-item woocommerce-product-attributes-item--dimensions\">\n<th class=\"woocommerce-product-attributes-item__label\" scope=\"row\">Matmenys<\/th>\n<td class=\"woocommerce-product-attributes-item__value\">36 \u00d7 28 \u00d7 30,5 cm<\/td>\n<\/tr>\n<\/tbody>\n<\/table>\n<p>&nbsp;<\/p>\n<p data-start=\"112\" data-end=\"348\"><strong data-start=\"112\" data-end=\"121\">Ninja<\/strong>\u00a0<strong>preki\u0173 \u017eenklas<\/strong>\u00a0yra gerai \u017einomas amerikie\u010di\u0173 buitin\u0117s technikos prek\u0117s \u017eenklas, priklausantis bendrovei\u00a0<strong data-start=\"187\" data-end=\"201\">SharkNinja<\/strong>. Prek\u0117s \u017eenklas vertinamas d\u0117l savo\u00a0<strong data-start=\"225\" data-end=\"269\">i\u0161man\u016bs ir patog\u016bs sprendimai.<\/strong>\u00a0kurie palengvina kasdien\u012f maisto ruo\u0161im\u0105 ir padidina jo efektyvum\u0105.<\/p>\n<p data-start=\"350\" data-end=\"651\">\"Ninja\" asortiment\u0105 sudaro\u00a0<strong data-start=\"380\" data-end=\"434\">mai\u0161ytuvai, virtuviniai kombainai, keptuv\u0117s, daugiafunkcin\u0117s keptuv\u0117s<\/strong>\u00a0ir vis da\u017eniau\u00a0<strong data-start=\"452\" data-end=\"474\">lauko virtuv\u0117s \u012franga<\/strong>. Visi produktai yra sukurti taip, kad der\u0117t\u0173\u00a0<strong data-start=\"507\" data-end=\"564\">funkcionalumas, patikimumas ir novatori\u0161kas dizainas<\/strong>sukurti geriausi\u0105 \u012frank\u012f kiekvienai virtuvei - tiek nam\u0173, tiek profesional\u0173 virtuvei.<\/p>","protected":false},"excerpt":{"rendered":"<p data-start=\"158\" data-end=\"511\">Ie\u0161kote viet\u0105 taupan\u010dios oro keptuv\u0117s, kurioje b\u016bt\u0173 galima gaminti maist\u0105 visai \u0161eimai? \"Ninja Air Fryer MAX PRO\" 6,2 l talpos krep\u0161yje telpa iki 2 kg vi\u0161tienos arba 1,4 kg gruzdint\u0173 bulvy\u010di\u0173, tod\u0117l puikiai tinka kepti keturiems \u017emon\u0117ms. D\u0117l reguliuojamos \"Crisper Plate\" plok\u0161t\u0117s maist\u0105 galite kepti dviem b\u016bdais: tolygiai tra\u0161kiai i\u0161 apa\u010dios arba greitai apkepti.<\/p>\n<p data-start=\"513\" data-end=\"806\">\"Ninja Air Fryer\" orkait\u0117je sunaudojama iki 60% ma\u017eiau energijos nei \u012fprastoje orkait\u0117je, tod\u0117l s\u0105skaitos u\u017e energij\u0105 yra ma\u017eesn\u0117s, o rezultatai tokie pat skan\u016bs. Prietaisas turi \u0161e\u0161ias kepimo funkcijas, ai\u0161k\u0173 skyst\u0173j\u0173 kristal\u0173 ekran\u0105, o visos nuimamos dalys yra nepridegan\u010dios ir tinkamos plauti indaplov\u0117je, tod\u0117l j\u012f lengva naudoti ir pri\u017ei\u016br\u0117ti.<\/p>\n<p data-start=\"808\" data-end=\"822\"><strong data-start=\"808\" data-end=\"820\">Funkcijos<\/strong><\/p>\n<ul data-start=\"823\" data-end=\"1264\">\n<li data-start=\"823\" data-end=\"842\">\n<p data-start=\"825\" data-end=\"842\">Galia: 2000 W<\/p>\n<\/li>\n<li data-start=\"843\" data-end=\"876\">\n<p data-start=\"845\" data-end=\"876\">Did\u017eiausia talpa: 2000 g<\/p>\n<\/li>\n<li data-start=\"877\" data-end=\"976\">\n<p data-start=\"879\" data-end=\"976\">6 programos: kepimas kar\u0161tu oru, skrudinimas, kepimas, kaitinimas, d\u017eiovinimas, itin tra\u0161kus.<\/p>\n<\/li>\n<li data-start=\"977\" data-end=\"1016\">\n<p data-start=\"979\" data-end=\"1016\">Reguliuojama temperat\u016bra: 40-240 \u00b0C<\/p>\n<\/li>\n<li data-start=\"1017\" data-end=\"1064\">\n<p data-start=\"1019\" data-end=\"1064\">6,2 l talpos orkait\u0117s krep\u0161ys, kuriame telpa iki 2 kg maisto<\/p>\n<\/li>\n<li data-start=\"1065\" data-end=\"1121\">\n<p data-start=\"1067\" data-end=\"1121\">Reguliuojama \"Crisper\" plok\u0161t\u0117 dviem kepimo lygiais<\/p>\n<\/li>\n<li data-start=\"1122\" data-end=\"1160\">\n<p data-start=\"1124\" data-end=\"1160\">LCD ekranas ir skaitmeninis valdymas<\/p>\n<\/li>\n<li data-start=\"1161\" data-end=\"1193\">\n<p data-start=\"1163\" data-end=\"1193\">Ne\u0161ildomas korpusas, laikmatis<\/p>\n<\/li>\n<li data-start=\"1194\" data-end=\"1245\">\n<p data-start=\"1196\" data-end=\"1245\">Nelimpan\u010dios ir indaplov\u0117je plaunamos dalys<\/p>\n<\/li>\n<li data-start=\"1246\" data-end=\"1264\">\n<p data-start=\"1248\" data-end=\"1264\">1 kepimo krep\u0161ys<\/p>\n<\/li>\n<\/ul>\n<p><img loading=\"lazy\" decoding=\"async\" class=\"wp-image-3980\" src=\"http:\/\/tammetorubbq.ee\/wp-content\/uploads\/2025\/10\/Ninja-logo-300x300.webp\" alt=\"Ninja logotipas\" width=\"180\" height=\"180\" srcset=\"https:\/\/tammetorubbq.ee\/wp-content\/uploads\/2025\/10\/Ninja-logo-300x300.webp 300w, https:\/\/tammetorubbq.ee\/wp-content\/uploads\/2025\/10\/Ninja-logo-150x150.webp 150w, https:\/\/tammetorubbq.ee\/wp-content\/uploads\/2025\/10\/Ninja-logo-12x12.webp 12w, https:\/\/tammetorubbq.ee\/wp-content\/uploads\/2025\/10\/Ninja-logo-600x600.webp 600w, https:\/\/tammetorubbq.ee\/wp-content\/uploads\/2025\/10\/Ninja-logo-64x64.webp 64w, https:\/\/tammetorubbq.ee\/wp-content\/uploads\/2025\/10\/Ninja-logo.webp 680w\" sizes=\"auto, (max-width: 180px) 100vw, 180px\" \/><\/p>\n<p><a href=\"https:\/\/tammetorubbq.ee\/lt\/sumoketi-veliau\/\"><strong>PIRKITE DABAR, MOK\u0116KITE V\u0116LIAU<\/strong><\/a>\u00a0- be pal\u016bkan\u0173!<\/p>\n<p><img loading=\"lazy\" decoding=\"async\" class=\"alignnone wp-image-2646\" src=\"http:\/\/tammetorubbq.ee\/wp-content\/uploads\/2023\/12\/inbank-wordmark.png\" alt=\"\" width=\"167\" height=\"75\" srcset=\"https:\/\/tammetorubbq.ee\/wp-content\/uploads\/2023\/12\/inbank-wordmark.png 300w, https:\/\/tammetorubbq.ee\/wp-content\/uploads\/2023\/12\/inbank-wordmark-18x8.png 18w, https:\/\/tammetorubbq.ee\/wp-content\/uploads\/2023\/12\/inbank-wordmark-64x29.png 64w\" sizes=\"auto, (max-width: 167px) 100vw, 167px\" \/><\/p>\n<p>Taip pat si\u016blome galimyb\u0119 sumok\u0117ti v\u0117liau - viena, dviem arba trimis lygiomis dalimis be joki\u0173 pal\u016bkan\u0173 ar papildom\u0173 mokes\u010di\u0173.<\/p>\n<p>M\u016bs\u0173 pirkini\u0173 krep\u0161elyje rasite \u012fvairi\u0173 mok\u0117jimo b\u016bd\u0173 pasirinkim\u0105.<\/p>","protected":false},"featured_media":4085,"comment_status":"open","ping_status":"closed","template":"","meta":{"_uf_show_specific_survey":0,"_uf_disable_surveys":false},"pwb-brand":[214],"product_brand":[],"product_cat":[194,196],"product_tag":[223],"class_list":{"0":"post-4082","1":"product","2":"type-product","3":"status-publish","4":"has-post-thumbnail","6":"pwb-brand-ninja","7":"product_cat-ninja-koogiseadmed","8":"product_cat-kuumaohufrituurid","9":"product_tag-kuumaohufrituur","11":"first","12":"instock","13":"taxable","14":"shipping-taxable","15":"purchasable","16":"product-type-simple"},"brands":[{"id":214,"name":"Ninja","slug":"ninja"}],"_links":{"self":[{"href":"https:\/\/tammetorubbq.ee\/lt\/wp-json\/wp\/v2\/product\/4082","targetHints":{"allow":["GET"]}}],"collection":[{"href":"https:\/\/tammetorubbq.ee\/lt\/wp-json\/wp\/v2\/product"}],"about":[{"href":"https:\/\/tammetorubbq.ee\/lt\/wp-json\/wp\/v2\/types\/product"}],"replies":[{"embeddable":true,"href":"https:\/\/tammetorubbq.ee\/lt\/wp-json\/wp\/v2\/comments?post=4082"}],"wp:featuredmedia":[{"embeddable":true,"href":"https:\/\/tammetorubbq.ee\/lt\/wp-json\/wp\/v2\/media\/4085"}],"wp:attachment":[{"href":"https:\/\/tammetorubbq.ee\/lt\/wp-json\/wp\/v2\/media?parent=4082"}],"wp:term":[{"taxonomy":"pwb-brand","embeddable":true,"href":"https:\/\/tammetorubbq.ee\/lt\/wp-json\/wp\/v2\/pwb-brand?post=4082"},{"taxonomy":"product_brand","embeddable":true,"href":"https:\/\/tammetorubbq.ee\/lt\/wp-json\/wp\/v2\/product_brand?post=4082"},{"taxonomy":"product_cat","embeddable":true,"href":"https:\/\/tammetorubbq.ee\/lt\/wp-json\/wp\/v2\/product_cat?post=4082"},{"taxonomy":"product_tag","embeddable":true,"href":"https:\/\/tammetorubbq.ee\/lt\/wp-json\/wp\/v2\/product_tag?post=4082"}],"curies":[{"name":"wp","href":"https:\/\/api.w.org\/{rel}","templated":true}]}}