{"id":4086,"date":"2025-10-16T13:58:27","date_gmt":"2025-10-16T10:58:27","guid":{"rendered":"https:\/\/tammetorubbq.ee\/?post_type=product&#038;p=4086"},"modified":"2026-04-16T19:00:29","modified_gmt":"2026-04-16T16:00:29","slug":"ninja-hot-fryer-oro-keptuve-pro-47l-pilka","status":"publish","type":"product","link":"https:\/\/tammetorubbq.ee\/lt\/produktas\/ninja-hot-fryer-oro-keptuve-pro-47l-pilka\/","title":{"rendered":"\"Ninja\" kar\u0161to oro keptuv\u0117 \"Air Fryer PRO\" 4,7 l (pilka)"},"content":{"rendered":"<table class=\"woocommerce-product-attributes shop_attributes\" aria-label=\"I\u0161sami informacija apie gamin\u012f\">\n<tbody>\n<tr class=\"woocommerce-product-attributes-item woocommerce-product-attributes-item--weight\">\n<th class=\"woocommerce-product-attributes-item__label\" style=\"text-align: left;\" scope=\"row\">Svoris<\/th>\n<td class=\"woocommerce-product-attributes-item__value\">4,8 kg<\/td>\n<\/tr>\n<tr class=\"woocommerce-product-attributes-item woocommerce-product-attributes-item--dimensions\">\n<th class=\"woocommerce-product-attributes-item__label\" scope=\"row\">Matmenys<\/th>\n<td class=\"woocommerce-product-attributes-item__value\">36 \u00d7 28,5 \u00d7 26,5 cm<\/td>\n<\/tr>\n<\/tbody>\n<\/table>\n<p>&nbsp;<\/p>\n<p data-start=\"112\" data-end=\"348\"><strong data-start=\"112\" data-end=\"121\">Ninja<\/strong>\u00a0<strong>preki\u0173 \u017eenklas<\/strong>\u00a0yra gerai \u017einomas amerikie\u010di\u0173 buitin\u0117s technikos prek\u0117s \u017eenklas, priklausantis bendrovei\u00a0<strong data-start=\"187\" data-end=\"201\">SharkNinja<\/strong>. Prek\u0117s \u017eenklas vertinamas d\u0117l savo\u00a0<strong data-start=\"225\" data-end=\"269\">i\u0161man\u016bs ir patog\u016bs sprendimai.<\/strong>\u00a0kurie palengvina kasdien\u012f maisto ruo\u0161im\u0105 ir padidina jo efektyvum\u0105.<\/p>\n<p data-start=\"350\" data-end=\"651\">\"Ninja\" asortiment\u0105 sudaro\u00a0<strong data-start=\"380\" data-end=\"434\">mai\u0161ytuvai, virtuviniai kombainai, keptuv\u0117s, daugiafunkcin\u0117s keptuv\u0117s<\/strong>\u00a0ir vis da\u017eniau\u00a0<strong data-start=\"452\" data-end=\"474\">lauko virtuv\u0117s \u012franga<\/strong>. Visi produktai yra sukurti taip, kad der\u0117t\u0173\u00a0<strong data-start=\"507\" data-end=\"564\">funkcionalumas, patikimumas ir novatori\u0161kas dizainas<\/strong>sukurti geriausi\u0105 \u012frank\u012f kiekvienai virtuvei - tiek nam\u0173, tiek profesional\u0173 virtuvei.<\/p>","protected":false},"excerpt":{"rendered":"<p data-start=\"141\" data-end=\"433\">Su \"Ninja Air Fryer PRO\" galite ruo\u0161ti skan\u0173 ir tra\u0161k\u0173 maist\u0105 naudodami iki 75% ma\u017eiau riebal\u0173 nei kepdami \u012fprastai. Technologija \"AirCrisp\" naudoja perkaitint\u0105 or\u0105, kad iki 210 \u00b0C temperat\u016broje pasiektum\u0117te auksin\u0117s rudos spalvos ir tra\u0161kumo rezultatus - grei\u010diau ir efektyviau nei \u012fprastoje orkait\u0117je.<\/p>\n<p data-start=\"435\" data-end=\"787\">Skaitmeninis valdymo skydelis ir keturios i\u0161 anksto nustatytos programos palengvina naudojim\u0105 tiek pradedantiesiems, tiek patyrusiems vir\u0117jams. 4,7 litro talpos nepridegantis kepimo krep\u0161ys leid\u017eia vienu metu paruo\u0161ti iki 1 kg maisto. Prie\u017ei\u016bra greita ir paprasta, nes visas nuimamas dalis galima plauti indaplov\u0117je. Kompakti\u0161kas ir efektyvus virtuv\u0117s prietaisas kasdieniam naudojimui.<\/p>\n<p data-start=\"789\" data-end=\"803\"><strong data-start=\"789\" data-end=\"801\">Funkcijos<\/strong><\/p>\n<ul data-start=\"804\" data-end=\"1130\">\n<li data-start=\"804\" data-end=\"823\">\n<p data-start=\"806\" data-end=\"823\">Galia: 1750 W<\/p>\n<\/li>\n<li data-start=\"824\" data-end=\"897\">\n<p data-start=\"826\" data-end=\"897\">4 programos: kepimas kar\u0161tu oru, skrudinimas, kaitinimas, d\u017eiovinimas<\/p>\n<\/li>\n<li data-start=\"898\" data-end=\"937\">\n<p data-start=\"900\" data-end=\"937\">Reguliuojama temperat\u016bra: 40-210 \u00b0C<\/p>\n<\/li>\n<li data-start=\"938\" data-end=\"986\">\n<p data-start=\"940\" data-end=\"986\">4,7 l kepimo krep\u0161ys - telpa iki 1 kg maisto<\/p>\n<\/li>\n<li data-start=\"987\" data-end=\"1026\">\n<p data-start=\"989\" data-end=\"1026\">LCD ekranas ir skaitmeninis valdymo skydelis<\/p>\n<\/li>\n<li data-start=\"1027\" data-end=\"1059\">\n<p data-start=\"1029\" data-end=\"1059\">Ne\u0161ildomas korpusas, laikmatis<\/p>\n<\/li>\n<li data-start=\"1060\" data-end=\"1111\">\n<p data-start=\"1062\" data-end=\"1111\">Nelimpan\u010dios ir indaplov\u0117je plaunamos dalys<\/p>\n<\/li>\n<li data-start=\"1112\" data-end=\"1130\">\n<p data-start=\"1114\" data-end=\"1130\">Krep\u0161eli\u0173 skai\u010dius: 1<\/p>\n<\/li>\n<\/ul>\n<p><img loading=\"lazy\" decoding=\"async\" class=\"wp-image-3980\" src=\"http:\/\/tammetorubbq.ee\/wp-content\/uploads\/2025\/10\/Ninja-logo-300x300.webp\" alt=\"Ninja logotipas\" width=\"180\" height=\"180\" srcset=\"https:\/\/tammetorubbq.ee\/wp-content\/uploads\/2025\/10\/Ninja-logo-300x300.webp 300w, https:\/\/tammetorubbq.ee\/wp-content\/uploads\/2025\/10\/Ninja-logo-150x150.webp 150w, https:\/\/tammetorubbq.ee\/wp-content\/uploads\/2025\/10\/Ninja-logo-12x12.webp 12w, https:\/\/tammetorubbq.ee\/wp-content\/uploads\/2025\/10\/Ninja-logo-600x600.webp 600w, https:\/\/tammetorubbq.ee\/wp-content\/uploads\/2025\/10\/Ninja-logo-64x64.webp 64w, https:\/\/tammetorubbq.ee\/wp-content\/uploads\/2025\/10\/Ninja-logo.webp 680w\" sizes=\"auto, (max-width: 180px) 100vw, 180px\" \/><\/p>\n<p><a href=\"https:\/\/tammetorubbq.ee\/lt\/sumoketi-veliau\/\"><strong>PIRKITE DABAR, MOK\u0116KITE V\u0116LIAU<\/strong><\/a>\u00a0- be pal\u016bkan\u0173!<\/p>\n<p><img loading=\"lazy\" decoding=\"async\" class=\"alignnone wp-image-2646\" src=\"http:\/\/tammetorubbq.ee\/wp-content\/uploads\/2023\/12\/inbank-wordmark.png\" alt=\"\" width=\"167\" height=\"75\" srcset=\"https:\/\/tammetorubbq.ee\/wp-content\/uploads\/2023\/12\/inbank-wordmark.png 300w, https:\/\/tammetorubbq.ee\/wp-content\/uploads\/2023\/12\/inbank-wordmark-18x8.png 18w, https:\/\/tammetorubbq.ee\/wp-content\/uploads\/2023\/12\/inbank-wordmark-64x29.png 64w\" sizes=\"auto, (max-width: 167px) 100vw, 167px\" \/><\/p>\n<p>Taip pat si\u016blome galimyb\u0119 sumok\u0117ti v\u0117liau - viena, dviem arba trimis lygiomis dalimis be joki\u0173 pal\u016bkan\u0173 ar papildom\u0173 mokes\u010di\u0173.<\/p>\n<p>M\u016bs\u0173 pirkini\u0173 krep\u0161elyje rasite \u012fvairi\u0173 mok\u0117jimo b\u016bd\u0173 pasirinkim\u0105.<\/p>","protected":false},"featured_media":4089,"comment_status":"open","ping_status":"closed","template":"","meta":{"_uf_show_specific_survey":0,"_uf_disable_surveys":false},"pwb-brand":[214],"product_brand":[],"product_cat":[194,196],"product_tag":[223],"class_list":{"0":"post-4086","1":"product","2":"type-product","3":"status-publish","4":"has-post-thumbnail","6":"pwb-brand-ninja","7":"product_cat-ninja-koogiseadmed","8":"product_cat-kuumaohufrituurid","9":"product_tag-kuumaohufrituur","11":"first","12":"instock","13":"taxable","14":"shipping-taxable","15":"purchasable","16":"product-type-simple"},"brands":[{"id":214,"name":"Ninja","slug":"ninja"}],"_links":{"self":[{"href":"https:\/\/tammetorubbq.ee\/lt\/wp-json\/wp\/v2\/product\/4086","targetHints":{"allow":["GET"]}}],"collection":[{"href":"https:\/\/tammetorubbq.ee\/lt\/wp-json\/wp\/v2\/product"}],"about":[{"href":"https:\/\/tammetorubbq.ee\/lt\/wp-json\/wp\/v2\/types\/product"}],"replies":[{"embeddable":true,"href":"https:\/\/tammetorubbq.ee\/lt\/wp-json\/wp\/v2\/comments?post=4086"}],"wp:featuredmedia":[{"embeddable":true,"href":"https:\/\/tammetorubbq.ee\/lt\/wp-json\/wp\/v2\/media\/4089"}],"wp:attachment":[{"href":"https:\/\/tammetorubbq.ee\/lt\/wp-json\/wp\/v2\/media?parent=4086"}],"wp:term":[{"taxonomy":"pwb-brand","embeddable":true,"href":"https:\/\/tammetorubbq.ee\/lt\/wp-json\/wp\/v2\/pwb-brand?post=4086"},{"taxonomy":"product_brand","embeddable":true,"href":"https:\/\/tammetorubbq.ee\/lt\/wp-json\/wp\/v2\/product_brand?post=4086"},{"taxonomy":"product_cat","embeddable":true,"href":"https:\/\/tammetorubbq.ee\/lt\/wp-json\/wp\/v2\/product_cat?post=4086"},{"taxonomy":"product_tag","embeddable":true,"href":"https:\/\/tammetorubbq.ee\/lt\/wp-json\/wp\/v2\/product_tag?post=4086"}],"curies":[{"name":"wp","href":"https:\/\/api.w.org\/{rel}","templated":true}]}}