{"id":4090,"date":"2025-10-16T14:03:24","date_gmt":"2025-10-16T11:03:24","guid":{"rendered":"https:\/\/tammetorubbq.ee\/?post_type=product&#038;p=4090"},"modified":"2026-04-16T23:00:36","modified_gmt":"2026-04-16T20:00:36","slug":"ninja-hot-fryer-oro-keptuve-38l-pilka","status":"publish","type":"product","link":"https:\/\/tammetorubbq.ee\/lt\/produktas\/ninja-hot-fryer-oro-keptuve-38l-pilka\/","title":{"rendered":"\"Ninja\" kar\u0161to oro keptuv\u0117 \"Air Fryer\" 3,8 l (pilka)"},"content":{"rendered":"<table class=\"woocommerce-product-attributes shop_attributes\" aria-label=\"I\u0161sami informacija apie gamin\u012f\">\n<tbody>\n<tr class=\"woocommerce-product-attributes-item woocommerce-product-attributes-item--weight\">\n<th class=\"woocommerce-product-attributes-item__label\" style=\"text-align: left;\" scope=\"row\">Svoris<\/th>\n<td class=\"woocommerce-product-attributes-item__value\">4,4 kg<\/td>\n<\/tr>\n<tr class=\"woocommerce-product-attributes-item woocommerce-product-attributes-item--dimensions\">\n<th class=\"woocommerce-product-attributes-item__label\" scope=\"row\">Matmenys<\/th>\n<td class=\"woocommerce-product-attributes-item__value\">33,8 \u00d7 27,9 \u00d7 34,5 cm<\/td>\n<\/tr>\n<\/tbody>\n<\/table>\n<p>&nbsp;<\/p>\n<p data-start=\"112\" data-end=\"348\"><strong data-start=\"112\" data-end=\"121\">Ninja<\/strong>\u00a0<strong>preki\u0173 \u017eenklas<\/strong>\u00a0yra gerai \u017einomas amerikie\u010di\u0173 buitin\u0117s technikos prek\u0117s \u017eenklas, priklausantis bendrovei\u00a0<strong data-start=\"187\" data-end=\"201\">SharkNinja<\/strong>. Prek\u0117s \u017eenklas vertinamas d\u0117l savo\u00a0<strong data-start=\"225\" data-end=\"269\">i\u0161man\u016bs ir patog\u016bs sprendimai.<\/strong>\u00a0kurie palengvina kasdien\u012f maisto ruo\u0161im\u0105 ir padidina jo efektyvum\u0105.<\/p>\n<p data-start=\"350\" data-end=\"651\">\"Ninja\" asortiment\u0105 sudaro\u00a0<strong data-start=\"380\" data-end=\"434\">mai\u0161ytuvai, virtuviniai kombainai, keptuv\u0117s, daugiafunkcin\u0117s keptuv\u0117s<\/strong>\u00a0ir vis da\u017eniau\u00a0<strong data-start=\"452\" data-end=\"474\">lauko virtuv\u0117s \u012franga<\/strong>. Visi produktai yra sukurti taip, kad der\u0117t\u0173\u00a0<strong data-start=\"507\" data-end=\"564\">funkcionalumas, patikimumas ir novatori\u0161kas dizainas<\/strong>sukurti geriausi\u0105 \u012frank\u012f kiekvienai virtuvei - tiek nam\u0173, tiek profesional\u0173 virtuvei.<\/p>","protected":false},"excerpt":{"rendered":"<p data-start=\"137\" data-end=\"468\">Atraskite greit\u0105 ir paprast\u0105 b\u016bd\u0105 paruo\u0161ti gard\u017eius patiekalus ir u\u017ekand\u017eius naudojant ma\u017eai aliejaus arba visai jo nenaudojant. Palyginti su \u012fprastu kepimu, \"Ninja Air Fryer\" suma\u017eina riebal\u0173 kiek\u012f iki 75%, ta\u010diau i\u0161laiko tra\u0161ki\u0105 tekst\u016br\u0105 ir puik\u0173 skon\u012f - nesvarbu, ar tai b\u016bt\u0173 auksin\u0117s bulvyt\u0117s, keptos dar\u017eov\u0117s, ar kiti m\u0117gstami patiekalai.<\/p>\n<p data-start=\"470\" data-end=\"849\">Tai kur kas daugiau nei keptuv\u0117 - joje yra keturios kepimo funkcijos, taip pat galite skrudinti, \u0161ildyti ir d\u017eiovinti maist\u0105. 3,8 l talpos keptuv\u0117je su keramine danga telpa iki 900 g maisto ir j\u0105 lengva valyti, nes visas nuimamas dalis galima plauti indaplov\u0117je. D\u0117l kompakti\u0161kos konstrukcijos ir paprasto LCD ekrano valdymo keptuv\u0117 idealiai tinka kasdieniam naudojimui.<\/p>\n<p data-start=\"851\" data-end=\"865\"><strong data-start=\"851\" data-end=\"863\">Funkcijos<\/strong><\/p>\n<ul data-start=\"866\" data-end=\"1250\">\n<li data-start=\"866\" data-end=\"885\">\n<p data-start=\"868\" data-end=\"885\">Galia: 1550 W<\/p>\n<\/li>\n<li data-start=\"886\" data-end=\"961\">\n<p data-start=\"888\" data-end=\"961\">4 funkcijos: kepimas kar\u0161tu oru, skrudinimas, \u0161ildymas, d\u017eiovinimas<\/p>\n<\/li>\n<li data-start=\"962\" data-end=\"1001\">\n<p data-start=\"964\" data-end=\"1001\">Reguliuojama temperat\u016bra: 40-210 \u00b0C<\/p>\n<\/li>\n<li data-start=\"1002\" data-end=\"1047\">\n<p data-start=\"1004\" data-end=\"1047\">3,8 l keptuv\u0117 ir kepimo pad\u0117klas<\/p>\n<\/li>\n<li data-start=\"1048\" data-end=\"1076\">\n<p data-start=\"1050\" data-end=\"1076\">Talpina iki 900 g maisto produkt\u0173<\/p>\n<\/li>\n<li data-start=\"1077\" data-end=\"1109\">\n<p data-start=\"1079\" data-end=\"1109\">Ne\u0161ildomas korpusas, laikmatis<\/p>\n<\/li>\n<li data-start=\"1110\" data-end=\"1187\">\n<p data-start=\"1112\" data-end=\"1187\">Neprideganti apdaila, visas nuimamas dalis galima plauti indaplov\u0117je<\/p>\n<\/li>\n<li data-start=\"1188\" data-end=\"1231\">\n<p data-start=\"1190\" data-end=\"1231\">LCD ekranas ir elektroninis valdymo skydelis<\/p>\n<\/li>\n<li data-start=\"1232\" data-end=\"1250\">\n<p data-start=\"1234\" data-end=\"1250\">Krep\u0161eli\u0173 skai\u010dius: 1<\/p>\n<\/li>\n<\/ul>\n<p><img loading=\"lazy\" decoding=\"async\" class=\"wp-image-3980\" src=\"http:\/\/tammetorubbq.ee\/wp-content\/uploads\/2025\/10\/Ninja-logo-300x300.webp\" alt=\"Ninja logotipas\" width=\"180\" height=\"180\" srcset=\"https:\/\/tammetorubbq.ee\/wp-content\/uploads\/2025\/10\/Ninja-logo-300x300.webp 300w, https:\/\/tammetorubbq.ee\/wp-content\/uploads\/2025\/10\/Ninja-logo-150x150.webp 150w, https:\/\/tammetorubbq.ee\/wp-content\/uploads\/2025\/10\/Ninja-logo-12x12.webp 12w, https:\/\/tammetorubbq.ee\/wp-content\/uploads\/2025\/10\/Ninja-logo-600x600.webp 600w, https:\/\/tammetorubbq.ee\/wp-content\/uploads\/2025\/10\/Ninja-logo-64x64.webp 64w, https:\/\/tammetorubbq.ee\/wp-content\/uploads\/2025\/10\/Ninja-logo.webp 680w\" sizes=\"auto, (max-width: 180px) 100vw, 180px\" \/><\/p>\n<p><a href=\"https:\/\/tammetorubbq.ee\/lt\/sumoketi-veliau\/\"><strong>PIRKITE DABAR, MOK\u0116KITE V\u0116LIAU<\/strong><\/a>\u00a0- be pal\u016bkan\u0173!<\/p>\n<p><img loading=\"lazy\" decoding=\"async\" class=\"alignnone wp-image-2646\" src=\"http:\/\/tammetorubbq.ee\/wp-content\/uploads\/2023\/12\/inbank-wordmark.png\" alt=\"\" width=\"167\" height=\"75\" srcset=\"https:\/\/tammetorubbq.ee\/wp-content\/uploads\/2023\/12\/inbank-wordmark.png 300w, https:\/\/tammetorubbq.ee\/wp-content\/uploads\/2023\/12\/inbank-wordmark-18x8.png 18w, https:\/\/tammetorubbq.ee\/wp-content\/uploads\/2023\/12\/inbank-wordmark-64x29.png 64w\" sizes=\"auto, (max-width: 167px) 100vw, 167px\" \/><\/p>\n<p>Taip pat si\u016blome galimyb\u0119 sumok\u0117ti v\u0117liau - viena, dviem arba trimis lygiomis dalimis be joki\u0173 pal\u016bkan\u0173 ar papildom\u0173 mokes\u010di\u0173.<\/p>\n<p>M\u016bs\u0173 pirkini\u0173 krep\u0161elyje rasite \u012fvairi\u0173 mok\u0117jimo b\u016bd\u0173 pasirinkim\u0105.<\/p>","protected":false},"featured_media":4093,"comment_status":"open","ping_status":"closed","template":"","meta":{"_uf_show_specific_survey":0,"_uf_disable_surveys":false},"pwb-brand":[214],"product_brand":[],"product_cat":[194,196],"product_tag":[223],"class_list":{"0":"post-4090","1":"product","2":"type-product","3":"status-publish","4":"has-post-thumbnail","6":"pwb-brand-ninja","7":"product_cat-ninja-koogiseadmed","8":"product_cat-kuumaohufrituurid","9":"product_tag-kuumaohufrituur","11":"first","12":"outofstock","13":"taxable","14":"shipping-taxable","15":"purchasable","16":"product-type-simple"},"brands":[{"id":214,"name":"Ninja","slug":"ninja"}],"_links":{"self":[{"href":"https:\/\/tammetorubbq.ee\/lt\/wp-json\/wp\/v2\/product\/4090","targetHints":{"allow":["GET"]}}],"collection":[{"href":"https:\/\/tammetorubbq.ee\/lt\/wp-json\/wp\/v2\/product"}],"about":[{"href":"https:\/\/tammetorubbq.ee\/lt\/wp-json\/wp\/v2\/types\/product"}],"replies":[{"embeddable":true,"href":"https:\/\/tammetorubbq.ee\/lt\/wp-json\/wp\/v2\/comments?post=4090"}],"wp:featuredmedia":[{"embeddable":true,"href":"https:\/\/tammetorubbq.ee\/lt\/wp-json\/wp\/v2\/media\/4093"}],"wp:attachment":[{"href":"https:\/\/tammetorubbq.ee\/lt\/wp-json\/wp\/v2\/media?parent=4090"}],"wp:term":[{"taxonomy":"pwb-brand","embeddable":true,"href":"https:\/\/tammetorubbq.ee\/lt\/wp-json\/wp\/v2\/pwb-brand?post=4090"},{"taxonomy":"product_brand","embeddable":true,"href":"https:\/\/tammetorubbq.ee\/lt\/wp-json\/wp\/v2\/product_brand?post=4090"},{"taxonomy":"product_cat","embeddable":true,"href":"https:\/\/tammetorubbq.ee\/lt\/wp-json\/wp\/v2\/product_cat?post=4090"},{"taxonomy":"product_tag","embeddable":true,"href":"https:\/\/tammetorubbq.ee\/lt\/wp-json\/wp\/v2\/product_tag?post=4090"}],"curies":[{"name":"wp","href":"https:\/\/api.w.org\/{rel}","templated":true}]}}