{"id":4106,"date":"2025-10-16T14:38:50","date_gmt":"2025-10-16T11:38:50","guid":{"rendered":"https:\/\/tammetorubbq.ee\/?post_type=product&#038;p=4106"},"modified":"2026-04-16T20:00:15","modified_gmt":"2026-04-16T17:00:15","slug":"ninja-woodfire-pro-connect-elektrine-kepsnine-su-rukykla-ir-keptuve","status":"publish","type":"product","link":"https:\/\/tammetorubbq.ee\/lt\/produktas\/ninja-woodfire-pro-connect-elektrine-kepsnine-su-rukykla-ir-keptuve\/","title":{"rendered":"\"Ninja Woodfire Pro Connect\" elektrinis BBQ grilis, r\u016bkykla ir oro difuzorius"},"content":{"rendered":"<table class=\"woocommerce-product-attributes shop_attributes\" aria-label=\"I\u0161sami informacija apie gamin\u012f\">\n<tbody>\n<tr class=\"woocommerce-product-attributes-item woocommerce-product-attributes-item--weight\">\n<th class=\"woocommerce-product-attributes-item__label\" style=\"text-align: left;\" scope=\"row\">Svoris<\/th>\n<td class=\"woocommerce-product-attributes-item__value\">18,3 kg<\/td>\n<\/tr>\n<tr class=\"woocommerce-product-attributes-item woocommerce-product-attributes-item--dimensions\">\n<th class=\"woocommerce-product-attributes-item__label\" scope=\"row\">Matmenys<\/th>\n<td class=\"woocommerce-product-attributes-item__value\">51 \u00d7 57 \u00d7 41 cm<\/td>\n<\/tr>\n<\/tbody>\n<\/table>\n<p>&nbsp;<\/p>\n<p data-start=\"112\" data-end=\"348\"><strong data-start=\"112\" data-end=\"121\">Ninja<\/strong>\u00a0<strong>preki\u0173 \u017eenklas<\/strong>\u00a0yra gerai \u017einomas amerikie\u010di\u0173 buitin\u0117s technikos prek\u0117s \u017eenklas, priklausantis bendrovei\u00a0<strong data-start=\"187\" data-end=\"201\">SharkNinja<\/strong>. Prek\u0117s \u017eenklas vertinamas d\u0117l savo\u00a0<strong data-start=\"225\" data-end=\"269\">i\u0161man\u016bs ir patog\u016bs sprendimai.<\/strong>\u00a0kurie palengvina kasdien\u012f maisto ruo\u0161im\u0105 ir padidina jo efektyvum\u0105.<\/p>\n<p data-start=\"350\" data-end=\"651\">\"Ninja\" asortiment\u0105 sudaro\u00a0<strong data-start=\"380\" data-end=\"434\">mai\u0161ytuvai, virtuviniai kombainai, keptuv\u0117s, daugiafunkcin\u0117s keptuv\u0117s<\/strong>\u00a0ir vis da\u017eniau\u00a0<strong data-start=\"452\" data-end=\"474\">lauko virtuv\u0117s \u012franga<\/strong>. Visi produktai yra sukurti taip, kad der\u0117t\u0173\u00a0<strong data-start=\"507\" data-end=\"564\">funkcionalumas, patikimumas ir novatori\u0161kas dizainas<\/strong>sukurti geriausi\u0105 \u012frank\u012f kiekvienai virtuvei - tiek nam\u0173, tiek profesional\u0173 virtuvei.<\/p>\n<p><iframe loading=\"lazy\" title=\"Lauko kepsnin\u0117s | Susipa\u017einkite su Ninja Woodfire\u2122 lauko kepsnine\" width=\"500\" height=\"281\" src=\"https:\/\/www.youtube.com\/embed\/VnBPKYraHWU?feature=oembed\" frameborder=\"0\" allow=\"accelerometer; autoplay; clipboard-write; encrypted-media; gyroscope; picture-in-picture; web-share\" referrerpolicy=\"strict-origin-when-cross-origin\" allowfullscreen><\/iframe><\/p>","protected":false},"excerpt":{"rendered":"<p data-start=\"182\" data-end=\"554\">\"Ninja Woodfire Pro Connect\" yra i\u0161mani ir universali lauko kepsnin\u0117, kuri. <strong>derinamos kepimo ant groteli\u0173, r\u016bkymo ir oro keptuv\u0117s funkcijos<\/strong>. Prietaisas veikia naudodamas elektr\u0105 ir 100% nat\u016bralias \"Woodfire\" medienos granules, tod\u0117l maistas \u012fgauna autenti\u0161k\u0105 d\u016bmo skon\u012f. Naudodami \"Ninja Pro Connect\" program\u0117l\u0119 su \"Wi-Fi\" ir \"Bluetooth\" ry\u0161iu, galite steb\u0117ti ir valdyti maisto ruo\u0161im\u0105 tiesiai i\u0161 savo telefono.<\/p>\n<p data-start=\"556\" data-end=\"675\">D\u0117l atsparumo atmosferos poveikiui (IPX4) jis idealiai tinka naudoti i\u0161tisus metus terasoje, balkone, sode ar stovyklaviet\u0117je.<\/p>\n<p data-start=\"677\" data-end=\"695\"><strong data-start=\"677\" data-end=\"693\">Pagrindin\u0117s savyb\u0117s<\/strong><\/p>\n<ul data-start=\"696\" data-end=\"1240\">\n<li data-start=\"696\" data-end=\"814\">\n<p data-start=\"698\" data-end=\"814\">7 kepimo funkcijos: kepimas ant groteli\u0173, r\u016bkymas, kepimas ore, skrudinimas, kepimas, d\u017eiovinimas, kaitinimas.<\/p>\n<\/li>\n<li data-start=\"815\" data-end=\"904\">\n<p data-start=\"817\" data-end=\"904\">\"Ninja Pro Connect\" program\u0117l\u0117 (Wi-Fi + Bluetooth): nuotolinis valdymas ir prane\u0161imai realiuoju laiku<\/p>\n<\/li>\n<li data-start=\"905\" data-end=\"975\">\n<p data-start=\"907\" data-end=\"975\">\u012emontuotas maisto termometras su automatiniu temperat\u016bros steb\u0117jimu<\/p>\n<\/li>\n<li data-start=\"976\" data-end=\"1035\">\n<p data-start=\"978\" data-end=\"1035\">\"Woodfire\" r\u016bkykla 100%, skirta nat\u016bralioms med\u017eio granul\u0117ms<\/p>\n<\/li>\n<li data-start=\"1036\" data-end=\"1077\">\n<p data-start=\"1038\" data-end=\"1077\">Elektros energija - nereikia anglies ar duj\u0173<\/p>\n<\/li>\n<li data-start=\"1078\" data-end=\"1154\">\n<p data-start=\"1080\" data-end=\"1154\">Oro s\u0105lygoms atsparus korpusas (IPX4), skirtas naudoti lauke i\u0161tisus metus<\/p>\n<\/li>\n<li data-start=\"1155\" data-end=\"1240\">\n<p data-start=\"1157\" data-end=\"1240\">Komplekte yra 2 granuli\u0173 pakuot\u0117s, granuli\u0173 kastuvas, tra\u0161kinimo krep\u0161elis ir recept\u0173 knygel\u0117.<\/p>\n<\/li>\n<\/ul>\n<p data-start=\"1242\" data-end=\"1262\"><strong data-start=\"1242\" data-end=\"1260\">Technin\u0117 informacija<\/strong><\/p>\n<ul data-start=\"1263\" data-end=\"1630\">\n<li data-start=\"1263\" data-end=\"1291\">\n<p data-start=\"1265\" data-end=\"1291\">Grilio tipas: elektrinis grilis<\/p>\n<\/li>\n<li data-start=\"1292\" data-end=\"1314\">\n<p data-start=\"1294\" data-end=\"1314\">Grilio plotas: 1305 cm\u00b2<\/p>\n<\/li>\n<li data-start=\"1315\" data-end=\"1347\">\n<p data-start=\"1317\" data-end=\"1347\">Kepimo zonos dydis: 45 \u00d7 29 cm<\/p>\n<\/li>\n<li data-start=\"1348\" data-end=\"1364\">\n<p data-start=\"1350\" data-end=\"1364\">Su dang\u010diu: taip<\/p>\n<\/li>\n<li data-start=\"1365\" data-end=\"1384\">\n<p data-start=\"1367\" data-end=\"1384\">Galia: 1700 W<\/p>\n<\/li>\n<li data-start=\"1385\" data-end=\"1413\">\n<p data-start=\"1387\" data-end=\"1413\">Termostatas: reguliuojamas<\/p>\n<\/li>\n<li data-start=\"1414\" data-end=\"1465\">\n<p data-start=\"1416\" data-end=\"1465\">\u0160ildymo elementai su konvekciniais ventiliatoriais<\/p>\n<\/li>\n<li data-start=\"1466\" data-end=\"1508\">\n<p data-start=\"1468\" data-end=\"1508\">LED temperat\u016bros indikatoriai ir LCD ekranas<\/p>\n<\/li>\n<li data-start=\"1509\" data-end=\"1546\">\n<p data-start=\"1511\" data-end=\"1546\">Laikmatis ir automatinis i\u0161sijungimas<\/p>\n<\/li>\n<li data-start=\"1547\" data-end=\"1573\">\n<p data-start=\"1549\" data-end=\"1573\">Neslystan\u010dios kojel\u0117s<\/p>\n<\/li>\n<li data-start=\"1574\" data-end=\"1630\">\n<p data-start=\"1576\" data-end=\"1630\">Nuimamos nelimpan\u010dios kepsnin\u0117s plok\u0161t\u0117s ir la\u0161\u0117jimo pad\u0117klas<\/p>\n<\/li>\n<\/ul>\n<p data-start=\"1632\" data-end=\"1647\"><strong data-start=\"1632\" data-end=\"1645\">Talpa<\/strong><\/p>\n<ul data-start=\"1648\" data-end=\"1715\">\n<li data-start=\"1648\" data-end=\"1715\">\n<p data-start=\"1650\" data-end=\"1715\">Vienu metu galima pagaminti iki 10 m\u0117saini\u0173, 40 de\u0161raini\u0173 arba 2 \u00d7 3 kg visos vi\u0161tienos<\/p>\n<\/li>\n<\/ul>\n<p data-start=\"1717\" data-end=\"1919\"><strong data-start=\"1717\" data-end=\"1738\">Granuli\u0173 naudojimas<\/strong><br data-start=\"1738\" data-end=\"1741\" \/>Naudoja tik<a href=\"https:\/\/tammetorubbq.ee\/lt\/gaminio-zyma\/ninja-medzio-granules\/\"><strong> \"Ninja Woodfire\" kietmed\u017eio granul\u0117s<\/strong><\/a>. Granul\u0117s suteikia maistui d\u016bmo, o ne kar\u0161\u010dio skon\u012f. Rinkinyje esan\u010di\u0173 pakuo\u010di\u0173 u\u017etenka \u0161e\u0161iems kepsniams.<\/p>\n<p><img loading=\"lazy\" decoding=\"async\" class=\"wp-image-3980\" src=\"http:\/\/tammetorubbq.ee\/wp-content\/uploads\/2025\/10\/Ninja-logo-300x300.webp\" alt=\"Ninja logotipas\" width=\"180\" height=\"180\" srcset=\"https:\/\/tammetorubbq.ee\/wp-content\/uploads\/2025\/10\/Ninja-logo-300x300.webp 300w, https:\/\/tammetorubbq.ee\/wp-content\/uploads\/2025\/10\/Ninja-logo-150x150.webp 150w, https:\/\/tammetorubbq.ee\/wp-content\/uploads\/2025\/10\/Ninja-logo-12x12.webp 12w, https:\/\/tammetorubbq.ee\/wp-content\/uploads\/2025\/10\/Ninja-logo-600x600.webp 600w, https:\/\/tammetorubbq.ee\/wp-content\/uploads\/2025\/10\/Ninja-logo-64x64.webp 64w, https:\/\/tammetorubbq.ee\/wp-content\/uploads\/2025\/10\/Ninja-logo.webp 680w\" sizes=\"auto, (max-width: 180px) 100vw, 180px\" \/><\/p>\n<p><a href=\"https:\/\/tammetorubbq.ee\/lt\/sumoketi-veliau\/\"><strong>PIRKITE DABAR, MOK\u0116KITE V\u0116LIAU<\/strong><\/a>\u00a0- be pal\u016bkan\u0173!<\/p>\n<p><img loading=\"lazy\" decoding=\"async\" class=\"alignnone wp-image-2646\" src=\"http:\/\/tammetorubbq.ee\/wp-content\/uploads\/2023\/12\/inbank-wordmark.png\" alt=\"\" width=\"167\" height=\"75\" srcset=\"https:\/\/tammetorubbq.ee\/wp-content\/uploads\/2023\/12\/inbank-wordmark.png 300w, https:\/\/tammetorubbq.ee\/wp-content\/uploads\/2023\/12\/inbank-wordmark-18x8.png 18w, https:\/\/tammetorubbq.ee\/wp-content\/uploads\/2023\/12\/inbank-wordmark-64x29.png 64w\" sizes=\"auto, (max-width: 167px) 100vw, 167px\" \/><\/p>\n<p>Taip pat si\u016blome galimyb\u0119 sumok\u0117ti v\u0117liau - viena, dviem arba trimis lygiomis dalimis be joki\u0173 pal\u016bkan\u0173 ar papildom\u0173 mokes\u010di\u0173.<\/p>\n<p>M\u016bs\u0173 pirkini\u0173 krep\u0161elyje rasite \u012fvairi\u0173 mok\u0117jimo b\u016bd\u0173 pasirinkim\u0105.<\/p>\n<p data-start=\"1717\" data-end=\"1919\">","protected":false},"featured_media":4115,"comment_status":"open","ping_status":"closed","template":"","meta":{"_uf_show_specific_survey":0,"_uf_disable_surveys":false},"pwb-brand":[214],"product_brand":[],"product_cat":[194,57,108,195,196,56],"product_tag":[109,223,135],"class_list":{"0":"post-4106","1":"product","2":"type-product","3":"status-publish","4":"has-post-thumbnail","6":"pwb-brand-ninja","7":"product_cat-ninja-koogiseadmed","8":"product_cat-bbq-suitsuahjud","9":"product_cat-elektrigrillid","10":"product_cat-elektrilised-grillid-suitsutajad","11":"product_cat-kuumaohufrituurid","12":"product_cat-pelletgrillid","13":"product_tag-elektrigrill","14":"product_tag-kuumaohufrituur","15":"product_tag-pelletgrillid","17":"first","18":"instock","19":"taxable","20":"shipping-taxable","21":"purchasable","22":"product-type-simple"},"brands":[{"id":214,"name":"Ninja","slug":"ninja"}],"_links":{"self":[{"href":"https:\/\/tammetorubbq.ee\/lt\/wp-json\/wp\/v2\/product\/4106","targetHints":{"allow":["GET"]}}],"collection":[{"href":"https:\/\/tammetorubbq.ee\/lt\/wp-json\/wp\/v2\/product"}],"about":[{"href":"https:\/\/tammetorubbq.ee\/lt\/wp-json\/wp\/v2\/types\/product"}],"replies":[{"embeddable":true,"href":"https:\/\/tammetorubbq.ee\/lt\/wp-json\/wp\/v2\/comments?post=4106"}],"wp:featuredmedia":[{"embeddable":true,"href":"https:\/\/tammetorubbq.ee\/lt\/wp-json\/wp\/v2\/media\/4115"}],"wp:attachment":[{"href":"https:\/\/tammetorubbq.ee\/lt\/wp-json\/wp\/v2\/media?parent=4106"}],"wp:term":[{"taxonomy":"pwb-brand","embeddable":true,"href":"https:\/\/tammetorubbq.ee\/lt\/wp-json\/wp\/v2\/pwb-brand?post=4106"},{"taxonomy":"product_brand","embeddable":true,"href":"https:\/\/tammetorubbq.ee\/lt\/wp-json\/wp\/v2\/product_brand?post=4106"},{"taxonomy":"product_cat","embeddable":true,"href":"https:\/\/tammetorubbq.ee\/lt\/wp-json\/wp\/v2\/product_cat?post=4106"},{"taxonomy":"product_tag","embeddable":true,"href":"https:\/\/tammetorubbq.ee\/lt\/wp-json\/wp\/v2\/product_tag?post=4106"}],"curies":[{"name":"wp","href":"https:\/\/api.w.org\/{rel}","templated":true}]}}