{"id":4117,"date":"2025-10-16T14:47:15","date_gmt":"2025-10-16T11:47:15","guid":{"rendered":"https:\/\/tammetorubbq.ee\/?post_type=product&#038;p=4117"},"modified":"2026-04-16T20:00:14","modified_gmt":"2026-04-16T17:00:14","slug":"ninja-woodfire-pro-xl-elektrine-kepsnine-su-rukykla-ir-keptuve","status":"publish","type":"product","link":"https:\/\/tammetorubbq.ee\/lt\/produktas\/ninja-woodfire-pro-xl-elektrine-kepsnine-su-rukykla-ir-keptuve\/","title":{"rendered":"\"Ninja Woodfire Pro XL\" elektrin\u0117 kepsnin\u0117, r\u016bkykla ir orin\u0117 keptuv\u0117"},"content":{"rendered":"<table class=\"woocommerce-product-attributes shop_attributes\" aria-label=\"I\u0161sami informacija apie gamin\u012f\">\n<tbody>\n<tr class=\"woocommerce-product-attributes-item woocommerce-product-attributes-item--weight\">\n<th class=\"woocommerce-product-attributes-item__label\" style=\"text-align: left;\" scope=\"row\">Svoris<\/th>\n<td class=\"woocommerce-product-attributes-item__value\">18 kg<\/td>\n<\/tr>\n<tr class=\"woocommerce-product-attributes-item woocommerce-product-attributes-item--dimensions\">\n<th class=\"woocommerce-product-attributes-item__label\" scope=\"row\">Matmenys<\/th>\n<td class=\"woocommerce-product-attributes-item__value\">51 \u00d7 57 \u00d7 41 cm<\/td>\n<\/tr>\n<\/tbody>\n<\/table>\n<p data-start=\"112\" data-end=\"348\"><strong data-start=\"112\" data-end=\"121\">Ninja<\/strong>\u00a0<strong>preki\u0173 \u017eenklas<\/strong>\u00a0yra gerai \u017einomas amerikie\u010di\u0173 buitin\u0117s technikos prek\u0117s \u017eenklas, priklausantis bendrovei\u00a0<strong data-start=\"187\" data-end=\"201\">SharkNinja<\/strong>. Prek\u0117s \u017eenklas vertinamas d\u0117l savo\u00a0<strong data-start=\"225\" data-end=\"269\">i\u0161man\u016bs ir patog\u016bs sprendimai.<\/strong>\u00a0kurie palengvina kasdien\u012f maisto ruo\u0161im\u0105 ir padidina jo efektyvum\u0105.<\/p>\n<p data-start=\"350\" data-end=\"651\">\"Ninja\" asortiment\u0105 sudaro\u00a0<strong data-start=\"380\" data-end=\"434\">mai\u0161ytuvai, virtuviniai kombainai, keptuv\u0117s, daugiafunkcin\u0117s keptuv\u0117s<\/strong>\u00a0ir vis da\u017eniau\u00a0<strong data-start=\"452\" data-end=\"474\">lauko virtuv\u0117s \u012franga<\/strong>. Visi produktai yra sukurti taip, kad der\u0117t\u0173\u00a0<strong data-start=\"507\" data-end=\"564\">funkcionalumas, patikimumas ir novatori\u0161kas dizainas<\/strong>sukurti geriausi\u0105 \u012frank\u012f kiekvienai virtuvei - tiek nam\u0173, tiek profesional\u0173 virtuvei.<\/p>\n<p><iframe loading=\"lazy\" title=\"Lauko kepsnin\u0117s | Susipa\u017einkite su Ninja Woodfire\u2122 lauko kepsnine\" src=\"https:\/\/www.youtube.com\/embed\/VnBPKYraHWU?feature=oembed\" width=\"500\" height=\"281\" frameborder=\"0\" allowfullscreen=\"allowfullscreen\" data-mce-fragment=\"1\"><\/iframe><\/p>","protected":false},"excerpt":{"rendered":"<p data-start=\"172\" data-end=\"537\">\"Ninja Woodfire Pro XL\" yra didel\u0117s talpos lauko kepsnin\u0117s prietaisas, kuris. <strong>derinama elektrinio grilio, r\u016bkyklos, oro keptuv\u0117s ir kepimo funkcija<\/strong>. I\u0161manioji gaminimo sistema su \u012fmontuotu maisto termometru u\u017etikrina tiksl\u0173 ir skan\u0173 rezultat\u0105 kiekvien\u0105 kart\u0105. Elektra maitinamam prietaisui nereikia kuro ar duj\u0173, tod\u0117l j\u012f galima naudoti i\u0161tisus metus - terasoje, balkone ar sode.<\/p>\n<p data-start=\"539\" data-end=\"557\"><strong data-start=\"539\" data-end=\"555\">Pagrindin\u0117s savyb\u0117s<\/strong><\/p>\n<ul data-start=\"558\" data-end=\"1008\">\n<li data-start=\"558\" data-end=\"632\">\n<p data-start=\"560\" data-end=\"632\">4 kepimo funkcijos: kepimas ant groteli\u0173, r\u016bkymas, kepimas ore, skrudinimas<\/p>\n<\/li>\n<li data-start=\"633\" data-end=\"675\">\n<p data-start=\"635\" data-end=\"675\">I\u0161manusis \u012fmontuotas maisto termometras<\/p>\n<\/li>\n<li data-start=\"676\" data-end=\"735\">\n<p data-start=\"678\" data-end=\"735\">\"Woodfire\" r\u016bkykla 100%, skirta nat\u016bralioms med\u017eio granul\u0117ms<\/p>\n<\/li>\n<li data-start=\"736\" data-end=\"791\">\n<p data-start=\"738\" data-end=\"791\">Elektra (1,6 m ilgio laidas) - nereikia liepsnos ar duj\u0173<\/p>\n<\/li>\n<li data-start=\"792\" data-end=\"875\">\n<p data-start=\"794\" data-end=\"875\">Oro s\u0105lygoms atsparus korpusas (IPX4), tinkamas naudoti lauke i\u0161tisus metus.<\/p>\n<\/li>\n<li data-start=\"876\" data-end=\"922\">\n<p data-start=\"878\" data-end=\"922\">Greitas \u012f\u0161ilimas ir stabili temperat\u016bra<\/p>\n<\/li>\n<li data-start=\"923\" data-end=\"1008\">\n<p data-start=\"925\" data-end=\"1008\">Komplekte yra 2 granuli\u0173 pakuot\u0117s, granuli\u0173 kastuvas, tra\u0161kinimo krep\u0161elis ir recept\u0173 knygel\u0117.<\/p>\n<\/li>\n<\/ul>\n<p data-start=\"1010\" data-end=\"1030\"><strong data-start=\"1010\" data-end=\"1028\">Technin\u0117 informacija<\/strong><\/p>\n<ul data-start=\"1031\" data-end=\"1502\">\n<li data-start=\"1031\" data-end=\"1059\">\n<p data-start=\"1033\" data-end=\"1059\">Grilio tipas: elektrinis grilis<\/p>\n<\/li>\n<li data-start=\"1060\" data-end=\"1082\">\n<p data-start=\"1062\" data-end=\"1082\">Grilio plotas: 1395 cm\u00b2<\/p>\n<\/li>\n<li data-start=\"1083\" data-end=\"1115\">\n<p data-start=\"1085\" data-end=\"1115\">Kepimo zonos dydis: 45 \u00d7 31 cm<\/p>\n<\/li>\n<li data-start=\"1116\" data-end=\"1132\">\n<p data-start=\"1118\" data-end=\"1132\">Su dang\u010diu: taip<\/p>\n<\/li>\n<li data-start=\"1133\" data-end=\"1152\">\n<p data-start=\"1135\" data-end=\"1152\">Galia: 2400 W<\/p>\n<\/li>\n<li data-start=\"1153\" data-end=\"1193\">\n<p data-start=\"1155\" data-end=\"1193\">Reguliuojamas termostatas: iki 240 \u00b0C<\/p>\n<\/li>\n<li data-start=\"1194\" data-end=\"1223\">\n<p data-start=\"1196\" data-end=\"1223\">Konvekcin\u0117 sistema: taip<\/p>\n<\/li>\n<li data-start=\"1224\" data-end=\"1257\">\n<p data-start=\"1226\" data-end=\"1257\">LED temperat\u016bros indikatoriai: taip<\/p>\n<\/li>\n<li data-start=\"1258\" data-end=\"1290\">\n<p data-start=\"1260\" data-end=\"1290\">Automatinis i\u0161sijungimas: taip<\/p>\n<\/li>\n<li data-start=\"1291\" data-end=\"1502\">\n<p data-start=\"1293\" data-end=\"1502\">Specifin\u0117s savyb\u0117s:<br data-start=\"1305\" data-end=\"1308\" \/>- \u012fmontuotas grilio termometras<br data-start=\"1340\" data-end=\"1343\" \/>- Nuimami nepridegantys pavir\u0161iai<br data-start=\"1379\" data-end=\"1382\" \/>- neslystan\u010dios kojel\u0117s<br data-start=\"1407\" data-end=\"1410\" \/>- lengvai valoma konstrukcija<br data-start=\"1447\" data-end=\"1450\" \/>- oro s\u0105lygoms atsparus korpusas<br data-start=\"1475\" data-end=\"1478\" \/>- 4 gaminimo programos<\/p>\n<\/li>\n<\/ul>\n<p data-start=\"1504\" data-end=\"1519\"><strong data-start=\"1504\" data-end=\"1517\">Talpa<\/strong><\/p>\n<ul data-start=\"1520\" data-end=\"1581\">\n<li data-start=\"1520\" data-end=\"1581\">\n<p data-start=\"1522\" data-end=\"1581\">Vienu metu galima paruo\u0161ti iki 10 m\u0117saini\u0173, 6 kepsni\u0173 arba 2-3 kg vi\u0161tienos<\/p>\n<\/li>\n<\/ul>\n<p data-start=\"1583\" data-end=\"1821\"><strong data-start=\"1583\" data-end=\"1604\">Granuli\u0173 naudojimas<\/strong><br data-start=\"1604\" data-end=\"1607\" \/>Naudoja tik <a href=\"https:\/\/tammetorubbq.ee\/lt\/gaminio-zyma\/ninja-medzio-granules\/\"><strong>\"Ninja Woodfire\" kietmed\u017eio granul\u0117s<\/strong><\/a>, kurios suteikia maistui tikr\u0105 d\u016bmo, o ne kar\u0161\u010dio skon\u012f. Vienos granul\u0117s u\u017etenka d\u016bm\u0173 vienam kepimo seansui. Pridedamos dvi pradin\u0117s pakuot\u0117s.<\/p>\n<p><img loading=\"lazy\" decoding=\"async\" class=\"wp-image-3980\" src=\"http:\/\/tammetorubbq.ee\/wp-content\/uploads\/2025\/10\/Ninja-logo-300x300.webp\" alt=\"Ninja logotipas\" width=\"180\" height=\"180\" srcset=\"https:\/\/tammetorubbq.ee\/wp-content\/uploads\/2025\/10\/Ninja-logo-300x300.webp 300w, https:\/\/tammetorubbq.ee\/wp-content\/uploads\/2025\/10\/Ninja-logo-150x150.webp 150w, https:\/\/tammetorubbq.ee\/wp-content\/uploads\/2025\/10\/Ninja-logo-12x12.webp 12w, https:\/\/tammetorubbq.ee\/wp-content\/uploads\/2025\/10\/Ninja-logo-600x600.webp 600w, https:\/\/tammetorubbq.ee\/wp-content\/uploads\/2025\/10\/Ninja-logo-64x64.webp 64w, https:\/\/tammetorubbq.ee\/wp-content\/uploads\/2025\/10\/Ninja-logo.webp 680w\" sizes=\"auto, (max-width: 180px) 100vw, 180px\" \/><\/p>\n<p><a href=\"https:\/\/tammetorubbq.ee\/lt\/sumoketi-veliau\/\"><strong>PIRKITE DABAR, MOK\u0116KITE V\u0116LIAU<\/strong><\/a>\u00a0- be pal\u016bkan\u0173!<\/p>\n<p><img loading=\"lazy\" decoding=\"async\" class=\"alignnone wp-image-2646\" src=\"http:\/\/tammetorubbq.ee\/wp-content\/uploads\/2023\/12\/inbank-wordmark.png\" alt=\"\" width=\"167\" height=\"75\" srcset=\"https:\/\/tammetorubbq.ee\/wp-content\/uploads\/2023\/12\/inbank-wordmark.png 300w, https:\/\/tammetorubbq.ee\/wp-content\/uploads\/2023\/12\/inbank-wordmark-18x8.png 18w, https:\/\/tammetorubbq.ee\/wp-content\/uploads\/2023\/12\/inbank-wordmark-64x29.png 64w\" sizes=\"auto, (max-width: 167px) 100vw, 167px\" \/><\/p>\n<p>Taip pat si\u016blome galimyb\u0119 sumok\u0117ti v\u0117liau - viena, dviem arba trimis lygiomis dalimis be joki\u0173 pal\u016bkan\u0173 ar papildom\u0173 mokes\u010di\u0173.<\/p>\n<p>M\u016bs\u0173 pirkini\u0173 krep\u0161elyje rasite \u012fvairi\u0173 mok\u0117jimo b\u016bd\u0173 pasirinkim\u0105.<\/p>","protected":false},"featured_media":4122,"comment_status":"open","ping_status":"closed","template":"","meta":{"_uf_show_specific_survey":0,"_uf_disable_surveys":false},"pwb-brand":[214],"product_brand":[],"product_cat":[194,108,195,196,56],"product_tag":[109,223,135],"class_list":{"0":"post-4117","1":"product","2":"type-product","3":"status-publish","4":"has-post-thumbnail","6":"pwb-brand-ninja","7":"product_cat-ninja-koogiseadmed","8":"product_cat-elektrigrillid","9":"product_cat-elektrilised-grillid-suitsutajad","10":"product_cat-kuumaohufrituurid","11":"product_cat-pelletgrillid","12":"product_tag-elektrigrill","13":"product_tag-kuumaohufrituur","14":"product_tag-pelletgrillid","16":"first","17":"instock","18":"taxable","19":"shipping-taxable","20":"purchasable","21":"product-type-simple"},"brands":[{"id":214,"name":"Ninja","slug":"ninja"}],"_links":{"self":[{"href":"https:\/\/tammetorubbq.ee\/lt\/wp-json\/wp\/v2\/product\/4117","targetHints":{"allow":["GET"]}}],"collection":[{"href":"https:\/\/tammetorubbq.ee\/lt\/wp-json\/wp\/v2\/product"}],"about":[{"href":"https:\/\/tammetorubbq.ee\/lt\/wp-json\/wp\/v2\/types\/product"}],"replies":[{"embeddable":true,"href":"https:\/\/tammetorubbq.ee\/lt\/wp-json\/wp\/v2\/comments?post=4117"}],"wp:featuredmedia":[{"embeddable":true,"href":"https:\/\/tammetorubbq.ee\/lt\/wp-json\/wp\/v2\/media\/4122"}],"wp:attachment":[{"href":"https:\/\/tammetorubbq.ee\/lt\/wp-json\/wp\/v2\/media?parent=4117"}],"wp:term":[{"taxonomy":"pwb-brand","embeddable":true,"href":"https:\/\/tammetorubbq.ee\/lt\/wp-json\/wp\/v2\/pwb-brand?post=4117"},{"taxonomy":"product_brand","embeddable":true,"href":"https:\/\/tammetorubbq.ee\/lt\/wp-json\/wp\/v2\/product_brand?post=4117"},{"taxonomy":"product_cat","embeddable":true,"href":"https:\/\/tammetorubbq.ee\/lt\/wp-json\/wp\/v2\/product_cat?post=4117"},{"taxonomy":"product_tag","embeddable":true,"href":"https:\/\/tammetorubbq.ee\/lt\/wp-json\/wp\/v2\/product_tag?post=4117"}],"curies":[{"name":"wp","href":"https:\/\/api.w.org\/{rel}","templated":true}]}}