{"id":4123,"date":"2025-10-16T14:55:08","date_gmt":"2025-10-16T11:55:08","guid":{"rendered":"https:\/\/tammetorubbq.ee\/?post_type=product&#038;p=4123"},"modified":"2026-04-16T20:00:15","modified_gmt":"2026-04-16T17:00:15","slug":"ninja-woodfire-elektrinis-bbq-grilis-rukykla","status":"publish","type":"product","link":"https:\/\/tammetorubbq.ee\/lt\/produktas\/ninja-woodfire-elektrinis-bbq-grilis-rukykla\/","title":{"rendered":"\"Ninja Woodfire\" elektrinis BBQ grilis, r\u016bkykla ir oro kepsnin\u0117"},"content":{"rendered":"<table class=\"woocommerce-product-attributes shop_attributes\" aria-label=\"I\u0161sami informacija apie gamin\u012f\">\n<tbody>\n<tr class=\"woocommerce-product-attributes-item woocommerce-product-attributes-item--weight\">\n<th class=\"woocommerce-product-attributes-item__label\" style=\"text-align: left;\" scope=\"row\">Svoris<\/th>\n<td class=\"woocommerce-product-attributes-item__value\">12 kg<\/td>\n<\/tr>\n<tr class=\"woocommerce-product-attributes-item woocommerce-product-attributes-item--dimensions\">\n<th class=\"woocommerce-product-attributes-item__label\" scope=\"row\">Matmenys<\/th>\n<td class=\"woocommerce-product-attributes-item__value\">46 \u00d7 46 \u00d7 34 cm<\/td>\n<\/tr>\n<\/tbody>\n<\/table>\n<p data-start=\"112\" data-end=\"348\"><strong data-start=\"112\" data-end=\"121\">Ninja<\/strong>\u00a0<strong>preki\u0173 \u017eenklas<\/strong>\u00a0yra gerai \u017einomas amerikie\u010di\u0173 buitin\u0117s technikos prek\u0117s \u017eenklas, priklausantis bendrovei\u00a0<strong data-start=\"187\" data-end=\"201\">SharkNinja<\/strong>. Prek\u0117s \u017eenklas vertinamas d\u0117l savo\u00a0<strong data-start=\"225\" data-end=\"269\">i\u0161man\u016bs ir patog\u016bs sprendimai.<\/strong>\u00a0kurie palengvina kasdien\u012f maisto ruo\u0161im\u0105 ir padidina jo efektyvum\u0105.<\/p>\n<p data-start=\"350\" data-end=\"651\">\"Ninja\" asortiment\u0105 sudaro\u00a0<strong data-start=\"380\" data-end=\"434\">mai\u0161ytuvai, virtuviniai kombainai, keptuv\u0117s, daugiafunkcin\u0117s keptuv\u0117s<\/strong>\u00a0ir vis da\u017eniau\u00a0<strong data-start=\"452\" data-end=\"474\">lauko virtuv\u0117s \u012franga<\/strong>. Visi produktai yra sukurti taip, kad der\u0117t\u0173\u00a0<strong data-start=\"507\" data-end=\"564\">funkcionalumas, patikimumas ir novatori\u0161kas dizainas<\/strong>sukurti geriausi\u0105 \u012frank\u012f kiekvienai virtuvei - tiek nam\u0173, tiek profesional\u0173 virtuvei.<\/p>\n<p><iframe loading=\"lazy\" title=\"Lauko kepsnin\u0117s | Susipa\u017einkite su Ninja Woodfire\u2122 lauko kepsnine\" src=\"https:\/\/www.youtube.com\/embed\/VnBPKYraHWU?feature=oembed\" width=\"500\" height=\"281\" frameborder=\"0\" allowfullscreen=\"allowfullscreen\" data-mce-fragment=\"1\"><\/iframe><\/p>","protected":false},"excerpt":{"rendered":"<p data-start=\"163\" data-end=\"422\">Daugiafunkcinis lauko maisto gaminimo prietaisas, kuris. <strong>sujungia elektrinio grilio, r\u016bkykl\u0117s ir kar\u0161to oro keptuv\u0117s funkcijas.<\/strong>. Elektra varomas ir nereikalaujantis angli\u0173 ar duj\u0173, jis si\u016blo paprast\u0105 ir \u0161var\u0173 b\u016bd\u0105 kepti kepsnin\u0117je i\u0161tisus metus - terasoje, balkone, sode ar stovyklaviet\u0117je.<\/p>\n<p data-start=\"424\" data-end=\"442\"><strong data-start=\"424\" data-end=\"440\">Pagrindin\u0117s savyb\u0117s<\/strong><\/p>\n<ul data-start=\"443\" data-end=\"880\">\n<li data-start=\"443\" data-end=\"558\">\n<p data-start=\"445\" data-end=\"558\">7 kepimo funkcijos: kepimas ant groteli\u0173, r\u016bkymas, kepimas, skrudinimas, kepimas, kaitinimas, d\u017eiovinimas.<\/p>\n<\/li>\n<li data-start=\"559\" data-end=\"623\">\n<p data-start=\"561\" data-end=\"623\">Integruota d\u016bm\u0173 d\u0117\u017e\u0117 100%, skirta nat\u016bralioms med\u017eio granul\u0117ms<\/p>\n<\/li>\n<li data-start=\"624\" data-end=\"658\">\n<p data-start=\"626\" data-end=\"658\">Elektros tiekimas (1,6 m ilgio maitinimo kabelis)<\/p>\n<\/li>\n<li data-start=\"659\" data-end=\"743\">\n<p data-start=\"661\" data-end=\"743\">Oro s\u0105lygoms atsparus korpusas (IPX4) - tinka naudoti lauke i\u0161tisus metus<\/p>\n<\/li>\n<li data-start=\"744\" data-end=\"779\">\n<p data-start=\"746\" data-end=\"779\">Maksimali temperat\u016bra: 260 \u00b0C<\/p>\n<\/li>\n<li data-start=\"780\" data-end=\"880\">\n<p data-start=\"782\" data-end=\"880\">Komplekte: 2 pakuot\u0117s \"Ninja Woodfire\" granuli\u0173, granuli\u0173 kastuvas, tra\u0161k\u0117jimo krep\u0161elis ir recept\u0173 knygel\u0117.<\/p>\n<\/li>\n<\/ul>\n<p data-start=\"882\" data-end=\"902\"><strong data-start=\"882\" data-end=\"900\">Technin\u0117 informacija<\/strong><\/p>\n<ul data-start=\"903\" data-end=\"1313\">\n<li data-start=\"903\" data-end=\"931\">\n<p data-start=\"905\" data-end=\"931\">Grilio tipas: elektrinis grilis<\/p>\n<\/li>\n<li data-start=\"932\" data-end=\"954\">\n<p data-start=\"934\" data-end=\"954\">Grilio plotas: 1036 cm\u00b2<\/p>\n<\/li>\n<li data-start=\"955\" data-end=\"987\">\n<p data-start=\"957\" data-end=\"987\">Kepimo zonos dydis: 28 \u00d7 37 cm<\/p>\n<\/li>\n<li data-start=\"988\" data-end=\"1004\">\n<p data-start=\"990\" data-end=\"1004\">Su dang\u010diu: taip<\/p>\n<\/li>\n<li data-start=\"1005\" data-end=\"1024\">\n<p data-start=\"1007\" data-end=\"1024\">Galia: 2400 W<\/p>\n<\/li>\n<li data-start=\"1025\" data-end=\"1124\">\n<p data-start=\"1027\" data-end=\"1124\">Programos: kepimas ant groteli\u0173, r\u016bkymas, gruzdinimas, skrudinimas, kepimas, kaitinimas, d\u017eiovinimas<\/p>\n<\/li>\n<li data-start=\"1125\" data-end=\"1153\">\n<p data-start=\"1127\" data-end=\"1153\">Reguliuojama temperat\u016bra<\/p>\n<\/li>\n<li data-start=\"1154\" data-end=\"1205\">\n<p data-start=\"1156\" data-end=\"1205\">Nuimamos nelipnios plok\u0161t\u0117s ir la\u0161\u0117jimo pad\u0117klai<\/p>\n<\/li>\n<li data-start=\"1206\" data-end=\"1248\">\n<p data-start=\"1208\" data-end=\"1248\">LCD ekranas ir LED temperat\u016bros indikatoriai<\/p>\n<\/li>\n<li data-start=\"1249\" data-end=\"1286\">\n<p data-start=\"1251\" data-end=\"1286\">Laikmatis ir automatinis i\u0161sijungimas<\/p>\n<\/li>\n<li data-start=\"1287\" data-end=\"1313\">\n<p data-start=\"1289\" data-end=\"1313\">Neslystan\u010dios kojel\u0117s<\/p>\n<\/li>\n<\/ul>\n<p data-start=\"1315\" data-end=\"1537\"><strong data-start=\"1315\" data-end=\"1336\">Granuli\u0173 naudojimas<\/strong><br data-start=\"1336\" data-end=\"1339\" \/>Naudoja tik <a href=\"https:\/\/tammetorubbq.ee\/lt\/gaminio-zyma\/ninja-medzio-granules\/\"><strong>\"Ninja Woodfire\" kietmed\u017eio granul\u0117s<\/strong><\/a>, kurios suteikia maistui tikr\u0105 d\u016bmo, o ne kar\u0161\u010dio skon\u012f. Vieno \u0161auk\u0161telio u\u017etenka vienam kepimo seansui. Pridedama pradin\u0117 granuli\u0173 pakuot\u0117.<\/p>\n<p><img loading=\"lazy\" decoding=\"async\" class=\"wp-image-3980\" src=\"http:\/\/tammetorubbq.ee\/wp-content\/uploads\/2025\/10\/Ninja-logo-300x300.webp\" alt=\"Ninja logotipas\" width=\"180\" height=\"180\" srcset=\"https:\/\/tammetorubbq.ee\/wp-content\/uploads\/2025\/10\/Ninja-logo-300x300.webp 300w, https:\/\/tammetorubbq.ee\/wp-content\/uploads\/2025\/10\/Ninja-logo-150x150.webp 150w, https:\/\/tammetorubbq.ee\/wp-content\/uploads\/2025\/10\/Ninja-logo-12x12.webp 12w, https:\/\/tammetorubbq.ee\/wp-content\/uploads\/2025\/10\/Ninja-logo-600x600.webp 600w, https:\/\/tammetorubbq.ee\/wp-content\/uploads\/2025\/10\/Ninja-logo-64x64.webp 64w, https:\/\/tammetorubbq.ee\/wp-content\/uploads\/2025\/10\/Ninja-logo.webp 680w\" sizes=\"auto, (max-width: 180px) 100vw, 180px\" \/><\/p>\n<p><a href=\"https:\/\/tammetorubbq.ee\/lt\/sumoketi-veliau\/\"><strong>PIRKITE DABAR, MOK\u0116KITE V\u0116LIAU<\/strong><\/a>\u00a0- be pal\u016bkan\u0173!<\/p>\n<p><img loading=\"lazy\" decoding=\"async\" class=\"alignnone wp-image-2646\" src=\"http:\/\/tammetorubbq.ee\/wp-content\/uploads\/2023\/12\/inbank-wordmark.png\" alt=\"\" width=\"167\" height=\"75\" srcset=\"https:\/\/tammetorubbq.ee\/wp-content\/uploads\/2023\/12\/inbank-wordmark.png 300w, https:\/\/tammetorubbq.ee\/wp-content\/uploads\/2023\/12\/inbank-wordmark-18x8.png 18w, https:\/\/tammetorubbq.ee\/wp-content\/uploads\/2023\/12\/inbank-wordmark-64x29.png 64w\" sizes=\"auto, (max-width: 167px) 100vw, 167px\" \/><\/p>\n<p>Taip pat si\u016blome galimyb\u0119 sumok\u0117ti v\u0117liau - viena, dviem arba trimis lygiomis dalimis be joki\u0173 pal\u016bkan\u0173 ar papildom\u0173 mokes\u010di\u0173.<\/p>\n<p>M\u016bs\u0173 pirkini\u0173 krep\u0161elyje rasite \u012fvairi\u0173 mok\u0117jimo b\u016bd\u0173 pasirinkim\u0105.<\/p>","protected":false},"featured_media":4127,"comment_status":"open","ping_status":"closed","template":"","meta":{"_uf_show_specific_survey":0,"_uf_disable_surveys":false},"pwb-brand":[214],"product_brand":[],"product_cat":[194,108,195,196,56],"product_tag":[109,223,135],"class_list":{"0":"post-4123","1":"product","2":"type-product","3":"status-publish","4":"has-post-thumbnail","6":"pwb-brand-ninja","7":"product_cat-ninja-koogiseadmed","8":"product_cat-elektrigrillid","9":"product_cat-elektrilised-grillid-suitsutajad","10":"product_cat-kuumaohufrituurid","11":"product_cat-pelletgrillid","12":"product_tag-elektrigrill","13":"product_tag-kuumaohufrituur","14":"product_tag-pelletgrillid","16":"first","17":"instock","18":"taxable","19":"shipping-taxable","20":"purchasable","21":"product-type-simple"},"brands":[{"id":214,"name":"Ninja","slug":"ninja"}],"_links":{"self":[{"href":"https:\/\/tammetorubbq.ee\/lt\/wp-json\/wp\/v2\/product\/4123","targetHints":{"allow":["GET"]}}],"collection":[{"href":"https:\/\/tammetorubbq.ee\/lt\/wp-json\/wp\/v2\/product"}],"about":[{"href":"https:\/\/tammetorubbq.ee\/lt\/wp-json\/wp\/v2\/types\/product"}],"replies":[{"embeddable":true,"href":"https:\/\/tammetorubbq.ee\/lt\/wp-json\/wp\/v2\/comments?post=4123"}],"wp:featuredmedia":[{"embeddable":true,"href":"https:\/\/tammetorubbq.ee\/lt\/wp-json\/wp\/v2\/media\/4127"}],"wp:attachment":[{"href":"https:\/\/tammetorubbq.ee\/lt\/wp-json\/wp\/v2\/media?parent=4123"}],"wp:term":[{"taxonomy":"pwb-brand","embeddable":true,"href":"https:\/\/tammetorubbq.ee\/lt\/wp-json\/wp\/v2\/pwb-brand?post=4123"},{"taxonomy":"product_brand","embeddable":true,"href":"https:\/\/tammetorubbq.ee\/lt\/wp-json\/wp\/v2\/product_brand?post=4123"},{"taxonomy":"product_cat","embeddable":true,"href":"https:\/\/tammetorubbq.ee\/lt\/wp-json\/wp\/v2\/product_cat?post=4123"},{"taxonomy":"product_tag","embeddable":true,"href":"https:\/\/tammetorubbq.ee\/lt\/wp-json\/wp\/v2\/product_tag?post=4123"}],"curies":[{"name":"wp","href":"https:\/\/api.w.org\/{rel}","templated":true}]}}