{"id":4147,"date":"2025-10-27T14:37:29","date_gmt":"2025-10-27T12:37:29","guid":{"rendered":"https:\/\/tammetorubbq.ee\/?post_type=product&#038;p=4147"},"modified":"2026-04-30T03:00:14","modified_gmt":"2026-04-30T00:00:14","slug":"char-griller-nesiojamasis-barbekiu-muilas-kepsnine-rukykla","status":"publish","type":"product","link":"https:\/\/tammetorubbq.ee\/lt\/toode\/char-griller-kaasaskantav-soegrill-suitsukast\/","title":{"rendered":"\"Char-Griller\" ne\u0161iojamasis angli\u0173 grilis ir r\u016bkykla"},"content":{"rendered":"<table class=\"woocommerce-product-attributes shop_attributes\" aria-label=\"I\u0161sami informacija apie gamin\u012f\">\n<tbody>\n<tr class=\"woocommerce-product-attributes-item woocommerce-product-attributes-item--weight\">\n<th class=\"woocommerce-product-attributes-item__label\" style=\"text-align: left;\" scope=\"row\">Svoris<\/th>\n<td class=\"woocommerce-product-attributes-item__value\">19 kg<\/td>\n<\/tr>\n<tr class=\"woocommerce-product-attributes-item woocommerce-product-attributes-item--dimensions\">\n<th class=\"woocommerce-product-attributes-item__label\" scope=\"row\">Matmenys<\/th>\n<td class=\"woocommerce-product-attributes-item__value\">54 \u00d7 48 \u00d7 48 cm<\/td>\n<\/tr>\n<\/tbody>\n<\/table>\n<h4 data-start=\"1465\" data-end=\"1491\"><strong data-start=\"1470\" data-end=\"1491\">Techniniai duomenys<\/strong><\/h4>\n<ul data-start=\"1492\" data-end=\"1727\">\n<li data-start=\"1492\" data-end=\"1537\">\n<p data-start=\"1494\" data-end=\"1537\"><strong data-start=\"1494\" data-end=\"1509\">Grillipindas:<\/strong> 250 sta\u010diakampi\u0173 \/ ~1613 cm\u00b2<\/p>\n<\/li>\n<li data-start=\"1538\" data-end=\"1564\">\n<p data-start=\"1540\" data-end=\"1564\"><strong data-start=\"1540\" data-end=\"1551\">Restid:<\/strong> stiprus ketus<\/p>\n<\/li>\n<li data-start=\"1565\" data-end=\"1603\">\n<p data-start=\"1567\" data-end=\"1603\"><strong data-start=\"1567\" data-end=\"1580\">Med\u017eiaga:<\/strong> milteliniu b\u016bdu dengtas plienas<\/p>\n<\/li>\n<li data-start=\"1604\" data-end=\"1655\">\n<p data-start=\"1606\" data-end=\"1655\"><strong data-start=\"1606\" data-end=\"1622\">Kaip naudoti:<\/strong> laisvai pastatoma kepsnin\u0117 arba r\u016bkykla<\/p>\n<\/li>\n<li data-start=\"1656\" data-end=\"1727\">\n<p data-start=\"1658\" data-end=\"1727\"><strong data-start=\"1658\" data-end=\"1678\">Tinkami modeliai:<\/strong> 5030, 5050, 5650, 2121, 2123, 2137, 2827, 2828<\/p>\n<\/li>\n<\/ul>","protected":false},"excerpt":{"rendered":"<p><strong data-start=\"317\" data-end=\"374\">Teksaso stiliaus d\u016bmai - bet kada ir bet kur!<\/strong><\/p>\n<p>\"Char-Griller\u00ae\" ne\u0161iojamasis med\u017eio angli\u0173 grilis yra universalus prietaisas, kuris veikia ir kaip. <strong data-start=\"450\" data-end=\"472\">kaip laisvai pastatomas grilis<\/strong> taip pat <strong data-start=\"480\" data-end=\"504\">kaip \u0161onin\u0117 d\u016bm\u0173 d\u0117\u017e\u0117<\/strong> \"Char-Griller\", skirtas kepsnin\u0117ms statin\u0117se. Idealiai tinka kelion\u0117ms, stovyklavimui ar rimtiems grilio entuziastams.<\/p>\n<h4 data-start=\"622\" data-end=\"648\"><strong data-start=\"627\" data-end=\"648\">Pagrindin\u0117s funkcijos<\/strong><\/h4>\n<p data-start=\"650\" data-end=\"802\">\ud83d\udd25 <strong data-start=\"653\" data-end=\"675\">\"2-in-1\" funkcija:<\/strong><br data-start=\"675\" data-end=\"678\" \/>Veikia abiem atvejais <strong data-start=\"689\" data-end=\"708\">kaip atskir\u0105 kepsnin\u0119<\/strong> taip pat <strong data-start=\"716\" data-end=\"733\">kaip d\u016bm\u0173 d\u0117\u017e\u0117<\/strong> (tinka 5030, 5050, 5650, 2121, 2123, 2137, 2827 ir 2828 modeliams).<\/p>\n<p data-start=\"804\" data-end=\"974\">\ud83c\udf54 <strong data-start=\"807\" data-end=\"838\">Daug vietos kepimui ant groteli\u0173:<\/strong><br data-start=\"838\" data-end=\"841\" \/>250 kvadratini\u0173 coli\u0173 (apie 1613 cm\u00b2) ploto kepimo pavir\u0161ius su patvariu, ilgaam\u017eiu <strong data-start=\"897\" data-end=\"914\">su rutuliukais<\/strong> - pakankamai vietos, kad <strong data-start=\"938\" data-end=\"952\">12 m\u0117saini\u0173<\/strong> kepimui ant groteli\u0173 tuo pa\u010diu metu.<\/p>\n<p data-start=\"976\" data-end=\"1118\">\ud83d\udcaa <strong data-start=\"979\" data-end=\"1009\">Patvari konstrukcija:<\/strong><br data-start=\"1009\" data-end=\"1012\" \/>Pagaminta <strong data-start=\"1024\" data-end=\"1059\">storas milteliniu b\u016bdu dengtas plienas<\/strong>, kuri u\u017etikrina puik\u0173 \u0161ilumos i\u0161laikym\u0105 ir ilg\u0105 tarnavimo laik\u0105.<\/p>\n<p data-start=\"1120\" data-end=\"1278\">\ud83d\ude97 <strong data-start=\"1123\" data-end=\"1150\">Lengvai perkeliamas:<\/strong><br data-start=\"1150\" data-end=\"1153\" \/>Kompakti\u0161kas dizainas ir <strong data-start=\"1173\" data-end=\"1195\">patogios rankenos<\/strong> tod\u0117l \u0161i kepsnin\u0117 idealiai tinka kelion\u0117ms, kelion\u0117ms kemperiais ar renginiams lauke.<\/p>\n<p data-start=\"1280\" data-end=\"1458\">\u2699\ufe0f <strong data-start=\"1283\" data-end=\"1312\">Lengva naudoti ir pri\u017ei\u016br\u0117ti:<\/strong><br data-start=\"1312\" data-end=\"1315\" \/>Du reguliuojami <strong data-start=\"1334\" data-end=\"1348\">su oro vo\u017etuvu<\/strong> galite tiksliai kontroliuoti temperat\u016br\u0105 ir <strong data-start=\"1393\" data-end=\"1418\">i\u0161imama pelenin\u0117<\/strong> valymas tampa greitas ir paprastas.<\/p>\n<p data-start=\"1280\" data-end=\"1458\"><strong data-start=\"965\" data-end=\"994\">Prailginkite kepsnin\u0117s tarnavimo laik\u0105<\/strong> ir visada laikykite j\u012f \u0161var\u0173 ir paruo\u0161t\u0105 naudoti - pasirinkite <a href=\"https:\/\/tammetorubbq.ee\/lt\/produktas\/char-grilller-oru-salygoms-atsparus-dangtis-nesiojamajai-kepsninei-ir-dumu-krosnelei\/\"><strong>originalus oro s\u0105lygoms atsparus \"Char-Griller\" dangtis<\/strong><\/a>!<\/p>\n<p><img loading=\"lazy\" decoding=\"async\" class=\"size-full wp-image-1726\" src=\"http:\/\/tammetorubbq.ee\/wp-content\/uploads\/2024\/05\/char-griller_brandmark_1x.png\" alt=\"char-griller\" width=\"195\" height=\"195\" srcset=\"https:\/\/tammetorubbq.ee\/wp-content\/uploads\/2024\/05\/char-griller_brandmark_1x.png 195w, https:\/\/tammetorubbq.ee\/wp-content\/uploads\/2024\/05\/char-griller_brandmark_1x-150x150.png 150w, https:\/\/tammetorubbq.ee\/wp-content\/uploads\/2024\/05\/char-griller_brandmark_1x-12x12.png 12w, https:\/\/tammetorubbq.ee\/wp-content\/uploads\/2024\/05\/char-griller_brandmark_1x-64x64.png 64w\" sizes=\"auto, (max-width: 195px) 100vw, 195px\" \/><\/p>","protected":false},"featured_media":4148,"comment_status":"open","ping_status":"closed","template":"","meta":{"_uf_show_specific_survey":0,"_uf_disable_surveys":false},"pwb-brand":[95],"product_brand":[],"product_cat":[53,57,169],"product_tag":[78],"class_list":{"0":"post-4147","1":"product","2":"type-product","3":"status-publish","4":"has-post-thumbnail","6":"pwb-brand-chargriller","7":"product_cat-grillid","8":"product_cat-bbq-suitsuahjud","9":"product_cat-soegrillid","10":"product_tag-soegrill","12":"first","13":"instock","14":"taxable","15":"shipping-taxable","16":"purchasable","17":"product-type-simple"},"brands":[{"id":95,"name":"CharGriller","slug":"chargriller"}],"_links":{"self":[{"href":"https:\/\/tammetorubbq.ee\/lt\/wp-json\/wp\/v2\/product\/4147","targetHints":{"allow":["GET"]}}],"collection":[{"href":"https:\/\/tammetorubbq.ee\/lt\/wp-json\/wp\/v2\/product"}],"about":[{"href":"https:\/\/tammetorubbq.ee\/lt\/wp-json\/wp\/v2\/types\/product"}],"replies":[{"embeddable":true,"href":"https:\/\/tammetorubbq.ee\/lt\/wp-json\/wp\/v2\/comments?post=4147"}],"wp:featuredmedia":[{"embeddable":true,"href":"https:\/\/tammetorubbq.ee\/lt\/wp-json\/wp\/v2\/media\/4148"}],"wp:attachment":[{"href":"https:\/\/tammetorubbq.ee\/lt\/wp-json\/wp\/v2\/media?parent=4147"}],"wp:term":[{"taxonomy":"pwb-brand","embeddable":true,"href":"https:\/\/tammetorubbq.ee\/lt\/wp-json\/wp\/v2\/pwb-brand?post=4147"},{"taxonomy":"product_brand","embeddable":true,"href":"https:\/\/tammetorubbq.ee\/lt\/wp-json\/wp\/v2\/product_brand?post=4147"},{"taxonomy":"product_cat","embeddable":true,"href":"https:\/\/tammetorubbq.ee\/lt\/wp-json\/wp\/v2\/product_cat?post=4147"},{"taxonomy":"product_tag","embeddable":true,"href":"https:\/\/tammetorubbq.ee\/lt\/wp-json\/wp\/v2\/product_tag?post=4147"}],"curies":[{"name":"wp","href":"https:\/\/api.w.org\/{rel}","templated":true}]}}