{"id":4150,"date":"2025-10-27T14:46:33","date_gmt":"2025-10-27T12:46:33","guid":{"rendered":"https:\/\/tammetorubbq.ee\/?post_type=product&#038;p=4150"},"modified":"2026-04-29T12:00:07","modified_gmt":"2026-04-29T09:00:07","slug":"char-grilller-oru-salygoms-atsparus-dangtis-nesiojamajai-kepsninei-ir-dumu-krosnelei","status":"publish","type":"product","link":"https:\/\/tammetorubbq.ee\/lt\/toode\/char-griller-kaasaskantava-soegrilli-ja-suitsuahju-ilmastikukindel-kate\/","title":{"rendered":"\"Char-Griller\" ne\u0161iojamas med\u017eio angli\u0173 kepsnin\u0117s ir r\u016bkyklos dangtis, atsparus oro s\u0105lygoms"},"content":{"rendered":"<p><strong data-start=\"830\" data-end=\"848\">Matmenys: <\/strong><strong data-start=\"851\" data-end=\"878\">2,54 \u00d7 26,16 \u00d7 29,97 cm<\/strong><\/p>","protected":false},"excerpt":{"rendered":"<p><strong data-start=\"271\" data-end=\"307\">Apsaugokite savo kepsnin\u0119 nuo vis\u0173 oro s\u0105lyg\u0173!<\/strong><\/p>\n<p>\u0160is patvarus \"Char-Griller\u00ae\" dangtis specialiai sukurtas ne\u0161iojamoms angli\u0173 kepsnin\u0117ms ir r\u016bkykloms (\u0161onin\u0117ms kepsnin\u0117ms), kad apsaugot\u0173 jas nuo lietaus, saul\u0117s, v\u0117jo ir dulki\u0173.<\/p>\n<h4 data-start=\"498\" data-end=\"515\"><strong data-start=\"503\" data-end=\"515\">Funkcijos<\/strong><\/h4>\n<p data-start=\"517\" data-end=\"706\">\ud83d\udee1\ufe0f <strong data-start=\"521\" data-end=\"550\">Oro s\u0105lygoms atspari med\u017eiaga:<\/strong><br data-start=\"550\" data-end=\"553\" \/>Pagaminta i\u0161 auk\u0161tos kokyb\u0117s <strong data-start=\"579\" data-end=\"621\">I\u0161 poliesterio ir polivinilchlorido mi\u0161inio<\/strong>, kuri u\u017etikrina atsparum\u0105 vandeniui ir UV spinduliams bei apsaugo groteles nuo korozijos ir blukimo.<\/p>\n<p data-start=\"708\" data-end=\"825\">\ud83c\udf2c\ufe0f <strong data-start=\"712\" data-end=\"731\">Tvirtas tvirtinimas:<\/strong><br data-start=\"731\" data-end=\"734\" \/>\u012erengta <strong data-start=\"745\" data-end=\"766\">su montavimo laikikliu<\/strong>kuris tvirtai laiko dangt\u012f net ir pu\u010diant stipriam v\u0117jui.<\/p>\n<p data-start=\"827\" data-end=\"958\">\ud83d\udccf <strong data-start=\"830\" data-end=\"848\">Tiksl\u016bs i\u0161matavimai:<\/strong><br data-start=\"848\" data-end=\"851\" \/><strong data-start=\"851\" data-end=\"878\">2,54 \u00d7 26,16 \u00d7 29,97 cm<\/strong> - idealiai tinka \"Char-Griller\" ne\u0161iojamosioms angli\u0173 kepsnin\u0117ms ir r\u016bkykloms.<\/p>\n<p data-start=\"827\" data-end=\"958\"><strong data-start=\"965\" data-end=\"994\">Prailginkite kepsnin\u0117s tarnavimo laik\u0105<\/strong> ir visada palaikykite j\u012f \u0161var\u0173 ir paruo\u0161t\u0105 naudoti - rinkit\u0117s original\u0173 \"Char-Griller\" dangt\u012f!<\/p>\n<p data-start=\"827\" data-end=\"958\"><img loading=\"lazy\" decoding=\"async\" class=\"size-full wp-image-1726\" src=\"http:\/\/tammetorubbq.ee\/wp-content\/uploads\/2024\/05\/char-griller_brandmark_1x.png\" alt=\"char-griller\" width=\"195\" height=\"195\" srcset=\"https:\/\/tammetorubbq.ee\/wp-content\/uploads\/2024\/05\/char-griller_brandmark_1x.png 195w, https:\/\/tammetorubbq.ee\/wp-content\/uploads\/2024\/05\/char-griller_brandmark_1x-150x150.png 150w, https:\/\/tammetorubbq.ee\/wp-content\/uploads\/2024\/05\/char-griller_brandmark_1x-12x12.png 12w, https:\/\/tammetorubbq.ee\/wp-content\/uploads\/2024\/05\/char-griller_brandmark_1x-64x64.png 64w\" sizes=\"auto, (max-width: 195px) 100vw, 195px\" \/><\/p>","protected":false},"featured_media":4151,"comment_status":"open","ping_status":"closed","template":"","meta":{"_uf_show_specific_survey":0,"_uf_disable_surveys":false},"pwb-brand":[95],"product_brand":[],"product_cat":[53,88],"product_tag":[227,239,78],"class_list":{"0":"post-4150","1":"product","2":"type-product","3":"status-publish","4":"has-post-thumbnail","6":"pwb-brand-chargriller","7":"product_cat-grillid","8":"product_cat-grillide-lisatarvikud","9":"product_tag-grillikate","10":"product_tag-ilmastikukindel-kate","11":"product_tag-soegrill","13":"first","14":"instock","15":"taxable","16":"shipping-taxable","17":"purchasable","18":"product-type-simple"},"brands":[{"id":95,"name":"CharGriller","slug":"chargriller"}],"_links":{"self":[{"href":"https:\/\/tammetorubbq.ee\/lt\/wp-json\/wp\/v2\/product\/4150","targetHints":{"allow":["GET"]}}],"collection":[{"href":"https:\/\/tammetorubbq.ee\/lt\/wp-json\/wp\/v2\/product"}],"about":[{"href":"https:\/\/tammetorubbq.ee\/lt\/wp-json\/wp\/v2\/types\/product"}],"replies":[{"embeddable":true,"href":"https:\/\/tammetorubbq.ee\/lt\/wp-json\/wp\/v2\/comments?post=4150"}],"wp:featuredmedia":[{"embeddable":true,"href":"https:\/\/tammetorubbq.ee\/lt\/wp-json\/wp\/v2\/media\/4151"}],"wp:attachment":[{"href":"https:\/\/tammetorubbq.ee\/lt\/wp-json\/wp\/v2\/media?parent=4150"}],"wp:term":[{"taxonomy":"pwb-brand","embeddable":true,"href":"https:\/\/tammetorubbq.ee\/lt\/wp-json\/wp\/v2\/pwb-brand?post=4150"},{"taxonomy":"product_brand","embeddable":true,"href":"https:\/\/tammetorubbq.ee\/lt\/wp-json\/wp\/v2\/product_brand?post=4150"},{"taxonomy":"product_cat","embeddable":true,"href":"https:\/\/tammetorubbq.ee\/lt\/wp-json\/wp\/v2\/product_cat?post=4150"},{"taxonomy":"product_tag","embeddable":true,"href":"https:\/\/tammetorubbq.ee\/lt\/wp-json\/wp\/v2\/product_tag?post=4150"}],"curies":[{"name":"wp","href":"https:\/\/api.w.org\/{rel}","templated":true}]}}