{"id":4292,"date":"2025-11-24T11:49:53","date_gmt":"2025-11-24T09:49:53","guid":{"rendered":"https:\/\/tammetorubbq.ee\/?post_type=product&#038;p=4292"},"modified":"2026-04-15T08:00:06","modified_gmt":"2026-04-15T05:00:06","slug":"maldon-meresoola-helbed-125g","status":"publish","type":"product","link":"https:\/\/tammetorubbq.ee\/lt\/produktas\/maldon-meresoola-helbed-125g\/","title":{"rendered":"Maldon meresoola helbed 125g"},"content":{"rendered":"<p>Nuo 1882 m. Osborn\u0173 \u0161eimai priklausanti \"Maldon Salt Company Limited\" gamina pasaulyje labiausiai vertinamus nat\u016bralios j\u016bros druskos kokteilius. \"Maldon\" dribsni\u0173 druskos yra patvirtintos Ekologi\u0161ko maisto federacijos ir sertifikuotos ko\u0161eriniu b\u016bdu. Maldono druskos galima \u012fsigyti prakti\u0161kai visame pasaulyje ir ji yra absoliuti kokyb\u0117s vir\u0161\u016bn\u0117!<\/p>\n<ul>\n<li>Maldonas tinka m\u0117sai, \u017euviai, j\u016bros g\u0117ryb\u0117ms, dar\u017eov\u0117ms, pada\u017eams, sriuboms ir marinatams gardinti. Ta\u010diau da\u017eniausiai jis naudojamas maistui suteikti galutin\u012f skon\u012f, \u012fskaitant, pavyzd\u017eiui, m\u0117sos purtym\u0105 prie\u0161 pat valg\u012f.<\/li>\n<li>\"Maldon\" druskos dribsniai i\u0161laisvina s\u016brum\u0105 su \u0161iek tiek sald\u017eiu prieskoniu ir suteikia patiekalui dar vien\u0105 gard\u017eios tekst\u016bros ir burnoje tirpstan\u010dio tra\u0161kumo sluoksn\u012f.<\/li>\n<li>Mink\u0161ti, tra\u0161k\u016bs, nuostabiai ploni \"Maldon\" druskos dribsniai pasi\u017eymi gaiviu intensyvumu ir \u0161variu skoniu, juose puikiai subalansuota nat\u016brali\u0173 mineral\u0173 pusiausvyra, kad pagerint\u0173 bet kok\u012f patiekal\u0105!<\/li>\n<li>Naudodami \"Maldon\" dribsni\u0173 drusk\u0105 suvartosite ma\u017eiau druskos nei kitu atveju, nes dribsniai yra itin ploni ir \u012f m\u0117s\u0105 dedami daugiausia po kepimo ir (arba) skrudinimo (prie\u0161 pat valg\u012f), tod\u0117l druskos paprastai dedama daug ma\u017eiau. Druskos tra\u0161kumas burnoje taip pat atveria m\u016bs\u0173 skonio receptorius ir suteikia m\u0117sai (maistui) daug geresn\u012f skon\u012f.<\/li>\n<\/ul>\n<p>Estijoje taip pat vis labiau populiar\u0117ja Maldono druskos naudojimas.<\/p>","protected":false},"excerpt":{"rendered":"<p>\"Maldon\" mink\u0161tos tra\u0161kios ir tra\u0161kios j\u016bros druskos dribsniuose puikiai subalansuota nat\u016brali\u0173 mineral\u0173 pusiausvyra, tod\u0117l jie pasi\u017eymi gaiviu ir \u0161variu skoniu, kuris i\u0161ry\u0161kina bet kok\u012f patiekal\u0105.<\/p>\n<ul>\n<li>Geriausia unikali kokyb\u0117 pasaulyje!<\/li>\n<li>Gaminama Anglijoje (nuo 1882 m.)<\/li>\n<li>Druska pasi\u017eymi tobula mineral\u0173 pusiausvyra ir yra nat\u016brali, be joki\u0173 pried\u0173.<\/li>\n<li>I\u0161skirtin\u0117s piramid\u0117s formos, itin ploni druskos kristalai<\/li>\n<li>\"Maldon\" dribsni\u0173 druska yra labai m\u0117gstama jos importuotojo \"Enn Tobrelutsu\"!<\/li>\n<li>Nuo 2012 m. \"Maldon Salt Company\" yra oficiali karali\u0161kosios \u0161eimos j\u016bros druskos tiek\u0117ja!<\/li>\n<\/ul>\n<p><img loading=\"lazy\" decoding=\"async\" class=\"wp-image-1589\" src=\"http:\/\/tammetorubbq.ee\/wp-content\/uploads\/2024\/04\/Maldon-salt-logo-300x225.png\" alt=\"Maldono druska\" width=\"229\" height=\"172\" srcset=\"https:\/\/tammetorubbq.ee\/wp-content\/uploads\/2024\/04\/Maldon-salt-logo-300x225.png 300w, https:\/\/tammetorubbq.ee\/wp-content\/uploads\/2024\/04\/Maldon-salt-logo-16x12.png 16w, https:\/\/tammetorubbq.ee\/wp-content\/uploads\/2024\/04\/Maldon-salt-logo-64x48.png 64w, https:\/\/tammetorubbq.ee\/wp-content\/uploads\/2024\/04\/Maldon-salt-logo.png 600w\" sizes=\"auto, (max-width: 229px) 100vw, 229px\" \/><\/p>","protected":false},"featured_media":4254,"comment_status":"open","ping_status":"closed","template":"","meta":{"_uf_show_specific_survey":0,"_uf_disable_surveys":false},"pwb-brand":[91],"product_brand":[],"product_cat":[90],"product_tag":[311,237],"class_list":{"0":"post-4292","1":"product","2":"type-product","3":"status-publish","4":"has-post-thumbnail","6":"pwb-brand-maldon","7":"product_cat-soolad","8":"product_tag-maldon","9":"product_tag-meresool","11":"first","12":"instock","13":"taxable","14":"shipping-taxable","15":"purchasable","16":"product-type-simple"},"brands":[{"id":91,"name":"Maldonas","slug":"maldon"}],"_links":{"self":[{"href":"https:\/\/tammetorubbq.ee\/lt\/wp-json\/wp\/v2\/product\/4292","targetHints":{"allow":["GET"]}}],"collection":[{"href":"https:\/\/tammetorubbq.ee\/lt\/wp-json\/wp\/v2\/product"}],"about":[{"href":"https:\/\/tammetorubbq.ee\/lt\/wp-json\/wp\/v2\/types\/product"}],"replies":[{"embeddable":true,"href":"https:\/\/tammetorubbq.ee\/lt\/wp-json\/wp\/v2\/comments?post=4292"}],"wp:featuredmedia":[{"embeddable":true,"href":"https:\/\/tammetorubbq.ee\/lt\/wp-json\/wp\/v2\/media\/4254"}],"wp:attachment":[{"href":"https:\/\/tammetorubbq.ee\/lt\/wp-json\/wp\/v2\/media?parent=4292"}],"wp:term":[{"taxonomy":"pwb-brand","embeddable":true,"href":"https:\/\/tammetorubbq.ee\/lt\/wp-json\/wp\/v2\/pwb-brand?post=4292"},{"taxonomy":"product_brand","embeddable":true,"href":"https:\/\/tammetorubbq.ee\/lt\/wp-json\/wp\/v2\/product_brand?post=4292"},{"taxonomy":"product_cat","embeddable":true,"href":"https:\/\/tammetorubbq.ee\/lt\/wp-json\/wp\/v2\/product_cat?post=4292"},{"taxonomy":"product_tag","embeddable":true,"href":"https:\/\/tammetorubbq.ee\/lt\/wp-json\/wp\/v2\/product_tag?post=4292"}],"curies":[{"name":"wp","href":"https:\/\/api.w.org\/{rel}","templated":true}]}}