{"id":4294,"date":"2025-11-24T16:15:01","date_gmt":"2025-11-24T14:15:01","guid":{"rendered":"https:\/\/tammetorubbq.ee\/?post_type=product&#038;p=4294"},"modified":"2026-04-15T02:00:15","modified_gmt":"2026-04-14T23:00:15","slug":"lillies-q-q-rub-spg-394g","status":"publish","type":"product","link":"https:\/\/tammetorubbq.ee\/lt\/produktas\/lillies-q-q-rub-spg-394g\/","title":{"rendered":"Lillie\u2019s Q Q-Rub (SPG) 394g"},"content":{"rendered":"<p><strong>Sudedamosios dalys<\/strong>: Meresool, kuivatatud k\u00fc\u00fcslauk ja sibul, v\u00fcrtsid (sh t\u0161illipipar), suhkur, paprika, selleriseemned ja maksimaalselt 2% trikaltsiumfosfaati klompide v\u00e4ltimiseks.<\/p>","protected":false},"excerpt":{"rendered":"<p><strong>Mitmek\u00fclgne SPG, mis toob esile liha parimad maitsed!<\/strong><\/p>\n<p data-start=\"90\" data-end=\"360\">Lillie\u2019s Q \u201cQ\u201d on peene jahvatusega soolap\u00f5hine maitseainesegu, milles kohtuvad must pipar, k\u00fc\u00fcslauk, sibul ja mahedad v\u00fcrtsid. Seda on loodud maitset v\u00f5imendama ilma toorainet \u00fcle domineerimata, muutes selle ideaalseks valikuks igasuguse liha grillimiseks ja BBQ jaoks.<\/p>\n<p data-start=\"362\" data-end=\"534\" data-is-last-node=\"\" data-is-only-node=\"\">Universaalne, lihtne kasutada ja \u00e4\u00e4rmiselt maitsev \u2014 eriti hea kanal, kuid t\u00f6\u00f6tab suurep\u00e4raselt ka teiste lihade puhul, kui eesm\u00e4rk on esile tuua liha enda loomulik maitse.<\/p>\n<p><img loading=\"lazy\" decoding=\"async\" class=\"wp-image-4299\" src=\"http:\/\/tammetorubbq.ee\/wp-content\/uploads\/2025\/11\/Lilles-Q-logo-300x300.jpg\" alt=\"Lillie&#96;s Q logo\" width=\"170\" height=\"170\" srcset=\"https:\/\/tammetorubbq.ee\/wp-content\/uploads\/2025\/11\/Lilles-Q-logo-300x300.jpg 300w, https:\/\/tammetorubbq.ee\/wp-content\/uploads\/2025\/11\/Lilles-Q-logo-150x150.jpg 150w, https:\/\/tammetorubbq.ee\/wp-content\/uploads\/2025\/11\/Lilles-Q-logo-12x12.jpg 12w, https:\/\/tammetorubbq.ee\/wp-content\/uploads\/2025\/11\/Lilles-Q-logo-64x64.jpg 64w, https:\/\/tammetorubbq.ee\/wp-content\/uploads\/2025\/11\/Lilles-Q-logo.jpg 400w\" sizes=\"auto, (max-width: 170px) 100vw, 170px\" \/><\/p>","protected":false},"featured_media":4300,"comment_status":"open","ping_status":"closed","template":"","meta":{"_uf_show_specific_survey":0,"_uf_disable_surveys":false},"pwb-brand":[238],"product_brand":[],"product_cat":[21],"product_tag":[118,182,114,122,123,119,165],"class_list":{"0":"post-4294","1":"product","2":"type-product","3":"status-publish","4":"has-post-thumbnail","6":"pwb-brand-lillies-q","7":"product_cat-maitseainesegud","8":"product_tag-kanaliha","9":"product_tag-linnuliha","10":"product_tag-sealiha","11":"product_tag-searibi","12":"product_tag-steik","13":"product_tag-veiseliha","14":"product_tag-veiseribi","16":"first","17":"instock","18":"taxable","19":"shipping-taxable","20":"purchasable","21":"product-type-simple"},"brands":[{"id":238,"name":"Lillie\u2019s Q","slug":"lillies-q"}],"_links":{"self":[{"href":"https:\/\/tammetorubbq.ee\/lt\/wp-json\/wp\/v2\/product\/4294","targetHints":{"allow":["GET"]}}],"collection":[{"href":"https:\/\/tammetorubbq.ee\/lt\/wp-json\/wp\/v2\/product"}],"about":[{"href":"https:\/\/tammetorubbq.ee\/lt\/wp-json\/wp\/v2\/types\/product"}],"replies":[{"embeddable":true,"href":"https:\/\/tammetorubbq.ee\/lt\/wp-json\/wp\/v2\/comments?post=4294"}],"wp:featuredmedia":[{"embeddable":true,"href":"https:\/\/tammetorubbq.ee\/lt\/wp-json\/wp\/v2\/media\/4300"}],"wp:attachment":[{"href":"https:\/\/tammetorubbq.ee\/lt\/wp-json\/wp\/v2\/media?parent=4294"}],"wp:term":[{"taxonomy":"pwb-brand","embeddable":true,"href":"https:\/\/tammetorubbq.ee\/lt\/wp-json\/wp\/v2\/pwb-brand?post=4294"},{"taxonomy":"product_brand","embeddable":true,"href":"https:\/\/tammetorubbq.ee\/lt\/wp-json\/wp\/v2\/product_brand?post=4294"},{"taxonomy":"product_cat","embeddable":true,"href":"https:\/\/tammetorubbq.ee\/lt\/wp-json\/wp\/v2\/product_cat?post=4294"},{"taxonomy":"product_tag","embeddable":true,"href":"https:\/\/tammetorubbq.ee\/lt\/wp-json\/wp\/v2\/product_tag?post=4294"}],"curies":[{"name":"wp","href":"https:\/\/api.w.org\/{rel}","templated":true}]}}