{"id":430,"date":"2023-12-03T11:57:05","date_gmt":"2023-12-03T09:57:05","guid":{"rendered":"https:\/\/tammetorubbq.ee\/?post_type=product&#038;p=430"},"modified":"2026-04-18T11:00:14","modified_gmt":"2026-04-18T08:00:14","slug":"kamado-joe-classic-ii-atskiras","status":"publish","type":"product","link":"https:\/\/tammetorubbq.ee\/lt\/produktas\/kamado-joe-classic-ii-atskiras\/","title":{"rendered":"\"Kamado Joe Classic II\" autonominis \u012frenginys"},"content":{"rendered":"<p>Keramin\u0117 \"Kamado Joe\" kepsnin\u0117 \/ BBQ krosnel\u0117 - \"Kamado Joe\" kepsnini\u0173 ir inovacij\u0173 pradinink\u0117. Puikus dydis kiemo kepsniams kepti tiek ant ma\u017eos, tiek ant didel\u0117s ugnies, taip pat r\u016bkyti. Grilis turi storasien\u012f kar\u0161\u010diui atspar\u0173 keramin\u012f korpus\u0105, kuris bet kokioje temperat\u016broje u\u017erakina d\u016bmus ir dr\u0117gm\u0119. Lengvai atsidarantis kupolas turi prie\u0161prie\u0161iais subalansuot\u0105 \"Air Lift\" vyr\u012f ir oro s\u0105lygoms atspari\u0105 \/ sandari\u0105 \"Konrol Tower\" vir\u0161utin\u0119 ventiliacijos ang\u0105. Kepimo stovas pagamintas i\u0161 labai auk\u0161tos kokyb\u0117s 304 ner\u016bdijan\u010diojo plieno. \u012e \"Classic II\" standartin\u0119 \u012frang\u0105 taip pat \u012feina \"Divide &amp; Conquer\u00ae\" sistema, leid\u017eianti lanks\u010diai ruo\u0161ti maist\u0105, keli\u0173 skydeli\u0173 keramin\u0117 ugniakuras, patikimas cinkuoto plieno pagrindo r\u0117mas ant ratuk\u0173 ir patentuota i\u0161traukiama pelenin\u0117, kad kepsnin\u0119 b\u016bt\u0173 lengva valyti.<\/p>\n<p>&nbsp;<\/p>\n<p>Rinkin\u012f sudaro<\/p>\n<ul>\n<li>18 coli\u0173 (46 cm) keramin\u0117s grotel\u0117s Atskira versija, t. y. be r\u0117mo ir \u0161onini\u0173 plok\u0161\u010di\u0173.<\/li>\n<li>Apdailinta didelio tankio poliuretano rankena<\/li>\n<li>Trij\u0173 lygi\u0173 \"Divide &amp; Conquer\u00ae\" sistema, skirta lanks\u010diam maisto ruo\u0161imui, t. y. 2 dali\u0173 pusm\u0117nulio formos keraminis \u0161ilumos deflektorius (\u0161ilumos skleidiklis) ir 2 dali\u0173 ner\u016bdijan\u010dio plieno (304) pusm\u0117nulio formos grilio stovai (46 cm skersmens) - papildomus grilio stovus galima \u012fsigyti papildomai.<\/li>\n<li>Patentuota i\u0161traukiama ner\u016bdijan\u010diojo plieno (304) pelenin\u0117, kad b\u016bt\u0173 lengviau valyti kepsnin\u0119<\/li>\n<li>\u012emontuotas termometras<\/li>\n<li>Aliuminio vir\u0161utin\u0117 ventiliacijos anga \"Kontrol Tower\"<\/li>\n<li>\"Hing Air Lift\" (t. y. dangtis su amordu)<\/li>\n<li>AMP Daugiapartin\u0117 (t. y. keli\u0173 dali\u0173, neardoma) ugniakuras<\/li>\n<li>Kar\u0161\u010diui atsparus stiklo pluo\u0161to tarpiklis su vielos tinkleliu<\/li>\n<li>Ner\u016bdijan\u010dio plieno (304) dang\u010dio spaustukas<\/li>\n<li>Ner\u016bdijan\u010dio plieno pried\u0173 stovas \"Accessory Rack\"<\/li>\n<li>Grilio groteli\u0173 pak\u0117limo strypai<\/li>\n<li>Tuharoop<\/li>\n<\/ul>\n<p>&nbsp;<\/p>\n<p>&nbsp;<\/p>\n<p>Svoris 86 kg<\/p>\n<p>PAKUOT\u0116S DYD\u017dIAI 66 \u00d7 79 \u00d7 87 cm<\/p>\n<p>Bendrieji matmenys 118 (l) x 121 (h) x 71 (w) cm<\/p>\n<p>PAVIR\u0160IS \u00d8 46 cm, st 651cm\u00b2<\/p>\n<p>TEMPERAT\u016aROS DIAPAZONAS 80-400 \u00b0C<\/p>\n<p>PLOTAS \u012eSKAITANT Grindis 1034 cm2<\/p>\n<p>ALARMO AREALAS SU DVIEJOMIS DUREL\u0116MIS \/ \u012eKROVIMO DUREL\u0116MIS 1291 cm2 \/ 1677 cm2<\/p>\n<p>PRODUKCININKAS \u00a0\u00a0\u00a0\u00a0\u00a0\u00a0\u00a0\u00a0\u00a0\u00a0\u00a0\u00a0\u00a0\u00a0\u00a0\u00a0\u00a0\u00a0\u00a0\u00a0\u00a0\u00a0\u00a0\u00a0\u00a0\u00a0\u00a0\u00a0\u00a0\u00a0\u00a0\u00a0\u00a0\u00a0\u00a0\u00a0\u00a0\u00a0\u00a0\u00a0\u00a0\u00a0\u00a0\u00a0\u00a0\u00a0\u00a0\u00a0\u00a0\u00a0\u00a0\u00a0\u00a0\u00a0\u00a0\u00a0\u00a0\u00a0\u00a0\u00a0\u00a0\u00a0\u00a0\u00a0\u00a0\u00a0\u00a0\u00a0\u00a0\u00a0\u00a0\u00a0\u00a0\u00a0\u00a0\u00a0\u00a0\u00a0\u00a0\u00a0\u00a0\u00a0\u00a0\u00a0\u00a0\u00a0\u00a0\u00a0\u00a0\u00a0\u00a0\u00a0\u00a0\u00a0 <strong>Kamado Joe<\/strong><\/p>\n<p>PASTABA: \"Kamado Joe\" keramin\u0117ms dalims suteikiama ribota viso gyvenimo garantija (garantijos s\u0105lygos: <a href=\"http:\/\/tammetorubbq.ee\/wp-content\/uploads\/2023\/12\/Kamado_Joe_garantii-1.docx\" target=\"_blank\" rel=\"noopener\">\u017er. \u010dia<\/a>); \u012fskaitant keramines plyteles, \u0161ilumos at\u0161vaitus ir sandarinimo plyteles - 3 metai; metal\u0105 ir ket\u0173 - 5 metai; termometr\u0105 ir tarpines - 1 metai.<\/p>","protected":false},"excerpt":{"rendered":"<h4>Kaasa kingitus + TASUTA tarne.<\/h4>\n<ul>\n<li>Auk\u0161\u010diausia kokyb\u0117 pasaulyje!<\/li>\n<li>Geriausias kainos ir kokyb\u0117s santykis!<\/li>\n<li><strong>Geriausias keramini\u0173 kepsnini\u0173 pasirinkimas!<\/strong><\/li>\n<li>Geriausiai parduodama \"Kamado Joe Classic\" kepsnin\u0117 \"Stand Alone\" versija, t. y. be r\u0117mo ir \u0161onini\u0173 plok\u0161\u010di\u0173.<\/li>\n<li>Grilio lentynos \u00d8 47 cm (18\"), orkait\u0117s vidus \u00d8 50 cm, orkait\u0117s i\u0161or\u0117 \u00d8 57 cm, svoris 86 kg.<\/li>\n<\/ul>\n<p>Kindlasti soovitame ka juurde osta\u00a0<a href=\"https:\/\/tammetorubbq.ee\/lt\/produktas\/kamado-joe-classic-dome-stand-alone-ilmastikukindel-grillikate\/\"><strong>ilmastikukindla grillikatte<\/strong><\/a>\u00a0mis pakub usaldusv\u00e4\u00e4rset kaitset vihma, lume, p\u00e4ikese ja mustuse eest, pikendades grilli eluiga ning hoides selle puhtana j\u00e4rgmiseks kasutuskorraks.<\/p>\n<p><span style=\"color: #000000;\"><strong>Oleme tootja Kamado Joe ametlik esindaja, edasim\u00fc\u00fcja Eestis!<\/strong><\/span><\/p>\n<p><img loading=\"lazy\" decoding=\"async\" class=\"wp-image-1531\" src=\"http:\/\/tammetorubbq.ee\/wp-content\/uploads\/2024\/03\/kamado-joe-logo-300x40.webp\" alt=\"Kamado Joe logotipas\" width=\"180\" height=\"24\" srcset=\"https:\/\/tammetorubbq.ee\/wp-content\/uploads\/2024\/03\/kamado-joe-logo-300x40.webp 300w, https:\/\/tammetorubbq.ee\/wp-content\/uploads\/2024\/03\/kamado-joe-logo-768x104.webp 768w, https:\/\/tammetorubbq.ee\/wp-content\/uploads\/2024\/03\/kamado-joe-logo-18x2.webp 18w, https:\/\/tammetorubbq.ee\/wp-content\/uploads\/2024\/03\/kamado-joe-logo-600x81.webp 600w, https:\/\/tammetorubbq.ee\/wp-content\/uploads\/2024\/03\/kamado-joe-logo-64x9.webp 64w, https:\/\/tammetorubbq.ee\/wp-content\/uploads\/2024\/03\/kamado-joe-logo.webp 1024w\" sizes=\"auto, (max-width: 180px) 100vw, 180px\" \/><\/p>\n<p><a href=\"https:\/\/tammetorubbq.ee\/lt\/sumoketi-veliau\/\"><strong>PIRKITE DABAR, MOK\u0116KITE V\u0116LIAU<\/strong><\/a> - be pal\u016bkan\u0173!<\/p>\n<p><img loading=\"lazy\" decoding=\"async\" class=\"alignnone wp-image-2646\" src=\"http:\/\/tammetorubbq.ee\/wp-content\/uploads\/2023\/12\/inbank-wordmark.png\" alt=\"Inbank\" width=\"167\" height=\"75\" srcset=\"https:\/\/tammetorubbq.ee\/wp-content\/uploads\/2023\/12\/inbank-wordmark.png 300w, https:\/\/tammetorubbq.ee\/wp-content\/uploads\/2023\/12\/inbank-wordmark-18x8.png 18w, https:\/\/tammetorubbq.ee\/wp-content\/uploads\/2023\/12\/inbank-wordmark-64x29.png 64w\" sizes=\"auto, (max-width: 167px) 100vw, 167px\" \/><\/p>\n<p>Taip pat si\u016blome galimyb\u0119 sumok\u0117ti v\u0117liau - viena, dviem arba trimis lygiomis dalimis be joki\u0173 pal\u016bkan\u0173 ar papildom\u0173 mokes\u010di\u0173.<\/p>\n<p>M\u016bs\u0173 pirkini\u0173 krep\u0161elyje rasite \u012fvairi\u0173 mok\u0117jimo b\u016bd\u0173 pasirinkim\u0105.<\/p>","protected":false},"featured_media":5725,"comment_status":"open","ping_status":"closed","template":"","meta":{"_uf_show_specific_survey":0,"_uf_disable_surveys":false},"pwb-brand":[69],"product_brand":[],"product_cat":[53,55],"product_tag":[126,325,316,127,78],"class_list":{"0":"post-430","1":"product","2":"type-product","3":"status-publish","4":"has-post-thumbnail","6":"pwb-brand-kamado-joe","7":"product_cat-grillid","8":"product_cat-keraamilised-grillid","9":"product_tag-kamado-joe","10":"product_tag-kamado-joe-classic","11":"product_tag-kamado-joe-keraamiline-grill","12":"product_tag-keraamilised-grillid","13":"product_tag-soegrill","15":"first","16":"instock","17":"taxable","18":"shipping-taxable","19":"purchasable","20":"product-type-simple"},"brands":[{"id":69,"name":"Kamado Joe","slug":"kamado-joe"}],"_links":{"self":[{"href":"https:\/\/tammetorubbq.ee\/lt\/wp-json\/wp\/v2\/product\/430","targetHints":{"allow":["GET"]}}],"collection":[{"href":"https:\/\/tammetorubbq.ee\/lt\/wp-json\/wp\/v2\/product"}],"about":[{"href":"https:\/\/tammetorubbq.ee\/lt\/wp-json\/wp\/v2\/types\/product"}],"replies":[{"embeddable":true,"href":"https:\/\/tammetorubbq.ee\/lt\/wp-json\/wp\/v2\/comments?post=430"}],"wp:featuredmedia":[{"embeddable":true,"href":"https:\/\/tammetorubbq.ee\/lt\/wp-json\/wp\/v2\/media\/5725"}],"wp:attachment":[{"href":"https:\/\/tammetorubbq.ee\/lt\/wp-json\/wp\/v2\/media?parent=430"}],"wp:term":[{"taxonomy":"pwb-brand","embeddable":true,"href":"https:\/\/tammetorubbq.ee\/lt\/wp-json\/wp\/v2\/pwb-brand?post=430"},{"taxonomy":"product_brand","embeddable":true,"href":"https:\/\/tammetorubbq.ee\/lt\/wp-json\/wp\/v2\/product_brand?post=430"},{"taxonomy":"product_cat","embeddable":true,"href":"https:\/\/tammetorubbq.ee\/lt\/wp-json\/wp\/v2\/product_cat?post=430"},{"taxonomy":"product_tag","embeddable":true,"href":"https:\/\/tammetorubbq.ee\/lt\/wp-json\/wp\/v2\/product_tag?post=430"}],"curies":[{"name":"wp","href":"https:\/\/api.w.org\/{rel}","templated":true}]}}