{"id":443,"date":"2023-12-03T12:06:54","date_gmt":"2023-12-03T10:06:54","guid":{"rendered":"https:\/\/tammetorubbq.ee\/?post_type=product&#038;p=443"},"modified":"2026-04-14T22:00:57","modified_gmt":"2026-04-14T19:00:57","slug":"kamado-joe-classic-ii","status":"publish","type":"product","link":"https:\/\/tammetorubbq.ee\/lt\/produktas\/kamado-joe-classic-ii\/","title":{"rendered":"\"Kamado Joe Classic II"},"content":{"rendered":"<p><strong>Rinkin\u012f sudaro:<\/strong><\/p>\n<ul>\n<li>18 coli\u0173 (46 cm) keramin\u0117s grotel\u0117s su cinkuoto plieno pagrindo r\u0117mu ir u\u017erakinamais ratukais<\/li>\n<li>Baigtos lankstyti didelio tankio poliuretano \u0161onin\u0117s lentynos ir rankena<\/li>\n<li>Trij\u0173 lygi\u0173 \"Divide &amp; Conquer\u00ae\" sistema, skirta lanks\u010diam maisto ruo\u0161imui, t. y. 2 dali\u0173 pusm\u0117nulio formos keraminis \u0161ilumos deflektorius (\u0161ilumos skleidiklis) ir 2 dali\u0173 ner\u016bdijan\u010dio plieno (304) pusm\u0117nulio formos grilio stovai (46 cm skersmens) - papildomus grilio stovus galima \u012fsigyti papildomai.<\/li>\n<li>Patentuota i\u0161traukiama ner\u016bdijan\u010diojo plieno (304) pelenin\u0117, kad b\u016bt\u0173 lengviau valyti kepsnin\u0119<\/li>\n<li>\u012emontuotas termometras<\/li>\n<li>Aliuminio vir\u0161utin\u0117 ventiliacijos anga \"Kontrol Tower\"<\/li>\n<li>\"Hing Air Lift\" (t. y. dangtis su amordu)<\/li>\n<li>AMP Daugiapartin\u0117 (t. y. keli\u0173 dali\u0173, neardoma) ugniakuras<\/li>\n<li>Kar\u0161\u010diui atsparus stiklo pluo\u0161to tarpiklis su vielos tinkleliu<\/li>\n<li>Ner\u016bdijan\u010dio plieno (304) dang\u010dio spaustukas<\/li>\n<li>Ner\u016bdijan\u010dio plieno pried\u0173 stovas \"Accessory Rack\"<\/li>\n<li>Grilio groteli\u0173 pak\u0117limo strypai<\/li>\n<li>Tuharoop<\/li>\n<\/ul>\n<p>PASTABA: \"Kamado Joe\" keramin\u0117ms dalims suteikiama ribota viso gyvenimo garantija (garantijos s\u0105lygos: <a href=\"http:\/\/tammetorubbq.ee\/wp-content\/uploads\/2023\/12\/Kamado_Joe_garantii-1.docx\" target=\"_blank\" rel=\"noopener\">\u017er. \u010dia<\/a>); \u012fskaitant keramines plyteles, \u0161ilumos at\u0161vaitus ir sandarinimo plyteles - 3 metai; metal\u0105 ir ket\u0173 - 5 metai; termometr\u0105 ir tarpines - 1 metai.<\/p>\n<p>&nbsp;<\/p>\n<p><strong>Technin\u0117 informacija<\/strong><\/p>\n<p>Svoris 105,23 kg<\/p>\n<p>PAKUOT\u0116S DYD\u017dIAI 84 \u00d7 75 \u00d7 88 cm<\/p>\n<p>PAVIR\u0160IS \u00d8 \u00d8 46 cm, st 651cm\u00b2<\/p>\n<p>TEMPERAT\u016aROS DIAPAZONAS 80-400 \u00b0C<\/p>\n<p>Bendrieji matmenys 118 (l) x 121 (h) x 71 (w) cm<\/p>\n<p>PLOTAS \u012eSKAITANT Grindis 1034 cm2<\/p>\n<p>ALARMO AREALAS SU DVIEJOMIS DUREL\u0116MIS \/ \u012eKROVIMO DUREL\u0116MIS 1291 cm2 \/ 1677 cm2<\/p>\n<p>PRODUKTAS Kamado Joe<\/p>\n<p>&nbsp;<\/p>\n<p><strong>Garantii<\/strong> &#8211; Kamado Joe keraamilistele osadele kehtib piiratud eluaegne garantii (garantiitingimused: <strong><a href=\"https:\/\/tammetorubbq.ee\/wp-content\/uploads\/2026\/02\/Kamado_Joe_garantii.pdf\">\u017er. \u010dia<\/a><\/strong>); \u012fskaitant keramines plyteles, \u0161ilumos at\u0161vaitus ir sandarinimo plyteles - 3 metai; metal\u0105 ir ket\u0173 - 5 metai; termometr\u0105 ir tarpines - 1 metai.<\/p>","protected":false},"excerpt":{"rendered":"<h4>Kaasa kingitus + TASUTA tarne.<\/h4>\n<p class=\"\" data-start=\"0\" data-end=\"58\"><strong data-start=\"0\" data-end=\"58\">\"Kamado Joe Classic II\" - naujovi\u0161kas keraminis angli\u0173 grilis<\/strong><\/p>\n<p class=\"\" data-start=\"60\" data-end=\"395\">\"Kamado Joe Classic II\" yra \"Kamado\" kepsnini\u0173 pasaulio pionierius, si\u016blantis naujovi\u0161kas funkcijas, d\u0117l kuri\u0173 kepimo ir maisto gaminimo patirtis yra itin patogi ir lanksti. \u0160i kepsnin\u0117 idealiai tinka naudoti kieme, nes joje galima kepti, virti ir r\u016bkyti tiek \u017eemoje, tiek auk\u0161toje temperat\u016broje.<\/p>\n<p class=\"\" data-start=\"416\" data-end=\"627\"><strong data-start=\"416\" data-end=\"438\">Keraminis korpusas<\/strong> - \"Kamado Joe Classic II\" turi storasien\u012f kar\u0161\u010diui atspar\u0173 keramin\u012f korpus\u0105, kuris gali sulaikyti d\u016bmus ir dr\u0117gm\u0119 esant bet kokiai temperat\u016brai, taip u\u017etikrinant tiksliai kontroliuojam\u0105 ir tolyg\u0173 kepim\u0105.<\/p>\n<p class=\"\" data-start=\"631\" data-end=\"834\"><strong data-start=\"631\" data-end=\"648\">Oro keltuvo pakabinimas<\/strong> - Grilis turi unikal\u0173 lankst\u0105 su atsvaru, tod\u0117l kupol\u0105 atidaryti lengva ir nesud\u0117tinga. Jo \"Air Lift\" sistema suma\u017eina dang\u010dio atidarymo sunkumus ir padaro kepim\u0105 ant groteli\u0173 dar patogesn\u012f.<\/p>\n<p class=\"\" data-start=\"838\" data-end=\"1044\"><strong data-start=\"838\" data-end=\"855\">Valdymo bok\u0161tas<\/strong> - \u0160a\u0161lykin\u0117je yra oro s\u0105lygoms atspari, itin tiksli vir\u0161utin\u0117 ventiliacijos anga, leid\u017eianti tiksliai reguliuoti temperat\u016br\u0105, kad kepsnin\u0117 puikiai veikt\u0173 bet kokiomis oro s\u0105lygomis.<\/p>\n<p class=\"\" data-start=\"1048\" data-end=\"1215\"><strong data-start=\"1048\" data-end=\"1064\">Kepimo pad\u0117klas<\/strong> - \"Kamado Joe Classic II\" keptuv\u0117 pagaminta i\u0161 auk\u0161tos kokyb\u0117s ner\u016bdijan\u010diojo plieno (304), kad b\u016bt\u0173 ilgaam\u017e\u0117 ir patikima.<\/p>\n<p class=\"\" data-start=\"1219\" data-end=\"1472\"><strong data-start=\"1219\" data-end=\"1248\">\"Divide &amp; Conquer\u00ae\" sistema<\/strong> - \u0160i lanksti kepimo sistema leid\u017eia naudoti skirtingas kepimo plok\u0161tes ir lygius, kad maistas vienu metu b\u016bt\u0173 gaminamas skirtingose temperat\u016brose, ir taip u\u017etikrinti dar didesn\u012f maisto ruo\u0161imo lankstum\u0105.<\/p>\n<p class=\"\" data-start=\"1476\" data-end=\"1664\"><strong data-start=\"1476\" data-end=\"1501\">Keraminis \u017eidinys<\/strong> - \"Kamado Joe Classic II\" turi daugiapakop\u0119 keramin\u0119 ugniakur\u0105, kuri u\u017etikrina tolyg\u0173 ir tolyg\u0173 kar\u0161t\u012f, kad kiekvienas angli\u0173 ir d\u016bm\u0173 blokas b\u016bt\u0173 efektyviai panaudotas.<\/p>\n<p class=\"\" data-start=\"1668\" data-end=\"1808\"><strong data-start=\"1668\" data-end=\"1689\">Va\u017eiuokl\u0117 ant rat\u0173<\/strong> - Kepsnin\u0117 turi tvirt\u0105 cinkuoto plieno pagrindo r\u0117m\u0105 ant ratuk\u0173, tod\u0117l j\u0105 lengva perkelti ir pastatyti.<\/p>\n<p class=\"\" data-start=\"1812\" data-end=\"1965\"><strong data-start=\"1812\" data-end=\"1840\">I\u0161imama pelenin\u0117<\/strong> - \"Kamado Joe Classic II\" turi patentuot\u0105 i\u0161traukiam\u0105 pelenin\u0119, tod\u0117l kepsnin\u0119 valyti lengviau ir patogiau.<\/p>\n<h5 data-start=\"1967\" data-end=\"2269\">\"Kamado Joe Classic II\" yra puikus pasirinkimas visiems kepsnini\u0173 entuziastams, vertinantiems kokyb\u0119, naujoves ir universalum\u0105. \u0160i kepsnin\u0117 puikiai tinka kasdieniam kepimui ant groteli\u0173, r\u016bkymui, kepimui ir net pyrag\u0173 kepimui, nes joje rasite visk\u0105, ko reikia tobulai kepimo patir\u010diai.<\/h5>\n<ul>\n<li>Auk\u0161\u010diausia kokyb\u0117 pasaulyje!<\/li>\n<li>Geriausias kainos ir kokyb\u0117s santykis!<\/li>\n<li><strong>Geriausias keramini\u0173 kepsnini\u0173 pasirinkimas!<\/strong><\/li>\n<li>Geriausiai parduodamas \"Kamado Joe\" grilis!<\/li>\n<li>Grilio lentynos \u00d8 47 cm (18\"), orkait\u0117s vidus \u00d8 50 cm, orkait\u0117s i\u0161or\u0117 \u00d8 57 cm, svoris 105 kg.<\/li>\n<\/ul>\n<p>Kindlasti soovitame ka juurde osta\u00a0<a href=\"https:\/\/tammetorubbq.ee\/lt\/produktas\/kamado-joe-classic-ilmastikukindel-grillikate\/\"><strong>ilmastikukindla grillikatte<\/strong><\/a>\u00a0mis pakub usaldusv\u00e4\u00e4rset kaitset vihma, lume, p\u00e4ikese ja mustuse eest, pikendades grilli eluiga ning hoides selle puhtana j\u00e4rgmiseks kasutuskorraks.<\/p>\n<p><span style=\"color: #000000;\"><strong>Oleme tootja Kamado Joe ametlik esindaja, edasim\u00fc\u00fcja Eestis!<\/strong><\/span><\/p>\n<p><img loading=\"lazy\" decoding=\"async\" class=\"wp-image-1531\" src=\"http:\/\/tammetorubbq.ee\/wp-content\/uploads\/2024\/03\/kamado-joe-logo-300x40.webp\" alt=\"Kamado Joe logotipas\" width=\"180\" height=\"24\" srcset=\"https:\/\/tammetorubbq.ee\/wp-content\/uploads\/2024\/03\/kamado-joe-logo-300x40.webp 300w, https:\/\/tammetorubbq.ee\/wp-content\/uploads\/2024\/03\/kamado-joe-logo-768x104.webp 768w, https:\/\/tammetorubbq.ee\/wp-content\/uploads\/2024\/03\/kamado-joe-logo-18x2.webp 18w, https:\/\/tammetorubbq.ee\/wp-content\/uploads\/2024\/03\/kamado-joe-logo-600x81.webp 600w, https:\/\/tammetorubbq.ee\/wp-content\/uploads\/2024\/03\/kamado-joe-logo-64x9.webp 64w, https:\/\/tammetorubbq.ee\/wp-content\/uploads\/2024\/03\/kamado-joe-logo.webp 1024w\" sizes=\"auto, (max-width: 180px) 100vw, 180px\" \/><\/p>\n<p><a href=\"https:\/\/tammetorubbq.ee\/lt\/sumoketi-veliau\/\"><strong>PIRKITE DABAR, MOK\u0116KITE V\u0116LIAU<\/strong><\/a> - be pal\u016bkan\u0173!<\/p>\n<p><img loading=\"lazy\" decoding=\"async\" class=\"alignnone wp-image-2646\" src=\"http:\/\/tammetorubbq.ee\/wp-content\/uploads\/2023\/12\/inbank-wordmark.png\" alt=\"Inbank\" width=\"167\" height=\"75\" srcset=\"https:\/\/tammetorubbq.ee\/wp-content\/uploads\/2023\/12\/inbank-wordmark.png 300w, https:\/\/tammetorubbq.ee\/wp-content\/uploads\/2023\/12\/inbank-wordmark-18x8.png 18w, https:\/\/tammetorubbq.ee\/wp-content\/uploads\/2023\/12\/inbank-wordmark-64x29.png 64w\" sizes=\"auto, (max-width: 167px) 100vw, 167px\" \/><\/p>\n<p>Taip pat si\u016blome galimyb\u0119 sumok\u0117ti v\u0117liau - viena, dviem arba trimis lygiomis dalimis be joki\u0173 pal\u016bkan\u0173 ar papildom\u0173 mokes\u010di\u0173.<\/p>\n<p>M\u016bs\u0173 pirkini\u0173 krep\u0161elyje rasite \u012fvairi\u0173 mok\u0117jimo b\u016bd\u0173 pasirinkim\u0105.<\/p>","protected":false},"featured_media":431,"comment_status":"open","ping_status":"closed","template":"","meta":{"_uf_show_specific_survey":0,"_uf_disable_surveys":false},"pwb-brand":[69],"product_brand":[],"product_cat":[53,55],"product_tag":[126,325,316,127,78],"class_list":{"0":"post-443","1":"product","2":"type-product","3":"status-publish","4":"has-post-thumbnail","6":"pwb-brand-kamado-joe","7":"product_cat-grillid","8":"product_cat-keraamilised-grillid","9":"product_tag-kamado-joe","10":"product_tag-kamado-joe-classic","11":"product_tag-kamado-joe-keraamiline-grill","12":"product_tag-keraamilised-grillid","13":"product_tag-soegrill","15":"first","16":"instock","17":"taxable","18":"shipping-taxable","19":"purchasable","20":"product-type-simple"},"brands":[{"id":69,"name":"Kamado Joe","slug":"kamado-joe"}],"_links":{"self":[{"href":"https:\/\/tammetorubbq.ee\/lt\/wp-json\/wp\/v2\/product\/443","targetHints":{"allow":["GET"]}}],"collection":[{"href":"https:\/\/tammetorubbq.ee\/lt\/wp-json\/wp\/v2\/product"}],"about":[{"href":"https:\/\/tammetorubbq.ee\/lt\/wp-json\/wp\/v2\/types\/product"}],"replies":[{"embeddable":true,"href":"https:\/\/tammetorubbq.ee\/lt\/wp-json\/wp\/v2\/comments?post=443"}],"wp:featuredmedia":[{"embeddable":true,"href":"https:\/\/tammetorubbq.ee\/lt\/wp-json\/wp\/v2\/media\/431"}],"wp:attachment":[{"href":"https:\/\/tammetorubbq.ee\/lt\/wp-json\/wp\/v2\/media?parent=443"}],"wp:term":[{"taxonomy":"pwb-brand","embeddable":true,"href":"https:\/\/tammetorubbq.ee\/lt\/wp-json\/wp\/v2\/pwb-brand?post=443"},{"taxonomy":"product_brand","embeddable":true,"href":"https:\/\/tammetorubbq.ee\/lt\/wp-json\/wp\/v2\/product_brand?post=443"},{"taxonomy":"product_cat","embeddable":true,"href":"https:\/\/tammetorubbq.ee\/lt\/wp-json\/wp\/v2\/product_cat?post=443"},{"taxonomy":"product_tag","embeddable":true,"href":"https:\/\/tammetorubbq.ee\/lt\/wp-json\/wp\/v2\/product_tag?post=443"}],"curies":[{"name":"wp","href":"https:\/\/api.w.org\/{rel}","templated":true}]}}