{"id":448,"date":"2023-12-03T12:21:20","date_gmt":"2023-12-03T10:21:20","guid":{"rendered":"https:\/\/tammetorubbq.ee\/?post_type=product&#038;p=448"},"modified":"2026-04-15T04:00:07","modified_gmt":"2026-04-15T01:00:07","slug":"kamado-joe-classic-iii","status":"publish","type":"product","link":"https:\/\/tammetorubbq.ee\/lt\/produktas\/kamado-joe-classic-iii\/","title":{"rendered":"\"Kamado Joe Classic III"},"content":{"rendered":"<p>\"Classic III\" rinkinyje yra naujausia inovacija - revoliucin\u0117s hiperbolin\u0117s d\u016bm\u0173 kameros turinys \"<em>SloRoller<\/em>\", kurioje naudojama s\u016bkurin\u0117 oro srauto technologija - reguliuojama \u0161iluma ir d\u016bmai. Jis skirtas maisto skoniui ir tekst\u016brai pagerinti, kai maistas gaminamas \u017eemoje ir l\u0117toje temperat\u016broje, ne auk\u0161tesn\u0117je kaip 260 \u00b0C temperat\u016broje. J\u012f galima lengvai pakeisti keraminiu \u0161ilumos deflektoriumi arba visai nuimti, kad b\u016bt\u0173 galima kepti rudai arba kepti ant groteli\u0173 auk\u0161tesn\u0117je temperat\u016broje. Kaip ir jo pirmtakas \"Classic II\" grilis, jis turi storasien\u012f kar\u0161\u010diui atspar\u0173 keramin\u012f korpus\u0105, kuris bet kokioje temperat\u016broje sulaiko d\u016bmus ir dr\u0117gm\u0119. Lengvai atsidarantis kupolas turi prie\u0161svorio lankst\u0105 (vadinam\u0105j\u012f \"arbor\u0105\").\"<em>\"Air Lift\"<\/em>\u00a0ir oro s\u0105lygoms atspari \/ itin tiksli vir\u0161utin\u0117 ventiliacijos anga \"<em>Valdymo bok\u0161tas<\/em>\". Kepimo lentyna pagaminta i\u0161 labai auk\u0161tos kokyb\u0117s 304 ner\u016bdijan\u010diojo plieno. Kitos \"Classic III\" naujov\u0117s - keturi\u0173 lygi\u0173 daugiafunkcin\u0117 kepimo sistema \"<em>Padalykite ir<\/em>\u00a0Conquer\u00ae\" su ner\u016bdijan\u010diojo plieno med\u017eio angli\u0173 ragu, kar\u0161\u010diui atspariomis \/ milteliais dengtomis aliuminio \u0161onin\u0117mis lentynomis, auk\u0161tos kokyb\u0117s atmosferos poveikiui atspariu cinkuoto plieno pagrindo r\u0117mu su ratukais, pa\u017eangiu daugiapakopiu keraminiu degikliu ir patentuota i\u0161traukiama pelenine.<\/p>\n<p>&nbsp;<\/p>\n<p><strong>Rinkin\u012f sudaro<\/strong><\/p>\n<ul>\n<li>18 coli\u0173 (46 cm) keramin\u0117 kepsnin\u0117 su cinkuoto plieno naujovi\u0161ku pagrindo r\u0117mu ir rakinamais ratukais.<\/li>\n<li>Patentuota hiperbolin\u0117 d\u016bm\u0173 kamera \"SloRoller\"<\/li>\n<li>Su sulankstomomis aliuminio \u0161onin\u0117mis lentynomis ir didelio tankio poliuretano rankena.<\/li>\n<li>Keturi\u0173 lygi\u0173 \"Divide &amp; Conquer\u00ae\" sistema, skirta lanks\u010diam maisto ruo\u0161imui, t. y. 2 pusm\u0117nulio formos keramikiniai kar\u0161\u010dio deflektoriai (kar\u0161\u010dio skleid\u0117jai) ir 2 pusm\u0117nulio formos ner\u016bdijan\u010diojo plieno (304) kepimo grotel\u0117s (46 cm skersmens) - papildom\u0173 kepimo groteli\u0173 galima \u012fsigyti papildomai.<\/li>\n<li>Patentuota i\u0161traukiama ner\u016bdijan\u010diojo plieno (304) pelenin\u0117, kad b\u016bt\u0173 lengviau valyti kepsnin\u0119<\/li>\n<li>\u012emontuotas termometras<\/li>\n<li>Aliuminio vir\u0161utin\u0117 ventiliacijos anga \"Kontrol Tower\"<\/li>\n<li>Hing \"Air Lift\" (t. y. dangtis su sklende)<\/li>\n<li>AMP Daugiapartin\u0117 (t. y. keli\u0173 dali\u0173, neardoma) ugniakuras<\/li>\n<li>Ner\u016bdijan\u010dio plieno (304) med\u017eio angli\u0173 krep\u0161ys - dar tolygesnis angli\u0173 \u017e\u0117r\u0117jimas.<\/li>\n<li>Kar\u0161\u010diui atsparus stiklo pluo\u0161to tarpiklis su vielos tinkleliu<\/li>\n<li>Ner\u016bdijan\u010dio plieno (304) dang\u010dio u\u017edarymo spaustukas<\/li>\n<li>Ner\u016bdijan\u010dio plieno pried\u0173 stovas \"Accessory Rack\"<\/li>\n<li>Grilio groteli\u0173 pak\u0117limo strypai<\/li>\n<li>Tuharoop<\/li>\n<\/ul>\n<p>&nbsp;<\/p>\n<p><strong>Technin\u0117 informacija<\/strong><\/p>\n<p>Svoris 128 kg<\/p>\n<p>PAKUOT\u0116S DYD\u017dIAI 111 x 84 x 75 cm<\/p>\n<p>Bendrieji matmenys 119 (l) x 123 (h) x 73 (w) cm<\/p>\n<p>PAVIR\u0160IS \u00d8 \u00d8 46 cm, st 651cm\u00b2<\/p>\n<p>HEAT 80-400 \u00b0C (su \"SloRoller\" iki 260 \u00b0C)<\/p>\n<p>VIDAUS KONDICIONIERIAUS PAVIR\u0160IS \u012eSKAITANT Grindis 1034cm\u00b2<\/p>\n<p>Kepimo zona su dviem keptuv\u0117mis 1291cm\u00b2<\/p>\n<p>VIDAUS KONDICIONIERIAUS AIK\u0160TEL\u0116 SU DVIEJOMIS R\u0116MEL\u0116MIS IR PAVIR\u0160IU 1677cm\u00b2<\/p>\n<p>VIDAUS KONDICIONIERIAUS PLOTAS SU TREJOMIS R\u0116MEL\u0116MIS IR PAVIR\u0160IU 2320cm\u00b2<\/p>\n<p>&nbsp;<\/p>\n<p><strong>Garantii<\/strong> &#8211; Kamado Joe keraamilistele osadele kehtib piiratud eluaegne garantii (garantiitingimused: <strong><a href=\"https:\/\/tammetorubbq.ee\/wp-content\/uploads\/2026\/02\/Kamado_Joe_garantii.pdf\">\u017er. \u010dia<\/a><\/strong>); \u012fskaitant keramines plyteles, \u0161ilumos at\u0161vaitus ir sandarinimo plyteles - 3 metai; metal\u0105 ir ket\u0173 - 5 metai; termometr\u0105 ir tarpines - 1 metai.<\/p>","protected":false},"excerpt":{"rendered":"<h4>Kaasa kingitus + TASUTA tarne.<\/h4>\n<h4>Auk\u0161\u010diausios klas\u0117s keramin\u0117 kepsnin\u0117 gurmanams<\/h4>\n<p>\"Kamado Joe Classic III\" yra pa\u017eangiausias \"Kamado Joe\" asortimento narys, skirtas tikriems kepsnini\u0173 entuziastams, kurie nesileid\u017eia \u012f kompromisus d\u0117l kokyb\u0117s. Naujovi\u0161ki sprendimai, patentuotos technologijos ir maksimaliai paprastas naudojimas paver\u010dia \u0161i\u0105 kepsnin\u0119 absoliu\u010dia savo klas\u0117s lydere.<\/p>\n<p data-start=\"1873\" data-end=\"2178\">Keramin\u0117je kepsnin\u0117je \"Kamado Joe Classic III\" derinamos naujov\u0117s ir tradicijos, tod\u0117l galite gaminti kaip profesionalai - savo kieme, restorane ar bet kurioje lauko virtuv\u0117je. Idealiai tinka kepti ant groteli\u0173, r\u016bkyti, kepti ant klasikinio grilio ir kepti ant didelio kar\u0161\u010dio.<\/p>\n<p data-start=\"1873\" data-end=\"2178\"><strong>Jei ie\u0161kote bekompromis\u0117s kokyb\u0117s ir tikros kepsnin\u0117s patirties, \u0161i kepsnin\u0117 - kaip tik jums.<\/strong><\/p>\n<ul>\n<li>Pasaulinio lygio kokyb\u0117<\/li>\n<li>Geriausias kainos ir kokyb\u0117s santykis!<\/li>\n<li><strong>Geriausias keramini\u0173 kepsnini\u0173 pasirinkimas!<\/strong><\/li>\n<li>Naujas geriausiai parduodamo \"Kamado Joe\" grilio modelis!<\/li>\n<li>Grilio lentynos \u00d8 47 cm (18\"), orkait\u0117s vidus \u00d8 50 cm, orkait\u0117s i\u0161or\u0117 \u00d8 57 cm, svoris 128 kg.<\/li>\n<\/ul>\n<p>Kindlasti soovitame ka juurde osta\u00a0<a href=\"https:\/\/tammetorubbq.ee\/lt\/produktas\/kamado-joe-classic-ilmastikukindel-grillikate\/\"><strong>ilmastikukindla grillikatte<\/strong><\/a>\u00a0mis pakub usaldusv\u00e4\u00e4rset kaitset vihma, lume, p\u00e4ikese ja mustuse eest, pikendades grilli eluiga ning hoides selle puhtana j\u00e4rgmiseks kasutuskorraks.<\/p>\n<p><span style=\"color: #000000;\"><strong>Oleme tootja Kamado Joe ametlik esindaja, edasim\u00fc\u00fcja Eestis!<\/strong><\/span><\/p>\n<p><img loading=\"lazy\" decoding=\"async\" class=\"alignnone wp-image-1531\" src=\"http:\/\/tammetorubbq.ee\/wp-content\/uploads\/2024\/03\/kamado-joe-logo-300x40.webp\" alt=\"Kamado Joe logotipas\" width=\"180\" height=\"24\" srcset=\"https:\/\/tammetorubbq.ee\/wp-content\/uploads\/2024\/03\/kamado-joe-logo-300x40.webp 300w, https:\/\/tammetorubbq.ee\/wp-content\/uploads\/2024\/03\/kamado-joe-logo-768x104.webp 768w, https:\/\/tammetorubbq.ee\/wp-content\/uploads\/2024\/03\/kamado-joe-logo-18x2.webp 18w, https:\/\/tammetorubbq.ee\/wp-content\/uploads\/2024\/03\/kamado-joe-logo-600x81.webp 600w, https:\/\/tammetorubbq.ee\/wp-content\/uploads\/2024\/03\/kamado-joe-logo-64x9.webp 64w, https:\/\/tammetorubbq.ee\/wp-content\/uploads\/2024\/03\/kamado-joe-logo.webp 1024w\" sizes=\"auto, (max-width: 180px) 100vw, 180px\" \/><\/p>\n<p><a href=\"https:\/\/tammetorubbq.ee\/lt\/sumoketi-veliau\/\"><strong>PIRKITE DABAR, MOK\u0116KITE V\u0116LIAU<\/strong><\/a>\u00a0- be pal\u016bkan\u0173!<\/p>\n<p><img loading=\"lazy\" decoding=\"async\" class=\"alignnone wp-image-2646\" src=\"http:\/\/tammetorubbq.ee\/wp-content\/uploads\/2023\/12\/inbank-wordmark.png\" alt=\"Inbank\" width=\"169\" height=\"76\" srcset=\"https:\/\/tammetorubbq.ee\/wp-content\/uploads\/2023\/12\/inbank-wordmark.png 300w, https:\/\/tammetorubbq.ee\/wp-content\/uploads\/2023\/12\/inbank-wordmark-18x8.png 18w, https:\/\/tammetorubbq.ee\/wp-content\/uploads\/2023\/12\/inbank-wordmark-64x29.png 64w\" sizes=\"auto, (max-width: 169px) 100vw, 169px\" \/><\/p>\n<p>Taip pat si\u016blome galimyb\u0119 sumok\u0117ti v\u0117liau - viena, dviem arba trimis lygiomis dalimis be joki\u0173 pal\u016bkan\u0173 ar papildom\u0173 mokes\u010di\u0173.<\/p>\n<p>M\u016bs\u0173 pirkini\u0173 krep\u0161elyje rasite \u012fvairi\u0173 mok\u0117jimo b\u016bd\u0173 pasirinkim\u0105.<\/p>","protected":false},"featured_media":449,"comment_status":"open","ping_status":"closed","template":"","meta":{"_uf_show_specific_survey":0,"_uf_disable_surveys":false},"pwb-brand":[69],"product_brand":[],"product_cat":[53,55],"product_tag":[126,325,316,127,78],"class_list":{"0":"post-448","1":"product","2":"type-product","3":"status-publish","4":"has-post-thumbnail","6":"pwb-brand-kamado-joe","7":"product_cat-grillid","8":"product_cat-keraamilised-grillid","9":"product_tag-kamado-joe","10":"product_tag-kamado-joe-classic","11":"product_tag-kamado-joe-keraamiline-grill","12":"product_tag-keraamilised-grillid","13":"product_tag-soegrill","15":"first","16":"instock","17":"taxable","18":"shipping-taxable","19":"purchasable","20":"product-type-simple"},"brands":[{"id":69,"name":"Kamado Joe","slug":"kamado-joe"}],"_links":{"self":[{"href":"https:\/\/tammetorubbq.ee\/lt\/wp-json\/wp\/v2\/product\/448","targetHints":{"allow":["GET"]}}],"collection":[{"href":"https:\/\/tammetorubbq.ee\/lt\/wp-json\/wp\/v2\/product"}],"about":[{"href":"https:\/\/tammetorubbq.ee\/lt\/wp-json\/wp\/v2\/types\/product"}],"replies":[{"embeddable":true,"href":"https:\/\/tammetorubbq.ee\/lt\/wp-json\/wp\/v2\/comments?post=448"}],"wp:featuredmedia":[{"embeddable":true,"href":"https:\/\/tammetorubbq.ee\/lt\/wp-json\/wp\/v2\/media\/449"}],"wp:attachment":[{"href":"https:\/\/tammetorubbq.ee\/lt\/wp-json\/wp\/v2\/media?parent=448"}],"wp:term":[{"taxonomy":"pwb-brand","embeddable":true,"href":"https:\/\/tammetorubbq.ee\/lt\/wp-json\/wp\/v2\/pwb-brand?post=448"},{"taxonomy":"product_brand","embeddable":true,"href":"https:\/\/tammetorubbq.ee\/lt\/wp-json\/wp\/v2\/product_brand?post=448"},{"taxonomy":"product_cat","embeddable":true,"href":"https:\/\/tammetorubbq.ee\/lt\/wp-json\/wp\/v2\/product_cat?post=448"},{"taxonomy":"product_tag","embeddable":true,"href":"https:\/\/tammetorubbq.ee\/lt\/wp-json\/wp\/v2\/product_tag?post=448"}],"curies":[{"name":"wp","href":"https:\/\/api.w.org\/{rel}","templated":true}]}}