{"id":458,"date":"2023-12-03T12:27:52","date_gmt":"2023-12-03T10:27:52","guid":{"rendered":"https:\/\/tammetorubbq.ee\/?post_type=product&#038;p=458"},"modified":"2026-04-15T07:00:03","modified_gmt":"2026-04-15T04:00:03","slug":"kamado-joe-konnected-joe","status":"publish","type":"product","link":"https:\/\/tammetorubbq.ee\/lt\/produktas\/kamado-joe-konnected-joe\/","title":{"rendered":"\"Kamado Joe Konnected Classic Joe"},"content":{"rendered":"<p>Patirkite nauj\u0105 keramini\u0173 grili\u0173 er\u0105 su \"Kamado Joe Konnected Joe\u2122\" skaitmeniniu med\u017eio angli\u0173 griliu. \"Konnected Joe\u2122\" leid\u017eia lengvai \u012fkaitinti kepsnin\u0119. Tiesiog paspauskite automatin\u0117s ugnies paleidimo (AFS\u2122) mygtuk\u0105, kad u\u017edegtum\u0117te anglis. Nustatykite norim\u0105 kepimo temperat\u016br\u0105 naudodami skaitmenin\u0119 \"Kontrol Board\u2122\" arba \"Kamado Joe\" program\u0117l\u0119 ir leiskite \"Kontrol Fan\u2122\" atlikti likus\u012f darb\u0105. Tur\u0117damas daugyb\u0119 kepimo funkcij\u0173, \"Konnected Joe\u2122\" leid\u017eia m\u0117gautis geriausiu \"Kamado\" kepimu. Automatinis kepimo re\u017eimas si\u016blo visi\u0161k\u0105 skaitmenin\u012f valdym\u0105 arba i\u0161bandykite klasikin\u012f re\u017eim\u0105 be automatikos, kad gal\u0117tum\u0117te m\u0117gautis tradicine \"Kamado\" kepimo patirtimi.<\/p>\n<p><strong>PILNA FUNKCIJ\u0172!<\/strong><\/p>\n<ul>\n<li>46 cm WiFi keramin\u0117s grotel\u0117s su 1613 cm\u00b2 kepimo pavir\u0161iumi<\/li>\n<li>AFS (automatinio ugnies paleidimo) mygtukas, kuriuo galima akimirksniu u\u017edegti anglis.<\/li>\n<li>Skaitmeninis valdymo skydelis, kuriame rodomos temperat\u016bros diagramos, \u012fsp\u0117jimai ir keli kepimo re\u017eimai<\/li>\n<li>Naudodamiesi \"Kamado Joe\" program\u0117le nustatykite temperat\u016br\u0105 ir laik\u0105, steb\u0117kite m\u0117sos savybes ir atraskite nauj\u0173 recept\u0173.<\/li>\n<li>\"Kontrol Fan\" automati\u0161kai palaiko norim\u0105 temperat\u016br\u0105 nuo 107 \u00b0C iki 370 \u00b0C.<\/li>\n<li>Automatinis kepimo re\u017eimas, kai kepama naudojant skaitmenin\u012f ry\u0161\u012f, arba rankinis kepimo re\u017eimas, kai kepama tradici\u0161kai ant kamado groteli\u0173.<\/li>\n<li>\"Kontrol Tower\u2122\" vir\u0161utinis ventiliatorius u\u017etikrina tolyg\u0173 oro sraut\u0105 atidarant ir u\u017edarant dangt\u012f<\/li>\n<li>Yra k\u0117limo rankenos, kad kepsnin\u0119 b\u016bt\u0173 galima lengvai ir saugiai pakelti<\/li>\n<li>\"Air Lift\u2122\" vyriai gerokai suma\u017eina kupolo, t. y. kepsnin\u0117s dang\u010dio, svor\u012f<\/li>\n<li>2 lygi\u0173 \"Divide &amp; Conquer\" daugiafunkcin\u0117 kepimo sistema, skirta skirtingiems maisto produktams kepti skirtingose temperat\u016brose<\/li>\n<li>Sunkus ir tvirtas milteliniu b\u016bdu dengtas plieninis groteli\u0173 r\u0117mas su rakinamais ratukais<\/li>\n<li>Kitos \u012ftrauktos funkcijos ir priedai: ner\u016bdijan\u010diojo plieno dang\u010dio kam\u0161tis, pa\u017eangus daugiapakopis (AMP) ugniakuras, ner\u016bdijan\u010diojo plieno kepimo lentynos, sulankstomos aliuminio \u0161onin\u0117s lentynos, grilio lentynos pak\u0117l\u0117jas arba \u017enypl\u0117s grilio lentynai pakelti, pelenin\u0117, kar\u0161\u010dio deflektoriai (pusm\u0117nulio formos akmens plok\u0161t\u0117s), pried\u0173 rit\u0117 ir 1 m\u0117sos zondas.<\/li>\n<li>\"Konnected Joe\u2122\" suderinamas su lauko virtuv\u0117mis, t. y. j\u012f galima naudoti ir atskirai. Daugiau informacijos rasite naudotojo vadove.<\/li>\n<li>Suderinamas su \"Classic Joe\u2122\" dang\u010diais ir priedais, bet ne su \"Classic Joe\" med\u017eio anglies krep\u0161iu.<\/li>\n<\/ul>\n<p>&nbsp;<\/p>\n<p><strong>Technin\u0117 informacija<\/strong><\/p>\n<p>Plotis: 119 cm<\/p>\n<p>Auk\u0161tis: 122 cm<\/p>\n<p>Grilio svoris: 98 kg<\/p>\n<p>\u0160ilumos diapazonas: nuo 100 \u00b0C iki 400 \u00b0C<\/p>\n<p>Kepimo pavir\u0161ius: 46 cm skersmens grotel\u0117s<\/p>\n<p>&nbsp;<\/p>\n<p>PASTABA: \"Kamado Joe\" keramin\u0117ms dalims suteikiama ribota viso gyvenimo garantija (garantijos s\u0105lygos: <a href=\"http:\/\/tammetorubbq.ee\/wp-content\/uploads\/2023\/12\/Kamado_Joe_garantii-1.docx\" target=\"_blank\" rel=\"noopener\">\u017er. \u010dia<\/a>); \u012fskaitant keramines plyteles, \u0161ilumos at\u0161vaitus ir sandarinimo plyteles - 3 metai; metal\u0105 ir ket\u0173 - 5 metai; termometr\u0105 ir tarpines - 1 metai.<\/p>\n<p>&nbsp;<\/p>","protected":false},"excerpt":{"rendered":"<h4>Kaasa kingitus + TASUTA tarne.<\/h4>\n<p><strong>KONNECTED JOE\u2122 DIGITAALNE KERAAMILINE S\u00d6EGRILL JA SUITSUAHI K\u00d5IK \u00dcHES!<\/strong><\/p>\n<p>Naujovi\u0161ka unikali \"Kamado Joe\u2122\" skaitmenin\u0117 keramin\u0117 grilio krosnel\u0117<\/p>\n<ul>\n<li>Auk\u0161\u010diausia kokyb\u0117 pasaulyje! Geriausias kainos ir kokyb\u0117s santykis!<\/li>\n<li><strong>Geriausias keramini\u0173 kepsnini\u0173 pasirinkimas!<\/strong><\/li>\n<li>Med\u017eio anglies u\u017edegimas nuo mygtuko!<\/li>\n<li>Prisijungimas prie program\u0117l\u0117s!<\/li>\n<li>Skaitmeninis valdymo skydelis!<\/li>\n<li>Grafinis temperat\u016bros valdymo tablo!<\/li>\n<li>Grilio lentynos \u00d8 47 cm (18\"), orkait\u0117s vidus \u00d8 50 cm, orkait\u0117s i\u0161or\u0117 \u00d8 57 cm, svoris 98 kg.<\/li>\n<\/ul>\n<p><span style=\"color: #000000;\"><strong>Oleme tootja Kamado Joe ametlik esindaja, edasim\u00fc\u00fcja Eestis!<\/strong><\/span><\/p>\n<p><img loading=\"lazy\" decoding=\"async\" class=\"alignnone wp-image-1531\" src=\"http:\/\/tammetorubbq.ee\/wp-content\/uploads\/2024\/03\/kamado-joe-logo-300x40.webp\" alt=\"Kamado Joe logotipas\" width=\"180\" height=\"24\" srcset=\"https:\/\/tammetorubbq.ee\/wp-content\/uploads\/2024\/03\/kamado-joe-logo-300x40.webp 300w, https:\/\/tammetorubbq.ee\/wp-content\/uploads\/2024\/03\/kamado-joe-logo-768x104.webp 768w, https:\/\/tammetorubbq.ee\/wp-content\/uploads\/2024\/03\/kamado-joe-logo-18x2.webp 18w, https:\/\/tammetorubbq.ee\/wp-content\/uploads\/2024\/03\/kamado-joe-logo-600x81.webp 600w, https:\/\/tammetorubbq.ee\/wp-content\/uploads\/2024\/03\/kamado-joe-logo-64x9.webp 64w, https:\/\/tammetorubbq.ee\/wp-content\/uploads\/2024\/03\/kamado-joe-logo.webp 1024w\" sizes=\"auto, (max-width: 180px) 100vw, 180px\" \/><\/p>\n<p><a href=\"https:\/\/tammetorubbq.ee\/lt\/sumoketi-veliau\/\"><strong>PIRKITE DABAR, MOK\u0116KITE V\u0116LIAU<\/strong><\/a> - be pal\u016bkan\u0173!<\/p>\n<p><img loading=\"lazy\" decoding=\"async\" class=\"alignnone wp-image-2646\" src=\"http:\/\/tammetorubbq.ee\/wp-content\/uploads\/2023\/12\/inbank-wordmark.png\" alt=\"Inbank\" width=\"167\" height=\"75\" srcset=\"https:\/\/tammetorubbq.ee\/wp-content\/uploads\/2023\/12\/inbank-wordmark.png 300w, https:\/\/tammetorubbq.ee\/wp-content\/uploads\/2023\/12\/inbank-wordmark-18x8.png 18w, https:\/\/tammetorubbq.ee\/wp-content\/uploads\/2023\/12\/inbank-wordmark-64x29.png 64w\" sizes=\"auto, (max-width: 167px) 100vw, 167px\" \/><\/p>\n<p>Taip pat si\u016blome galimyb\u0119 sumok\u0117ti v\u0117liau - viena, dviem arba trimis lygiomis dalimis be joki\u0173 pal\u016bkan\u0173 ar papildom\u0173 mokes\u010di\u0173.<\/p>\n<p>M\u016bs\u0173 pirkini\u0173 krep\u0161elyje rasite \u012fvairi\u0173 mok\u0117jimo b\u016bd\u0173 pasirinkim\u0105.<\/p>","protected":false},"featured_media":652,"comment_status":"open","ping_status":"closed","template":"","meta":{"_uf_show_specific_survey":0,"_uf_disable_surveys":false},"pwb-brand":[69],"product_brand":[],"product_cat":[53,55],"product_tag":[126,325,316,127,346,78],"class_list":{"0":"post-458","1":"product","2":"type-product","3":"status-publish","4":"has-post-thumbnail","6":"pwb-brand-kamado-joe","7":"product_cat-grillid","8":"product_cat-keraamilised-grillid","9":"product_tag-kamado-joe","10":"product_tag-kamado-joe-classic","11":"product_tag-kamado-joe-keraamiline-grill","12":"product_tag-keraamilised-grillid","13":"product_tag-konnected-joe","14":"product_tag-soegrill","16":"first","17":"instock","18":"taxable","19":"shipping-taxable","20":"purchasable","21":"product-type-simple"},"brands":[{"id":69,"name":"Kamado Joe","slug":"kamado-joe"}],"_links":{"self":[{"href":"https:\/\/tammetorubbq.ee\/lt\/wp-json\/wp\/v2\/product\/458","targetHints":{"allow":["GET"]}}],"collection":[{"href":"https:\/\/tammetorubbq.ee\/lt\/wp-json\/wp\/v2\/product"}],"about":[{"href":"https:\/\/tammetorubbq.ee\/lt\/wp-json\/wp\/v2\/types\/product"}],"replies":[{"embeddable":true,"href":"https:\/\/tammetorubbq.ee\/lt\/wp-json\/wp\/v2\/comments?post=458"}],"wp:featuredmedia":[{"embeddable":true,"href":"https:\/\/tammetorubbq.ee\/lt\/wp-json\/wp\/v2\/media\/652"}],"wp:attachment":[{"href":"https:\/\/tammetorubbq.ee\/lt\/wp-json\/wp\/v2\/media?parent=458"}],"wp:term":[{"taxonomy":"pwb-brand","embeddable":true,"href":"https:\/\/tammetorubbq.ee\/lt\/wp-json\/wp\/v2\/pwb-brand?post=458"},{"taxonomy":"product_brand","embeddable":true,"href":"https:\/\/tammetorubbq.ee\/lt\/wp-json\/wp\/v2\/product_brand?post=458"},{"taxonomy":"product_cat","embeddable":true,"href":"https:\/\/tammetorubbq.ee\/lt\/wp-json\/wp\/v2\/product_cat?post=458"},{"taxonomy":"product_tag","embeddable":true,"href":"https:\/\/tammetorubbq.ee\/lt\/wp-json\/wp\/v2\/product_tag?post=458"}],"curies":[{"name":"wp","href":"https:\/\/api.w.org\/{rel}","templated":true}]}}