{"id":4584,"date":"2025-12-03T11:42:48","date_gmt":"2025-12-03T09:42:48","guid":{"rendered":"https:\/\/tammetorubbq.ee\/?post_type=product&#038;p=4584"},"modified":"2026-04-20T02:00:35","modified_gmt":"2026-04-19T23:00:35","slug":"jack-daniels-sweet-spicy-bbq-kaste-553g","status":"publish","type":"product","link":"https:\/\/tammetorubbq.ee\/lt\/produktas\/jack-daniels-sweet-spicy-bbq-kaste-553g\/","title":{"rendered":"Jack Daniel`s Sweet &#038; Spicy BBQ kaste 553g"},"content":{"rendered":"<p><strong data-start=\"99\" data-end=\"115\">Sudedamosios dalys:<\/strong> roosuhkur, vesi, chipotle\u2011kaste (chipotle\u2011chili, vesi, tomatip\u00fcree, \u00e4\u00e4dikas, sool, suhkur, k\u00fc\u00fcslauk, soja\u00f5li), tomatipasta, destilleeritud \u00e4\u00e4dikas, melass, tamarindikontsentraat (m\u00f5ningal juhul &lt;\u202f2\u202f%), looduslik hikkori suitsuaroom, sool, kollane sinep (\u00e4\u00e4dikas, vesi, sinepiseemned, sool, kurkum, paprika, v\u00fcrtsid), modifitseeritud maisit\u00e4rklis, ananassimahla kontsentraat, Jack Daniel\u2019s Tennessee viski (~0,3\u20130,5\u202f%), kuivatatud k\u00fc\u00fcslauk, kuivatatud t\u0161illipipar, pektin (paksendaja), karamelliseeritud suhkur (v\u00e4rvaine), v\u00fcrtsid, kuivatatud sibul, looduslik \u00f5unaaroom.<\/p>\n<p>&nbsp;<\/p>\n<p><strong>Jack Daniel\u2019s BBQ kastmed ei ole lihtsalt \u00fche br\u00e4ndi juures m\u00fc\u00fcdav majonees v\u00f5i kaste<\/strong>\u00a0\u2013 need kannavad endas Ameerika BBQ p\u00e4randit: viskifirma ajaloolist viski traditsiooni, BBQ maitse kunsti ja kogukonna vaimu, mis on aastak\u00fcmneid arenenud. Samuti annab neile kastmetele ka t\u00e4iendava t\u00e4henduse ja kultuurilise v\u00e4\u00e4rtuse fakt, et sama nimi kannab legendeerlikku BBQ v\u00f5istlust, kus parimad BBQ meistrid \u00fcle maailma kohtuvad \u2013 mis t\u00f5stab kastme staatust \u201clihtsast kastmest\u201d auhinnatud BBQ kunsti osaks.<\/p>\n<p>&nbsp;<\/p>\n<div style=\"width: 1920px;\" class=\"wp-video\"><video class=\"wp-video-shortcode\" id=\"video-4584-1\" width=\"1920\" height=\"1080\" preload=\"metadata\" controls=\"controls\"><source type=\"video\/mp4\" src=\"http:\/\/tammetorubbq.ee\/wp-content\/uploads\/2023\/11\/Jack-Daniels-BBQ-sauces.mp4?_=1\" \/><a href=\"http:\/\/tammetorubbq.ee\/wp-content\/uploads\/2023\/11\/Jack-Daniels-BBQ-sauces.mp4\">http:\/\/tammetorubbq.ee\/wp-content\/uploads\/2023\/11\/Jack-Daniels-BBQ-sauces.mp4<\/a><\/video><\/div>","protected":false},"excerpt":{"rendered":"<article class=\"text-token-text-primary w-full focus:outline-none [--shadow-height:45px] has-data-writing-block:pointer-events-none has-data-writing-block:-mt-(--shadow-height) has-data-writing-block:pt-(--shadow-height) [&amp;:has([data-writing-block])&gt;*]:pointer-events-auto scroll-mt-[calc(var(--header-height)+min(200px,max(70px,20svh)))]\" dir=\"auto\" tabindex=\"-1\" data-turn-id=\"request-WEB:3fbd05e3-c4a9-49f2-a6ae-1719632a3488-11\" data-testid=\"conversation-turn-24\" data-scroll-anchor=\"true\" data-turn=\"assistant\">\n<div class=\"text-base my-auto mx-auto pb-10 [--thread-content-margin:--spacing(4)] thread-sm:[--thread-content-margin:--spacing(6)] thread-lg:[--thread-content-margin:--spacing(16)] px-(--thread-content-margin)\">\n<div class=\"[--thread-content-max-width:40rem] thread-lg:[--thread-content-max-width:48rem] mx-auto max-w-(--thread-content-max-width) flex-1 group\/turn-messages focus-visible:outline-hidden relative flex w-full min-w-0 flex-col agent-turn\" tabindex=\"-1\">\n<div class=\"flex max-w-full flex-col grow\">\n<div class=\"min-h-8 text-message relative flex w-full flex-col items-end gap-2 text-start break-words whitespace-normal [.text-message+&amp;]:mt-1\" dir=\"auto\" data-message-author-role=\"assistant\" data-message-id=\"afb1579a-1ca6-45f0-ba85-79abf10cd87c\" data-message-model-slug=\"gpt-5-mini\">\n<div class=\"flex w-full flex-col gap-1 empty:hidden first:pt-[1px]\">\n<div class=\"markdown prose dark:prose-invert w-full break-words light markdown-new-styling\">\n<p data-start=\"165\" data-end=\"658\"><strong>Jack Daniel`s Sweet &amp; Spicy BBQ kaste<\/strong> on t\u00e4idlane ja tasakaalustatud BBQ-kaste, mis \u00fchendab magusa ja v\u00fcrtsika maitse t\u00e4iuslikus harmoonias. Kastme maitse p\u00f5hineb <strong data-start=\"332\" data-end=\"371\">Tennessee-stiilis BBQ traditsioonil<\/strong>, tuntud oma tumeda suhkru, tomati, \u00e4\u00e4dika ja kerge suitsuse noodiga ning viimistletud Jack Daniel\u2019s Tennessee viski peene n\u00fcansiga. Kastme profiil \u00fchendab rikkaliku magususe, kerge suitsususe ja maheda sooja v\u00fcrtsisuse, millele j\u00e4rgneb meeldiv j\u00e4relmaik, mis \u00e4ratab BBQ-roogades maitsemeeli.<\/p>\n<p data-start=\"660\" data-end=\"889\">See kaste sobib ideaalselt marinaadina, glasuuriks grillimise l\u00f5pus v\u00f5i dipikastmeks \u2014 rikastab ribisid, kana\u2011tiibu, burgereid, sealiha, veiseliha ja isegi k\u00f6\u00f6givilju, muutes igap\u00e4evase BBQ-elamuse rikkalikuks ja meeldej\u00e4\u00e4vaks.<\/p>\n<p data-start=\"891\" data-end=\"1152\" data-is-last-node=\"\" data-is-only-node=\"\"><strong data-start=\"891\" data-end=\"903\">\ud83d\udca1 Pro Tip:<\/strong> Parima tulemuse saavutamiseks m\u00e4\u00e4ri kastet liha viimase 5\u201310 minuti jooksul grillimisel, et suhkrud karamelliseeruksid ja v\u00fcrtsid esile tuleksid \u2014 saad t\u00e4idlase, magusa-suitsuse ja veidi v\u00fcrtsika glasuurikihi, mis muudab BBQ-roa veelgi maitsvamaks.<\/p>\n<p data-start=\"891\" data-end=\"1152\" data-is-last-node=\"\" data-is-only-node=\"\"><img loading=\"lazy\" decoding=\"async\" class=\" wp-image-4570\" src=\"http:\/\/tammetorubbq.ee\/wp-content\/uploads\/2025\/12\/jack-daniels-logo-png-1-300x233.png\" alt=\"Jack Daniel&#96;s logo\" width=\"147\" height=\"114\" srcset=\"https:\/\/tammetorubbq.ee\/wp-content\/uploads\/2025\/12\/jack-daniels-logo-png-1-300x233.png 300w, https:\/\/tammetorubbq.ee\/wp-content\/uploads\/2025\/12\/jack-daniels-logo-png-1-15x12.png 15w, https:\/\/tammetorubbq.ee\/wp-content\/uploads\/2025\/12\/jack-daniels-logo-png-1-600x465.png 600w, https:\/\/tammetorubbq.ee\/wp-content\/uploads\/2025\/12\/jack-daniels-logo-png-1-64x50.png 64w, https:\/\/tammetorubbq.ee\/wp-content\/uploads\/2025\/12\/jack-daniels-logo-png-1.png 700w\" sizes=\"auto, (max-width: 147px) 100vw, 147px\" \/><\/p>\n<\/div>\n<\/div>\n<\/div>\n<\/div>\n<div class=\"z-0 flex min-h-[46px] justify-start\"><\/div>\n<div class=\"mt-3 w-full empty:hidden\">\n<div class=\"text-center\"><\/div>\n<\/div>\n<\/div>\n<\/div>\n<\/article>\n<div class=\"pointer-events-none h-px w-px\" aria-hidden=\"true\" data-edge=\"true\"><\/div>\n","protected":false},"featured_media":4585,"comment_status":"closed","ping_status":"closed","template":"","meta":{"_uf_show_specific_survey":0,"_uf_disable_surveys":false},"pwb-brand":[249],"product_brand":[],"product_cat":[22],"product_tag":[250,138,251,337,118,121,166,114,122,119,165],"class_list":{"0":"post-4584","1":"product","2":"type-product","3":"status-publish","4":"has-post-thumbnail","6":"pwb-brand-jack-daniels","7":"product_cat-kastmed-ja-marinaadid","8":"product_tag-bbq-kaste","9":"product_tag-burger","10":"product_tag-jack-daniels","11":"product_tag-jack-daniels-sweet-spicy","12":"product_tag-kanaliha","13":"product_tag-koogiviljad","14":"product_tag-rebitudliha","15":"product_tag-sealiha","16":"product_tag-searibi","17":"product_tag-veiseliha","18":"product_tag-veiseribi","20":"first","21":"instock","22":"taxable","23":"shipping-taxable","24":"purchasable","25":"product-type-simple"},"brands":[{"id":249,"name":"Jack Daniel`s","slug":"jack-daniels"}],"_links":{"self":[{"href":"https:\/\/tammetorubbq.ee\/lt\/wp-json\/wp\/v2\/product\/4584","targetHints":{"allow":["GET"]}}],"collection":[{"href":"https:\/\/tammetorubbq.ee\/lt\/wp-json\/wp\/v2\/product"}],"about":[{"href":"https:\/\/tammetorubbq.ee\/lt\/wp-json\/wp\/v2\/types\/product"}],"replies":[{"embeddable":true,"href":"https:\/\/tammetorubbq.ee\/lt\/wp-json\/wp\/v2\/comments?post=4584"}],"wp:featuredmedia":[{"embeddable":true,"href":"https:\/\/tammetorubbq.ee\/lt\/wp-json\/wp\/v2\/media\/4585"}],"wp:attachment":[{"href":"https:\/\/tammetorubbq.ee\/lt\/wp-json\/wp\/v2\/media?parent=4584"}],"wp:term":[{"taxonomy":"pwb-brand","embeddable":true,"href":"https:\/\/tammetorubbq.ee\/lt\/wp-json\/wp\/v2\/pwb-brand?post=4584"},{"taxonomy":"product_brand","embeddable":true,"href":"https:\/\/tammetorubbq.ee\/lt\/wp-json\/wp\/v2\/product_brand?post=4584"},{"taxonomy":"product_cat","embeddable":true,"href":"https:\/\/tammetorubbq.ee\/lt\/wp-json\/wp\/v2\/product_cat?post=4584"},{"taxonomy":"product_tag","embeddable":true,"href":"https:\/\/tammetorubbq.ee\/lt\/wp-json\/wp\/v2\/product_tag?post=4584"}],"curies":[{"name":"wp","href":"https:\/\/api.w.org\/{rel}","templated":true}]}}