{"id":467,"date":"2023-12-03T12:39:53","date_gmt":"2023-12-03T10:39:53","guid":{"rendered":"https:\/\/tammetorubbq.ee\/?post_type=product&#038;p=467"},"modified":"2026-04-14T22:00:10","modified_gmt":"2026-04-14T19:00:10","slug":"kamado-joe-big-ii","status":"publish","type":"product","link":"https:\/\/tammetorubbq.ee\/lt\/produktas\/kamado-joe-big-ii\/","title":{"rendered":"\"Kamado Joe Big II"},"content":{"rendered":"<p>Keramin\u0117 \"Kamado Joe\" kepsnin\u0117 \/ BBQ krosnel\u0117 - \"Kamado Joe\" kepsnini\u0173 ir inovacij\u0173 pradinink\u0117. Ideali kepsnin\u0117, skirta kepti tiek ant ma\u017eos, tiek ant didel\u0117s ugnies, taip pat r\u016bkyti. Grilis turi kar\u0161\u010diui atspar\u0173 keramin\u012f korpus\u0105 storomis sienel\u0117mis, kuris bet kokioje temperat\u016broje u\u017edaro d\u016bmus ir dr\u0117gm\u0119. Lengvai atsidarantis kupolas turi prie\u0161prie\u0161iais subalansuot\u0105 \"Air Lift\" vyr\u012f ir oro s\u0105lygoms atspari\u0105 \/ sandari\u0105 \"Konrol Tower\" vir\u0161utin\u0119 ventiliacijos ang\u0105. Kepimo stovas pagamintas i\u0161 labai auk\u0161tos kokyb\u0117s 304 ner\u016bdijan\u010diojo plieno. Standartin\u0117je \"Big II\" komplektacijoje taip pat yra lanksti kepimo sistema \"Divide &amp; Conquer\u00ae\", keli\u0173 plok\u0161\u010di\u0173 keraminis degimo indas, patikimas cinkuoto plieno pagrindo r\u0117mas ant ratuk\u0173 ir patentuota i\u0161traukiama pelen\u0173 d\u0117tuv\u0117, kad kepsnin\u0119 b\u016bt\u0173 lengva valyti.<\/p>\n<p>&nbsp;<\/p>\n<p><strong>Rinkin\u012f sudaro<\/strong><\/p>\n<ul>\n<li>24 coli\u0173 (61 cm) keramin\u0117s grotel\u0117s su cinkuoto plieno pagrindo r\u0117mu ir u\u017erakinamais ratukais<\/li>\n<li>Baigtos lankstyti didelio tankio poliuretano \u0161onin\u0117s lentynos ir rankena<\/li>\n<li>Trij\u0173 lygi\u0173 \"Divide &amp; Conquer\u00ae\" sistema, skirta lanks\u010diam maisto ruo\u0161imui, t. y. 2 dali\u0173 pusm\u0117nulio formos keraminis \u0161ilumos deflektorius (\u0161ilumos skleidiklis) ir 2 dali\u0173 ner\u016bdijan\u010dio plieno (304) pusm\u0117nulio formos grilio stovai (61 cm skersmens) - papildomus grilio stovus galima \u012fsigyti papildomai.<\/li>\n<li>Patentuota i\u0161traukiama ner\u016bdijan\u010diojo plieno (304) pelenin\u0117, kad b\u016bt\u0173 lengviau valyti kepsnin\u0119<\/li>\n<li>\u012emontuotas termometras<\/li>\n<li>Aliuminio vir\u0161utin\u0117 ventiliacijos anga \"Kontrol Tower\"<\/li>\n<li>\"Hing Air Lift\" (t. y. dangtis su amordu)<\/li>\n<li>AMP Daugiapartin\u0117 (t. y. keli\u0173 dali\u0173, neardoma) ugniakuras<\/li>\n<li>Kar\u0161\u010diui atsparus stiklo pluo\u0161to tarpiklis su vielos tinkleliu<\/li>\n<li>Ner\u016bdijan\u010dio plieno (304) dang\u010dio spaustukas<\/li>\n<li>Ner\u016bdijan\u010dio plieno pried\u0173 stovas \"Accessory Rack\"<\/li>\n<li>Grilio groteli\u0173 pak\u0117limo strypai<\/li>\n<li>Tuharoop<\/li>\n<\/ul>\n<p>&nbsp;<\/p>\n<p>&nbsp;<\/p>\n<p><strong>Technin\u0117 informacija<\/strong><\/p>\n<p>Svoris 179 kg<\/p>\n<p>PAKUOT\u0116S DYD\u017dIAI 98 \u00d7 90 \u00d7 100 cm<\/p>\n<p>Bendrieji matmenys 127 cm (ilgis) x 137 cm (auk\u0161tis) x 79 cm (plotis)<\/p>\n<p>TEMPERAT\u016aROS DIAPAZONAS 82 \u00b0C - 399 \u00b0C<\/p>\n<p>APSAUGOS PLOTAS \u00d8 \u00d8 61 cm, st 923cm\u00b2<\/p>\n<p>PRODUKTAS Kamado Joe<\/p>\n<p>&nbsp;<\/p>\n<p><strong>Garantii<\/strong> &#8211; Kamado Joe keraamilistele osadele kehtib piiratud eluaegne garantii (garantiitingimused: <strong><a href=\"https:\/\/tammetorubbq.ee\/wp-content\/uploads\/2026\/02\/Kamado_Joe_garantii.pdf\">\u017er. \u010dia<\/a><\/strong>); \u012fskaitant keramines plyteles, \u0161ilumos at\u0161vaitus ir sandarinimo plyteles - 3 metai; metal\u0105 ir ket\u0173 - 5 metai; termometr\u0105 ir tarpines - 1 metai.<\/p>\n<p>&nbsp;<\/p>","protected":false},"excerpt":{"rendered":"<h4>Kaasa kingitus + TASUTA tarne.<\/h4>\n<ul>\n<li>Auk\u0161\u010diausia kokyb\u0117 pasaulyje!<\/li>\n<li>Geriausias kainos ir kokyb\u0117s santykis!<\/li>\n<li><strong>Geriausias keramini\u0173 kepsnini\u0173 pasirinkimas!<\/strong><\/li>\n<li>Grilio lentynos \u00d8 61 cm (24\"), orkait\u0117s vidus \u00d8 63 cm, orkait\u0117s i\u0161or\u0117 \u00d8 72 cm, svoris 179 kg.<\/li>\n<\/ul>\n<p>Kindlasti soovitame ka juurde osta\u00a0<a href=\"https:\/\/tammetorubbq.ee\/lt\/produktas\/kamado-joe-big-ilmastikukindel-grillikate\/\"><strong>ilmastikukindla grillikatte<\/strong><\/a>\u00a0mis pakub usaldusv\u00e4\u00e4rset kaitset vihma, lume, p\u00e4ikese ja mustuse eest, pikendades grilli eluiga ning hoides selle puhtana j\u00e4rgmiseks kasutuskorraks.<\/p>\n<p><span style=\"color: #000000;\"><strong>Oleme tootja Kamado Joe ametlik esindaja, edasim\u00fc\u00fcja Eestis!<\/strong><\/span><\/p>\n<p><img loading=\"lazy\" decoding=\"async\" class=\"alignnone wp-image-1531\" src=\"http:\/\/tammetorubbq.ee\/wp-content\/uploads\/2024\/03\/kamado-joe-logo-300x40.webp\" alt=\"Kamado Joe logotipas\" width=\"180\" height=\"24\" srcset=\"https:\/\/tammetorubbq.ee\/wp-content\/uploads\/2024\/03\/kamado-joe-logo-300x40.webp 300w, https:\/\/tammetorubbq.ee\/wp-content\/uploads\/2024\/03\/kamado-joe-logo-768x104.webp 768w, https:\/\/tammetorubbq.ee\/wp-content\/uploads\/2024\/03\/kamado-joe-logo-18x2.webp 18w, https:\/\/tammetorubbq.ee\/wp-content\/uploads\/2024\/03\/kamado-joe-logo-600x81.webp 600w, https:\/\/tammetorubbq.ee\/wp-content\/uploads\/2024\/03\/kamado-joe-logo-64x9.webp 64w, https:\/\/tammetorubbq.ee\/wp-content\/uploads\/2024\/03\/kamado-joe-logo.webp 1024w\" sizes=\"auto, (max-width: 180px) 100vw, 180px\" \/><\/p>\n<p><a href=\"https:\/\/tammetorubbq.ee\/lt\/sumoketi-veliau\/\"><strong>PIRKITE DABAR, MOK\u0116KITE V\u0116LIAU<\/strong><\/a> - be pal\u016bkan\u0173!<\/p>\n<p><img loading=\"lazy\" decoding=\"async\" class=\"alignnone wp-image-2646\" src=\"http:\/\/tammetorubbq.ee\/wp-content\/uploads\/2023\/12\/inbank-wordmark.png\" alt=\"Inbank\" width=\"164\" height=\"74\" srcset=\"https:\/\/tammetorubbq.ee\/wp-content\/uploads\/2023\/12\/inbank-wordmark.png 300w, https:\/\/tammetorubbq.ee\/wp-content\/uploads\/2023\/12\/inbank-wordmark-18x8.png 18w, https:\/\/tammetorubbq.ee\/wp-content\/uploads\/2023\/12\/inbank-wordmark-64x29.png 64w\" sizes=\"auto, (max-width: 164px) 100vw, 164px\" \/><\/p>\n<p>Taip pat si\u016blome galimyb\u0119 sumok\u0117ti v\u0117liau - viena, dviem arba trimis lygiomis dalimis be joki\u0173 pal\u016bkan\u0173 ar papildom\u0173 mokes\u010di\u0173.<\/p>\n<p>M\u016bs\u0173 pirkini\u0173 krep\u0161elyje rasite \u012fvairi\u0173 mok\u0117jimo b\u016bd\u0173 pasirinkim\u0105.<\/p>","protected":false},"featured_media":468,"comment_status":"open","ping_status":"closed","template":"","meta":{"_uf_show_specific_survey":0,"_uf_disable_surveys":false},"pwb-brand":[69],"product_brand":[],"product_cat":[53,55],"product_tag":[126,326,316,127,78],"class_list":{"0":"post-467","1":"product","2":"type-product","3":"status-publish","4":"has-post-thumbnail","6":"pwb-brand-kamado-joe","7":"product_cat-grillid","8":"product_cat-keraamilised-grillid","9":"product_tag-kamado-joe","10":"product_tag-kamado-joe-big-joe","11":"product_tag-kamado-joe-keraamiline-grill","12":"product_tag-keraamilised-grillid","13":"product_tag-soegrill","15":"first","16":"instock","17":"taxable","18":"shipping-taxable","19":"purchasable","20":"product-type-simple"},"brands":[{"id":69,"name":"Kamado Joe","slug":"kamado-joe"}],"_links":{"self":[{"href":"https:\/\/tammetorubbq.ee\/lt\/wp-json\/wp\/v2\/product\/467","targetHints":{"allow":["GET"]}}],"collection":[{"href":"https:\/\/tammetorubbq.ee\/lt\/wp-json\/wp\/v2\/product"}],"about":[{"href":"https:\/\/tammetorubbq.ee\/lt\/wp-json\/wp\/v2\/types\/product"}],"replies":[{"embeddable":true,"href":"https:\/\/tammetorubbq.ee\/lt\/wp-json\/wp\/v2\/comments?post=467"}],"wp:featuredmedia":[{"embeddable":true,"href":"https:\/\/tammetorubbq.ee\/lt\/wp-json\/wp\/v2\/media\/468"}],"wp:attachment":[{"href":"https:\/\/tammetorubbq.ee\/lt\/wp-json\/wp\/v2\/media?parent=467"}],"wp:term":[{"taxonomy":"pwb-brand","embeddable":true,"href":"https:\/\/tammetorubbq.ee\/lt\/wp-json\/wp\/v2\/pwb-brand?post=467"},{"taxonomy":"product_brand","embeddable":true,"href":"https:\/\/tammetorubbq.ee\/lt\/wp-json\/wp\/v2\/product_brand?post=467"},{"taxonomy":"product_cat","embeddable":true,"href":"https:\/\/tammetorubbq.ee\/lt\/wp-json\/wp\/v2\/product_cat?post=467"},{"taxonomy":"product_tag","embeddable":true,"href":"https:\/\/tammetorubbq.ee\/lt\/wp-json\/wp\/v2\/product_tag?post=467"}],"curies":[{"name":"wp","href":"https:\/\/api.w.org\/{rel}","templated":true}]}}