{"id":4736,"date":"2025-12-30T11:11:09","date_gmt":"2025-12-30T09:11:09","guid":{"rendered":"https:\/\/tammetorubbq.ee\/?post_type=product&#038;p=4736"},"modified":"2026-04-15T00:00:05","modified_gmt":"2026-04-14T21:00:05","slug":"barbecoa-perfect-blend-bbq-kaste-500ml","status":"publish","type":"product","link":"https:\/\/tammetorubbq.ee\/lt\/produktas\/barbecoa-perfect-blend-bbq-kaste-500ml\/","title":{"rendered":"Barbecoa Perfect Blend BBQ kaste 500ml"},"content":{"rendered":"<p><strong data-start=\"0\" data-end=\"17\" data-is-only-node=\"\">Sudedamosios dalys: <\/strong>vesi, suhkur, kuivatatud gl\u00fckoosisiirup, modifitseeritud maisit\u00e4rklis, tomat, sool, suhkrusiirup, <strong data-start=\"118\" data-end=\"129\">SOJAOAD<\/strong>, <strong data-start=\"131\" data-end=\"149\">NISU (GLUTEEN)<\/strong>, ananas, \u00f5un, <strong data-start=\"164\" data-end=\"173\">SINEP<\/strong>, sibul, k\u00fc\u00fcslauk, suitsutatud paprika pulber, v\u00fcrtsid, looduslikud maitseained, sibulamahla kontsentraat, hape (sidrunhape), v\u00e4rv (paprikaekstrakt), s\u00e4ilitusaine.<\/p>\n<div style=\"width: 864px;\" class=\"wp-video\"><video class=\"wp-video-shortcode\" id=\"video-4736-1\" width=\"864\" height=\"1080\" preload=\"metadata\" controls=\"controls\"><source type=\"video\/mp4\" src=\"http:\/\/tammetorubbq.ee\/wp-content\/uploads\/2025\/12\/144ab719fc9e4ea78182ee6da32a0204.HD-1080p-4.8Mbps-58273315.mp4?_=1\" \/><a href=\"http:\/\/tammetorubbq.ee\/wp-content\/uploads\/2025\/12\/144ab719fc9e4ea78182ee6da32a0204.HD-1080p-4.8Mbps-58273315.mp4\">http:\/\/tammetorubbq.ee\/wp-content\/uploads\/2025\/12\/144ab719fc9e4ea78182ee6da32a0204.HD-1080p-4.8Mbps-58273315.mp4<\/a><\/video><\/div>\n<p data-start=\"0\" data-end=\"53\"><strong data-start=\"0\" data-end=\"51\">Tutvu Tom Bertels\u2019i ja Barbecoa BBQ meeskonnaga<\/strong><\/p>\n<p data-start=\"55\" data-end=\"294\"><strong>Tom Bertels<\/strong>\u00a0on tunnustatud Euroopa BBQ-meister, tuntud oma tipptasemel brisketi valmistamise oskuste ja rahvusvaheliste auhindade poolest. Tema retseptid toovad esile s\u00fcgava umami ja \u00f5rnalt suitsuse maitse.<\/p>\n<p data-start=\"296\" data-end=\"578\" data-is-last-node=\"\" data-is-only-node=\"\"><strong>Barbecoa BBQ meeskond<\/strong>, tegutsedes alates 2022. aastast, koosneb kirglikest BBQ-professionaalidest, kes on v\u00f5itnud mitmeid rahvusvahelisi tiitleid, sealhulgas Belgia meistritiitleid. Iga nende valmistatud liha peegeldab p\u00fchendumust, oskust ja visadust, viies BBQ-kunsti tipptasemele.<\/p>","protected":false},"excerpt":{"rendered":"<p data-start=\"0\" data-end=\"208\">Barbecoa Perfect Blend BBQ kaste \u00fchendab m\u00f5lema maailma parima: \u00f5rna magususe ja pehme \u00e4\u00e4dikase noodi. M\u00f5lemad maitsed on tasakaalus ega domineeri, kuid just see t\u00e4iuslik tasakaal teeb kastme suitsuliha peal vastupandamatuks.<\/p>\n<p data-start=\"210\" data-end=\"508\"><strong data-start=\"210\" data-end=\"227\">Dipikastmena:<\/strong> Soojas kastmes tulevad \u00fcrdid veelgi paremini esile.<br data-start=\"279\" data-end=\"282\" \/><strong data-start=\"282\" data-end=\"306\">Glasuur kastmena lihal:<\/strong> M\u00e4\u00e4ri liha kastmega ja lase aeglaselt soojeneda, et kaste veidi tarduks ja liha k\u00fclge kinnituks.<br data-start=\"403\" data-end=\"406\" data-is-only-node=\"\" \/><strong data-start=\"406\" data-end=\"437\">BBQ-kastmena rebitud lihal:<\/strong> Lisa kastet tortiljale v\u00f5i sega see lihaga p\u00e4rast rebi valmistamist.<\/p>\n<p data-start=\"510\" data-end=\"651\"><strong data-start=\"601\" data-end=\"622\">Puikiai tinka:<\/strong>\u00a0Kana, sealiha, peekon, ribid, pulled pork, pulled kana, pulled beef, pizza, tacos, friikartulid ja k\u00f6\u00f6giviljadega.<\/p>\n<p data-start=\"653\" data-end=\"722\" data-is-last-node=\"\" data-is-only-node=\"\">\u26a0\ufe0f <strong data-start=\"656\" data-end=\"668\">Hoiatus:<\/strong> \u00e4ra k\u00fcpseta otsesel leegil, kaste v\u00f5ib k\u00f5rbema minna.<\/p>\n<p data-start=\"653\" data-end=\"722\" data-is-last-node=\"\" data-is-only-node=\"\"><strong data-start=\"0\" data-end=\"12\" data-is-only-node=\"\">\ud83d\udca1 Profesional\u0173 patarimas:<\/strong> Kuumuta kaste kergelt enne serveerimist, et maitsetel t\u00e4ielikult avada, ja m\u00e4\u00e4ri seda lihale mitmes kihis \u2013 iga kiht lisab s\u00fcgavust ja intensiivsust, muutes liha eriti mahlaseks ja maitsek\u00fcllaseks.<\/p>\n<p><img loading=\"lazy\" decoding=\"async\" class=\"size-medium wp-image-4732\" src=\"http:\/\/tammetorubbq.ee\/wp-content\/uploads\/2025\/12\/Barbecoa-logo--300x107.png\" alt=\"Barbecoa logo\" width=\"300\" height=\"107\" srcset=\"https:\/\/tammetorubbq.ee\/wp-content\/uploads\/2025\/12\/Barbecoa-logo--300x107.png 300w, https:\/\/tammetorubbq.ee\/wp-content\/uploads\/2025\/12\/Barbecoa-logo--768x274.png 768w, https:\/\/tammetorubbq.ee\/wp-content\/uploads\/2025\/12\/Barbecoa-logo--18x6.png 18w, https:\/\/tammetorubbq.ee\/wp-content\/uploads\/2025\/12\/Barbecoa-logo--600x214.png 600w, https:\/\/tammetorubbq.ee\/wp-content\/uploads\/2025\/12\/Barbecoa-logo--64x23.png 64w, https:\/\/tammetorubbq.ee\/wp-content\/uploads\/2025\/12\/Barbecoa-logo-.png 828w\" sizes=\"auto, (max-width: 300px) 100vw, 300px\" \/><\/p>","protected":false},"featured_media":4747,"comment_status":"closed","ping_status":"closed","template":"","meta":{"_uf_show_specific_survey":0,"_uf_disable_surveys":false},"pwb-brand":[256],"product_brand":[],"product_cat":[22],"product_tag":[257,118,159,121,161,166,114,122,262],"class_list":{"0":"post-4736","1":"product","2":"type-product","3":"status-publish","4":"has-post-thumbnail","6":"pwb-brand-barbecoa","7":"product_cat-kastmed-ja-marinaadid","8":"product_tag-barbecoa","9":"product_tag-kanaliha","10":"product_tag-kanatiivad","11":"product_tag-koogiviljad","12":"product_tag-pizza","13":"product_tag-rebitudliha","14":"product_tag-sealiha","15":"product_tag-searibi","16":"product_tag-taco","18":"first","19":"instock","20":"taxable","21":"shipping-taxable","22":"purchasable","23":"product-type-simple"},"brands":[{"id":256,"name":"Barbecoa","slug":"barbecoa"}],"_links":{"self":[{"href":"https:\/\/tammetorubbq.ee\/lt\/wp-json\/wp\/v2\/product\/4736","targetHints":{"allow":["GET"]}}],"collection":[{"href":"https:\/\/tammetorubbq.ee\/lt\/wp-json\/wp\/v2\/product"}],"about":[{"href":"https:\/\/tammetorubbq.ee\/lt\/wp-json\/wp\/v2\/types\/product"}],"replies":[{"embeddable":true,"href":"https:\/\/tammetorubbq.ee\/lt\/wp-json\/wp\/v2\/comments?post=4736"}],"wp:featuredmedia":[{"embeddable":true,"href":"https:\/\/tammetorubbq.ee\/lt\/wp-json\/wp\/v2\/media\/4747"}],"wp:attachment":[{"href":"https:\/\/tammetorubbq.ee\/lt\/wp-json\/wp\/v2\/media?parent=4736"}],"wp:term":[{"taxonomy":"pwb-brand","embeddable":true,"href":"https:\/\/tammetorubbq.ee\/lt\/wp-json\/wp\/v2\/pwb-brand?post=4736"},{"taxonomy":"product_brand","embeddable":true,"href":"https:\/\/tammetorubbq.ee\/lt\/wp-json\/wp\/v2\/product_brand?post=4736"},{"taxonomy":"product_cat","embeddable":true,"href":"https:\/\/tammetorubbq.ee\/lt\/wp-json\/wp\/v2\/product_cat?post=4736"},{"taxonomy":"product_tag","embeddable":true,"href":"https:\/\/tammetorubbq.ee\/lt\/wp-json\/wp\/v2\/product_tag?post=4736"}],"curies":[{"name":"wp","href":"https:\/\/api.w.org\/{rel}","templated":true}]}}