{"id":506,"date":"2023-12-03T12:53:01","date_gmt":"2023-12-03T10:53:01","guid":{"rendered":"https:\/\/tammetorubbq.ee\/?post_type=product&#038;p=506"},"modified":"2026-04-15T00:00:05","modified_gmt":"2026-04-14T21:00:05","slug":"kamado-joe-junior","status":"publish","type":"product","link":"https:\/\/tammetorubbq.ee\/lt\/produktas\/kamado-joe-junior\/","title":{"rendered":"Kamado Joe Junior"},"content":{"rendered":"<p>Kai esate kelyje, su auk\u0161tos kokyb\u0117s ir steb\u0117tinai patogia \"Kamado Joe Junior\u00ae\" keramine med\u017eio angli\u0173 kepsnine gal\u0117site kepti prakti\u0161kai bet kur. Idealiai tinka i\u0161kyloms, baseino vakar\u0117liams, stovyklavimui ir net nam\u0173 kepsnin\u0117ms. Vos 31 kg sveriantis \"Junior Joe\" kepimo pavir\u0161ius yra pakankamai didelis, kad gal\u0117tum\u0117te i\u0161kepti, pavyzd\u017eiui, vis\u0105 skardin\u0119 alaus ar kiaulienos kotlet\u0105. Storasienis keraminis kepsnin\u0117s korpusas sulaiko \u0161ilum\u0105, dr\u0117gm\u0119 ir skon\u012f, o keraminis \u0161ilumos deflektorius leid\u017eia kepti naudojant netiesiogin\u0119 kaitr\u0105, kad m\u0117sa b\u016bt\u0173 dar mink\u0161tesn\u0117 ir skanesn\u0117.<\/p>\n<p>&nbsp;<\/p>\n<p><strong>Technin\u0117 informacija <\/strong><\/p>\n<p>LYGIS 32 kg<\/p>\n<p>PAKUOT\u0116S DYD\u017dIAI 62 \u00d7 62 \u00d7 72 cm<\/p>\n<p>PAVIR\u0160IS \u00d8 \u00d8 34,3 cm, st 376 cm\u00b2<\/p>\n<p>TEMPERAT\u016aROS DIAPAZONAS 80-400 \u00b0C<\/p>\n<p>Bendrieji matmenys 41 (l) x 56 (h) x 53 (w) cm<\/p>\n<p>MATMENYS SU PAGRINDU 51 (l) x 69 (h) x 53 (w) cm<\/p>\n<p>PRODUKTAS Kamado Joe<\/p>\n<p>&nbsp;<\/p>\n<p><strong>Garantii<\/strong> &#8211; Kamado Joe keraamilistele osadele kehtib piiratud eluaegne garantii (garantiitingimused: <strong><a href=\"https:\/\/tammetorubbq.ee\/wp-content\/uploads\/2026\/02\/Kamado_Joe_garantii.pdf\">\u017er. \u010dia<\/a><\/strong>); \u012fskaitant keramines plyteles, \u0161ilumos at\u0161vaitus ir sandarinimo plyteles - 3 metai; metal\u0105 ir ket\u0173 - 5 metai; termometr\u0105 ir tarpines - 1 metai.<\/p>","protected":false},"excerpt":{"rendered":"<h4>Kaasa kingitus + TASUTA tarne.<\/h4>\n<ul>\n<li>Auk\u0161\u010diausia kokyb\u0117 pasaulyje!<\/li>\n<li>Geriausias kainos ir kokyb\u0117s santykis!<\/li>\n<li><strong>Geriausias keramini\u0173 kepsnini\u0173 pasirinkimas!<\/strong><\/li>\n<li>Grilio lentynos \u00d8 34 cm (13,5\"), orkait\u0117s vidus \u00d8 36 cm, orkait\u0117s i\u0161or\u0117 \u00d8 41 cm, svoris 32 kg.<\/li>\n<\/ul>\n<p>Kindlasti soovitame ka juurde osta\u00a0<a href=\"https:\/\/tammetorubbq.ee\/lt\/produktas\/kamado-joe-junior-ilmastikukindel-grillikate\/\"><strong>ilmastikukindla grillikatte<\/strong><\/a>\u00a0mis pakub usaldusv\u00e4\u00e4rset kaitset vihma, lume, p\u00e4ikese ja mustuse eest, pikendades grilli eluiga ning hoides selle puhtana j\u00e4rgmiseks kasutuskorraks.<\/p>\n<p><span style=\"color: #000000;\"><strong>Oleme tootja Kamado Joe ametlik esindaja, edasim\u00fc\u00fcja Eestis!<\/strong><\/span><\/p>\n<p><img loading=\"lazy\" decoding=\"async\" class=\"alignnone wp-image-1531\" src=\"https:\/\/tammetorubbq.ee\/wp-content\/uploads\/2024\/03\/kamado-joe-logo-300x40.webp\" alt=\"Kamado Joe logotipas\" width=\"233\" height=\"31\" srcset=\"https:\/\/tammetorubbq.ee\/wp-content\/uploads\/2024\/03\/kamado-joe-logo-300x40.webp 300w, https:\/\/tammetorubbq.ee\/wp-content\/uploads\/2024\/03\/kamado-joe-logo-768x104.webp 768w, https:\/\/tammetorubbq.ee\/wp-content\/uploads\/2024\/03\/kamado-joe-logo-18x2.webp 18w, https:\/\/tammetorubbq.ee\/wp-content\/uploads\/2024\/03\/kamado-joe-logo-600x81.webp 600w, https:\/\/tammetorubbq.ee\/wp-content\/uploads\/2024\/03\/kamado-joe-logo-64x9.webp 64w, https:\/\/tammetorubbq.ee\/wp-content\/uploads\/2024\/03\/kamado-joe-logo.webp 1024w\" sizes=\"auto, (max-width: 233px) 100vw, 233px\" \/><\/p>\n<p><a href=\"https:\/\/tammetorubbq.ee\/lt\/sumoketi-veliau\/\"><strong>PIRKITE DABAR, MOK\u0116KITE V\u0116LIAU<\/strong><\/a> - be pal\u016bkan\u0173!<\/p>\n<p><img loading=\"lazy\" decoding=\"async\" class=\"alignnone wp-image-2646\" src=\"http:\/\/tammetorubbq.ee\/wp-content\/uploads\/2023\/12\/inbank-wordmark.png\" alt=\"Inbank\" width=\"167\" height=\"75\" srcset=\"https:\/\/tammetorubbq.ee\/wp-content\/uploads\/2023\/12\/inbank-wordmark.png 300w, https:\/\/tammetorubbq.ee\/wp-content\/uploads\/2023\/12\/inbank-wordmark-18x8.png 18w, https:\/\/tammetorubbq.ee\/wp-content\/uploads\/2023\/12\/inbank-wordmark-64x29.png 64w\" sizes=\"auto, (max-width: 167px) 100vw, 167px\" \/><\/p>\n<p>Taip pat si\u016blome galimyb\u0119 sumok\u0117ti v\u0117liau - viena, dviem arba trimis lygiomis dalimis be joki\u0173 pal\u016bkan\u0173 ar papildom\u0173 mokes\u010di\u0173.<\/p>\n<p>M\u016bs\u0173 pirkini\u0173 krep\u0161elyje rasite \u012fvairi\u0173 mok\u0117jimo b\u016bd\u0173 pasirinkim\u0105.<\/p>","protected":false},"featured_media":507,"comment_status":"open","ping_status":"closed","template":"","meta":{"_uf_show_specific_survey":0,"_uf_disable_surveys":false},"pwb-brand":[69],"product_brand":[],"product_cat":[53,55],"product_tag":[126,327,316,127,78],"class_list":{"0":"post-506","1":"product","2":"type-product","3":"status-publish","4":"has-post-thumbnail","6":"pwb-brand-kamado-joe","7":"product_cat-grillid","8":"product_cat-keraamilised-grillid","9":"product_tag-kamado-joe","10":"product_tag-kamado-joe-junior","11":"product_tag-kamado-joe-keraamiline-grill","12":"product_tag-keraamilised-grillid","13":"product_tag-soegrill","15":"first","16":"instock","17":"taxable","18":"shipping-taxable","19":"purchasable","20":"product-type-simple"},"brands":[{"id":69,"name":"Kamado Joe","slug":"kamado-joe"}],"_links":{"self":[{"href":"https:\/\/tammetorubbq.ee\/lt\/wp-json\/wp\/v2\/product\/506","targetHints":{"allow":["GET"]}}],"collection":[{"href":"https:\/\/tammetorubbq.ee\/lt\/wp-json\/wp\/v2\/product"}],"about":[{"href":"https:\/\/tammetorubbq.ee\/lt\/wp-json\/wp\/v2\/types\/product"}],"replies":[{"embeddable":true,"href":"https:\/\/tammetorubbq.ee\/lt\/wp-json\/wp\/v2\/comments?post=506"}],"wp:featuredmedia":[{"embeddable":true,"href":"https:\/\/tammetorubbq.ee\/lt\/wp-json\/wp\/v2\/media\/507"}],"wp:attachment":[{"href":"https:\/\/tammetorubbq.ee\/lt\/wp-json\/wp\/v2\/media?parent=506"}],"wp:term":[{"taxonomy":"pwb-brand","embeddable":true,"href":"https:\/\/tammetorubbq.ee\/lt\/wp-json\/wp\/v2\/pwb-brand?post=506"},{"taxonomy":"product_brand","embeddable":true,"href":"https:\/\/tammetorubbq.ee\/lt\/wp-json\/wp\/v2\/product_brand?post=506"},{"taxonomy":"product_cat","embeddable":true,"href":"https:\/\/tammetorubbq.ee\/lt\/wp-json\/wp\/v2\/product_cat?post=506"},{"taxonomy":"product_tag","embeddable":true,"href":"https:\/\/tammetorubbq.ee\/lt\/wp-json\/wp\/v2\/product_tag?post=506"}],"curies":[{"name":"wp","href":"https:\/\/api.w.org\/{rel}","templated":true}]}}