{"id":516,"date":"2023-12-03T12:55:38","date_gmt":"2023-12-03T10:55:38","guid":{"rendered":"https:\/\/tammetorubbq.ee\/?post_type=product&#038;p=516"},"modified":"2026-04-19T21:00:36","modified_gmt":"2026-04-19T18:00:36","slug":"kamado-joe-virdulys-22-56-cm","status":"publish","type":"product","link":"https:\/\/tammetorubbq.ee\/lt\/produktas\/kamado-joe-virdulys-22-56-cm\/","title":{"rendered":"Kamado Joe Kettle Joe"},"content":{"rendered":"<p><strong>Technin\u0117 informacija<\/strong><\/p>\n<p>Svoris 49 kg<\/p>\n<p>PAKUOT\u0116S DYD\u017dIAI 74 \u00d7 120 \u00d7 110 cm<\/p>\n<p>&nbsp;<\/p>\n<p><strong>Garantii<\/strong> &#8211; Kamado Joe keraamilistele osadele kehtib piiratud eluaegne garantii (garantiitingimused: <strong><a href=\"https:\/\/tammetorubbq.ee\/wp-content\/uploads\/2026\/02\/Kamado_Joe_garantii.pdf\">\u017er. \u010dia<\/a><\/strong>); \u012fskaitant keramines plyteles, \u0161ilumos at\u0161vaitus ir sandarinimo plyteles - 3 metai; metal\u0105 ir ket\u0173 - 5 metai; termometr\u0105 ir tarpines - 1 metai.<\/p>","protected":false},"excerpt":{"rendered":"<h4>Kaasa kingitus + TASUTA tarne.<\/h4>\n<p><strong>\"Kamado Joe Kettle Joe\u2122\" 22 coli\u0173 med\u017eio angli\u0173 kepsnin\u0117 su unikalia keramine angli\u0173 l\u0117k\u0161te, \"Sl\u014dRoller\u2122\" ir pusm\u0117nulio formos grotel\u0117mis.<\/strong><\/p>\n<p>Efektyvus keraminis degimo kanalas leid\u017eia ilgiau gaminti maist\u0105 naudojant ma\u017eiau kuro.<\/p>\n<p>2 pakop\u0173 \"Divide &amp; Conquer\u00ae\" sistema (pusm\u0117nulio formos grotel\u0117s) leid\u017eia maist\u0105 ruo\u0161ti skirtingose temperat\u016brose - tiek \u017eemoje, tiek tiesiogin\u0117je kaitroje.<\/p>\n<p>Revoliuciniame \"Sl\u014dRoller\u2122\" hiperbolin\u0117s d\u016bm\u0173 kameros \u012fd\u0117kle naudojama ciklonin\u0117 oro srauto technologija, leid\u017eianti kontroliuoti kar\u0161t\u012f ir d\u016bmus.<\/p>\n<p>Kepsnin\u0117 turi reguliuojam\u0105 dangt\u012f, kurio auk\u0161t\u012f galima reguliuoti, o prireikus - visai nuimti. Kai kepsnin\u0117s dangtis yra pakeltoje pad\u0117tyje, \u012f kepsnin\u0119 galima \u012fd\u0117ti hiperbolin\u0119 d\u016bm\u0173 kamer\u0105 Sl\u014dRoller\u2122 ir kepti m\u0117s\u0105 esant \u017eemai temperat\u016brai nuo 70 \u00b0C iki 200 \u00b0C. Be Sl\u014dRoller\u2122 \u012fd\u0117klo maist\u0105 galima kepti tiesiai vir\u0161 kepsnin\u0117s esant auk\u0161tai temperat\u016brai.<\/p>\n<p>Krosnel\u0117 taip pat turi patog\u0173 pelen\u0173 skyri\u0173 ir gra\u017eiai atrodant\u012f r\u0117m\u0105 su u\u017erakinamais ratukais.<\/p>\n<p>Grilio stovas \u00d8 56 cm (22\")<\/p>\n<p>Kindlasti soovitame ka juurde osta\u00a0<a href=\"https:\/\/tammetorubbq.ee\/lt\/produktas\/kamado-joe-kettle-joe-iimastikukindel-grillikate\/\"><strong>ilmastikukindla grillikatte<\/strong><\/a>\u00a0mis pakub usaldusv\u00e4\u00e4rset kaitset vihma, lume, p\u00e4ikese ja mustuse eest, pikendades grilli eluiga ning hoides selle puhtana j\u00e4rgmiseks kasutuskorraks.<\/p>\n<p><span style=\"color: #000000;\"><strong>Oleme tootja Kamado Joe ametlik esindaja, edasim\u00fc\u00fcja Eestis!<\/strong><\/span><\/p>\n<p><img loading=\"lazy\" decoding=\"async\" class=\"wp-image-1531\" src=\"http:\/\/tammetorubbq.ee\/wp-content\/uploads\/2024\/03\/kamado-joe-logo-300x40.webp\" alt=\"Kamado Joe logotipas\" width=\"173\" height=\"23\" srcset=\"https:\/\/tammetorubbq.ee\/wp-content\/uploads\/2024\/03\/kamado-joe-logo-300x40.webp 300w, https:\/\/tammetorubbq.ee\/wp-content\/uploads\/2024\/03\/kamado-joe-logo-768x104.webp 768w, https:\/\/tammetorubbq.ee\/wp-content\/uploads\/2024\/03\/kamado-joe-logo-18x2.webp 18w, https:\/\/tammetorubbq.ee\/wp-content\/uploads\/2024\/03\/kamado-joe-logo-600x81.webp 600w, https:\/\/tammetorubbq.ee\/wp-content\/uploads\/2024\/03\/kamado-joe-logo-64x9.webp 64w, https:\/\/tammetorubbq.ee\/wp-content\/uploads\/2024\/03\/kamado-joe-logo.webp 1024w\" sizes=\"auto, (max-width: 173px) 100vw, 173px\" \/><\/p>\n<p>&nbsp;<\/p>\n<p><a href=\"https:\/\/tammetorubbq.ee\/lt\/sumoketi-veliau\/\"><strong>PIRKITE DABAR, MOK\u0116KITE V\u0116LIAU<\/strong><\/a> - be pal\u016bkan\u0173!<\/p>\n<p><img loading=\"lazy\" decoding=\"async\" class=\"alignnone wp-image-2646\" src=\"http:\/\/tammetorubbq.ee\/wp-content\/uploads\/2023\/12\/inbank-wordmark.png\" alt=\"Inbank\" width=\"164\" height=\"74\" srcset=\"https:\/\/tammetorubbq.ee\/wp-content\/uploads\/2023\/12\/inbank-wordmark.png 300w, https:\/\/tammetorubbq.ee\/wp-content\/uploads\/2023\/12\/inbank-wordmark-18x8.png 18w, https:\/\/tammetorubbq.ee\/wp-content\/uploads\/2023\/12\/inbank-wordmark-64x29.png 64w\" sizes=\"auto, (max-width: 164px) 100vw, 164px\" \/><\/p>\n<p>Taip pat si\u016blome galimyb\u0119 sumok\u0117ti v\u0117liau - viena, dviem arba trimis lygiomis dalimis be joki\u0173 pal\u016bkan\u0173 ar papildom\u0173 mokes\u010di\u0173.<\/p>\n<p>M\u016bs\u0173 pirkini\u0173 krep\u0161elyje rasite \u012fvairi\u0173 mok\u0117jimo b\u016bd\u0173 pasirinkim\u0105.<\/p>","protected":false},"featured_media":517,"comment_status":"open","ping_status":"closed","template":"","meta":{"_uf_show_specific_survey":0,"_uf_disable_surveys":false},"pwb-brand":[69],"product_brand":[],"product_cat":[53,55],"product_tag":[126,316,328,127,78],"class_list":{"0":"post-516","1":"product","2":"type-product","3":"status-publish","4":"has-post-thumbnail","6":"pwb-brand-kamado-joe","7":"product_cat-grillid","8":"product_cat-keraamilised-grillid","9":"product_tag-kamado-joe","10":"product_tag-kamado-joe-keraamiline-grill","11":"product_tag-kamado-joe-kettle-joe","12":"product_tag-keraamilised-grillid","13":"product_tag-soegrill","15":"first","16":"instock","17":"taxable","18":"shipping-taxable","19":"purchasable","20":"product-type-simple"},"brands":[{"id":69,"name":"Kamado Joe","slug":"kamado-joe"}],"_links":{"self":[{"href":"https:\/\/tammetorubbq.ee\/lt\/wp-json\/wp\/v2\/product\/516","targetHints":{"allow":["GET"]}}],"collection":[{"href":"https:\/\/tammetorubbq.ee\/lt\/wp-json\/wp\/v2\/product"}],"about":[{"href":"https:\/\/tammetorubbq.ee\/lt\/wp-json\/wp\/v2\/types\/product"}],"replies":[{"embeddable":true,"href":"https:\/\/tammetorubbq.ee\/lt\/wp-json\/wp\/v2\/comments?post=516"}],"wp:featuredmedia":[{"embeddable":true,"href":"https:\/\/tammetorubbq.ee\/lt\/wp-json\/wp\/v2\/media\/517"}],"wp:attachment":[{"href":"https:\/\/tammetorubbq.ee\/lt\/wp-json\/wp\/v2\/media?parent=516"}],"wp:term":[{"taxonomy":"pwb-brand","embeddable":true,"href":"https:\/\/tammetorubbq.ee\/lt\/wp-json\/wp\/v2\/pwb-brand?post=516"},{"taxonomy":"product_brand","embeddable":true,"href":"https:\/\/tammetorubbq.ee\/lt\/wp-json\/wp\/v2\/product_brand?post=516"},{"taxonomy":"product_cat","embeddable":true,"href":"https:\/\/tammetorubbq.ee\/lt\/wp-json\/wp\/v2\/product_cat?post=516"},{"taxonomy":"product_tag","embeddable":true,"href":"https:\/\/tammetorubbq.ee\/lt\/wp-json\/wp\/v2\/product_tag?post=516"}],"curies":[{"name":"wp","href":"https:\/\/api.w.org\/{rel}","templated":true}]}}