{"id":530,"date":"2023-12-03T15:13:23","date_gmt":"2023-12-03T13:13:23","guid":{"rendered":"https:\/\/tammetorubbq.ee\/?post_type=product&#038;p=530"},"modified":"2026-04-28T08:00:06","modified_gmt":"2026-04-28T05:00:06","slug":"granuliu-kepsnine-traeger-ironwood-int","status":"publish","type":"product","link":"https:\/\/tammetorubbq.ee\/lt\/toode\/pelletgrill-traeger-ironwood-int\/","title":{"rendered":"Granuli\u0173 kepsnin\u0117 Traeger Ironwood Int"},"content":{"rendered":"<p>Universalios P.A.L. Pop-And-Lock\u00ae pritaikymo parinktys, padedan\u010dios susikurti tobul\u0105 kepsnin\u0119, atitinkan\u010di\u0105 j\u016bs\u0173 maisto gaminimo stili\u0173.<\/p>\n<p>\"Smart Combustion\u2122\" degimo optimizavimo technologija.<\/p>\n<p>Visi\u0161kai izoliuota dvigub\u0173 sien\u0173 konstrukcija.<\/p>\n<p>Nauja pelen\u0173 ir riebal\u0173 surinkimo sistema EZ-Clean\u2122.<\/p>\n<p>\"WiFIRE\u00ae\" ry\u0161ys ir (arba) taikymas, \"Super Smoke\u00ae\" pagalbin\u0117 funkcija. Spalvotas jutiklinis ekranas.<\/p>\n<p>Su ModiFIRE\u00ae suderinami kepsnin\u0117s grotel\u0117s, r\u0117mai, pagrindai. Kepimo lemput\u0117.<\/p>\n<p>Galima integruoti \u012f baldus.<\/p>\n<p>10 met\u0173 ribota garantija.<\/p>\n<p>&nbsp;<\/p>\n<p><strong>Rinkin\u012f sudaro<\/strong><\/p>\n<p>2 m\u0117sos zondai<\/p>\n<p>Prietais\u0173 skydelis,<\/p>\n<p>Apatin\u0117 lentyna<\/p>\n<p>ModiFIRE kra\u0161tai<\/p>\n<p>Grilio zonos \u0161viestuvas<\/p>\n<p>Granuli\u0173 jutiklis<\/p>\n<p>\"Ironwood\" yra ant gra\u017eaus r\u0117mo su ratukais, tod\u0117l j\u012f labai lengva perkelti.<\/p>\n<p>Ai\u0161kus ir lengvai \u012fskaitomas valdymo skydelis su WIFIRE parengtimi - valdykite kepsnin\u0119 i\u0161 mobiliojo telefono, kad ir kur b\u016btum\u0117te.<\/p>\n<p>&nbsp;<\/p>\n<p><strong>Technin\u0117 informacija <\/strong><\/p>\n<p>Kepimo plotas: 3900 cm\u00b2<\/p>\n<p>Grilio matmenys: 150 x 120 x 100 cm<\/p>\n<p>Svoris 90 kg<\/p>","protected":false},"excerpt":{"rendered":"<p>Pakelkite maisto ruo\u0161imo lyg\u012f su naujomis \"Ironwood\" kepsnin\u0117mis, turin\u010diomis pa\u017eangi\u0173 funkcij\u0173, kad kaskart pasiektum\u0117te puiki\u0173 rezultat\u0173.<\/p>\n<p>&nbsp;<\/p>\n<p><img loading=\"lazy\" decoding=\"async\" class=\"size-medium wp-image-1509\" src=\"https:\/\/tammetorubbq.ee\/wp-content\/uploads\/2024\/03\/traeger-grills-logo-vector-300x167.png\" alt=\"Traeger logotipas\" width=\"300\" height=\"167\" srcset=\"https:\/\/tammetorubbq.ee\/wp-content\/uploads\/2024\/03\/traeger-grills-logo-vector-300x167.png 300w, https:\/\/tammetorubbq.ee\/wp-content\/uploads\/2024\/03\/traeger-grills-logo-vector-768x427.png 768w, https:\/\/tammetorubbq.ee\/wp-content\/uploads\/2024\/03\/traeger-grills-logo-vector-18x10.png 18w, https:\/\/tammetorubbq.ee\/wp-content\/uploads\/2024\/03\/traeger-grills-logo-vector-600x333.png 600w, https:\/\/tammetorubbq.ee\/wp-content\/uploads\/2024\/03\/traeger-grills-logo-vector-64x36.png 64w, https:\/\/tammetorubbq.ee\/wp-content\/uploads\/2024\/03\/traeger-grills-logo-vector.png 900w\" sizes=\"auto, (max-width: 300px) 100vw, 300px\" \/><\/p>\n<p><a href=\"https:\/\/tammetorubbq.ee\/lt\/sumoketi-veliau\/\"><strong>PIRKITE DABAR, MOK\u0116KITE V\u0116LIAU<\/strong><\/a>\u00a0- be pal\u016bkan\u0173!<\/p>\n<p><img loading=\"lazy\" decoding=\"async\" class=\"alignnone wp-image-2646\" src=\"http:\/\/tammetorubbq.ee\/wp-content\/uploads\/2023\/12\/inbank-wordmark.png\" alt=\"Inbank\" width=\"167\" height=\"75\" srcset=\"https:\/\/tammetorubbq.ee\/wp-content\/uploads\/2023\/12\/inbank-wordmark.png 300w, https:\/\/tammetorubbq.ee\/wp-content\/uploads\/2023\/12\/inbank-wordmark-18x8.png 18w, https:\/\/tammetorubbq.ee\/wp-content\/uploads\/2023\/12\/inbank-wordmark-64x29.png 64w\" sizes=\"auto, (max-width: 167px) 100vw, 167px\" \/><\/p>\n<p>Taip pat si\u016blome galimyb\u0119 sumok\u0117ti v\u0117liau - viena, dviem arba trimis lygiomis dalimis be joki\u0173 pal\u016bkan\u0173 ar papildom\u0173 mokes\u010di\u0173.<\/p>\n<p>M\u016bs\u0173 pirkini\u0173 krep\u0161elyje rasite \u012fvairi\u0173 mok\u0117jimo b\u016bd\u0173 pasirinkim\u0105.<\/p>","protected":false},"featured_media":531,"comment_status":"open","ping_status":"closed","template":"","meta":{"_uf_show_specific_survey":0,"_uf_disable_surveys":false},"pwb-brand":[62],"product_brand":[],"product_cat":[53,20,56],"product_tag":[135,141],"class_list":{"0":"post-530","1":"product","2":"type-product","3":"status-publish","4":"has-post-thumbnail","6":"pwb-brand-traeger","7":"product_cat-grillid","8":"product_cat-kampaania","9":"product_cat-pelletgrillid","10":"product_tag-pelletgrillid","11":"product_tag-traeger","13":"first","14":"instock","15":"sale","16":"taxable","17":"shipping-taxable","18":"purchasable","19":"product-type-simple"},"brands":[{"id":62,"name":"Traeger","slug":"traeger"}],"_links":{"self":[{"href":"https:\/\/tammetorubbq.ee\/lt\/wp-json\/wp\/v2\/product\/530","targetHints":{"allow":["GET"]}}],"collection":[{"href":"https:\/\/tammetorubbq.ee\/lt\/wp-json\/wp\/v2\/product"}],"about":[{"href":"https:\/\/tammetorubbq.ee\/lt\/wp-json\/wp\/v2\/types\/product"}],"replies":[{"embeddable":true,"href":"https:\/\/tammetorubbq.ee\/lt\/wp-json\/wp\/v2\/comments?post=530"}],"wp:featuredmedia":[{"embeddable":true,"href":"https:\/\/tammetorubbq.ee\/lt\/wp-json\/wp\/v2\/media\/531"}],"wp:attachment":[{"href":"https:\/\/tammetorubbq.ee\/lt\/wp-json\/wp\/v2\/media?parent=530"}],"wp:term":[{"taxonomy":"pwb-brand","embeddable":true,"href":"https:\/\/tammetorubbq.ee\/lt\/wp-json\/wp\/v2\/pwb-brand?post=530"},{"taxonomy":"product_brand","embeddable":true,"href":"https:\/\/tammetorubbq.ee\/lt\/wp-json\/wp\/v2\/product_brand?post=530"},{"taxonomy":"product_cat","embeddable":true,"href":"https:\/\/tammetorubbq.ee\/lt\/wp-json\/wp\/v2\/product_cat?post=530"},{"taxonomy":"product_tag","embeddable":true,"href":"https:\/\/tammetorubbq.ee\/lt\/wp-json\/wp\/v2\/product_tag?post=530"}],"curies":[{"name":"wp","href":"https:\/\/api.w.org\/{rel}","templated":true}]}}