{"id":5328,"date":"2026-02-01T12:56:10","date_gmt":"2026-02-01T10:56:10","guid":{"rendered":"https:\/\/tammetorubbq.ee\/?post_type=product&#038;p=5328"},"modified":"2026-04-06T02:01:03","modified_gmt":"2026-04-05T23:01:03","slug":"smeg-veekeedukann-50ndate-stiil-matt-smaragdroheline-2","status":"publish","type":"product","link":"https:\/\/tammetorubbq.ee\/lt\/produktas\/smeg-veekeedukann-50ndate-stiil-matt-smaragdroheline-2\/","title":{"rendered":"Smeg veekeedukann 50`ndate stiil (matt tormisinine)"},"content":{"rendered":"<h3 class=\"text-xl font-semibold\">Techniniai duomenys<\/h3>\n<div class=\"divider m-1\"><\/div>\n<table class=\"table text-base\">\n<tbody>\n<tr>\n<th class=\"align-top w-1\/2 pl-0 py-1\">Prek\u0117s \u017eenklas<\/th>\n<td class=\"align-top w-1\/2 py-1\">Smeg<\/td>\n<\/tr>\n<tr>\n<th class=\"align-top w-1\/2 pl-0 py-1\">Veekeedukannu t\u00fc\u00fcp<\/th>\n<td class=\"align-top w-1\/2 py-1\">Elektriline veekeetja<\/td>\n<\/tr>\n<tr>\n<th class=\"align-top w-1\/2 pl-0 py-1\">Disain<\/th>\n<td class=\"align-top w-1\/2 py-1\">50\u00b4ndate stiil<\/td>\n<\/tr>\n<tr>\n<th class=\"align-top w-1\/2 pl-0 py-1\">Nimiv\u00f5imsus W<\/th>\n<td class=\"align-top w-1\/2 py-1\">2400<\/td>\n<\/tr>\n<tr>\n<th class=\"align-top w-1\/2 pl-0 py-1\">V\u00e4rvus<\/th>\n<td class=\"align-top w-1\/2 py-1\">Sinine<\/td>\n<\/tr>\n<tr>\n<th class=\"align-top w-1\/2 pl-0 py-1\">Maht l<\/th>\n<td class=\"align-top w-1\/2 py-1\">1,7<\/td>\n<\/tr>\n<tr>\n<th class=\"align-top w-1\/2 pl-0 py-1\">Med\u017eiaga i\u0161<\/th>\n<td class=\"align-top w-1\/2 py-1\">rv-teras<\/td>\n<\/tr>\n<tr>\n<th class=\"align-top w-1\/2 pl-0 py-1\">Pakendi k\u00f5rgus<\/th>\n<td class=\"align-top w-1\/2 py-1\">26<\/td>\n<\/tr>\n<tr>\n<th class=\"align-top w-1\/2 pl-0 py-1\">Pakendi laius<\/th>\n<td class=\"align-top w-1\/2 py-1\">27,3<\/td>\n<\/tr>\n<tr>\n<th class=\"align-top w-1\/2 pl-0 py-1\">Pakendi s\u00fcgavus<\/th>\n<td class=\"align-top w-1\/2 py-1\">22,8<\/td>\n<\/tr>\n<\/tbody>\n<\/table>\n<h3 data-start=\"107\" data-end=\"150\">Smeg \u2013 stiil ja kvaliteet teie k\u00f6\u00f6gis<\/h3>\n<p data-start=\"152\" data-end=\"502\">Avastage Smeg v\u00e4ikeelektroonika, mis \u00fchendab\u00a0<strong>Itaalia disain<\/strong>i, funktsionaalsuse ja kvaliteedi. Alates retrostiilis r\u00f6steritest ja kohvimasinatest kuni modernsete blenderite ja veekeetjateni \u2013 Smeg tooted toovad teie k\u00f6\u00f6ki erilise elegantsi. Iga seade on loodud vastupidavaks ja mugavaks kasutamiseks, pakkudes samal ajal stiilset visuaalset elamust.<\/p>\n<p data-start=\"504\" data-end=\"611\">Valige Smeg ja muutke igap\u00e4evane toiduvalmistamine nauditavaks \u2013 sest hea disain ei ole kunagi \u00fcleliigne.<\/p>\n<p>&nbsp;<\/p>","protected":false},"excerpt":{"rendered":"<h4>Smeg stiilne ja funktsionaalne elektriline veekeedukann mahutavusega 1,7\u202fl.<\/h4>\n<p data-start=\"197\" data-end=\"389\">Smeg KLF03 mahutavusega 1,7L elektriline veekeedukann v\u00f5imaldab lihtsalt valmistada igasuguseid kuumi jooke. T\u00e4nu pehmele kaane avamisele ja 360\u00b0 p\u00f6\u00f6ratavale alusele on kasutamine mugav igal ajal.<\/p>\n<ul data-start=\"391\" data-end=\"1140\">\n<li data-start=\"391\" data-end=\"477\">\n<p data-start=\"393\" data-end=\"477\"><strong data-start=\"393\" data-end=\"412\">Mahutavus 1,7\u202fl<\/strong>\u00a0\u2013 v\u00f5imaldab valmistada kuni 7 tassi, sobides igaks olukorraks.<\/p>\n<\/li>\n<li data-start=\"478\" data-end=\"588\">\n<p data-start=\"480\" data-end=\"588\"><strong data-start=\"480\" data-end=\"512\">Pehme avamine (Soft Opening)<\/strong>\u00a0\u2013 kaant saab lihtsalt avada keskse nupu abil, mis teeb t\u00e4itmise mugavaks.<\/p>\n<\/li>\n<li data-start=\"589\" data-end=\"707\">\n<p data-start=\"591\" data-end=\"707\"><strong data-start=\"591\" data-end=\"611\">Soolakivi filter<\/strong>\u00a0\u2013 eemaldatav ja pestav roostevabast terasest filter v\u00e4hendab loodusliku soolakivi kogunemist.<\/p>\n<\/li>\n<li data-start=\"708\" data-end=\"864\">\n<p data-start=\"710\" data-end=\"864\"><strong data-start=\"710\" data-end=\"732\">360\u00b0 p\u00f6\u00f6ratav alus<\/strong>\u00a0\u2013 kannu saab asetada mistahes asendisse, alus on varustatud ka mugava juhtmehoidjaga. Libisemiskindlad jalad tagavad stabiilsuse.<\/p>\n<\/li>\n<li data-start=\"865\" data-end=\"955\">\n<p data-start=\"867\" data-end=\"955\"><strong data-start=\"867\" data-end=\"894\">Automatinis i\u0161jungimas<\/strong>\u00a0\u2013 kann l\u00fclitub automaatselt v\u00e4lja, kui vesi keeb (100\u202f\u00b0C).<\/p>\n<\/li>\n<li data-start=\"956\" data-end=\"1056\">\n<p data-start=\"958\" data-end=\"1056\"><strong data-start=\"958\" data-end=\"1000\">Emailitud roostevabast terasest korpus<\/strong>\u00a0\u2013 tagab suurep\u00e4rase soojusjuhtivuse ja vastupidavuse.<\/p>\n<\/li>\n<li data-start=\"1057\" data-end=\"1140\">\n<p data-start=\"1059\" data-end=\"1140\"><strong data-start=\"1059\" data-end=\"1077\">Kiire keetmine<\/strong>\u00a0\u2013 kuumade jookide valmistamine on efektiivne ja ajas\u00e4\u00e4stlik.<\/p>\n<\/li>\n<\/ul>\n<p>&nbsp;<\/p>\n<p><img loading=\"lazy\" decoding=\"async\" class=\"wp-image-4840\" src=\"http:\/\/tammetorubbq.ee\/wp-content\/uploads\/2026\/01\/Smeg_logo.svg-300x60.png\" alt=\"Smeg\" width=\"230\" height=\"46\" srcset=\"https:\/\/tammetorubbq.ee\/wp-content\/uploads\/2026\/01\/Smeg_logo.svg-300x60.png 300w, https:\/\/tammetorubbq.ee\/wp-content\/uploads\/2026\/01\/Smeg_logo.svg-1024x204.png 1024w, https:\/\/tammetorubbq.ee\/wp-content\/uploads\/2026\/01\/Smeg_logo.svg-768x153.png 768w, https:\/\/tammetorubbq.ee\/wp-content\/uploads\/2026\/01\/Smeg_logo.svg-1536x305.png 1536w, https:\/\/tammetorubbq.ee\/wp-content\/uploads\/2026\/01\/Smeg_logo.svg-2048x407.png 2048w, https:\/\/tammetorubbq.ee\/wp-content\/uploads\/2026\/01\/Smeg_logo.svg-18x4.png 18w, https:\/\/tammetorubbq.ee\/wp-content\/uploads\/2026\/01\/Smeg_logo.svg-600x119.png 600w, https:\/\/tammetorubbq.ee\/wp-content\/uploads\/2026\/01\/Smeg_logo.svg-64x13.png 64w\" sizes=\"auto, (max-width: 230px) 100vw, 230px\" \/><\/p>\n<p>&nbsp;<\/p>\n<p><a href=\"https:\/\/tammetorubbq.ee\/lt\/sumoketi-veliau\/\"><strong>PIRKITE DABAR, MOK\u0116KITE V\u0116LIAU<\/strong><\/a>\u00a0- be pal\u016bkan\u0173!<\/p>\n<p><img loading=\"lazy\" decoding=\"async\" class=\"alignnone wp-image-2646\" src=\"http:\/\/tammetorubbq.ee\/wp-content\/uploads\/2023\/12\/inbank-wordmark.png\" alt=\"\" width=\"167\" height=\"75\" srcset=\"https:\/\/tammetorubbq.ee\/wp-content\/uploads\/2023\/12\/inbank-wordmark.png 300w, https:\/\/tammetorubbq.ee\/wp-content\/uploads\/2023\/12\/inbank-wordmark-18x8.png 18w, https:\/\/tammetorubbq.ee\/wp-content\/uploads\/2023\/12\/inbank-wordmark-64x29.png 64w\" sizes=\"auto, (max-width: 167px) 100vw, 167px\" \/><\/p>\n<p>Taip pat si\u016blome galimyb\u0119 sumok\u0117ti v\u0117liau - viena, dviem arba trimis lygiomis dalimis be joki\u0173 pal\u016bkan\u0173 ar papildom\u0173 mokes\u010di\u0173.<\/p>\n<p>M\u016bs\u0173 pirkini\u0173 krep\u0161elyje rasite \u012fvairi\u0173 mok\u0117jimo b\u016bd\u0173 pasirinkim\u0105.<\/p>","protected":false},"featured_media":5333,"comment_status":"closed","ping_status":"closed","template":"","meta":{"_uf_show_specific_survey":0,"_uf_disable_surveys":false},"pwb-brand":[275],"product_brand":[],"product_cat":[269],"product_tag":[306,276,287,286],"class_list":{"0":"post-5328","1":"product","2":"type-product","3":"status-publish","4":"has-post-thumbnail","6":"pwb-brand-smeg","7":"product_cat-veekeedukannud","8":"product_tag-matt-tormisinine","9":"product_tag-smeg","10":"product_tag-smeg-klf03","11":"product_tag-veekeedukann","13":"first","14":"instock","15":"taxable","16":"shipping-taxable","17":"purchasable","18":"product-type-simple"},"brands":[{"id":275,"name":"Smeg","slug":"smeg"}],"_links":{"self":[{"href":"https:\/\/tammetorubbq.ee\/lt\/wp-json\/wp\/v2\/product\/5328","targetHints":{"allow":["GET"]}}],"collection":[{"href":"https:\/\/tammetorubbq.ee\/lt\/wp-json\/wp\/v2\/product"}],"about":[{"href":"https:\/\/tammetorubbq.ee\/lt\/wp-json\/wp\/v2\/types\/product"}],"replies":[{"embeddable":true,"href":"https:\/\/tammetorubbq.ee\/lt\/wp-json\/wp\/v2\/comments?post=5328"}],"wp:featuredmedia":[{"embeddable":true,"href":"https:\/\/tammetorubbq.ee\/lt\/wp-json\/wp\/v2\/media\/5333"}],"wp:attachment":[{"href":"https:\/\/tammetorubbq.ee\/lt\/wp-json\/wp\/v2\/media?parent=5328"}],"wp:term":[{"taxonomy":"pwb-brand","embeddable":true,"href":"https:\/\/tammetorubbq.ee\/lt\/wp-json\/wp\/v2\/pwb-brand?post=5328"},{"taxonomy":"product_brand","embeddable":true,"href":"https:\/\/tammetorubbq.ee\/lt\/wp-json\/wp\/v2\/product_brand?post=5328"},{"taxonomy":"product_cat","embeddable":true,"href":"https:\/\/tammetorubbq.ee\/lt\/wp-json\/wp\/v2\/product_cat?post=5328"},{"taxonomy":"product_tag","embeddable":true,"href":"https:\/\/tammetorubbq.ee\/lt\/wp-json\/wp\/v2\/product_tag?post=5328"}],"curies":[{"name":"wp","href":"https:\/\/api.w.org\/{rel}","templated":true}]}}