{"id":534,"date":"2023-12-03T15:15:49","date_gmt":"2023-12-03T13:15:49","guid":{"rendered":"https:\/\/tammetorubbq.ee\/?post_type=product&#038;p=534"},"modified":"2026-04-20T02:00:33","modified_gmt":"2026-04-19T23:00:33","slug":"granuliu-kepsnine-traeger-pro-22","status":"publish","type":"product","link":"https:\/\/tammetorubbq.ee\/lt\/produktas\/granuliu-kepsnine-traeger-pro-22\/","title":{"rendered":"Granuli\u0173 kepsnin\u0117 Traeger Pro 22"},"content":{"rendered":"<p>D\u0117l paprasto valdymo skydelio, tvirto korpuso ir lengvos prie\u017ei\u016bros \u0161is prietaisas ilgus metus bus tikras buitinis prietaisas. Statin\u0117s formos kepimo kamera pagaminta i\u0161 milteliniu b\u016bdu da\u017eyto auk\u0161tos kokyb\u0117s plieno, kuris d\u0117l savo formos u\u017etikrina puik\u0173 \u0161ilumos ir d\u016bm\u0173 pasiskirstym\u0105 visame grilyje. D\u0117l to ant dviej\u0173 lygi\u0173 emaliuot\u0173 plienini\u0173 groteli\u0173 tolygiai kepa maistas abiejuose lygiuose.<\/p>\n<p>Valdymo skydelyje galite nustatyti temperat\u016br\u0105 ir pasirinkti gesinimo re\u017eim\u0105, kad nustotum\u0117te kepti. Grilyje yra du zondai m\u0117sos vidaus temperat\u016brai steb\u0117ti. Vien\u0105 kart\u0105 paspaudus mygtuk\u0105 \"Zondas\", bus rodoma pirmojo zondo temperat\u016bra, paspaudus du kartus - antrojo zondo temperat\u016bra.<\/p>\n<p>Tiksliai sureguliuota grilio temperat\u016bros pusiausvyra ir skaitmenin\u0117 valdymo sistema u\u017etikrina skan\u0173 galutin\u012f rezultat\u0105. Granuli\u0173 i\u0161leidimo anga leid\u017eia greitai pa\u0161alinti sudegusias granules.<\/p>\n<p>\"Traeger\" kultinis 22 coli\u0173 grilis visu savo gro\u017eiu. Tikra retro ma\u0161ina. Met\u0173 pardavimai parod\u0117, kad tai itin patvarus modelis. D\u0117l paprasto valdymo skydelio, tvirto korpuso ir nesud\u0117tingos prie\u017ei\u016bros jis ilgus metus bus tikras nam\u0173 prietaisas. Statin\u0117s formos kepimo kamera pagaminta i\u0161 milteliniu b\u016bdu da\u017eyto kokybi\u0161ko plieno, kuris d\u0117l savo formos u\u017etikrina puik\u0173 \u0161ilumos ir d\u016bm\u0173 pasiskirstym\u0105 visame grilyje. D\u0117l to ant dviej\u0173 lygi\u0173 emaliuot\u0173 plienini\u0173 groteli\u0173 tolygiai kepa maistas abiejuose lygiuose. Temperat\u016br\u0105 galima nustatyti valdymo pulte, o norint nutraukti kepim\u0105, galima pasirinkti gesinimo re\u017eim\u0105. Prie grilio pridedami du zondai m\u0117sos vidaus temperat\u016brai steb\u0117ti. Vien\u0105 kart\u0105 paspaudus mygtuk\u0105 \"Zondas\", rodoma pirmojo zondo temperat\u016bra, o paspaudus du kartus - antrojo zondo temperat\u016bra. Tiksliai sureguliuotas grilio temperat\u016bros balansas ir skaitmenin\u0117 valdymo sistema u\u017etikrina skan\u0173 galutin\u012f rezultat\u0105. Granuli\u0173 i\u0161leidimo anga leid\u017eia greitai pa\u0161alinti sudegusias granules.<\/p>\n<ul>\n<li>Granuli\u0173 bunkerio talpa 8 kg<\/li>\n<li>Kepimo zonos plotas 3690 cm\u00b2<\/li>\n<li>Pirmasis grilio stovas 56 x 48 cm<\/li>\n<li>Antrasis, vir\u0161utinis grilio stovas 56 x 18 cm<\/li>\n<li>Du m\u0117sos \u0161erdies temperat\u016bros zondai<\/li>\n<li>Riebal\u0173 kibiras riebal\u0173 pertekliui saugoti<\/li>\n<li>Apvadin\u0117 lenta riebalams nutek\u0117ti (u\u017edengti pl\u0117vele)<\/li>\n<li>Matmenys 104 x 69 x 124 cm<\/li>\n<li>Svoris 47 kg<\/li>\n<\/ul>\n<p>&nbsp;<\/p>\n<p><strong>Technin\u0117 informacija<\/strong><\/p>\n<p>Kepimo plotas: 3690 cm\u00b2<\/p>\n<p>Kepimo pavir\u0161ius: 56 x 45 cm ir 56 x 18 cm<\/p>\n<p>Grilio matmenys: 104 x 69 x 124 cm<\/p>\n<p>Statin\u0117s skersmuo: 55,8 cm<\/p>","protected":false},"excerpt":{"rendered":"<p>\"Traeger PRO 22\" granulin\u0117 kepsnin\u0117 yra geriausiai parduodama granulin\u0117 kepsnin\u0117 pasaulyje, tikras granulini\u0173 kepsnini\u0173 kokyb\u0117s ir ilgaam\u017ei\u0161kumo etalonas. Tikra retro ma\u0161ina.<\/p>\n<p>Met\u0173 pardavimai parod\u0117, kad tai itin patvarus modelis.<\/p>\n<h6>Saadaval j\u00e4reltellimisel &#8211; enne ostu uuri tarnet.<\/h6>\n<p><img loading=\"lazy\" decoding=\"async\" class=\"size-medium wp-image-1509\" src=\"https:\/\/tammetorubbq.ee\/wp-content\/uploads\/2024\/03\/traeger-grills-logo-vector-300x167.png\" alt=\"Traeger logotipas\" width=\"300\" height=\"167\" srcset=\"https:\/\/tammetorubbq.ee\/wp-content\/uploads\/2024\/03\/traeger-grills-logo-vector-300x167.png 300w, https:\/\/tammetorubbq.ee\/wp-content\/uploads\/2024\/03\/traeger-grills-logo-vector-768x427.png 768w, https:\/\/tammetorubbq.ee\/wp-content\/uploads\/2024\/03\/traeger-grills-logo-vector-18x10.png 18w, https:\/\/tammetorubbq.ee\/wp-content\/uploads\/2024\/03\/traeger-grills-logo-vector-600x333.png 600w, https:\/\/tammetorubbq.ee\/wp-content\/uploads\/2024\/03\/traeger-grills-logo-vector-64x36.png 64w, https:\/\/tammetorubbq.ee\/wp-content\/uploads\/2024\/03\/traeger-grills-logo-vector.png 900w\" sizes=\"auto, (max-width: 300px) 100vw, 300px\" \/><\/p>\n<p><a href=\"https:\/\/tammetorubbq.ee\/lt\/sumoketi-veliau\/\"><strong>PIRKITE DABAR, MOK\u0116KITE V\u0116LIAU<\/strong><\/a>\u00a0- be pal\u016bkan\u0173!<\/p>\n<p><img loading=\"lazy\" decoding=\"async\" class=\"alignnone wp-image-2646\" src=\"http:\/\/tammetorubbq.ee\/wp-content\/uploads\/2023\/12\/inbank-wordmark.png\" alt=\"Inbank\" width=\"167\" height=\"75\" srcset=\"https:\/\/tammetorubbq.ee\/wp-content\/uploads\/2023\/12\/inbank-wordmark.png 300w, https:\/\/tammetorubbq.ee\/wp-content\/uploads\/2023\/12\/inbank-wordmark-18x8.png 18w, https:\/\/tammetorubbq.ee\/wp-content\/uploads\/2023\/12\/inbank-wordmark-64x29.png 64w\" sizes=\"auto, (max-width: 167px) 100vw, 167px\" \/><\/p>\n<p>Taip pat si\u016blome galimyb\u0119 sumok\u0117ti v\u0117liau - viena, dviem arba trimis lygiomis dalimis be joki\u0173 pal\u016bkan\u0173 ar papildom\u0173 mokes\u010di\u0173.<\/p>\n<p>M\u016bs\u0173 pirkini\u0173 krep\u0161elyje rasite \u012fvairi\u0173 mok\u0117jimo b\u016bd\u0173 pasirinkim\u0105.<\/p>","protected":false},"featured_media":535,"comment_status":"open","ping_status":"closed","template":"","meta":{"_uf_show_specific_survey":0,"_uf_disable_surveys":false},"pwb-brand":[62],"product_brand":[],"product_cat":[53,56],"product_tag":[135,141],"class_list":{"0":"post-534","1":"product","2":"type-product","3":"status-publish","4":"has-post-thumbnail","6":"pwb-brand-traeger","7":"product_cat-grillid","8":"product_cat-pelletgrillid","9":"product_tag-pelletgrillid","10":"product_tag-traeger","12":"first","13":"instock","14":"taxable","15":"shipping-taxable","16":"purchasable","17":"product-type-simple"},"brands":[{"id":62,"name":"Traeger","slug":"traeger"}],"_links":{"self":[{"href":"https:\/\/tammetorubbq.ee\/lt\/wp-json\/wp\/v2\/product\/534","targetHints":{"allow":["GET"]}}],"collection":[{"href":"https:\/\/tammetorubbq.ee\/lt\/wp-json\/wp\/v2\/product"}],"about":[{"href":"https:\/\/tammetorubbq.ee\/lt\/wp-json\/wp\/v2\/types\/product"}],"replies":[{"embeddable":true,"href":"https:\/\/tammetorubbq.ee\/lt\/wp-json\/wp\/v2\/comments?post=534"}],"wp:featuredmedia":[{"embeddable":true,"href":"https:\/\/tammetorubbq.ee\/lt\/wp-json\/wp\/v2\/media\/535"}],"wp:attachment":[{"href":"https:\/\/tammetorubbq.ee\/lt\/wp-json\/wp\/v2\/media?parent=534"}],"wp:term":[{"taxonomy":"pwb-brand","embeddable":true,"href":"https:\/\/tammetorubbq.ee\/lt\/wp-json\/wp\/v2\/pwb-brand?post=534"},{"taxonomy":"product_brand","embeddable":true,"href":"https:\/\/tammetorubbq.ee\/lt\/wp-json\/wp\/v2\/product_brand?post=534"},{"taxonomy":"product_cat","embeddable":true,"href":"https:\/\/tammetorubbq.ee\/lt\/wp-json\/wp\/v2\/product_cat?post=534"},{"taxonomy":"product_tag","embeddable":true,"href":"https:\/\/tammetorubbq.ee\/lt\/wp-json\/wp\/v2\/product_tag?post=534"}],"curies":[{"name":"wp","href":"https:\/\/api.w.org\/{rel}","templated":true}]}}