{"id":538,"date":"2023-12-03T15:19:01","date_gmt":"2023-12-03T13:19:01","guid":{"rendered":"https:\/\/tammetorubbq.ee\/?post_type=product&#038;p=538"},"modified":"2026-04-20T02:00:29","modified_gmt":"2026-04-19T23:00:29","slug":"granuliu-kepsnine-traeger-pro-d2-575-wifi","status":"publish","type":"product","link":"https:\/\/tammetorubbq.ee\/lt\/produktas\/granuliu-kepsnine-traeger-pro-d2-575-wifi\/","title":{"rendered":"Granuli\u0173 kepsnin\u0117 Traeger Pro D2 575 WIFI"},"content":{"rendered":"<p>\u0160i tvirta granuli\u0173 kepsnin\u0117 turi sandar\u0173 kepsnin\u0117s korpus\u0105, kuris u\u017etikrina geriausi\u0105 \u0161ilumos ir aromato perdavim\u0105 maistui. Statin\u0117s formos kepsnin\u0117s korpusas pagamintas i\u0161 auk\u0161tos kokyb\u0117s milteliniu b\u016bdu da\u017eyto plieno.<\/p>\n<p>Kepsnin\u0117 yra dviej\u0173 lygi\u0173 ant porcelianu emaliuoto plieno groteli\u0173, kurias galima lengvai nuimti.<\/p>\n<p>\"Traeger PRO\" \u012frengta WIFIRE\u00ae funkcija. Naudodamiesi \"Traeger\" program\u0117le galite lengvai valdyti kepsnin\u0119 ir jos temperat\u016br\u0105 i\u0161 savo telefono. Taip pat galite naudoti \"Traeger\" program\u0117l\u0119 kepsninei skirtiems receptams per\u017ei\u016br\u0117ti ir sekti.<\/p>\n<p>Temperat\u016bros reguliavimas nuo 75 \u00b0C iki 260 \u00b0C. Grilio ir maisto produkt\u0173 temperat\u016bros jutikliai neprivalomi.<\/p>\n<p>D2\u00ae technologijos transmisija ir \"TurboTemp\" \u0161ilumos reguliavimas grei\u010diau \u012fkaitina kepsnin\u0119.<\/p>\n<p>Granuli\u0173 kameros talpa 8 kg. Per granuli\u0173 i\u0161leidimo ang\u0105 galima greitai i\u0161tu\u0161tinti granules ir papildyti granuli\u0173 talpykl\u0105 tinkamiausiomis granul\u0117mis maisto gaminimui.<\/p>\n<p>WOOD CHECKER indikatorius rodo granuli\u0173 kiek\u012f kameroje.<\/p>\n<p>GRILI\u0172 VALDYMO SISTEMA (per \"Traeger\" program\u0117l\u0119).<\/p>\n<p>Funkcija KEEP WARM i\u0161laiko tinkam\u0105 maisto temperat\u016br\u0105 iki patiekimo.<\/p>\n<p>Mobili\u0105ja program\u0117le valdoma \"Traeger\" granuli\u0173 kepsnin\u0117 PRO575 suteikia galimyb\u0119 kepti kepsnius, kad ir kur b\u016btum\u0117te - \u017eygyje mi\u0161ke, s\u0117dint fotelyje ar m\u0117gaujantis pirtimi su draugais. Viskas, ko jums reikia, kad gal\u0117tum\u0117te m\u0117gautis \u0161iuo patogumu, yra \"Traeger\" kepsnin\u0117 ir su i\u0161maniuoju telefonu suderinama program\u0117l\u0117.<\/p>\n<p><strong>Su PRO 575 kepsnin\u0119 gal\u0117site kepti s\u0117d\u0117dami fotelyje!<\/strong><br \/>\nNaudodami \"Traeger Digital Controller ProD2 WiFi\" valdikl\u012f ir atitinkam\u0105 i\u0161maniojo telefono program\u0117l\u0119 galite valdyti ir d\u016bm\u0173 kiek\u012f, ir kar\u0161t\u012f. Telefonu galite \u012fjungti ir i\u0161jungti prietais\u0105, nustatyti kepimo laik\u0105 ir t. t. Temperat\u016br\u0105 galima pasirinkti nuo 73 \u00b0C iki 260 \u00b0C (reguliavimo \u017eingsnis 5 \u00b0C).<br \/>\nGrilis turi ner\u016bdijan\u010dio plieno emaliuotas groteles. Didel\u0117s apatin\u0117s grotel\u0117s ir ma\u017eesn\u0117s vir\u0161utin\u0117s grotel\u0117s. Abi grotel\u0117s kepa vienodai, tik dvi grotel\u0117s, kad vienu metu b\u016bt\u0173 galima kepti daugiau maisto produkt\u0173.<br \/>\nKepkite ant groteli\u0173, r\u016bkykite, kepkite, tro\u0161kinkite, skrudinkite ar ruo\u0161kite klasikinius kepsnius - visa tai su nat\u016braliomis medienos granul\u0117mis. I\u0161sirinkite m\u0117gstamiausias i\u0161 septyni\u0173 100% nat\u016brali\u0173 granuli\u0173 ir pripildykite talpykl\u0105. Temperat\u016br\u0105 galite nustatyti rankiniu b\u016bdu arba naudodami speciali\u0105 \"Traeger\" program\u0117l\u0119. Pasirink\u0119 i\u0161 program\u0117l\u0117je pateikt\u0173 recept\u0173, nereik\u0117s n\u0117 menkiausi\u0173 pagrindini\u0173 kepimo ant groteli\u0173 \u017eini\u0173, kad pagamintum\u0117te gurmani\u0161k\u0105 patiekal\u0105. Paruo\u0161kite kepam\u0105 maist\u0105 pagal instrukcijas ir spustel\u0117kite nuorod\u0105 \"COOK NEW \", o \"Traeger\" kepsnin\u0117 viskuo pasir\u016bpins automati\u0161kai.<br \/>\nMa\u017edaug po keturi\u0173 minu\u010di\u0173 granul\u0117s bus paruo\u0161tos ir bus galima prad\u0117ti kepti. Spiralin\u0117 pavara stumia granules \u012f ugniakur\u0105 ir automati\u0161kai jas u\u017edega. Specialus ventiliatorius palaiko granuli\u0173 kaitr\u0105 kaip miniati\u016brin\u0117je kalv\u0117je. Traeger granuli\u0173 kepsnin\u0117 turi i\u0161lenkt\u0105 oval\u0173 korpus\u0105, kad temperat\u016bra ir d\u016bmai tobulai pasiskirstyt\u0173 visame kepsnin\u0117s pavir\u0161iuje. La\u0161antys riebalai ir kitos kepimo atliekos tarpine nukreipiamos \u012f drena\u017eo kanal\u0105, o i\u0161 jo pro ang\u0105 - \u012f riebal\u0173 gaudykl\u0119, kaban\u010di\u0105 kepsnin\u0117s \u0161one.<\/p>\n<p>Grilio groteli\u0173 apa\u010di\u0105 verta u\u017edengti folija - taip jas bus lengviau valyti. Po kiekvieno naudojimo folijos keisti nereikia. Po tre\u010dio naudojimo folij\u0105 tiesiog i\u0161meskite \u012f \u0161iuk\u0161liad\u0117\u017e\u0119 ir pakeiskite nauja. Tuo pa\u010diu metu i\u0161valykite spiral\u0119 pelenais arba dulki\u0173 siurbliu. Tokia paprasta ir nesud\u0117tinga prie\u017ei\u016bra u\u017etikrins ilgaam\u017e\u012f kepsnin\u0117s veikim\u0105.<\/p>\n<p>Gamindami maist\u0105 rankiniu b\u016bdu taip pat galite kontroliuoti maisto vidaus temperat\u016br\u0105. \u0160iam tikslui kartu su kepsnine pateikiamas zondas. Prie\u0161 kepim\u0105 \u012fki\u0161kite zond\u0105 \u012f m\u0117s\u0105 ir vos vienu mygtuko paspaudimu pamatysite vidin\u0119 temperat\u016br\u0105. Kad b\u016bt\u0173 galima steb\u0117ti paties grilio vidaus temperat\u016br\u0105, grilyje \u012frengta speciali automatin\u0117 sistema, kuri temperat\u016br\u0105 tikrina 50 kart\u0173 per minut\u0119.<\/p>\n<p><strong>PUIKUS \u0160ILUMOS PASKIRSTYMAS<\/strong><br \/>\nVamzd\u012f dengia speciali plok\u0161t\u0117, kuri tolygiai paskirsto \u0161ilum\u0105 visoje kepsnin\u0117je. Apvali, ovalo formos kepsnin\u0117 padeda \u0161ilumai ir d\u016bmams pasklisti visur.<\/p>\n<p><strong>AUTOMATINIS GRANULI\u0172 BUNKERIS<\/strong><br \/>\nPripildykite bunker\u012f granuli\u0173 iki kra\u0161t\u0173, o bunkerio apa\u010dioje esanti spiralin\u0117 pavara u\u017etikrins, kad \u012f degimo kamer\u0105 patekt\u0173 reikiam\u0105 temperat\u016br\u0105 atitinkantis granuli\u0173 kiekis. Granuli\u0173 bunkerio talpa - 8,16 kg, t. y. \u0161iek tiek daugiau nei pus\u0117 standartinio mai\u0161o.<\/p>\n<p><strong>AUTOMATIZACIJA<\/strong><br \/>\nSpecialiu elektriniu u\u017edegikliu granul\u0117s u\u017edegamos degimo kameroje. U\u017euot u\u017edeg\u0119 ugn\u012f, i\u0161gerkite \u0161alto alaus, kepsnin\u0117 pati atliks nuobod\u0173 u\u017edegimo proces\u0105.<\/p>\n<p><strong>ENERGIJA\u00a0<\/strong><br \/>\nPrijunkite groteles prie elektros tinklo. Elektra reikalinga valdymo blokui ir \u0161ildytuvo ventiliatoriui valdyti.<br \/>\nEnergijos suvartojimas: 300 vat\u0173 per pirm\u0105sias keturias minutes ir tik 50 vat\u0173 per likus\u012f gaminimo laik\u0105.<\/p>\n<p><strong>AUTOMATINIS I\u0160JUNGIMAS<\/strong><br \/>\nBaigus kepti, ventiliatorius veikia dar penkias minutes, per kurias i\u0161 degimo bunkerio i\u0161valomi pelenai ir u\u017egesinamos degan\u010dios granul\u0117s.<\/p>\n<p><strong>GARANTIJA<\/strong><br \/>\n\"Traeger\" granulin\u0117ms kepsnin\u0117ms suteikiama trej\u0173 met\u0173 garantija.<\/p>\n<p>&nbsp;<\/p>\n<p><strong>Technin\u0117 informacija<\/strong><\/p>\n<p>Kepimo plotas: 3690 cm\u00b2<\/p>\n<p>Kepimo pavir\u0161ius: 56 x 48 cm ir 56 x 18 cm<\/p>\n<p>Grilio matmenys: 105 x 69 x 135 cm<\/p>\n<p>Statin\u0117s skersmuo: 55,8 cm<\/p>\n<p>Svoris: 58,06 kg<\/p>","protected":false},"excerpt":{"rendered":"<p><strong data-start=\"0\" data-end=\"39\">\"Traeger Pro D2 575 WiFi\" granuli\u0173 kepsnin\u0117 - <span style=\"color: #000080;\">GERIAUSIAI PASAULYJE PARDUODAMA GRANULI\u0172 KEPSNIN\u0116!<\/span><\/strong><\/p>\n<p>Tikrai i\u0161mani granuli\u0173 kepsnin\u0117, kurioje klasikinis d\u016bmo skonis dera su \u0161iuolaikin\u0117mis technologijomis! \"Traeger Pro 575\" idealiai tinka ir l\u0117tam r\u016bkymui, ir greitam kepimui. D2\u00ae valdymo sistema ir \"WiFIRE\u00ae\" technologija leid\u017eia patogiai valdyti kepsnin\u0119 tiesiai i\u0161 i\u0161maniojo telefono.<\/p>\n<ul data-start=\"331\" data-end=\"595\">\n<li data-start=\"331\" data-end=\"388\"><strong data-start=\"333\" data-end=\"349\">Barbekiu zona<\/strong>: 3690 cm\u00b2 - telpa iki 24 m\u0117saini\u0173<\/li>\n<li data-start=\"389\" data-end=\"427\"><strong data-start=\"391\" data-end=\"414\">Temperat\u016bros diapazonas<\/strong>: 73-260 \u00b0C<\/li>\n<li data-start=\"428\" data-end=\"460\"><strong data-start=\"430\" data-end=\"448\">\"WiFi\" ry\u0161ys<\/strong> (WiFIRE\u00ae)<\/li>\n<li data-start=\"461\" data-end=\"500\"><strong data-start=\"463\" data-end=\"477\">TurboTemp\u00ae<\/strong> - greitesnis \u0161ildymas<\/li>\n<li data-start=\"501\" data-end=\"530\"><strong data-start=\"503\" data-end=\"520\">Granuli\u0173 konteineris<\/strong>: 8,1 kg<\/li>\n<li data-start=\"531\" data-end=\"553\"><strong data-start=\"533\" data-end=\"541\">Svoris<\/strong>: apie 58 kg<\/li>\n<li data-start=\"554\" data-end=\"595\"><strong data-start=\"556\" data-end=\"570\">Pateik\u0117<\/strong>: patalp\u0173 temperat\u016bros zondas<\/li>\n<\/ul>\n<p data-start=\"597\" data-end=\"712\">Mitmek\u00fclgne: grillib, suitsutab, k\u00fcpsetab, r\u00f6stib ja hautab!<br data-start=\"660\" data-end=\"663\" \/>Juhi oma grilli mobiilist \u2013 lihtne ja t\u00e4pne!<\/p>\n<p data-start=\"714\" data-end=\"774\" data-is-last-node=\"\" data-is-only-node=\"\"><em>Tinka i\u0161rankiems nam\u0173 \u0161efams, vertinantiems skon\u012f ir patogum\u0105.<\/em><\/p>\n<p>\u017di\u016br\u0117kite \"Traeger Pro D2 575\" demonstracij\u0105 <strong><a href=\"https:\/\/youtu.be\/1Rqhcb3PB6g?si=CrGqRH0LY_53kDLU\">VIDEO<\/a><\/strong>.<\/p>\n<h6>Saadaval j\u00e4reltellimisel \u2013 enne ostu uuri tarnet.<\/h6>\n<p><img loading=\"lazy\" decoding=\"async\" class=\"wp-image-1509\" src=\"http:\/\/tammetorubbq.ee\/wp-content\/uploads\/2024\/03\/traeger-grills-logo-vector-300x167.png\" alt=\"Traeger logotipas\" width=\"165\" height=\"92\" srcset=\"https:\/\/tammetorubbq.ee\/wp-content\/uploads\/2024\/03\/traeger-grills-logo-vector-300x167.png 300w, https:\/\/tammetorubbq.ee\/wp-content\/uploads\/2024\/03\/traeger-grills-logo-vector-768x427.png 768w, https:\/\/tammetorubbq.ee\/wp-content\/uploads\/2024\/03\/traeger-grills-logo-vector-18x10.png 18w, https:\/\/tammetorubbq.ee\/wp-content\/uploads\/2024\/03\/traeger-grills-logo-vector-600x333.png 600w, https:\/\/tammetorubbq.ee\/wp-content\/uploads\/2024\/03\/traeger-grills-logo-vector-64x36.png 64w, https:\/\/tammetorubbq.ee\/wp-content\/uploads\/2024\/03\/traeger-grills-logo-vector.png 900w\" sizes=\"auto, (max-width: 165px) 100vw, 165px\" \/><\/p>\n<p>&nbsp;<\/p>\n<p><a href=\"https:\/\/tammetorubbq.ee\/lt\/sumoketi-veliau\/\"><strong>PIRKITE DABAR, MOK\u0116KITE V\u0116LIAU<\/strong><\/a>\u00a0- be pal\u016bkan\u0173!<\/p>\n<p><img loading=\"lazy\" decoding=\"async\" class=\"alignnone wp-image-2646\" src=\"http:\/\/tammetorubbq.ee\/wp-content\/uploads\/2023\/12\/inbank-wordmark.png\" alt=\"Inbank\" width=\"169\" height=\"76\" srcset=\"https:\/\/tammetorubbq.ee\/wp-content\/uploads\/2023\/12\/inbank-wordmark.png 300w, https:\/\/tammetorubbq.ee\/wp-content\/uploads\/2023\/12\/inbank-wordmark-18x8.png 18w, https:\/\/tammetorubbq.ee\/wp-content\/uploads\/2023\/12\/inbank-wordmark-64x29.png 64w\" sizes=\"auto, (max-width: 169px) 100vw, 169px\" \/><\/p>\n<p>Taip pat si\u016blome galimyb\u0119 sumok\u0117ti v\u0117liau - viena, dviem arba trimis lygiomis dalimis be joki\u0173 pal\u016bkan\u0173 ar papildom\u0173 mokes\u010di\u0173.<\/p>\n<p>M\u016bs\u0173 pirkini\u0173 krep\u0161elyje rasite \u012fvairi\u0173 mok\u0117jimo b\u016bd\u0173 pasirinkim\u0105.<\/p>","protected":false},"featured_media":539,"comment_status":"open","ping_status":"closed","template":"","meta":{"_uf_show_specific_survey":0,"_uf_disable_surveys":false},"pwb-brand":[62],"product_brand":[],"product_cat":[53,56],"product_tag":[135,141],"class_list":{"0":"post-538","1":"product","2":"type-product","3":"status-publish","4":"has-post-thumbnail","6":"pwb-brand-traeger","7":"product_cat-grillid","8":"product_cat-pelletgrillid","9":"product_tag-pelletgrillid","10":"product_tag-traeger","12":"first","13":"instock","14":"taxable","15":"shipping-taxable","16":"purchasable","17":"product-type-simple"},"brands":[{"id":62,"name":"Traeger","slug":"traeger"}],"_links":{"self":[{"href":"https:\/\/tammetorubbq.ee\/lt\/wp-json\/wp\/v2\/product\/538","targetHints":{"allow":["GET"]}}],"collection":[{"href":"https:\/\/tammetorubbq.ee\/lt\/wp-json\/wp\/v2\/product"}],"about":[{"href":"https:\/\/tammetorubbq.ee\/lt\/wp-json\/wp\/v2\/types\/product"}],"replies":[{"embeddable":true,"href":"https:\/\/tammetorubbq.ee\/lt\/wp-json\/wp\/v2\/comments?post=538"}],"wp:featuredmedia":[{"embeddable":true,"href":"https:\/\/tammetorubbq.ee\/lt\/wp-json\/wp\/v2\/media\/539"}],"wp:attachment":[{"href":"https:\/\/tammetorubbq.ee\/lt\/wp-json\/wp\/v2\/media?parent=538"}],"wp:term":[{"taxonomy":"pwb-brand","embeddable":true,"href":"https:\/\/tammetorubbq.ee\/lt\/wp-json\/wp\/v2\/pwb-brand?post=538"},{"taxonomy":"product_brand","embeddable":true,"href":"https:\/\/tammetorubbq.ee\/lt\/wp-json\/wp\/v2\/product_brand?post=538"},{"taxonomy":"product_cat","embeddable":true,"href":"https:\/\/tammetorubbq.ee\/lt\/wp-json\/wp\/v2\/product_cat?post=538"},{"taxonomy":"product_tag","embeddable":true,"href":"https:\/\/tammetorubbq.ee\/lt\/wp-json\/wp\/v2\/product_tag?post=538"}],"curies":[{"name":"wp","href":"https:\/\/api.w.org\/{rel}","templated":true}]}}