{"id":5383,"date":"2026-02-01T15:57:18","date_gmt":"2026-02-01T13:57:18","guid":{"rendered":"https:\/\/tammetorubbq.ee\/?post_type=product&#038;p=5383"},"modified":"2026-04-06T03:00:09","modified_gmt":"2026-04-06T00:00:09","slug":"smeg-kasimikser-50ndate-stiil-valge","status":"publish","type":"product","link":"https:\/\/tammetorubbq.ee\/lt\/produktas\/smeg-kasimikser-50ndate-stiil-valge\/","title":{"rendered":"Smeg k\u00e4simikser 50`ndate stiil (valge)"},"content":{"rendered":"<h3 class=\"text-xl font-semibold\">Techniniai duomenys<\/h3>\n<div class=\"divider m-1\"><\/div>\n<table class=\"table text-base\">\n<tbody>\n<tr>\n<th class=\"align-top w-1\/2 pl-0 py-1\">Prek\u0117s \u017eenklas<\/th>\n<td class=\"align-top w-1\/2 py-1\">Smeg<\/td>\n<\/tr>\n<tr>\n<th class=\"align-top w-1\/2 pl-0 py-1\">Disain<\/th>\n<td class=\"align-top w-1\/2 py-1\">50\u00b4ndate stiil<\/td>\n<\/tr>\n<tr>\n<th class=\"align-top w-1\/2 pl-0 py-1\">Nimiv\u00f5imsus W<\/th>\n<td class=\"align-top w-1\/2 py-1\">250<\/td>\n<\/tr>\n<tr>\n<th class=\"align-top w-1\/2 pl-0 py-1\">V\u00e4rvus<\/th>\n<td class=\"align-top w-1\/2 py-1\">Valge<\/td>\n<\/tr>\n<tr>\n<th class=\"align-top w-1\/2 pl-0 py-1\">Pakendi k\u00f5rgus<\/th>\n<td class=\"align-top w-1\/2 py-1\">24,3<\/td>\n<\/tr>\n<tr>\n<th class=\"align-top w-1\/2 pl-0 py-1\">Pakendi laius<\/th>\n<td class=\"align-top w-1\/2 py-1\">29,2<\/td>\n<\/tr>\n<tr>\n<th class=\"align-top w-1\/2 pl-0 py-1\">Pakendi s\u00fcgavus<\/th>\n<td class=\"align-top w-1\/2 py-1\">14,6<\/td>\n<\/tr>\n<\/tbody>\n<\/table>\n<h3 data-start=\"107\" data-end=\"150\">Smeg \u2013 stiil ja kvaliteet teie k\u00f6\u00f6gis<\/h3>\n<p data-start=\"152\" data-end=\"502\">Avastage Smeg v\u00e4ikeelektroonika, mis \u00fchendab\u00a0<strong>Itaalia disain<\/strong>i, funktsionaalsuse ja kvaliteedi. Alates retrostiilis r\u00f6steritest ja kohvimasinatest kuni modernsete blenderite ja veekeetjateni \u2013 Smeg tooted toovad teie k\u00f6\u00f6ki erilise elegantsi. Iga seade on loodud vastupidavaks ja mugavaks kasutamiseks, pakkudes samal ajal stiilset visuaalset elamust.<\/p>\n<p data-start=\"504\" data-end=\"611\">Valige Smeg ja muutke igap\u00e4evane toiduvalmistamine nauditavaks \u2013 sest hea disain ei ole kunagi \u00fcleliigne.<\/p>\n<p data-start=\"504\" data-end=\"611\">\n<p><iframe loading=\"lazy\" title=\"Hand mixer\" width=\"500\" height=\"281\" src=\"https:\/\/www.youtube.com\/embed\/BSXpJk-Wvhg?feature=oembed\" frameborder=\"0\" allow=\"accelerometer; autoplay; clipboard-write; encrypted-media; gyroscope; picture-in-picture; web-share\" referrerpolicy=\"strict-origin-when-cross-origin\" allowfullscreen><\/iframe><\/p>","protected":false},"excerpt":{"rendered":"<h4>Smeg k\u00e4simikser HMF01 on stiilne ja usaldusv\u00e4\u00e4rne k\u00f6\u00f6gikaaslane, mis \u00fchendab praktilisuse ja ajatu disaini, sobides ideaalselt igasse k\u00f6\u00f6ki.<\/h4>\n<p data-start=\"225\" data-end=\"442\">Smeg 50\u2019s Style k\u00e4simikser \u00fchendab endas t\u00f5husa j\u00f5udluse, mitmek\u00fclgsuse ja ikoonilise retrodisaini. See on ideaalne abiline nii igap\u00e4evasteks k\u00fcpsetisteks kui ka keerukamateks magustoitudeks ja soolasteks roogadeks.<\/p>\n<p data-start=\"444\" data-end=\"749\">Mikseril on 9 kiirusastet ja Turbo-funktsioon, mida saab mugavalt juhtida kasutajas\u00f5bralikult juhtpaneelilt. Taustvalgustusega LED-ekraan kuvab valitud kiirust ja kasutusaega, pakkudes maksimaalset kontrolli ning kadudes seadme v\u00e4ljal\u00fclitamisel, et esile tuleks k\u00e4epideme elegantne kroomitud viimistlus.<\/p>\n<p data-start=\"751\" data-end=\"1016\">\u201eSmooth Start\u201c s\u00fcsteem tagab sujuva k\u00e4ivituse, parandades segamise efektiivsust ja v\u00e4hendades pritsmeid. Ergonoomiline, libisemiskindel k\u00e4epide muudab seadme kasutamise mugavaks ka pikema aja jooksul. Mootori \u00fclekuumenemiskaitse tagab ohutu ja t\u00f6\u00f6kindla kasutuse.<\/p>\n<p data-start=\"1018\" data-end=\"1162\"><strong data-start=\"1018\" data-end=\"1044\">Mitmek\u00fclgsed tarvikud:<\/strong><br data-start=\"1044\" data-end=\"1047\" \/>Komplekti kuuluvad kolm t\u00fc\u00fcpi roostevabast terasest tarvikud, mis tagavad parima tulemuse erinevate segude puhul:<\/p>\n<ul data-start=\"1163\" data-end=\"1374\">\n<li data-start=\"1163\" data-end=\"1249\">\n<p data-start=\"1165\" data-end=\"1249\">2 traadist visplit kergete ja \u00f5huliste segude jaoks (vahukoor, munavalge, kastmed)<\/p>\n<\/li>\n<li data-start=\"1250\" data-end=\"1327\">\n<p data-start=\"1252\" data-end=\"1327\">2 lamevisplit (Optimus) poolk\u00f5vade tainaste jaoks (k\u00fcpsised, koogip\u00f5hjad)<\/p>\n<\/li>\n<li data-start=\"1328\" data-end=\"1374\">\n<p data-start=\"1330\" data-end=\"1374\">2 taignakonksu p\u00e4rmitaignale (leib, pitsa)<\/p>\n<\/li>\n<\/ul>\n<p data-start=\"1376\" data-end=\"1475\">Tarvikud on mugavalt hoiustatavad Smegi logoga tekstiilkotis, mis hoiab need korras ja kaitstuna.<\/p>\n<ul>\n<li data-start=\"1502\" data-end=\"1520\">\n<p data-start=\"1504\" data-end=\"1520\">V\u00f5imsus: 250 W<\/p>\n<\/li>\n<li data-start=\"1521\" data-end=\"1548\">\n<p data-start=\"1523\" data-end=\"1548\">Kiirusastmed: 9 + Turbo<\/p>\n<\/li>\n<li data-start=\"1549\" data-end=\"1573\">\n<p data-start=\"1551\" data-end=\"1573\">LED-ekraan ja taimer<\/p>\n<\/li>\n<li data-start=\"1574\" data-end=\"1605\">\n<p data-start=\"1576\" data-end=\"1605\">Mootori \u00fclekuumenemiskaitse<\/p>\n<\/li>\n<li data-start=\"1606\" data-end=\"1632\">\n<p data-start=\"1608\" data-end=\"1632\">Neslystan\u010dios kojel\u0117s<\/p>\n<\/li>\n<li data-start=\"1633\" data-end=\"1678\">\n<p data-start=\"1635\" data-end=\"1678\">M\u00f5\u00f5dud (K \u00d7 L \u00d7 S): 37,8 \u00d7 21,9 \u00d7 22,1 cm<\/p>\n<\/li>\n<\/ul>\n<p>&nbsp;<\/p>\n<p><img loading=\"lazy\" decoding=\"async\" class=\"wp-image-4840\" src=\"http:\/\/tammetorubbq.ee\/wp-content\/uploads\/2026\/01\/Smeg_logo.svg-300x60.png\" alt=\"Smeg\" width=\"230\" height=\"46\" srcset=\"https:\/\/tammetorubbq.ee\/wp-content\/uploads\/2026\/01\/Smeg_logo.svg-300x60.png 300w, https:\/\/tammetorubbq.ee\/wp-content\/uploads\/2026\/01\/Smeg_logo.svg-1024x204.png 1024w, https:\/\/tammetorubbq.ee\/wp-content\/uploads\/2026\/01\/Smeg_logo.svg-768x153.png 768w, https:\/\/tammetorubbq.ee\/wp-content\/uploads\/2026\/01\/Smeg_logo.svg-1536x305.png 1536w, https:\/\/tammetorubbq.ee\/wp-content\/uploads\/2026\/01\/Smeg_logo.svg-2048x407.png 2048w, https:\/\/tammetorubbq.ee\/wp-content\/uploads\/2026\/01\/Smeg_logo.svg-18x4.png 18w, https:\/\/tammetorubbq.ee\/wp-content\/uploads\/2026\/01\/Smeg_logo.svg-600x119.png 600w, https:\/\/tammetorubbq.ee\/wp-content\/uploads\/2026\/01\/Smeg_logo.svg-64x13.png 64w\" sizes=\"auto, (max-width: 230px) 100vw, 230px\" \/><\/p>\n<p>&nbsp;<\/p>\n<p><a href=\"https:\/\/tammetorubbq.ee\/lt\/sumoketi-veliau\/\"><strong>PIRKITE DABAR, MOK\u0116KITE V\u0116LIAU<\/strong><\/a>\u00a0- be pal\u016bkan\u0173!<\/p>\n<p><img loading=\"lazy\" decoding=\"async\" class=\"alignnone wp-image-2646\" src=\"http:\/\/tammetorubbq.ee\/wp-content\/uploads\/2023\/12\/inbank-wordmark.png\" alt=\"\" width=\"167\" height=\"75\" srcset=\"https:\/\/tammetorubbq.ee\/wp-content\/uploads\/2023\/12\/inbank-wordmark.png 300w, https:\/\/tammetorubbq.ee\/wp-content\/uploads\/2023\/12\/inbank-wordmark-18x8.png 18w, https:\/\/tammetorubbq.ee\/wp-content\/uploads\/2023\/12\/inbank-wordmark-64x29.png 64w\" sizes=\"auto, (max-width: 167px) 100vw, 167px\" \/><\/p>\n<p>Taip pat si\u016blome galimyb\u0119 sumok\u0117ti v\u0117liau - viena, dviem arba trimis lygiomis dalimis be joki\u0173 pal\u016bkan\u0173 ar papildom\u0173 mokes\u010di\u0173.<\/p>\n<p>M\u016bs\u0173 pirkini\u0173 krep\u0161elyje rasite \u012fvairi\u0173 mok\u0117jimo b\u016bd\u0173 pasirinkim\u0105.<\/p>","protected":false},"featured_media":5393,"comment_status":"closed","ping_status":"closed","template":"","meta":{"_uf_show_specific_survey":0,"_uf_disable_surveys":false},"pwb-brand":[275],"product_brand":[],"product_cat":[273],"product_tag":[220,276,302,290],"class_list":{"0":"post-5383","1":"product","2":"type-product","3":"status-publish","4":"has-post-thumbnail","6":"pwb-brand-smeg","7":"product_cat-mikserid","8":"product_tag-kasimikser","9":"product_tag-smeg","10":"product_tag-smeg-hmf01","11":"product_tag-valge","13":"first","14":"instock","15":"taxable","16":"shipping-taxable","17":"purchasable","18":"product-type-simple"},"brands":[{"id":275,"name":"Smeg","slug":"smeg"}],"_links":{"self":[{"href":"https:\/\/tammetorubbq.ee\/lt\/wp-json\/wp\/v2\/product\/5383","targetHints":{"allow":["GET"]}}],"collection":[{"href":"https:\/\/tammetorubbq.ee\/lt\/wp-json\/wp\/v2\/product"}],"about":[{"href":"https:\/\/tammetorubbq.ee\/lt\/wp-json\/wp\/v2\/types\/product"}],"replies":[{"embeddable":true,"href":"https:\/\/tammetorubbq.ee\/lt\/wp-json\/wp\/v2\/comments?post=5383"}],"wp:featuredmedia":[{"embeddable":true,"href":"https:\/\/tammetorubbq.ee\/lt\/wp-json\/wp\/v2\/media\/5393"}],"wp:attachment":[{"href":"https:\/\/tammetorubbq.ee\/lt\/wp-json\/wp\/v2\/media?parent=5383"}],"wp:term":[{"taxonomy":"pwb-brand","embeddable":true,"href":"https:\/\/tammetorubbq.ee\/lt\/wp-json\/wp\/v2\/pwb-brand?post=5383"},{"taxonomy":"product_brand","embeddable":true,"href":"https:\/\/tammetorubbq.ee\/lt\/wp-json\/wp\/v2\/product_brand?post=5383"},{"taxonomy":"product_cat","embeddable":true,"href":"https:\/\/tammetorubbq.ee\/lt\/wp-json\/wp\/v2\/product_cat?post=5383"},{"taxonomy":"product_tag","embeddable":true,"href":"https:\/\/tammetorubbq.ee\/lt\/wp-json\/wp\/v2\/product_tag?post=5383"}],"curies":[{"name":"wp","href":"https:\/\/api.w.org\/{rel}","templated":true}]}}