{"id":542,"date":"2023-12-03T15:21:15","date_gmt":"2023-12-03T13:21:15","guid":{"rendered":"https:\/\/tammetorubbq.ee\/?post_type=product&#038;p=542"},"modified":"2026-04-20T01:00:31","modified_gmt":"2026-04-19T22:00:31","slug":"granuliu-kepsnine-traeger-ranger","status":"publish","type":"product","link":"https:\/\/tammetorubbq.ee\/lt\/produktas\/granuliu-kepsnine-traeger-ranger\/","title":{"rendered":"Granuli\u0173 kepsnin\u0117 \"Traeger Ranger"},"content":{"rendered":"<p>\"Traeger Ranger Pellet\" kepsnin\u0117 sukurta taip, kad net ir ilgose kelion\u0117se niekada netekt\u0173 atsisakyti gurmani\u0161ko maisto. Patogus ir kompakti\u0161kas \"Traeger Ranger\" visada pasiruo\u0161\u0119s j\u016bs\u0173 nuotykiams. Kai kalbama apie transportavim\u0105, \"Traeger\" pagalvojo apie visk\u0105. Auk\u0161tos kokyb\u0117s konstrukcijos dangtis turi spaustukus, kuriais kepsnin\u0117 sandariai u\u017esidaro. Viskas saugiai laikoma \"Ranger\", kad b\u016bt\u0173 galima saugiai transportuoti. D\u0117l savo kompakti\u0161kumo \"Ranger\" galima greitai sud\u0117ti \u012f baga\u017eo skyri\u0173. Nepaisant kompakti\u0161ko dizaino, \"Ranger\" yra kupinas technologij\u0173. Ranger patogiai valdomas skaitmeniniu valdikliu. Nustatyt\u0105 temperat\u016br\u0105 nuolat palaiko valdymo blokas. Granuli\u0173 deginimas yra visi\u0161kai automatinis. Be laikma\u010dio funkcijos, \"Ranger\" i\u0161siskiria geb\u0117jimu ilgai kepti m\u0117s\u0105 \u017eemoje temperat\u016broje. Ant komplekte esan\u010dios ketaus keptuv\u0117s galite net i\u0161kepti kiau\u0161in\u012f. Jis taip pat gerai tinka ilgai i\u0161laikyti \u0161ilt\u0105 ant groteli\u0173 kept\u0105 maist\u0105. Naudodami temperat\u016bros zond\u0105 visada \u017einosite m\u0117sos vidaus temperat\u016br\u0105. Su \"Traeger Ranger\" galite kepti ant groteli\u0173, skrudinti, kepti, r\u016bkyti ir r\u016bkyti - visa tai viename \u012frenginyje!  Traeger Ranger galima naudoti visur, kur tik turite prieig\u0105 prie elektros lizdo - 220 V maitinimo.<\/p>\n<p>&nbsp;<\/p>\n<p>Temperat\u016bros diapazonas 75-230 \u00b0C<\/p>\n<p>Temperat\u016bros valdymas: skaitmeninis valdymo skydelis<\/p>\n<p>Temperat\u016bros pokytis 5 \u00b0C \u017eingsniais<\/p>\n<p>Temperat\u016bros jutikli\u0173 skai\u010dius 1<\/p>\n<p>Granuli\u0173 kameros talpa 3,6 kg<\/p>\n<p>Bendras kepimo pavir\u0161ius 1200 cm\u00b2<\/p>\n<p>Grilio groteli\u0173 matmenys 30 x 40 cm<\/p>\n<p>Grilio grotel\u0117s 1 \/ Plienin\u0117s, porceliano emaliu padengtos<\/p>\n<p>Surinkto \u012frenginio matmenys (D x V x \u0160) apie 53 x 33 x 51 cm<\/p>\n<p>Atidarytas dangtis (D x V x \u0160) apie 53 x 71 x 51 cm<\/p>\n<p>Svoris 27 kg<\/p>\n<p>Pakuot\u0117s matmenys apie 52 x 37 x 57 cm<\/p>\n<p>Med\u017eiaga plienas, dengtas milteliniu b\u016bdu - 1 vidinis temperat\u016bros zondas<\/p>\n<p>Grilio liku\u010diai + malmrest<\/p>\n<p>Riebal\u0173 gaudykl\u0117 i\u0161or\u0117je<\/p>\n<p>&nbsp;<\/p>\n<p><strong>Techniniai duomenys<\/strong><\/p>\n<p>Kepimo pavir\u0161ius: 1225 cm\u00b2<\/p>\n<p>Kepimo pavir\u0161ius: 25 x 49 cm<\/p>\n<p>Grilio matmenys: 53 x 51 x 33 cm<\/p>\n<p>Svoris 27 kg<\/p>","protected":false},"excerpt":{"rendered":"<ul>\n<li>\"Traeger Ranger\" ne\u0161iojamasis ma\u017eas vadinamasis portfelinis granuli\u0173 grilis.<\/li>\n<li>Patogaus dyd\u017eio \"Ranger\" kepsnin\u0117je yra ketaus kepimo pavir\u0161ius, kuris suteikia maistui kar\u0161\u010dio ir skonio.<\/li>\n<li>Granuli\u0173 kameroje telpa 3,6 kg \"Traeger\" granuli\u0173, tod\u0117l \"kuro\" u\u017eteks kelioms valandoms kepimo ant groteli\u0173. Naudodami \"Traeger\" granules u\u017etikrinate, kad j\u016bs\u0173 kepsnin\u0117 veiks tinkamai.<\/li>\n<li>Temperat\u016br\u0105 galima reguliuoti iki 230 \u00b0C.<\/li>\n<li>Grilio LED ekrane galima steb\u0117ti grilio vidaus temperat\u016br\u0105 neatidarius dang\u010dio. Jis turi temperat\u016bros jutikl\u012f.<\/li>\n<\/ul>\n<p><img loading=\"lazy\" decoding=\"async\" class=\"wp-image-1509\" src=\"http:\/\/tammetorubbq.ee\/wp-content\/uploads\/2024\/03\/traeger-grills-logo-vector-300x167.png\" alt=\"Traeger logotipas\" width=\"165\" height=\"92\" srcset=\"https:\/\/tammetorubbq.ee\/wp-content\/uploads\/2024\/03\/traeger-grills-logo-vector-300x167.png 300w, https:\/\/tammetorubbq.ee\/wp-content\/uploads\/2024\/03\/traeger-grills-logo-vector-768x427.png 768w, https:\/\/tammetorubbq.ee\/wp-content\/uploads\/2024\/03\/traeger-grills-logo-vector-18x10.png 18w, https:\/\/tammetorubbq.ee\/wp-content\/uploads\/2024\/03\/traeger-grills-logo-vector-600x333.png 600w, https:\/\/tammetorubbq.ee\/wp-content\/uploads\/2024\/03\/traeger-grills-logo-vector-64x36.png 64w, https:\/\/tammetorubbq.ee\/wp-content\/uploads\/2024\/03\/traeger-grills-logo-vector.png 900w\" sizes=\"auto, (max-width: 165px) 100vw, 165px\" \/><\/p>\n<p>&nbsp;<\/p>\n<p><a href=\"https:\/\/tammetorubbq.ee\/lt\/sumoketi-veliau\/\"><strong>PIRKITE DABAR, MOK\u0116KITE V\u0116LIAU<\/strong><\/a>\u00a0- be pal\u016bkan\u0173!<\/p>\n<p><img loading=\"lazy\" decoding=\"async\" class=\"alignnone wp-image-2646\" src=\"http:\/\/tammetorubbq.ee\/wp-content\/uploads\/2023\/12\/inbank-wordmark.png\" alt=\"Inbank\" width=\"169\" height=\"76\" srcset=\"https:\/\/tammetorubbq.ee\/wp-content\/uploads\/2023\/12\/inbank-wordmark.png 300w, https:\/\/tammetorubbq.ee\/wp-content\/uploads\/2023\/12\/inbank-wordmark-18x8.png 18w, https:\/\/tammetorubbq.ee\/wp-content\/uploads\/2023\/12\/inbank-wordmark-64x29.png 64w\" sizes=\"auto, (max-width: 169px) 100vw, 169px\" \/><\/p>\n<p>Taip pat si\u016blome galimyb\u0119 sumok\u0117ti v\u0117liau - viena, dviem arba trimis lygiomis dalimis be joki\u0173 pal\u016bkan\u0173 ar papildom\u0173 mokes\u010di\u0173.<\/p>\n<p>M\u016bs\u0173 pirkini\u0173 krep\u0161elyje rasite \u012fvairi\u0173 mok\u0117jimo b\u016bd\u0173 pasirinkim\u0105.<\/p>","protected":false},"featured_media":543,"comment_status":"open","ping_status":"closed","template":"","meta":{"_uf_show_specific_survey":0,"_uf_disable_surveys":false},"pwb-brand":[62],"product_brand":[],"product_cat":[53,56],"product_tag":[135,141],"class_list":{"0":"post-542","1":"product","2":"type-product","3":"status-publish","4":"has-post-thumbnail","6":"pwb-brand-traeger","7":"product_cat-grillid","8":"product_cat-pelletgrillid","9":"product_tag-pelletgrillid","10":"product_tag-traeger","12":"first","13":"instock","14":"taxable","15":"shipping-taxable","16":"purchasable","17":"product-type-simple"},"brands":[{"id":62,"name":"Traeger","slug":"traeger"}],"_links":{"self":[{"href":"https:\/\/tammetorubbq.ee\/lt\/wp-json\/wp\/v2\/product\/542","targetHints":{"allow":["GET"]}}],"collection":[{"href":"https:\/\/tammetorubbq.ee\/lt\/wp-json\/wp\/v2\/product"}],"about":[{"href":"https:\/\/tammetorubbq.ee\/lt\/wp-json\/wp\/v2\/types\/product"}],"replies":[{"embeddable":true,"href":"https:\/\/tammetorubbq.ee\/lt\/wp-json\/wp\/v2\/comments?post=542"}],"wp:featuredmedia":[{"embeddable":true,"href":"https:\/\/tammetorubbq.ee\/lt\/wp-json\/wp\/v2\/media\/543"}],"wp:attachment":[{"href":"https:\/\/tammetorubbq.ee\/lt\/wp-json\/wp\/v2\/media?parent=542"}],"wp:term":[{"taxonomy":"pwb-brand","embeddable":true,"href":"https:\/\/tammetorubbq.ee\/lt\/wp-json\/wp\/v2\/pwb-brand?post=542"},{"taxonomy":"product_brand","embeddable":true,"href":"https:\/\/tammetorubbq.ee\/lt\/wp-json\/wp\/v2\/product_brand?post=542"},{"taxonomy":"product_cat","embeddable":true,"href":"https:\/\/tammetorubbq.ee\/lt\/wp-json\/wp\/v2\/product_cat?post=542"},{"taxonomy":"product_tag","embeddable":true,"href":"https:\/\/tammetorubbq.ee\/lt\/wp-json\/wp\/v2\/product_tag?post=542"}],"curies":[{"name":"wp","href":"https:\/\/api.w.org\/{rel}","templated":true}]}}