{"id":545,"date":"2023-12-03T15:23:59","date_gmt":"2023-12-03T13:23:59","guid":{"rendered":"https:\/\/tammetorubbq.ee\/?post_type=product&#038;p=545"},"modified":"2026-04-15T07:00:09","modified_gmt":"2026-04-15T04:00:09","slug":"granuliu-kepsnine-traeger-timberline-d2-850-eol-wifi","status":"publish","type":"product","link":"https:\/\/tammetorubbq.ee\/lt\/produktas\/granuliu-kepsnine-traeger-timberline-d2-850-eol-wifi\/","title":{"rendered":"Granuli\u0173 kepsnin\u0117 Traeger Timberline D2 850 EOL WIFI"},"content":{"rendered":"<p>\"Traeger Timberline 850\" kepsnin\u0117 turi sandar\u0173, dvigubai dengt\u0105 kepsnin\u0117s korpus\u0105, tod\u0117l \u0161iluma ir aromatas patenka \u012f maist\u0105.<\/p>\n<p>Statin\u0117s formos kepsnin\u0117s korpusas pagamintas i\u0161 auk\u0161tos kokyb\u0117s milteliniu b\u016bdu dengto plieno.<\/p>\n<p>Grilis turi dviej\u0173 lygi\u0173 porcelianu emaliuoto plieno angas, kurias galima lengvai i\u0161imti.<\/p>\n<p>\"Traeger Timberline\" \u012frengta WIFIRE\u00ae funkcija. Naudodami \"Traeger\" program\u0117l\u0119 galite lengvai valdyti kepsnin\u0119 ir jos temperat\u016br\u0105 i\u0161 savo telefono. Be to, naudodamiesi \"Traeger\" program\u0117le galite atsisi\u0173sti griliui skirt\u0173 recept\u0173.<\/p>\n<p>Temperat\u016bros reguliavimas nuo 75 \u00b0C iki 260 \u00b0C. Pridedamas temperat\u016bros jutiklis.<\/p>\n<p>D2\u00ae technologijos transmisija ir \"TurboTemp\" \u0161ilumos reguliavimas grei\u010diau \u012fkaitina kepsnin\u0119.<\/p>\n<p>Granuli\u0173 talpyklos talpa 11 kg. Per granuli\u0173 i\u0161leidimo ang\u0105 galima greitai i\u0161tu\u0161tinti granules ir papildyti granuli\u0173 talpykl\u0105 tinkamiausiomis granul\u0117mis maisto gaminimui.<\/p>\n<p>&nbsp;<\/p>\n<p>Indikatorius WOOD CHECKER rodo granuli\u0173 kiek\u012f talpykloje.<\/p>\n<p>GRILI\u0172 VALDYMO SISTEMA (per \"Traeger\" program\u0117l\u0119).<\/p>\n<p>\"Traeger TRU CONVECTION\u00ae\" sistema - maistas i\u0161kepa iki 20% grei\u010diau.<\/p>\n<p>SUPER SMOKE funkcija pagal poreik\u012f sukuria tobul\u0105 d\u016bm\u0173 aromat\u0105 (75 \u00b0C-105 \u00b0C).<\/p>\n<p>Funkcija KEEP WARM i\u0161laiko tinkam\u0105 maisto temperat\u016br\u0105 iki patiekimo.<\/p>\n<p>&nbsp;<\/p>\n<p>\"Timberline 850\" granulin\u0117 kepsnin\u0117 yra \"Traeger\" program\u0117le valdomas modelis. Dabar galite kepti ant groteli\u0173 s\u0117d\u0117dami fotelyje! Naudodamiesi \"D2 WiFi\" valdikliu ir atitinkama program\u0117le galite valdyti d\u016bm\u0173 kiek\u012f, kaitr\u0105, \u012fjungti ir i\u0161jungti prietais\u0105, nustatyti kepimo laik\u0105 ir t. t. Dabar galite m\u0117gautis kepsnine patogiai \u012fsitais\u0119 savo k\u0117d\u0117je. Temperat\u016br\u0105 galima nustatyti nuo 74 \u00b0C iki 260 \u00b0C (reguliavimo \u017eingsnis 5 \u00b0C). Granuli\u0173 kepsnin\u0117je \u012frengta triguba ner\u016bdijan\u010diojo plieno groteli\u0173 sistema, kuri gerokai padidina produkt\u0173, kuriuos galima kepti ant groteli\u0173, skai\u010di\u0173. Kepkite ant groteli\u0173, r\u016bkykite, kepkite, tro\u0161kinkite, kepkite arba ruo\u0161kite klasikinius kepsnius - visa tai su nat\u016braliomis med\u017eio granul\u0117mis. I\u0161sirinkite tinkamas granules (galima \u012fsigyti \u0161e\u0161i\u0173 skirting\u0173 r\u016b\u0161i\u0173 medienos), pripildykite bunker\u012f ir i\u0161 program\u0117l\u0117je pateikt\u0173 recept\u0173 pasirinkite jums labiausiai patinkant\u012f recept\u0105. Paruo\u0161kite kepsn\u012f pagal instrukcijas ir spustel\u0117kite nuorod\u0105 \"COOK NEW \", o visa kita bus atlikta u\u017e jus. Ma\u017edaug po keturi\u0173 minu\u010di\u0173 granul\u0117s bus paruo\u0161tos ir bus galima prad\u0117ti kepti. Spiralinis b\u0117gelis stumia granules \u012f ugniakur\u0105 ir automati\u0161kai u\u017esidega. Specialus ventiliatorius palaiko granuli\u0173 kaitr\u0105 kaip miniati\u016brin\u0117je kalv\u0117je. I\u0161lenktas kepsnin\u0117s korpusas u\u017etikrina puik\u0173 temperat\u016bros ir d\u016bm\u0173 pasiskirstym\u0105 visame kepsnin\u0117s pavir\u0161iuje. La\u0161antys riebalai ir kitos kepsnin\u0117s atliekos nuteka \u012f nutekam\u0105j\u012f kanal\u0105, o i\u0161 jo - \u012f special\u0173 riebal\u0173 pad\u0117kl\u0105 kepsnin\u0117s apa\u010dioje. Labiau patyrusiems rekomenduojame kepsnin\u0117s groteli\u0173 apa\u010di\u0105 u\u017edengti folija, kad kepsnin\u0117s beveik nereik\u0117t\u0173 pri\u017ei\u016br\u0117ti.<\/p>\n<p>&nbsp;<\/p>\n<p>Kad b\u016bt\u0173 galima kontroliuoti grilio vidaus temperat\u016br\u0105, jame \u012frengta speciali automatin\u0117 sistema, kuri temperat\u016br\u0105 tikrina 50 kart\u0173 per minut\u0119.<\/p>\n<p>Savo ruo\u017etu maisto produkto vidin\u0119 temperat\u016br\u0105 galima patikrinti patikimu temperat\u016bros zondu.<\/p>\n<p>&nbsp;<\/p>\n<p><strong>PUIKUS \u0160ILUMOS PASKIRSTYMAS<\/strong><\/p>\n<p>Vamzd\u012f dengia speciali plok\u0161t\u0117, kuri tolygiai paskirsto \u0161ilum\u0105 visoje kepsnin\u0117je. Apvali forma padeda \u0161ilumai ir d\u016bmams pasklisti visur. Naujov\u0117 - kepsnin\u0117s dangtis turi dvigubas sieneles, kurios suma\u017eina energijos s\u0105naudas ir yra didelis privalumas kepant \u017eiem\u0105.<\/p>\n<p>&nbsp;<\/p>\n<p><strong>AUTOMATINIS GRANULI\u0172 BUNKERIS<\/strong><\/p>\n<p>Pripildykite bunker\u012f granuli\u0173 iki kra\u0161t\u0173, o bunkerio apa\u010dioje esanti spiralin\u0117 pavara u\u017etikrins, kad \u012f degimo kamer\u0105 patekt\u0173 reikiamas granuli\u0173 kiekis, atitinkantis pasirinkt\u0105 temperat\u016br\u0105.<\/p>\n<p>Granuli\u0173 bunkerio talpa 10,98 kg<\/p>\n<p>&nbsp;<\/p>\n<p><strong>AUTOMATIZACIJA<\/strong><\/p>\n<p>Specialiu u\u017edegikliu granul\u0117s u\u017edegamos degimo kameroje. U\u017euot g\u0117rus \u0161alt\u0105 al\u0173, kepsnin\u0117 pati atlieka nuobod\u0173 u\u017edegimo proces\u0105.<\/p>\n<p>&nbsp;<\/p>\n<p><strong>ENERGIJA<\/strong><\/p>\n<p>Prijunkite groteles prie elektros tinklo. Elektra reikalinga valdymo blokui ir \u0161ildytuvo ventiliatoriui valdyti. Naujovi\u0161ka TRU Comvection sistema u\u017etikrina tolyg\u0173 \u0161ilumos ir d\u016bm\u0173 pasiskirstym\u0105 visame grilyje.<br \/>\nEnergijos suvartojimas: 300 vat\u0173 per pirm\u0105sias keturias minutes ir tik 50 vat\u0173 per likus\u012f gaminimo laik\u0105.<\/p>\n<p>&nbsp;<\/p>\n<p><strong>AUTOMATINIS I\u0160JUNGIMAS<\/strong><\/p>\n<p>Baigus kepti, ventiliatorius veikia dar penkias minutes, per kurias i\u0161 degimo bunkerio i\u0161valomi pelenai ir u\u017egesinamos degan\u010dios granul\u0117s.<\/p>\n<p>&nbsp;<\/p>\n<p><strong>GARANTIJA<\/strong><\/p>\n<p>\"Traeger\" granulin\u0117ms kepsnin\u0117ms suteikiama trej\u0173 met\u0173 garantija.<\/p>\n<p>&nbsp;<\/p>\n<p><strong>KEPIMO PAD\u0116KLAI<\/strong><\/p>\n<p>Kepimo lentynos pagamintos i\u0161 lengvai valomo ner\u016bdijan\u010diojo plieno.<\/p>\n<p>Kepimo plotas: 5480 cm\u00b2<\/p>\n<p>Atram\u0173 matmenys:<br \/>\n- pirmasis arba \u017eemesnis lygis 56 x 40 cm<br \/>\n- antrasis lygis 56 x 36 cm<br \/>\n- tre\u010dias auk\u0161tas 56 x 23 cm<\/p>\n<p>&nbsp;<\/p>\n<p><strong>Technin\u0117 informacija<\/strong><br \/>\nKepimo plotas: 5480 cm\u00b2<\/p>\n<p>Kepimo pavir\u0161ius: 56 x 40 cm, 56 x 36 cm ir 56 x 23 cm<\/p>\n<p>Statin\u0117s skersmuo 55 cm<\/p>\n<p>Surinktos kepsnin\u0117s matmenys: apie 1171 x 694 x 1209 mm<\/p>\n<p>D\u0117\u017eut\u0117s matmenys: apie 1100 x 790 x 570 mm<\/p>\n<p>Svoris: 96,5 kg<\/p>\n<p>&nbsp;<\/p>\n<p>&nbsp;<\/p>\n<p><strong>VIDEO<\/strong><\/p>\n<p><a href=\"https:\/\/www.traeger.com\/pellet-grills\/timberline\/850\" target=\"_blank\" rel=\"noopener\">https:\/\/www.traeger.com\/pellet-grills\/timberline\/850<\/a><\/p>\n<p>&nbsp;<\/p>\n<p><strong>\"TRAEGER\" MOBILIOJI PROGRAM\u0116L\u0116 (APP)<\/strong><\/p>\n<p><a href=\"https:\/\/play.google.com\/store\/apps\/details?id=com.traegergrills.app\" target=\"_blank\" rel=\"noopener\">https:\/\/play.google.com\/store\/apps\/details?id=com.traegergrills.app<\/a><\/p>","protected":false},"excerpt":{"rendered":"<p>\"Traeger Timberline 850\" kepsnin\u0117 turi sandar\u0173, dvigubai dengt\u0105 kepsnin\u0117s korpus\u0105, tod\u0117l \u0161iluma ir aromatas patenka \u012f maist\u0105.<\/p>\n<p>Statin\u0117s formos kepsnin\u0117s korpusas pagamintas i\u0161 auk\u0161tos kokyb\u0117s milteliniu b\u016bdu dengto plieno.<\/p>\n<p><img loading=\"lazy\" decoding=\"async\" class=\"wp-image-1509\" src=\"http:\/\/tammetorubbq.ee\/wp-content\/uploads\/2024\/03\/traeger-grills-logo-vector-300x167.png\" alt=\"Traeger logotipas\" width=\"165\" height=\"92\" srcset=\"https:\/\/tammetorubbq.ee\/wp-content\/uploads\/2024\/03\/traeger-grills-logo-vector-300x167.png 300w, https:\/\/tammetorubbq.ee\/wp-content\/uploads\/2024\/03\/traeger-grills-logo-vector-768x427.png 768w, https:\/\/tammetorubbq.ee\/wp-content\/uploads\/2024\/03\/traeger-grills-logo-vector-18x10.png 18w, https:\/\/tammetorubbq.ee\/wp-content\/uploads\/2024\/03\/traeger-grills-logo-vector-600x333.png 600w, https:\/\/tammetorubbq.ee\/wp-content\/uploads\/2024\/03\/traeger-grills-logo-vector-64x36.png 64w, https:\/\/tammetorubbq.ee\/wp-content\/uploads\/2024\/03\/traeger-grills-logo-vector.png 900w\" sizes=\"auto, (max-width: 165px) 100vw, 165px\" \/><\/p>\n<p>&nbsp;<\/p>\n<p><a href=\"https:\/\/tammetorubbq.ee\/lt\/sumoketi-veliau\/\"><strong>PIRKITE DABAR, MOK\u0116KITE V\u0116LIAU<\/strong><\/a>\u00a0- be pal\u016bkan\u0173!<\/p>\n<p><img loading=\"lazy\" decoding=\"async\" class=\"alignnone wp-image-2646\" src=\"http:\/\/tammetorubbq.ee\/wp-content\/uploads\/2023\/12\/inbank-wordmark.png\" alt=\"Inbank\" width=\"169\" height=\"76\" srcset=\"https:\/\/tammetorubbq.ee\/wp-content\/uploads\/2023\/12\/inbank-wordmark.png 300w, https:\/\/tammetorubbq.ee\/wp-content\/uploads\/2023\/12\/inbank-wordmark-18x8.png 18w, https:\/\/tammetorubbq.ee\/wp-content\/uploads\/2023\/12\/inbank-wordmark-64x29.png 64w\" sizes=\"auto, (max-width: 169px) 100vw, 169px\" \/><\/p>\n<p>Taip pat si\u016blome galimyb\u0119 sumok\u0117ti v\u0117liau - viena, dviem arba trimis lygiomis dalimis be joki\u0173 pal\u016bkan\u0173 ar papildom\u0173 mokes\u010di\u0173.<\/p>\n<p>M\u016bs\u0173 pirkini\u0173 krep\u0161elyje rasite \u012fvairi\u0173 mok\u0117jimo b\u016bd\u0173 pasirinkim\u0105.<\/p>","protected":false},"featured_media":546,"comment_status":"open","ping_status":"closed","template":"","meta":{"_uf_show_specific_survey":0,"_uf_disable_surveys":false},"pwb-brand":[62],"product_brand":[],"product_cat":[53,20,56],"product_tag":[135,141],"class_list":{"0":"post-545","1":"product","2":"type-product","3":"status-publish","4":"has-post-thumbnail","6":"pwb-brand-traeger","7":"product_cat-grillid","8":"product_cat-kampaania","9":"product_cat-pelletgrillid","10":"product_tag-pelletgrillid","11":"product_tag-traeger","13":"first","14":"instock","15":"sale","16":"taxable","17":"shipping-taxable","18":"purchasable","19":"product-type-simple"},"brands":[{"id":62,"name":"Traeger","slug":"traeger"}],"_links":{"self":[{"href":"https:\/\/tammetorubbq.ee\/lt\/wp-json\/wp\/v2\/product\/545","targetHints":{"allow":["GET"]}}],"collection":[{"href":"https:\/\/tammetorubbq.ee\/lt\/wp-json\/wp\/v2\/product"}],"about":[{"href":"https:\/\/tammetorubbq.ee\/lt\/wp-json\/wp\/v2\/types\/product"}],"replies":[{"embeddable":true,"href":"https:\/\/tammetorubbq.ee\/lt\/wp-json\/wp\/v2\/comments?post=545"}],"wp:featuredmedia":[{"embeddable":true,"href":"https:\/\/tammetorubbq.ee\/lt\/wp-json\/wp\/v2\/media\/546"}],"wp:attachment":[{"href":"https:\/\/tammetorubbq.ee\/lt\/wp-json\/wp\/v2\/media?parent=545"}],"wp:term":[{"taxonomy":"pwb-brand","embeddable":true,"href":"https:\/\/tammetorubbq.ee\/lt\/wp-json\/wp\/v2\/pwb-brand?post=545"},{"taxonomy":"product_brand","embeddable":true,"href":"https:\/\/tammetorubbq.ee\/lt\/wp-json\/wp\/v2\/product_brand?post=545"},{"taxonomy":"product_cat","embeddable":true,"href":"https:\/\/tammetorubbq.ee\/lt\/wp-json\/wp\/v2\/product_cat?post=545"},{"taxonomy":"product_tag","embeddable":true,"href":"https:\/\/tammetorubbq.ee\/lt\/wp-json\/wp\/v2\/product_tag?post=545"}],"curies":[{"name":"wp","href":"https:\/\/api.w.org\/{rel}","templated":true}]}}