{"id":550,"date":"2023-12-03T15:26:30","date_gmt":"2023-12-03T13:26:30","guid":{"rendered":"https:\/\/tammetorubbq.ee\/?post_type=product&#038;p=550"},"modified":"2026-04-16T23:00:35","modified_gmt":"2026-04-16T20:00:35","slug":"granulinis-grilis-traeger-timberline-xl-int-su-indukcine-kaitlente","status":"publish","type":"product","link":"https:\/\/tammetorubbq.ee\/lt\/produktas\/granulinis-grilis-traeger-timberline-xl-int-su-indukcine-kaitlente\/","title":{"rendered":"Granuli\u0173 kepsnin\u0117 \"Traeger Timberline XL Int\" su indukcine kaitlente"},"content":{"rendered":"<p>Naujosios \"Timberline\" ir \"Ironwood\" kepsnin\u0117s, kuriose \u012fdiegtos pa\u017eangios funkcijos, u\u017etikrinan\u010dios puikius rezultatus kiekvien\u0105 kart\u0105, pakyl\u0117s jus \u012f auk\u0161tesn\u012f lyg\u012f.<\/p>\n<p>Universalios P.A.L. Pop-And-Lock\u00ae pritaikymo parinktys, padedan\u010dios susikurti tobul\u0105 kepsnin\u0119, atitinkan\u010di\u0105 j\u016bs\u0173 maisto gaminimo stili\u0173.<\/p>\n<p>\"Smart Combustion\u2122\" degimo optimizavimo technologija.<\/p>\n<p>Visi\u0161kai izoliuota dvigub\u0173 sien\u0173 konstrukcija.<\/p>\n<p>\"Traeger Induction\u00ae\" indukcin\u0117 virykl\u0117.<\/p>\n<p>Nauja pelen\u0173 ir riebal\u0173 surinkimo sistema EZ-Clean\u2122.<\/p>\n<p>\"WiFIRE\u00ae\" ry\u0161ys ir (arba) taikymas, \"Super Smoke\u00ae\" pagalbin\u0117 funkcija. Spalvotas jutiklinis ekranas.<\/p>\n<p>Su ModiFIRE\u00ae suderinami kepsnin\u0117s grotel\u0117s, r\u0117mai, pagrindai. Kepimo lemput\u0117.<\/p>\n<p>Galima integruoti \u012f baldus.<\/p>\n<p>10 met\u0173 ribota garantija.<\/p>\n<p>&nbsp;<\/p>\n<p>D\u0117l \"Traeger\" \"WiFIRE\u00ae\" technologijos, naudodami \"Traeger\" i\u0161mani\u0105j\u0105 program\u0117l\u0119 galite valdyti savo kepsnin\u0119 bet kur ir bet kada. Reguliuokite kepsnin\u0117s temperat\u016br\u0105, kontroliuokite maist\u0105, nustatykite laikma\u010dius ir priminimus, per\u017ei\u016br\u0117kite daugiau nei 1600 originali\u0173 recept\u0173 - visa tai galite atlikti telefonu. Keptuv\u0119 galite valdyti net balso komandomis per \"Alexa\u00ae\" arba \"Google Home\u00ae\".<\/p>\n<p>Traegeri\u00a0<em>ModiFIRE\u00ae<\/em>\u00a0priedai leid\u017eia lengvai prid\u0117ti ir keisti skirtingus kepimo pavir\u0161ius, o naujasis.\u00a0<em>P.A.L. Pop-And-Lock\u00ae.<\/em>\u00a0pried\u0173 sistema leid\u017eia lengvai konfig\u016bruoti lentynas, saugojimo d\u0117\u017ees, pried\u0173 kabliukus ir kt.<\/p>\n<p>Tvarkingumas taip pat tapo nereikalingas - riebalai ir pelenai dabar kaupiami viename lengvai pasiekiamame konteineryje, tod\u0117l i\u0161valyti itin paprasta. Tiesiog i\u0161meskite liku\u010dius kartu su vienu folijos gabal\u0117liu.<\/p>\n<p>\"Traeger\" nepamir\u0161o n\u0117 vienos smulkmenos, tod\u0117l kiekviename kvadratiniame centimetre matyti kokybi\u0161kos med\u017eiagos ir meistri\u0161kumas. Prie to prid\u0117kite itin tvirt\u0105 konstrukcij\u0105 ir tinkamas med\u017eiagas ir tur\u0117site geriausi\u0105 granuli\u0173 kepsnin\u0119 pasaulyje \u0161iuo metu.<\/p>\n<p><u>\u00a0<\/u><\/p>\n<p><strong>Grilio technin\u0117s charakteristikos<\/strong><\/p>\n<p><em>I\u0161manusis degimas\u2122<\/em>\u00a0technologija - labai tiksli temperat\u016bros kontrol\u0117 ir prie\u017ei\u016bra<\/p>\n<p>Temperat\u016bros reguliavimas: 75-260 \u00b0C<\/p>\n<p>\"EvenFlow\u2122 Heat Shield\" izoliuota dvigubos sienel\u0117s konstrukcija<\/p>\n<p><em>SwiftStart\u2122<\/em>\u00a0keraminis starteris greitam paleidimui<\/p>\n<p><em>\"FreeFlow\u2122<\/em>\u00a0ugniakuras padidina d\u016bm\u0173 kiek\u012f ir suma\u017eina pelen\u0173 kaupim\u0105si.<\/p>\n<p><em>\"Super Smoke\u00ae<\/em>\u00a0r\u016bkymas<\/p>\n<p><em>\"Traeger Downdraft Exhaust\u00ae<\/em>\u00a0d\u016bm\u0173 i\u0161traukimas<\/p>\n<p>\"WiFi\u00ae\" technologija - j\u016bs\u0173 kepsnin\u0117 tampa \"i\u0161mani\u0105ja kepsnine\", tod\u0117l galite valdyti kepsnin\u0119 i\u0161 bet kurios vietos.<\/p>\n<p><em>ModiFIRE\u00ae<\/em>\u00a0priedai leid\u017eia lengvai perjungti skirtingus kepimo pavir\u0161ius ar kepsnines.<\/p>\n<p><em>Traeger Induction\u2122<\/em>\u00a0Indukcin\u0117 kaitlent\u0117 ant kepsnin\u0117s bet kokiam maistui gaminti<\/p>\n<p><em>\"EZ-Clean\u2122<\/em>\u00a0riebal\u0173 ir pelen\u0173 keptuv\u0117je riebalai ir pelenai surenkami \u012f vien\u0105 talpykl\u0105.<\/p>\n<p>Komplekte yra 2 belaid\u017eiai \"Meater\" ir 2 laidiniai \"Traeger\" maisto ruo\u0161imo matuokliai, kad gal\u0117tum\u0117te steb\u0117ti maisto ruo\u0161imo proces\u0105 i\u0161 savo i\u0161maniojo \u012frenginio.<\/p>\n<p>\"Pop and Lock\" (P.A.L.) pried\u0173 laikymo sistema - \u0161autuvo stropas, ant kurio galima pakabinti kabliukus, prieskoni\u0173 lentyn\u0117l\u0119 ir popieriaus laikikl\u012f.<\/p>\n<p>Didel\u0117 \u0161onin\u0117 lenta ir nuimama bambuko pjaustymo lenta su magnetiniu spaustuku<\/p>\n<p>Sand\u0117liavimo spintel\u0117 ir medin\u0117s lentynos<\/p>\n<p>Trys ner\u016bdijan\u010dio plieno lygiai<\/p>\n<p>Integruotas kepsnin\u0117s ap\u0161vietimas<\/p>\n<p>Lengvas valdymas jutikliniame ekrane<\/p>\n<p>Kepimo pavir\u0161ius: apie 8516,11 cm2<\/p>\n<p>Vir\u0161utin\u0117 lentyna: 2 (persidengian\u010dios), 84 x 28 cm (D x \u0160)<\/p>\n<p>Apatinis skyrius: 3 (vienas \u0161alia kito), 28,5 x 46 cm (D x \u0160), bendras plotis 85,5 cm.<\/p>\n<p>Granuli\u0173 talpyklos talpa: apie 10 kg<\/p>\n<p>Granuli\u0173 bunkerio jutiklis - rodo, kad kepant baig\u0117si granul\u0117s.<\/p>\n<p>Lengvas granuli\u0173 keitimas<\/p>\n<p><em>StayDry\u2122<\/em>\u00a0granuli\u0173 sand\u0117liavimas<\/p>\n<p>Antikorozin\u0117 apdaila<\/p>\n<p><em>\"Amazon Alexa<\/em>\u00a0ir\u00a0<em>\"Google Home<\/em>\u00a0\u00a0Suderinamumas<\/p>\n<p>Matmenys: 129,54 x 180,34 x 63,5 cm<\/p>\n<p>Svoris: 131 kg<\/p>\n<p>Darbin\u0117 \u012ftampa: 220-240 V 50\/60 Hz<\/p>\n<p>Energijos poreikis granul\u0117ms paduoti: 300 W, kai pasiekiama norima temperat\u016bra, apie 45-100 W.<\/p>\n<p>Indukcin\u0117 kaitlent\u0117: maks. 1410 W<\/p>\n<p>Grilis gali b\u016bti integruotas \u012f sodo baldus.<\/p>\n<p>&nbsp;<\/p>\n<p>\"Timberline XL INT\" kepsninei suteikiama 10 met\u0173 garantija korpusui ir 3 met\u0173 garantija visai valdymo sistemai ir plienin\u0117ms grotel\u0117ms.<\/p>","protected":false},"excerpt":{"rendered":"<p>Naujosios \"Timberline\" ir \"Ironwood\" kepsnin\u0117s, kuriose \u012fdiegtos pa\u017eangios funkcijos, u\u017etikrinan\u010dios puikius rezultatus kiekvien\u0105 kart\u0105, pakyl\u0117s jus \u012f auk\u0161tesn\u012f lyg\u012f.<\/p>\n<p><img loading=\"lazy\" decoding=\"async\" class=\"wp-image-1509\" src=\"http:\/\/tammetorubbq.ee\/wp-content\/uploads\/2024\/03\/traeger-grills-logo-vector-300x167.png\" alt=\"Traeger logotipas\" width=\"165\" height=\"92\" srcset=\"https:\/\/tammetorubbq.ee\/wp-content\/uploads\/2024\/03\/traeger-grills-logo-vector-300x167.png 300w, https:\/\/tammetorubbq.ee\/wp-content\/uploads\/2024\/03\/traeger-grills-logo-vector-768x427.png 768w, https:\/\/tammetorubbq.ee\/wp-content\/uploads\/2024\/03\/traeger-grills-logo-vector-18x10.png 18w, https:\/\/tammetorubbq.ee\/wp-content\/uploads\/2024\/03\/traeger-grills-logo-vector-600x333.png 600w, https:\/\/tammetorubbq.ee\/wp-content\/uploads\/2024\/03\/traeger-grills-logo-vector-64x36.png 64w, https:\/\/tammetorubbq.ee\/wp-content\/uploads\/2024\/03\/traeger-grills-logo-vector.png 900w\" sizes=\"auto, (max-width: 165px) 100vw, 165px\" \/><\/p>\n<p>&nbsp;<\/p>\n<p><a href=\"https:\/\/tammetorubbq.ee\/lt\/sumoketi-veliau\/\"><strong>PIRKITE DABAR, MOK\u0116KITE V\u0116LIAU<\/strong><\/a>\u00a0- be pal\u016bkan\u0173!<\/p>\n<p><img loading=\"lazy\" decoding=\"async\" class=\"alignnone wp-image-2646\" src=\"http:\/\/tammetorubbq.ee\/wp-content\/uploads\/2023\/12\/inbank-wordmark.png\" alt=\"Inbank\" width=\"169\" height=\"76\" srcset=\"https:\/\/tammetorubbq.ee\/wp-content\/uploads\/2023\/12\/inbank-wordmark.png 300w, https:\/\/tammetorubbq.ee\/wp-content\/uploads\/2023\/12\/inbank-wordmark-18x8.png 18w, https:\/\/tammetorubbq.ee\/wp-content\/uploads\/2023\/12\/inbank-wordmark-64x29.png 64w\" sizes=\"auto, (max-width: 169px) 100vw, 169px\" \/><\/p>\n<p>Taip pat si\u016blome galimyb\u0119 sumok\u0117ti v\u0117liau - viena, dviem arba trimis lygiomis dalimis be joki\u0173 pal\u016bkan\u0173 ar papildom\u0173 mokes\u010di\u0173.<\/p>\n<p>M\u016bs\u0173 pirkini\u0173 krep\u0161elyje rasite \u012fvairi\u0173 mok\u0117jimo b\u016bd\u0173 pasirinkim\u0105.<\/p>","protected":false},"featured_media":551,"comment_status":"open","ping_status":"closed","template":"","meta":{"_uf_show_specific_survey":0,"_uf_disable_surveys":false},"pwb-brand":[62],"product_brand":[],"product_cat":[53,20,56],"product_tag":[135,141],"class_list":{"0":"post-550","1":"product","2":"type-product","3":"status-publish","4":"has-post-thumbnail","6":"pwb-brand-traeger","7":"product_cat-grillid","8":"product_cat-kampaania","9":"product_cat-pelletgrillid","10":"product_tag-pelletgrillid","11":"product_tag-traeger","13":"first","14":"instock","15":"sale","16":"taxable","17":"shipping-taxable","18":"purchasable","19":"product-type-simple"},"brands":[{"id":62,"name":"Traeger","slug":"traeger"}],"_links":{"self":[{"href":"https:\/\/tammetorubbq.ee\/lt\/wp-json\/wp\/v2\/product\/550","targetHints":{"allow":["GET"]}}],"collection":[{"href":"https:\/\/tammetorubbq.ee\/lt\/wp-json\/wp\/v2\/product"}],"about":[{"href":"https:\/\/tammetorubbq.ee\/lt\/wp-json\/wp\/v2\/types\/product"}],"replies":[{"embeddable":true,"href":"https:\/\/tammetorubbq.ee\/lt\/wp-json\/wp\/v2\/comments?post=550"}],"wp:featuredmedia":[{"embeddable":true,"href":"https:\/\/tammetorubbq.ee\/lt\/wp-json\/wp\/v2\/media\/551"}],"wp:attachment":[{"href":"https:\/\/tammetorubbq.ee\/lt\/wp-json\/wp\/v2\/media?parent=550"}],"wp:term":[{"taxonomy":"pwb-brand","embeddable":true,"href":"https:\/\/tammetorubbq.ee\/lt\/wp-json\/wp\/v2\/pwb-brand?post=550"},{"taxonomy":"product_brand","embeddable":true,"href":"https:\/\/tammetorubbq.ee\/lt\/wp-json\/wp\/v2\/product_brand?post=550"},{"taxonomy":"product_cat","embeddable":true,"href":"https:\/\/tammetorubbq.ee\/lt\/wp-json\/wp\/v2\/product_cat?post=550"},{"taxonomy":"product_tag","embeddable":true,"href":"https:\/\/tammetorubbq.ee\/lt\/wp-json\/wp\/v2\/product_tag?post=550"}],"curies":[{"name":"wp","href":"https:\/\/api.w.org\/{rel}","templated":true}]}}