{"id":5548,"date":"2026-02-18T08:58:00","date_gmt":"2026-02-18T06:58:00","guid":{"rendered":"https:\/\/tammetorubbq.ee\/?post_type=product&#038;p=5548"},"modified":"2026-04-08T03:00:52","modified_gmt":"2026-04-08T00:00:52","slug":"pardi-rinnafilee-nahaga-220-250g-tk-bgr","status":"publish","type":"product","link":"https:\/\/tammetorubbq.ee\/lt\/produktas\/pardi-rinnafilee-nahaga-220-250g-tk-bgr\/","title":{"rendered":"Pardi rinnafilee nahaga ~220-250g\/tk (BGR)"},"content":{"rendered":"<p>U\u017e\u0161aldymo metodas: IVP -18 \u00b0C<\/p>\n<p>Pakendis: ~220-250g\/tk<\/p>\n<p>Hulgipakend: ~7,00kg<\/p>\n<p>P\u00e4ritolumaa: Bulgaaria<\/p>\n<p>&nbsp;<\/p>\n<p>Produktas negali b\u016bti siun\u010diamas siunt\u0173 ma\u0161ina arba kurjeriu.<\/p>\n<p>Tellimus on v\u00f5imalik Tallinnas k\u00e4tte saada eelneval kokkuleppel.<\/p>\n<p>Ra\u0161ykite mums\u00a0<a href=\"https:\/\/tammetorubbq.ee\/lt\/produktas\/swift-searibi-st-louise-usa\/info%40tammetorubbq.ee\/\">info@tammetorubbq.ee<\/a>\u00a0arba skambinkite\u00a0<a href=\"http:\/\/+372%2056%20888%20638\/\" target=\"_blank\" rel=\"noopener\">+372 56 888 638<\/a><\/p>","protected":false},"excerpt":{"rendered":"<h5>Pardi rinnafilee nahaga on hinnatud ja maitsekas lihal\u00f5ik, mida iseloomustavad rikkalik ja s\u00fcgav maitse.<\/h5>\n<p>Tegemist on k\u00f5rgkvaliteetse pardi rinnafileega, mille tootjaks on <span class=\"hover:entity-accent entity-underline inline cursor-pointer align-baseline\"><span class=\"whitespace-normal\">Penelope<\/span><\/span>. Hoolikalt kasvatatud ja t\u00f6\u00f6deldud tooraine tagab \u00fchtlase kvaliteedi, puhta maitse ja suurep\u00e4rase k\u00fcpsetustulemuse.<\/p>\n<p data-start=\"71\" data-end=\"354\">Kvaliteetne pardi rinnafilee on rikkaliku ja s\u00fcgava maitsega lihal\u00f5ik, mis sobib suurep\u00e4raselt nii pidulikule \u00f5htus\u00f6\u00f6gile kui ka igap\u00e4evaseks gurmee-elamuseks. Selle maitse on intensiivsem kui kanaliha, kuid mahedam kui ulukiliha, pakkudes tasakaalustatud ja elegantset karakterit.<\/p>\n<p data-start=\"356\" data-end=\"611\">Liha on loomup\u00e4raselt mahlane ja \u00f5rna tekstuuriga. Nahaalune rasvakiht sulab k\u00fcpsetamisel aeglaselt, andes lihale erakordse mahlakuse ning v\u00f5imaldades saavutada kr\u00f5beda ja kuldpruuni naha. \u00d5igesti valmistatuna j\u00e4\u00e4b filee seest kaunilt roosakas ja pehme.<\/p>\n<p data-start=\"613\" data-end=\"894\">Sobib ideaalselt pannil praadimiseks ning ahjus j\u00e4relk\u00fcpsetamiseks. Parima tulemuse saavutamiseks piisab lihtsast maitsestamisest \u2013 sool ja v\u00e4rskelt jahvatatud pipar toovad esile liha loomuliku ja rikkaliku maitse. Serveeri marjakastmete, tsitruseliste v\u00f5i punase veini kastmega.<\/p>\n<p data-start=\"896\" data-end=\"1130\" data-is-last-node=\"\" data-is-only-node=\"\"><strong data-start=\"896\" data-end=\"908\">Profesional\u0173 patarimas:<\/strong> Tee enne k\u00fcpsetamist naha sisse terava noaga \u00f5rnad ristsissel\u00f5iked (\u00e4ra l\u00f5ika liha sisse). Alusta praadimist k\u00fclmal pannil nahk allpool \u2013 nii sulab rasv \u00fchtlaselt v\u00e4lja ja tulemuseks on eriti kr\u00f5be nahk ning mahlane sisu.<\/p>\n<hr \/>\n<p style=\"text-align: left;\">Produktas parduodamas pagal svor\u012f. Tiksli kaina bus apskai\u010diuota pasv\u0117rus gamin\u012f.<\/p>\n<p style=\"text-align: left;\">Didesniam kiekiui pra\u0161ykite specialios kainos.<\/p>\n<p style=\"text-align: left;\"><strong>Produkt\u0105 galima u\u017esisakyti i\u0161 anksto.\u00a0<\/strong><\/p>\n<p style=\"text-align: left;\">Kadangi tai yra sveriamas produktas, n\u0117ra galimyb\u0117s pateikti u\u017esakymo internetin\u0117je parduotuv\u0117je.<\/p>\n<p style=\"text-align: left;\">Nor\u0117dami u\u017esisakyti, ra\u0161ykite adresu\u00a0<a href=\"https:\/\/tammetorubbq.ee\/lt\/produktas\/jautienos-krutinine-65kg-aus\/info%40tammetorubbq.ee\/\">info@tammetorubbq.ee<\/a>\u00a0arba skambinkite\u00a0<a href=\"http:\/\/+372%2056%20888%20638\/\">+372 56 888 638<\/a><\/p>\n<p style=\"text-align: left;\"><img loading=\"lazy\" decoding=\"async\" class=\"alignnone wp-image-5549\" src=\"https:\/\/tammetorubbq.ee\/wp-content\/uploads\/2026\/02\/logo-full-version-color.png\" alt=\"\" width=\"219\" height=\"134\" srcset=\"https:\/\/tammetorubbq.ee\/wp-content\/uploads\/2026\/02\/logo-full-version-color.png 280w, https:\/\/tammetorubbq.ee\/wp-content\/uploads\/2026\/02\/logo-full-version-color-18x12.png 18w, https:\/\/tammetorubbq.ee\/wp-content\/uploads\/2026\/02\/logo-full-version-color-64x39.png 64w\" sizes=\"auto, (max-width: 219px) 100vw, 219px\" \/><\/p>","protected":false},"featured_media":5550,"comment_status":"closed","ping_status":"closed","template":"","meta":{"_uf_show_specific_survey":0,"_uf_disable_surveys":false},"pwb-brand":[318],"product_brand":[],"product_cat":[71],"product_tag":[319],"class_list":{"0":"post-5548","1":"product","2":"type-product","3":"status-publish","4":"has-post-thumbnail","6":"pwb-brand-penelope","7":"product_cat-liha","8":"product_tag-pardi-rinnafilee","10":"first","11":"outofstock","12":"taxable","13":"shipping-taxable","14":"purchasable","15":"product-type-simple"},"brands":[{"id":318,"name":"Penelope","slug":"penelope"}],"_links":{"self":[{"href":"https:\/\/tammetorubbq.ee\/lt\/wp-json\/wp\/v2\/product\/5548","targetHints":{"allow":["GET"]}}],"collection":[{"href":"https:\/\/tammetorubbq.ee\/lt\/wp-json\/wp\/v2\/product"}],"about":[{"href":"https:\/\/tammetorubbq.ee\/lt\/wp-json\/wp\/v2\/types\/product"}],"replies":[{"embeddable":true,"href":"https:\/\/tammetorubbq.ee\/lt\/wp-json\/wp\/v2\/comments?post=5548"}],"wp:featuredmedia":[{"embeddable":true,"href":"https:\/\/tammetorubbq.ee\/lt\/wp-json\/wp\/v2\/media\/5550"}],"wp:attachment":[{"href":"https:\/\/tammetorubbq.ee\/lt\/wp-json\/wp\/v2\/media?parent=5548"}],"wp:term":[{"taxonomy":"pwb-brand","embeddable":true,"href":"https:\/\/tammetorubbq.ee\/lt\/wp-json\/wp\/v2\/pwb-brand?post=5548"},{"taxonomy":"product_brand","embeddable":true,"href":"https:\/\/tammetorubbq.ee\/lt\/wp-json\/wp\/v2\/product_brand?post=5548"},{"taxonomy":"product_cat","embeddable":true,"href":"https:\/\/tammetorubbq.ee\/lt\/wp-json\/wp\/v2\/product_cat?post=5548"},{"taxonomy":"product_tag","embeddable":true,"href":"https:\/\/tammetorubbq.ee\/lt\/wp-json\/wp\/v2\/product_tag?post=5548"}],"curies":[{"name":"wp","href":"https:\/\/api.w.org\/{rel}","templated":true}]}}