{"id":567,"date":"2023-12-04T09:56:38","date_gmt":"2023-12-04T07:56:38","guid":{"rendered":"https:\/\/tammetorubbq.ee\/?post_type=product&#038;p=567"},"modified":"2026-04-20T11:00:51","modified_gmt":"2026-04-20T08:00:51","slug":"traeger-fsc-vysnines-medienos-granules-malkinei-krosnelei-9-kg","status":"publish","type":"product","link":"https:\/\/tammetorubbq.ee\/lt\/produktas\/traeger-fsc-vysnines-medienos-granules-malkinei-krosnelei-9-kg\/","title":{"rendered":"Traeger vy\u0161ni\u0173 medienos granul\u0117s (FSC) 9kg"},"content":{"rendered":"<p class=\"p1\">\"Traeger\" vy\u0161ni\u0173 medienos granul\u0117s puikiai tinka \u017euviai, jautienai, kiaulienai, vi\u0161tienai, avienai ir dar\u017eov\u0117ms kepti.<\/p>","protected":false},"excerpt":{"rendered":"<p class=\"p1\">\"Traeger\" vy\u0161ni\u0173 medienos granul\u0117s puikiai tinka \u017euviai, jautienai, kiaulienai, vi\u0161tienai, avienai ir dar\u017eov\u0117ms kepti.<\/p>\n<p>FSC - pagaminta i\u0161 medienos, gautos i\u0161 tvariai tvarkom\u0173 mi\u0161k\u0173.<\/p>\n<p><img loading=\"lazy\" decoding=\"async\" class=\"wp-image-1509\" src=\"http:\/\/tammetorubbq.ee\/wp-content\/uploads\/2024\/03\/traeger-grills-logo-vector-300x167.png\" alt=\"Traeger logotipas\" width=\"165\" height=\"92\" srcset=\"https:\/\/tammetorubbq.ee\/wp-content\/uploads\/2024\/03\/traeger-grills-logo-vector-300x167.png 300w, https:\/\/tammetorubbq.ee\/wp-content\/uploads\/2024\/03\/traeger-grills-logo-vector-768x427.png 768w, https:\/\/tammetorubbq.ee\/wp-content\/uploads\/2024\/03\/traeger-grills-logo-vector-18x10.png 18w, https:\/\/tammetorubbq.ee\/wp-content\/uploads\/2024\/03\/traeger-grills-logo-vector-600x333.png 600w, https:\/\/tammetorubbq.ee\/wp-content\/uploads\/2024\/03\/traeger-grills-logo-vector-64x36.png 64w, https:\/\/tammetorubbq.ee\/wp-content\/uploads\/2024\/03\/traeger-grills-logo-vector.png 900w\" sizes=\"auto, (max-width: 165px) 100vw, 165px\" \/><\/p>","protected":false},"featured_media":568,"comment_status":"open","ping_status":"closed","template":"","meta":{"_uf_show_specific_survey":0,"_uf_disable_surveys":false},"pwb-brand":[62],"product_brand":[],"product_cat":[54],"product_tag":[225,141],"class_list":{"0":"post-567","1":"product","2":"type-product","3":"status-publish","4":"has-post-thumbnail","6":"pwb-brand-traeger","7":"product_cat-puidupellet","8":"product_tag-puidupellet","9":"product_tag-traeger","11":"first","12":"instock","13":"taxable","14":"shipping-taxable","15":"purchasable","16":"product-type-simple"},"brands":[{"id":62,"name":"Traeger","slug":"traeger"}],"_links":{"self":[{"href":"https:\/\/tammetorubbq.ee\/lt\/wp-json\/wp\/v2\/product\/567","targetHints":{"allow":["GET"]}}],"collection":[{"href":"https:\/\/tammetorubbq.ee\/lt\/wp-json\/wp\/v2\/product"}],"about":[{"href":"https:\/\/tammetorubbq.ee\/lt\/wp-json\/wp\/v2\/types\/product"}],"replies":[{"embeddable":true,"href":"https:\/\/tammetorubbq.ee\/lt\/wp-json\/wp\/v2\/comments?post=567"}],"wp:featuredmedia":[{"embeddable":true,"href":"https:\/\/tammetorubbq.ee\/lt\/wp-json\/wp\/v2\/media\/568"}],"wp:attachment":[{"href":"https:\/\/tammetorubbq.ee\/lt\/wp-json\/wp\/v2\/media?parent=567"}],"wp:term":[{"taxonomy":"pwb-brand","embeddable":true,"href":"https:\/\/tammetorubbq.ee\/lt\/wp-json\/wp\/v2\/pwb-brand?post=567"},{"taxonomy":"product_brand","embeddable":true,"href":"https:\/\/tammetorubbq.ee\/lt\/wp-json\/wp\/v2\/product_brand?post=567"},{"taxonomy":"product_cat","embeddable":true,"href":"https:\/\/tammetorubbq.ee\/lt\/wp-json\/wp\/v2\/product_cat?post=567"},{"taxonomy":"product_tag","embeddable":true,"href":"https:\/\/tammetorubbq.ee\/lt\/wp-json\/wp\/v2\/product_tag?post=567"}],"curies":[{"name":"wp","href":"https:\/\/api.w.org\/{rel}","templated":true}]}}