{"id":572,"date":"2023-12-04T10:00:54","date_gmt":"2023-12-04T08:00:54","guid":{"rendered":"https:\/\/tammetorubbq.ee\/?post_type=product&#038;p=572"},"modified":"2026-04-28T08:00:14","modified_gmt":"2026-04-28T05:00:14","slug":"traeger-fsc-hikorio-medzio-granules-malkinei-krosnelei-9-kg","status":"publish","type":"product","link":"https:\/\/tammetorubbq.ee\/lt\/toode\/traeger-fsc-hickory-puidupelletid-suitsuahjule-9-kg\/","title":{"rendered":"Traeger grilio granul\u0117s i\u0161 hikorio medienos (FSC) 9kg"},"content":{"rendered":"<p class=\"p1\">\"Traeger Hickory\" granul\u0117s puikiai tinka jautienai, vi\u0161tienai, kiaulienai ir dar\u017eov\u0117ms kepti, neslepiant j\u0173 nat\u016bralaus skonio.<\/p>","protected":false},"excerpt":{"rendered":"<p class=\"p1\">\"Traeger Hickory\" granul\u0117s puikiai tinka jautienai, vi\u0161tienai, kiaulienai ir dar\u017eov\u0117ms kepti, neslepiant j\u0173 nat\u016bralaus skonio.<\/p>\n<p>FSC - pagaminta i\u0161 medienos, gautos i\u0161 tvariai tvarkom\u0173 mi\u0161k\u0173.<\/p>\n<p><img loading=\"lazy\" decoding=\"async\" class=\"wp-image-1509\" src=\"http:\/\/tammetorubbq.ee\/wp-content\/uploads\/2024\/03\/traeger-grills-logo-vector-300x167.png\" alt=\"Traeger logotipas\" width=\"165\" height=\"92\" srcset=\"https:\/\/tammetorubbq.ee\/wp-content\/uploads\/2024\/03\/traeger-grills-logo-vector-300x167.png 300w, https:\/\/tammetorubbq.ee\/wp-content\/uploads\/2024\/03\/traeger-grills-logo-vector-768x427.png 768w, https:\/\/tammetorubbq.ee\/wp-content\/uploads\/2024\/03\/traeger-grills-logo-vector-18x10.png 18w, https:\/\/tammetorubbq.ee\/wp-content\/uploads\/2024\/03\/traeger-grills-logo-vector-600x333.png 600w, https:\/\/tammetorubbq.ee\/wp-content\/uploads\/2024\/03\/traeger-grills-logo-vector-64x36.png 64w, https:\/\/tammetorubbq.ee\/wp-content\/uploads\/2024\/03\/traeger-grills-logo-vector.png 900w\" sizes=\"auto, (max-width: 165px) 100vw, 165px\" \/><\/p>","protected":false},"featured_media":573,"comment_status":"open","ping_status":"closed","template":"","meta":{"_uf_show_specific_survey":0,"_uf_disable_surveys":false},"pwb-brand":[62],"product_brand":[],"product_cat":[54],"product_tag":[225,141],"class_list":{"0":"post-572","1":"product","2":"type-product","3":"status-publish","4":"has-post-thumbnail","6":"pwb-brand-traeger","7":"product_cat-puidupellet","8":"product_tag-puidupellet","9":"product_tag-traeger","11":"first","12":"instock","13":"taxable","14":"shipping-taxable","15":"purchasable","16":"product-type-simple"},"brands":[{"id":62,"name":"Traeger","slug":"traeger"}],"_links":{"self":[{"href":"https:\/\/tammetorubbq.ee\/lt\/wp-json\/wp\/v2\/product\/572","targetHints":{"allow":["GET"]}}],"collection":[{"href":"https:\/\/tammetorubbq.ee\/lt\/wp-json\/wp\/v2\/product"}],"about":[{"href":"https:\/\/tammetorubbq.ee\/lt\/wp-json\/wp\/v2\/types\/product"}],"replies":[{"embeddable":true,"href":"https:\/\/tammetorubbq.ee\/lt\/wp-json\/wp\/v2\/comments?post=572"}],"wp:featuredmedia":[{"embeddable":true,"href":"https:\/\/tammetorubbq.ee\/lt\/wp-json\/wp\/v2\/media\/573"}],"wp:attachment":[{"href":"https:\/\/tammetorubbq.ee\/lt\/wp-json\/wp\/v2\/media?parent=572"}],"wp:term":[{"taxonomy":"pwb-brand","embeddable":true,"href":"https:\/\/tammetorubbq.ee\/lt\/wp-json\/wp\/v2\/pwb-brand?post=572"},{"taxonomy":"product_brand","embeddable":true,"href":"https:\/\/tammetorubbq.ee\/lt\/wp-json\/wp\/v2\/product_brand?post=572"},{"taxonomy":"product_cat","embeddable":true,"href":"https:\/\/tammetorubbq.ee\/lt\/wp-json\/wp\/v2\/product_cat?post=572"},{"taxonomy":"product_tag","embeddable":true,"href":"https:\/\/tammetorubbq.ee\/lt\/wp-json\/wp\/v2\/product_tag?post=572"}],"curies":[{"name":"wp","href":"https:\/\/api.w.org\/{rel}","templated":true}]}}