{"id":5839,"date":"2026-03-05T13:34:15","date_gmt":"2026-03-05T11:34:15","guid":{"rendered":"https:\/\/tammetorubbq.ee\/?post_type=product&#038;p=5839"},"modified":"2026-04-28T06:00:04","modified_gmt":"2026-04-28T03:00:04","slug":"barbecoa-korean-chicken-kaste-500ml","status":"publish","type":"product","link":"https:\/\/tammetorubbq.ee\/lt\/toode\/barbecoa-korean-chicken-kaste-500ml\/","title":{"rendered":"Barbecoa Korean Chicken kaste 500ml"},"content":{"rendered":"<p data-start=\"22\" data-end=\"605\"><strong data-start=\"22\" data-end=\"38\">Sudedamosios dalys: <\/strong>Vesi, taime\u00f5li (raps, p\u00e4evalill), suhkur, 4,6% gochujang (t\u0161illipipar, <strong data-start=\"112\" data-end=\"134\">NISUJAHU (GLUTEEN)<\/strong>, SOJAUBAD, linnasesiirup, kleepuv riis, sool, alkohol), t\u0161illipiprad, modifitseeritud maisit\u00e4rklis, miso, sojakaste, k\u00fc\u00fcslauk, sool, naturaalne \u00e4\u00e4dikas, maitseaine (mononaatriumglutamaat), happed (sidrunhape, piimhape), modifitseeritud kartulit\u00e4rklis, balsamico-\u00e4\u00e4dikas, paksendajad (ksantaankummi, guarkummi), looduslikud maitseained, v\u00e4rvained (paprikaekstrakt, beetakaroteen), s\u00e4ilitusained (kaliumpesuboraat, naatriumbenzoaat), antioks\u00fcdant (kaltsiumdisooda EDTA).<\/p>\n<p data-start=\"607\" data-end=\"706\" data-is-last-node=\"\" data-is-only-node=\"\"><strong data-start=\"607\" data-end=\"641\">Kas see kaste on gluteenivaba?<\/strong><br data-start=\"641\" data-end=\"644\" \/>Ei, see BBQ-kaste ei ole gluteenivaba, kuna sisaldab nisujahu.<\/p>\n<p data-start=\"0\" data-end=\"53\"><strong data-start=\"0\" data-end=\"51\">Susipa\u017einkite su Tomu Bertelsu ir \u201eBarbecoa BBQ\u201c komanda<\/strong><\/p>\n<p data-start=\"55\" data-end=\"294\"><strong>Tomas Bertels<\/strong>\u00a0on tunnustatud Euroopa BBQ-meister, tuntud oma tipptasemel brisketi valmistamise oskuste ja rahvusvaheliste auhindade poolest. Tema retseptid toovad esile s\u00fcgava umami ja \u00f5rnalt suitsuse maitse.<\/p>\n<p data-start=\"296\" data-end=\"578\" data-is-last-node=\"\" data-is-only-node=\"\"><strong>Barbecoa BBQ komanda<\/strong>, veikdama nuo 2022 m., sudaryta i\u0161 aistring\u0173 BBQ profesional\u0173, laim\u0117jusi\u0173 daugyb\u0119 tarptautini\u0173 titul\u0173, \u012fskaitant Belgijos \u010dempionatus. Kiekvienas j\u0173 ruo\u0161iamas m\u0117sa atspindi atsidavim\u0105, meistri\u0161kum\u0105 ir atkaklum\u0105, pakeldama BBQ men\u0105 \u012f nauj\u0105 lyg\u012f.<\/p>","protected":false},"excerpt":{"rendered":"<p data-start=\"22\" data-end=\"262\">Barbecoa Korean Chicken kaste on spetsiaalselt valmistatud autentsest <strong data-start=\"82\" data-end=\"98\">Gochujangist<\/strong> (Korea t\u0161illipasta), pakkudes t\u00e4iuslikku tasakaalu v\u00fcrtsikuse ja kreemisuse vahel ning selle iseloomulikku umami-maitset, mis t\u00f5stab esile nii kana kui krevette.<\/p>\n<ul>\n<li data-start=\"22\" data-end=\"95\">\n<p data-start=\"24\" data-end=\"95\">T\u00e4iuslik kana tiibadele, kanakintsudele ja krevettidele<\/p>\n<\/li>\n<li data-start=\"96\" data-end=\"142\">\n<p data-start=\"98\" data-end=\"142\">Autentne <strong data-start=\"107\" data-end=\"120\">Gochujang<\/strong> (Korea t\u0161illipasta)<\/p>\n<\/li>\n<li data-start=\"143\" data-end=\"173\">\n<p data-start=\"145\" data-end=\"173\">Kreemjas, siidine tekstuur<\/p>\n<\/li>\n<li data-start=\"174\" data-end=\"219\" data-is-last-node=\"\">\n<p data-start=\"176\" data-end=\"219\" data-is-last-node=\"\">V\u00fcrtsikas \u2013 inspireeritud Buffalo tiibadest<\/p>\n<\/li>\n<\/ul>\n<p data-start=\"264\" data-end=\"461\" data-is-last-node=\"\" data-is-only-node=\"\">Retsepti autor on Euroopa meister <strong data-start=\"298\" data-end=\"313\">Tomas Bertels<\/strong>, inspireerituna klassikalisest Buffalo tiibade kastmest, kuid lisatud Korea t\u0161illipiparde v\u00fcrtsikus teeb kastmest mahlaka ja kreemja maitseelamuse.<\/p>\n<p><img loading=\"lazy\" decoding=\"async\" class=\"wp-image-4732\" src=\"https:\/\/tammetorubbq.ee\/wp-content\/uploads\/2025\/12\/Barbecoa-logo--300x107.png\" alt=\"Barbecoa logotipas\" width=\"230\" height=\"82\" srcset=\"https:\/\/tammetorubbq.ee\/wp-content\/uploads\/2025\/12\/Barbecoa-logo--300x107.png 300w, https:\/\/tammetorubbq.ee\/wp-content\/uploads\/2025\/12\/Barbecoa-logo--768x274.png 768w, https:\/\/tammetorubbq.ee\/wp-content\/uploads\/2025\/12\/Barbecoa-logo--18x6.png 18w, https:\/\/tammetorubbq.ee\/wp-content\/uploads\/2025\/12\/Barbecoa-logo--600x214.png 600w, https:\/\/tammetorubbq.ee\/wp-content\/uploads\/2025\/12\/Barbecoa-logo--64x23.png 64w, https:\/\/tammetorubbq.ee\/wp-content\/uploads\/2025\/12\/Barbecoa-logo-.png 828w\" sizes=\"auto, (max-width: 230px) 100vw, 230px\" \/><\/p>","protected":false},"featured_media":5841,"comment_status":"closed","ping_status":"closed","template":"","meta":{"_uf_show_specific_survey":0,"_uf_disable_surveys":false},"pwb-brand":[256],"product_brand":[],"product_cat":[22],"product_tag":[257,118,159,170],"class_list":{"0":"post-5839","1":"product","2":"type-product","3":"status-publish","4":"has-post-thumbnail","6":"pwb-brand-barbecoa","7":"product_cat-kastmed-ja-marinaadid","8":"product_tag-barbecoa","9":"product_tag-kanaliha","10":"product_tag-kanatiivad","11":"product_tag-krevetid","13":"first","14":"instock","15":"taxable","16":"shipping-taxable","17":"purchasable","18":"product-type-simple"},"brands":[{"id":256,"name":"Barbekiu","slug":"barbecoa"}],"_links":{"self":[{"href":"https:\/\/tammetorubbq.ee\/lt\/wp-json\/wp\/v2\/product\/5839","targetHints":{"allow":["GET"]}}],"collection":[{"href":"https:\/\/tammetorubbq.ee\/lt\/wp-json\/wp\/v2\/product"}],"about":[{"href":"https:\/\/tammetorubbq.ee\/lt\/wp-json\/wp\/v2\/types\/product"}],"replies":[{"embeddable":true,"href":"https:\/\/tammetorubbq.ee\/lt\/wp-json\/wp\/v2\/comments?post=5839"}],"wp:featuredmedia":[{"embeddable":true,"href":"https:\/\/tammetorubbq.ee\/lt\/wp-json\/wp\/v2\/media\/5841"}],"wp:attachment":[{"href":"https:\/\/tammetorubbq.ee\/lt\/wp-json\/wp\/v2\/media?parent=5839"}],"wp:term":[{"taxonomy":"pwb-brand","embeddable":true,"href":"https:\/\/tammetorubbq.ee\/lt\/wp-json\/wp\/v2\/pwb-brand?post=5839"},{"taxonomy":"product_brand","embeddable":true,"href":"https:\/\/tammetorubbq.ee\/lt\/wp-json\/wp\/v2\/product_brand?post=5839"},{"taxonomy":"product_cat","embeddable":true,"href":"https:\/\/tammetorubbq.ee\/lt\/wp-json\/wp\/v2\/product_cat?post=5839"},{"taxonomy":"product_tag","embeddable":true,"href":"https:\/\/tammetorubbq.ee\/lt\/wp-json\/wp\/v2\/product_tag?post=5839"}],"curies":[{"name":"wp","href":"https:\/\/api.w.org\/{rel}","templated":true}]}}