{"id":585,"date":"2023-12-04T10:23:33","date_gmt":"2023-12-04T08:23:33","guid":{"rendered":"https:\/\/tammetorubbq.ee\/?post_type=product&#038;p=585"},"modified":"2026-04-16T16:00:13","modified_gmt":"2026-04-16T13:00:13","slug":"prieskoniu-misinys-apelsinu-skonio-bbq-itrinti-200g","status":"publish","type":"product","link":"https:\/\/tammetorubbq.ee\/lt\/produktas\/prieskoniu-misinys-apelsinu-skonio-bbq-itrinti-200g\/","title":{"rendered":"Apelsin\u0173 skonio BBQ Rub 200g"},"content":{"rendered":"<p class=\"p1\">Unikalus aromatas ir skonis!<\/p>\n<p class=\"p1\">\u0160velniai a\u0161trus prieskoni\u0173 mi\u0161inys su apelsin\u0173 skonio u\u017euominomis.<\/p>\n<p class=\"p1\">Unikalus prieskoni\u0173 mi\u0161inys suteikia m\u0117sai auksin\u0119 spalv\u0105<\/p>\n<p class=\"p1\">Greitai \u012fsigeria \u012f m\u0117s\u0105, tod\u0117l reikia tik pakeisti prieskonius - taip m\u0117soje lieka daugiau sul\u010di\u0173 ir ji i\u0161lieka nat\u016brali!<\/p>\n<p class=\"p1\">Puikiai tinka pauk\u0161tienai (\u012fskaitant anties kr\u016btin\u0117l\u0117s fil\u0117) ir \u0161onkauliukams, puikiai tinka kiaulienai ir raudonai \u017euviai (pvz., la\u0161i\u0161os fil\u0117). B\u016btinai i\u0161bandykite su keptais kiau\u0161iniais, gruzdintomis bulvyt\u0117mis, keptomis bulv\u0117mis ir makaron\u0173 patiekalais.<\/p>\n<p class=\"p1\">Sudedamosios dalys: druska (31%), cukrus, maltodekstrinas, kvapiosios med\u017eiagos (\u012fskaitant salierus), svog\u016bnai, \u010desnakai, garsty\u010dios, paprikos, kajeno pipirai, r\u016bg\u0161tingum\u0105 reguliuojanti med\u017eiaga (citrin\u0173 r\u016bg\u0161tis), lipnum\u0105 reguliuojanti med\u017eiaga (E551).<\/p>\n<p class=\"p1\">Laikykite kambario temperat\u016broje, sausoje vietoje.<\/p>\n<p class=\"p1\">Gaminama tik pagal u\u017esakym\u0105 pagal Enn Tobrelutsu sukurt\u0105 recept\u0105.<\/p>\n<p class=\"p1\">Pagaminta Estijoje.<\/p>\n<p class=\"p1\">Gamintojas: Santa Maria AS.<\/p>","protected":false},"excerpt":{"rendered":"<p class=\"p1\">Unikalus aromatas ir skonis!<\/p>\n<p class=\"p1\">\u0160velniai a\u0161trus prieskoni\u0173 mi\u0161inys su apelsin\u0173 skonio u\u017euominomis.<\/p>\n<p class=\"p1\">Unikalus prieskoni\u0173 mi\u0161inys suteikia m\u0117sai auksin\u0119 spalv\u0105<\/p>\n<p class=\"p1\">Greitai \u012fsigeria \u012f m\u0117s\u0105, tod\u0117l reikia tik pakeisti prieskonius - taip m\u0117soje lieka daugiau sul\u010di\u0173 ir ji i\u0161lieka nat\u016brali!<\/p>\n<p class=\"p1\">Puikiai tinka pauk\u0161tienai (\u012fskaitant anties kr\u016btin\u0117l\u0117s fil\u0117) ir \u0161onkauliukams, puikiai tinka kiaulienai ir raudonai \u017euviai (pvz., la\u0161i\u0161os fil\u0117). B\u016btinai i\u0161bandykite su keptais kiau\u0161iniais, gruzdintomis bulvyt\u0117mis, keptomis bulv\u0117mis ir makaron\u0173 patiekalais.<\/p>","protected":false},"featured_media":586,"comment_status":"open","ping_status":"closed","template":"","meta":{"_uf_show_specific_survey":0,"_uf_disable_surveys":false},"pwb-brand":[65],"product_brand":[],"product_cat":[21],"product_tag":[],"class_list":{"0":"post-585","1":"product","2":"type-product","3":"status-publish","4":"has-post-thumbnail","6":"pwb-brand-bbqentertainment","7":"product_cat-maitseainesegud","9":"first","10":"outofstock","11":"taxable","12":"shipping-taxable","13":"purchasable","14":"product-type-simple"},"brands":[{"id":65,"name":"BBQZaimogos","slug":"bbqzaimogos"}],"_links":{"self":[{"href":"https:\/\/tammetorubbq.ee\/lt\/wp-json\/wp\/v2\/product\/585","targetHints":{"allow":["GET"]}}],"collection":[{"href":"https:\/\/tammetorubbq.ee\/lt\/wp-json\/wp\/v2\/product"}],"about":[{"href":"https:\/\/tammetorubbq.ee\/lt\/wp-json\/wp\/v2\/types\/product"}],"replies":[{"embeddable":true,"href":"https:\/\/tammetorubbq.ee\/lt\/wp-json\/wp\/v2\/comments?post=585"}],"wp:featuredmedia":[{"embeddable":true,"href":"https:\/\/tammetorubbq.ee\/lt\/wp-json\/wp\/v2\/media\/586"}],"wp:attachment":[{"href":"https:\/\/tammetorubbq.ee\/lt\/wp-json\/wp\/v2\/media?parent=585"}],"wp:term":[{"taxonomy":"pwb-brand","embeddable":true,"href":"https:\/\/tammetorubbq.ee\/lt\/wp-json\/wp\/v2\/pwb-brand?post=585"},{"taxonomy":"product_brand","embeddable":true,"href":"https:\/\/tammetorubbq.ee\/lt\/wp-json\/wp\/v2\/product_brand?post=585"},{"taxonomy":"product_cat","embeddable":true,"href":"https:\/\/tammetorubbq.ee\/lt\/wp-json\/wp\/v2\/product_cat?post=585"},{"taxonomy":"product_tag","embeddable":true,"href":"https:\/\/tammetorubbq.ee\/lt\/wp-json\/wp\/v2\/product_tag?post=585"}],"curies":[{"name":"wp","href":"https:\/\/api.w.org\/{rel}","templated":true}]}}