{"id":5888,"date":"2026-03-11T10:21:28","date_gmt":"2026-03-11T08:21:28","guid":{"rendered":"https:\/\/tammetorubbq.ee\/?post_type=product&#038;p=5888"},"modified":"2026-04-28T06:00:03","modified_gmt":"2026-04-28T03:00:03","slug":"maldon-helvessoola-kinkekomplekt-plekk-karbis-250g","status":"publish","type":"product","link":"https:\/\/tammetorubbq.ee\/lt\/toode\/maldon-helvessoola-kinkekomplekt-plekk-karbis-250g\/","title":{"rendered":"Maldon helvessoola kinkekomplekt plekk-karbis 250g"},"content":{"rendered":"<p><strong data-start=\"556\" data-end=\"572\">S\u00e4ilitamine: <\/strong>Hoida jahedas ja kuivas kohas.<\/p>\n<p>Nuo 1882 m. Osborn\u0173 \u0161eimai priklausanti \"Maldon Salt Company Limited\" gamina pasaulyje labiausiai vertinamus nat\u016bralios j\u016bros druskos kokteilius. \"Maldon\" dribsni\u0173 druskos yra patvirtintos Ekologi\u0161ko maisto federacijos ir sertifikuotos ko\u0161eriniu b\u016bdu. Maldono druskos galima \u012fsigyti prakti\u0161kai visame pasaulyje ir ji yra absoliuti kokyb\u0117s vir\u0161\u016bn\u0117!<\/p>\n<ul>\n<li>Maldonas tinka m\u0117sai, \u017euviai, j\u016bros g\u0117ryb\u0117ms, dar\u017eov\u0117ms, pada\u017eams, sriuboms ir marinatams gardinti. Ta\u010diau da\u017eniausiai jis naudojamas maistui suteikti galutin\u012f skon\u012f, \u012fskaitant, pavyzd\u017eiui, m\u0117sos purtym\u0105 prie\u0161 pat valg\u012f.<\/li>\n<li>\"Maldon\" druskos dribsniai i\u0161laisvina s\u016brum\u0105 su \u0161iek tiek sald\u017eiu prieskoniu ir suteikia patiekalui dar vien\u0105 gard\u017eios tekst\u016bros ir burnoje tirpstan\u010dio tra\u0161kumo sluoksn\u012f.<\/li>\n<li>Mink\u0161ti, tra\u0161k\u016bs, nuostabiai ploni \"Maldon\" druskos dribsniai pasi\u017eymi gaiviu intensyvumu ir \u0161variu skoniu, juose puikiai subalansuota nat\u016brali\u0173 mineral\u0173 pusiausvyra, kad pagerint\u0173 bet kok\u012f patiekal\u0105!<\/li>\n<li>Naudodami \"Maldon\" dribsni\u0173 drusk\u0105 suvartosite ma\u017eiau druskos nei kitu atveju, nes dribsniai yra itin ploni ir \u012f m\u0117s\u0105 dedami daugiausia po kepimo ir (arba) skrudinimo (prie\u0161 pat valg\u012f), tod\u0117l druskos paprastai dedama daug ma\u017eiau. Druskos tra\u0161kumas burnoje taip pat atveria m\u016bs\u0173 skonio receptorius ir suteikia m\u0117sai (maistui) daug geresn\u012f skon\u012f.<\/li>\n<\/ul>\n<p>Estijoje taip pat vis labiau populiar\u0117ja Maldono druskos naudojimas.<\/p>","protected":false},"excerpt":{"rendered":"<h5><strong>Kinkige erakordne maitseelamus!<\/strong><\/h5>\n<p>\u00dcle sajandi pikkuse k\u00e4sit\u00f6\u00f6traditsiooniga Maldon Sea Salt on kvaliteedi ja maitse puhtuse s\u00fcmbol, mida kasutavad tippkokad \u00fcle maailma. See kinkekomplekt on praktiline kingitus neile, kes hindavad head toitu ja kvaliteetseid koostisosi.<\/p>\n<p>Maldon Sea Salt helbed\u00a0on oma tuntud p\u00fcramiidse kujuga, looduslikult mineraalirikkad ja kergesti murenevad. Helbed lahustuvad kiiresti ja \u00fchtlaselt. Need sobivad ideaalselt nii toidu viimistlemiseks kui serveerimisel lisamiseks.<\/p>\n<p data-start=\"600\" data-end=\"616\"><strong data-start=\"600\" data-end=\"614\">Pateik\u0117<\/strong><\/p>\n<ul>\n<li data-start=\"619\" data-end=\"664\">1 \u00d7 Maldon Sea Salt Original plekk-karp<\/li>\n<li data-start=\"667\" data-end=\"723\">1 \u00d7 Maldon Sea Salt helbelise meresoola karp 250 g<\/li>\n<\/ul>\n<p data-start=\"725\" data-end=\"908\">Sobib liha, kala, k\u00f6\u00f6giviljade, salatite ja magustoitude maitsestamiseks. T\u00e4nu oma \u00f5rnale tekstuurile on Maldoni helvessool ka ideaalne serveerimisel viimistluseks.<\/p>\n<p data-start=\"725\" data-end=\"908\">\n<p><img loading=\"lazy\" decoding=\"async\" class=\"size-medium wp-image-1589\" src=\"https:\/\/tammetorubbq.ee\/wp-content\/uploads\/2024\/04\/Maldon-salt-logo-300x225.png\" alt=\"Maldono druska\" width=\"300\" height=\"225\" srcset=\"https:\/\/tammetorubbq.ee\/wp-content\/uploads\/2024\/04\/Maldon-salt-logo-300x225.png 300w, https:\/\/tammetorubbq.ee\/wp-content\/uploads\/2024\/04\/Maldon-salt-logo-16x12.png 16w, https:\/\/tammetorubbq.ee\/wp-content\/uploads\/2024\/04\/Maldon-salt-logo-64x48.png 64w, https:\/\/tammetorubbq.ee\/wp-content\/uploads\/2024\/04\/Maldon-salt-logo.png 600w\" sizes=\"auto, (max-width: 300px) 100vw, 300px\" \/><\/p>\n<p>&nbsp;<\/p>","protected":false},"featured_media":5889,"comment_status":"closed","ping_status":"closed","template":"","meta":{"_uf_show_specific_survey":0,"_uf_disable_surveys":false},"pwb-brand":[91],"product_brand":[],"product_cat":[90],"product_tag":[311,237],"class_list":{"0":"post-5888","1":"product","2":"type-product","3":"status-publish","4":"has-post-thumbnail","6":"pwb-brand-maldon","7":"product_cat-soolad","8":"product_tag-maldon","9":"product_tag-meresool","11":"first","12":"instock","13":"taxable","14":"shipping-taxable","15":"purchasable","16":"product-type-simple"},"brands":[{"id":91,"name":"Maldonas","slug":"maldon"}],"_links":{"self":[{"href":"https:\/\/tammetorubbq.ee\/lt\/wp-json\/wp\/v2\/product\/5888","targetHints":{"allow":["GET"]}}],"collection":[{"href":"https:\/\/tammetorubbq.ee\/lt\/wp-json\/wp\/v2\/product"}],"about":[{"href":"https:\/\/tammetorubbq.ee\/lt\/wp-json\/wp\/v2\/types\/product"}],"replies":[{"embeddable":true,"href":"https:\/\/tammetorubbq.ee\/lt\/wp-json\/wp\/v2\/comments?post=5888"}],"wp:featuredmedia":[{"embeddable":true,"href":"https:\/\/tammetorubbq.ee\/lt\/wp-json\/wp\/v2\/media\/5889"}],"wp:attachment":[{"href":"https:\/\/tammetorubbq.ee\/lt\/wp-json\/wp\/v2\/media?parent=5888"}],"wp:term":[{"taxonomy":"pwb-brand","embeddable":true,"href":"https:\/\/tammetorubbq.ee\/lt\/wp-json\/wp\/v2\/pwb-brand?post=5888"},{"taxonomy":"product_brand","embeddable":true,"href":"https:\/\/tammetorubbq.ee\/lt\/wp-json\/wp\/v2\/product_brand?post=5888"},{"taxonomy":"product_cat","embeddable":true,"href":"https:\/\/tammetorubbq.ee\/lt\/wp-json\/wp\/v2\/product_cat?post=5888"},{"taxonomy":"product_tag","embeddable":true,"href":"https:\/\/tammetorubbq.ee\/lt\/wp-json\/wp\/v2\/product_tag?post=5888"}],"curies":[{"name":"wp","href":"https:\/\/api.w.org\/{rel}","templated":true}]}}