{"id":594,"date":"2023-12-04T10:31:17","date_gmt":"2023-12-04T08:31:17","guid":{"rendered":"https:\/\/tammetorubbq.ee\/?post_type=product&#038;p=594"},"modified":"2026-04-26T16:00:18","modified_gmt":"2026-04-26T13:00:18","slug":"prieskoniu-misinys-piri-piri-bbq-rub-200g","status":"publish","type":"product","link":"https:\/\/tammetorubbq.ee\/lt\/produktas\/prieskoniu-misinys-piri-piri-bbq-rub-200g\/","title":{"rendered":"Enn Tobrelutsu The Ultimate Piri-Piri BBQ Rub 200g"},"content":{"rendered":"<p class=\"p2\"><b>Sudedamosios dalys<\/b>: Druska, d\u017ei\u016bv\u0117s\u0117liai (NISU), raudonieji pipirai, prieskoniai (paprika, aitriosios paprikos), svog\u016bn\u0173 milteliai, \u010desnak\u0173 milteliai, citrin\u0173 sul\u010di\u0173 milteliai, prieskoni\u0173 ekstraktai, mieli\u0173 ekstraktai, skrudint\u0173 svog\u016bn\u0173 ekstraktas.<\/p>\n<p class=\"p2\">Alergenai: NISU<\/p>\n<p>Laikykite kambario temperat\u016broje, sausoje vietoje.<\/p>","protected":false},"excerpt":{"rendered":"<h5 class=\"p2\"><strong>Kui soovid grillile veidi rohkem s\u00e4rtsu ja iseloomu!<\/strong><\/h5>\n<p data-start=\"162\" data-end=\"298\">See kergelt terav ja maitsekas piri-piri rub toob sinu roogadesse m\u00f5nusa v\u00fcrtsikuse ning rikkaliku aroomi, mis \u00e4ratab maitsemeeled ellu.<\/p>\n<ul>\n<li data-start=\"300\" data-end=\"507\">Eriti maitsev ja kergelt terav piri-piri maitseainesegu<\/li>\n<li data-start=\"300\" data-end=\"507\">Tasakaalukas v\u00fcrtsikus koos rikkaliku maitseprofiiliga<\/li>\n<li data-start=\"300\" data-end=\"507\">Sobib nii igap\u00e4evaseks grillimiseks kui ka erilisemate roogade valmistamiseks<\/li>\n<\/ul>\n<p data-start=\"509\" data-end=\"621\">Ideaalne:<\/p>\n<ul>\n<li data-start=\"509\" data-end=\"621\">Hakkliha ja burgeripihvid<\/li>\n<li data-start=\"509\" data-end=\"621\">Sealiha ja kanaliha<\/li>\n<li data-start=\"509\" data-end=\"621\">Veiseliha<\/li>\n<li data-start=\"509\" data-end=\"621\">Mereannid (sh hiidkrevetid)<\/li>\n<\/ul>\n<p><img loading=\"lazy\" decoding=\"async\" class=\"wp-image-3475\" src=\"http:\/\/tammetorubbq.ee\/wp-content\/uploads\/2025\/07\/BBQ-Entertainment-N-Catering-Enn-Tobreluts-Logo-300x127.png\" alt=\"BBQ pramogos\" width=\"172\" height=\"73\" srcset=\"https:\/\/tammetorubbq.ee\/wp-content\/uploads\/2025\/07\/BBQ-Entertainment-N-Catering-Enn-Tobreluts-Logo-300x127.png 300w, https:\/\/tammetorubbq.ee\/wp-content\/uploads\/2025\/07\/BBQ-Entertainment-N-Catering-Enn-Tobreluts-Logo-18x8.png 18w, https:\/\/tammetorubbq.ee\/wp-content\/uploads\/2025\/07\/BBQ-Entertainment-N-Catering-Enn-Tobreluts-Logo-600x254.png 600w, https:\/\/tammetorubbq.ee\/wp-content\/uploads\/2025\/07\/BBQ-Entertainment-N-Catering-Enn-Tobreluts-Logo-64x27.png 64w, https:\/\/tammetorubbq.ee\/wp-content\/uploads\/2025\/07\/BBQ-Entertainment-N-Catering-Enn-Tobreluts-Logo.png 628w\" sizes=\"auto, (max-width: 172px) 100vw, 172px\" \/><\/p>","protected":false},"featured_media":597,"comment_status":"open","ping_status":"closed","template":"","meta":{"_uf_show_specific_survey":0,"_uf_disable_surveys":false},"pwb-brand":[183],"product_brand":[407],"product_cat":[21],"product_tag":[280,118,120,114,119],"class_list":{"0":"post-594","1":"product","2":"type-product","3":"status-publish","4":"has-post-thumbnail","6":"pwb-brand-bbq-entertainment","7":"product_brand-bbq-entertainment","8":"product_cat-maitseainesegud","9":"product_tag-enn-tobreluts","10":"product_tag-kanaliha","11":"product_tag-mereannid","12":"product_tag-sealiha","13":"product_tag-veiseliha","15":"first","16":"instock","17":"taxable","18":"shipping-taxable","19":"purchasable","20":"product-type-simple"},"brands":[{"id":183,"name":"Grilis Pramogos","slug":"bbq-entertainment"}],"_links":{"self":[{"href":"https:\/\/tammetorubbq.ee\/lt\/wp-json\/wp\/v2\/product\/594","targetHints":{"allow":["GET"]}}],"collection":[{"href":"https:\/\/tammetorubbq.ee\/lt\/wp-json\/wp\/v2\/product"}],"about":[{"href":"https:\/\/tammetorubbq.ee\/lt\/wp-json\/wp\/v2\/types\/product"}],"replies":[{"embeddable":true,"href":"https:\/\/tammetorubbq.ee\/lt\/wp-json\/wp\/v2\/comments?post=594"}],"wp:featuredmedia":[{"embeddable":true,"href":"https:\/\/tammetorubbq.ee\/lt\/wp-json\/wp\/v2\/media\/597"}],"wp:attachment":[{"href":"https:\/\/tammetorubbq.ee\/lt\/wp-json\/wp\/v2\/media?parent=594"}],"wp:term":[{"taxonomy":"pwb-brand","embeddable":true,"href":"https:\/\/tammetorubbq.ee\/lt\/wp-json\/wp\/v2\/pwb-brand?post=594"},{"taxonomy":"product_brand","embeddable":true,"href":"https:\/\/tammetorubbq.ee\/lt\/wp-json\/wp\/v2\/product_brand?post=594"},{"taxonomy":"product_cat","embeddable":true,"href":"https:\/\/tammetorubbq.ee\/lt\/wp-json\/wp\/v2\/product_cat?post=594"},{"taxonomy":"product_tag","embeddable":true,"href":"https:\/\/tammetorubbq.ee\/lt\/wp-json\/wp\/v2\/product_tag?post=594"}],"curies":[{"name":"wp","href":"https:\/\/api.w.org\/{rel}","templated":true}]}}