{"id":602,"date":"2023-12-04T10:40:12","date_gmt":"2023-12-04T08:40:12","guid":{"rendered":"https:\/\/tammetorubbq.ee\/?post_type=product&#038;p=602"},"modified":"2026-04-19T21:00:41","modified_gmt":"2026-04-19T18:00:41","slug":"prieskoniu-misinys-classic-bbq-rub-200g","status":"publish","type":"product","link":"https:\/\/tammetorubbq.ee\/lt\/produktas\/prieskoniu-misinys-classic-bbq-rub-200g\/","title":{"rendered":"\"Classic BBQ Rub\" 200g"},"content":{"rendered":"<p class=\"p1\">Unikalus aromatas ir skonis!<\/p>\n<p class=\"p1\">\u0160velniai a\u0161trus klasikinis BBQ prieskoni\u0173 mi\u0161inys<\/p>\n<p class=\"p1\">Puikiai tinka kiaulienai (ypa\u010d \u0161onkauliukams, ment\u0117ms, sprandinei) ir kitai m\u0117sai.<\/p>\n<p class=\"p1\">Klasikinis BBQ RUB yra geras pasirinkimas kiekvienam grilio meistrui. \u0160iais prieskoniais pagardinus kiaulien\u0105, ji tampa geriausia.<\/p>\n<p class=\"p1\">U\u017etenka prieskoni\u0173, ta\u010diau storesn\u0119 m\u0117s\u0105 b\u016btina virti ant ma\u017eos ugnies, kad m\u0117sa sumink\u0161t\u0117t\u0173 ir kepimo metu \u012f j\u0105 \u012fsigert\u0173 aromatas.<\/p>\n<p class=\"p1\">Jei norite, pagardindami m\u0117s\u0105 BBQ RUB, galite \u012fpilti \u0161iek tiek kokybi\u0161ko \u0161alto spaudimo alyvuogi\u0173 aliejaus. Kad pasiektum\u0117te norim\u0105 rezultat\u0105, trint\u012f taip pat galite mai\u0161yti su kitais \u012fvairiais prieskoniais.<\/p>\n<p class=\"p1\">Sudedamosios dalys: druska (31%), cukrus, d\u017eiovintas gliukoz\u0117s sirupas, kvapiosios med\u017eiagos (sud\u0117tyje yra garsty\u010di\u0173), svog\u016bn\u0173 milteliai, \u010desnak\u0173 granul\u0117s, r\u016bg\u0161tingum\u0105 reguliuojanti med\u017eiaga E330 arba citrin\u0173 r\u016bg\u0161tis, prieskoni\u0173 ekstraktas (salier\u0173).<\/p>\n<p class=\"p1\">Laikykite kambario temperat\u016broje, sausoje vietoje.<\/p>\n<p class=\"p1\">Gaminamas tik Jungtin\u0117je Karalyst\u0117je pagal special\u0173 Enn Tobrelutsu sukurt\u0105 recept\u0105.<\/p>","protected":false},"excerpt":{"rendered":"<p class=\"p1\">Unikalus aromatas ir skonis!<\/p>\n<p class=\"p1\">\u0160velniai a\u0161trus klasikinis BBQ prieskoni\u0173 mi\u0161inys<\/p>\n<p class=\"p1\">Puikiai tinka kiaulienai (ypa\u010d \u0161onkauliukams, ment\u0117ms, sprandinei) ir kitai m\u0117sai.<\/p>\n<p class=\"p1\">Klasikinis BBQ RUB yra geras pasirinkimas kiekvienam grilio meistrui. \u0160iais prieskoniais pagardinus kiaulien\u0105, ji tampa geriausia.<\/p>\n<p>&nbsp;<\/p>\n<p><img loading=\"lazy\" decoding=\"async\" class=\"alignnone  wp-image-650\" src=\"https:\/\/tammetorubbq.ee\/wp-content\/uploads\/2023\/11\/BBQ-Entertainment-N-Catering-Enn-Tobreluts-Logo-300x127.png\" alt=\"bbqentertainment logo\" width=\"267\" height=\"113\" srcset=\"https:\/\/tammetorubbq.ee\/wp-content\/uploads\/2023\/11\/BBQ-Entertainment-N-Catering-Enn-Tobreluts-Logo-300x127.png 300w, https:\/\/tammetorubbq.ee\/wp-content\/uploads\/2023\/11\/BBQ-Entertainment-N-Catering-Enn-Tobreluts-Logo-18x8.png 18w, https:\/\/tammetorubbq.ee\/wp-content\/uploads\/2023\/11\/BBQ-Entertainment-N-Catering-Enn-Tobreluts-Logo-600x254.png 600w, https:\/\/tammetorubbq.ee\/wp-content\/uploads\/2023\/11\/BBQ-Entertainment-N-Catering-Enn-Tobreluts-Logo-64x27.png 64w, https:\/\/tammetorubbq.ee\/wp-content\/uploads\/2023\/11\/BBQ-Entertainment-N-Catering-Enn-Tobreluts-Logo.png 628w\" sizes=\"auto, (max-width: 267px) 100vw, 267px\" \/><\/p>","protected":false},"featured_media":606,"comment_status":"open","ping_status":"closed","template":"","meta":{"_uf_show_specific_survey":0,"_uf_disable_surveys":false},"pwb-brand":[183],"product_brand":[],"product_cat":[21],"product_tag":[280,166,114,122],"class_list":{"0":"post-602","1":"product","2":"type-product","3":"status-publish","4":"has-post-thumbnail","6":"pwb-brand-bbq-entertainment","7":"product_cat-maitseainesegud","8":"product_tag-enn-tobreluts","9":"product_tag-rebitudliha","10":"product_tag-sealiha","11":"product_tag-searibi","13":"first","14":"instock","15":"taxable","16":"shipping-taxable","17":"purchasable","18":"product-type-simple"},"brands":[{"id":183,"name":"Grilis Pramogos","slug":"bbq-entertainment"}],"_links":{"self":[{"href":"https:\/\/tammetorubbq.ee\/lt\/wp-json\/wp\/v2\/product\/602","targetHints":{"allow":["GET"]}}],"collection":[{"href":"https:\/\/tammetorubbq.ee\/lt\/wp-json\/wp\/v2\/product"}],"about":[{"href":"https:\/\/tammetorubbq.ee\/lt\/wp-json\/wp\/v2\/types\/product"}],"replies":[{"embeddable":true,"href":"https:\/\/tammetorubbq.ee\/lt\/wp-json\/wp\/v2\/comments?post=602"}],"wp:featuredmedia":[{"embeddable":true,"href":"https:\/\/tammetorubbq.ee\/lt\/wp-json\/wp\/v2\/media\/606"}],"wp:attachment":[{"href":"https:\/\/tammetorubbq.ee\/lt\/wp-json\/wp\/v2\/media?parent=602"}],"wp:term":[{"taxonomy":"pwb-brand","embeddable":true,"href":"https:\/\/tammetorubbq.ee\/lt\/wp-json\/wp\/v2\/pwb-brand?post=602"},{"taxonomy":"product_brand","embeddable":true,"href":"https:\/\/tammetorubbq.ee\/lt\/wp-json\/wp\/v2\/product_brand?post=602"},{"taxonomy":"product_cat","embeddable":true,"href":"https:\/\/tammetorubbq.ee\/lt\/wp-json\/wp\/v2\/product_cat?post=602"},{"taxonomy":"product_tag","embeddable":true,"href":"https:\/\/tammetorubbq.ee\/lt\/wp-json\/wp\/v2\/product_tag?post=602"}],"curies":[{"name":"wp","href":"https:\/\/api.w.org\/{rel}","templated":true}]}}