{"id":6028,"date":"2026-03-16T10:16:43","date_gmt":"2026-03-16T08:16:43","guid":{"rendered":"https:\/\/tammetorubbq.ee\/?post_type=product&#038;p=6028"},"modified":"2026-04-08T18:00:54","modified_gmt":"2026-04-08T15:00:54","slug":"blues-hog-cajun-bayou-rub-184g","status":"publish","type":"product","link":"https:\/\/tammetorubbq.ee\/lt\/produktas\/blues-hog-cajun-bayou-rub-184g\/","title":{"rendered":"Blues Hog Cajun Bayou Rub 184g"},"content":{"rendered":"<p><strong data-start=\"120\" data-end=\"136\">Sudedamosios dalys:<\/strong> sool, paprika, granuleeritud k\u00fc\u00fcslauk, sibul, must pipar, cayenne\u2019i pipar, kuiv sinep, loorberileht, \u00fcrdid (nt t\u00fc\u00fcmian, oregano, salvei), looduslikud maitseained.<\/p>\n<p>&nbsp;<\/p>\n<div style=\"width: 1920px;\" class=\"wp-video\"><video class=\"wp-video-shortcode\" id=\"video-6028-1\" width=\"1920\" height=\"1080\" preload=\"metadata\" controls=\"controls\"><source type=\"video\/mp4\" src=\"https:\/\/tammetorubbq.ee\/wp-content\/uploads\/2026\/03\/Cajun-Bayou-Seasoning.mp4?_=1\" \/><a href=\"https:\/\/tammetorubbq.ee\/wp-content\/uploads\/2026\/03\/Cajun-Bayou-Seasoning.mp4\">https:\/\/tammetorubbq.ee\/wp-content\/uploads\/2026\/03\/Cajun-Bayou-Seasoning.mp4<\/a><\/video><\/div>","protected":false},"excerpt":{"rendered":"<h5><strong data-start=\"689\" data-end=\"771\">Ideaalne maitseaine k\u00f5igile, kes armastavad julgeid ja maitserikkaid roogasid.<\/strong><\/h5>\n<p><strong data-start=\"83\" data-end=\"124\">Blues Hog Cajun Bayou maitseainesegu<\/strong> \u00fchendab New Orleansi hingestatud k\u00f6\u00f6gi parimad k\u00fcljed \u2013 julge v\u00fcrtsikuse, suitsuse n\u00fcansi ja aromaatsed \u00fcrdid, mis annavad igale roale s\u00fcgava ning elava maitse.<\/p>\n<p>See rikkalik Cajuni stiilis segu lisab roogadele m\u00f5nusa teravuse ja autentse l\u00f5unaosariikide karakteri. Puista seda friikartulitele, vorstidele, kanale, mereandidele v\u00f5i suppidele \u2013 v\u00f5i kasuta gumbo, grillroogade ja muude lemmikretseptide maitsestamiseks. Iga n\u00e4puots toob toidulauale ehtsa bayou\u2019 atmosf\u00e4\u00e4ri.<\/p>\n<p data-start=\"88\" data-end=\"230\"><strong data-start=\"88\" data-end=\"114\">T\u00d5ELINE CAJUNI MAITSE:<\/strong> Tuline ja v\u00fcrtsikas segu, inspireeritud Louisiana bayou\u2019dest \u2013 lisab igale roale s\u00fcgava, elava ja mahlaka maitse.<\/p>\n<p data-start=\"232\" data-end=\"414\"><strong data-start=\"232\" data-end=\"257\">ANDA IGALE ROALE ELU:<\/strong> Sobib ideaalselt friikartulitele, kanale, vorstidele, mereandidele, suppidele ja hautistele \u2013 puista v\u00f5i h\u00f5\u00f5ru sisse ning tunne kohe New Orleansi maitset.<\/p>\n<p data-start=\"416\" data-end=\"591\"><strong data-start=\"416\" data-end=\"453\">GLUTEENIVABA &amp; L\u00d5PUNI NATURAALNE:<\/strong> Valmistatud k\u00f5rgekvaliteedilistest looduslikest v\u00fcrtsidest, ilma kunstlike maitse-, v\u00e4rv- v\u00f5i s\u00e4ilitusaineid ning t\u00e4iesti gluteenivaba.<\/p>\n<p data-start=\"593\" data-end=\"734\"><strong data-start=\"593\" data-end=\"628\">AUHINDADEGA TUNNUSTATUD MAITSE:<\/strong> Osa <strong data-start=\"633\" data-end=\"666\">Blues Hog Choice of Champions<\/strong> sarjast, mida kasutavad tipptasemel BBQ v\u00f5istkonnad \u00fcle kogu USA.<\/p>\n<p data-start=\"736\" data-end=\"829\"><strong data-start=\"736\" data-end=\"758\">PAGAMINTA JAV:<\/strong> Uhkus USA k\u00e4sit\u00f6\u00f6maitsest \u2013 kvaliteet ja maitse, mida v\u00f5id usaldada.<\/p>\n<p><img loading=\"lazy\" decoding=\"async\" class=\"alignnone wp-image-3462\" src=\"http:\/\/tammetorubbq.ee\/wp-content\/uploads\/2024\/02\/BH_Logo_2022-300x280.avif\" alt=\"\" width=\"129\" height=\"120\" srcset=\"https:\/\/tammetorubbq.ee\/wp-content\/uploads\/2024\/02\/BH_Logo_2022-300x280.avif 300w, https:\/\/tammetorubbq.ee\/wp-content\/uploads\/2024\/02\/BH_Logo_2022-13x12.avif 13w, https:\/\/tammetorubbq.ee\/wp-content\/uploads\/2024\/02\/BH_Logo_2022-64x60.avif 64w, https:\/\/tammetorubbq.ee\/wp-content\/uploads\/2024\/02\/BH_Logo_2022.avif 322w\" sizes=\"auto, (max-width: 129px) 100vw, 129px\" \/><\/p>","protected":false},"featured_media":6030,"comment_status":"closed","ping_status":"closed","template":"","meta":{"_uf_show_specific_survey":0,"_uf_disable_surveys":false},"pwb-brand":[74],"product_brand":[],"product_cat":[21],"product_tag":[331,378,376,118,121,120,114],"class_list":{"0":"post-6028","1":"product","2":"type-product","3":"status-publish","4":"has-post-thumbnail","6":"pwb-brand-blues-hog","7":"product_cat-maitseainesegud","8":"product_tag-blues-hog","9":"product_tag-blues-hog-cajun-bayou","10":"product_tag-blues-hog-rub","11":"product_tag-kanaliha","12":"product_tag-koogiviljad","13":"product_tag-mereannid","14":"product_tag-sealiha","16":"first","17":"outofstock","18":"taxable","19":"shipping-taxable","20":"purchasable","21":"product-type-simple"},"brands":[{"id":74,"name":"M\u0117lynoji kiaul\u0117","slug":"blues-hog"}],"_links":{"self":[{"href":"https:\/\/tammetorubbq.ee\/lt\/wp-json\/wp\/v2\/product\/6028","targetHints":{"allow":["GET"]}}],"collection":[{"href":"https:\/\/tammetorubbq.ee\/lt\/wp-json\/wp\/v2\/product"}],"about":[{"href":"https:\/\/tammetorubbq.ee\/lt\/wp-json\/wp\/v2\/types\/product"}],"replies":[{"embeddable":true,"href":"https:\/\/tammetorubbq.ee\/lt\/wp-json\/wp\/v2\/comments?post=6028"}],"wp:featuredmedia":[{"embeddable":true,"href":"https:\/\/tammetorubbq.ee\/lt\/wp-json\/wp\/v2\/media\/6030"}],"wp:attachment":[{"href":"https:\/\/tammetorubbq.ee\/lt\/wp-json\/wp\/v2\/media?parent=6028"}],"wp:term":[{"taxonomy":"pwb-brand","embeddable":true,"href":"https:\/\/tammetorubbq.ee\/lt\/wp-json\/wp\/v2\/pwb-brand?post=6028"},{"taxonomy":"product_brand","embeddable":true,"href":"https:\/\/tammetorubbq.ee\/lt\/wp-json\/wp\/v2\/product_brand?post=6028"},{"taxonomy":"product_cat","embeddable":true,"href":"https:\/\/tammetorubbq.ee\/lt\/wp-json\/wp\/v2\/product_cat?post=6028"},{"taxonomy":"product_tag","embeddable":true,"href":"https:\/\/tammetorubbq.ee\/lt\/wp-json\/wp\/v2\/product_tag?post=6028"}],"curies":[{"name":"wp","href":"https:\/\/api.w.org\/{rel}","templated":true}]}}