{"id":6066,"date":"2026-03-18T14:30:11","date_gmt":"2026-03-18T12:30:11","guid":{"rendered":"https:\/\/tammetorubbq.ee\/?post_type=product&#038;p=6066"},"modified":"2026-05-06T17:00:02","modified_gmt":"2026-05-06T14:00:02","slug":"pelletgrill-traeger-woodridge","status":"publish","type":"product","link":"https:\/\/tammetorubbq.ee\/lt\/toode\/pelletgrill-traeger-woodridge\/","title":{"rendered":"Pelletgrill Traeger Woodridge"},"content":{"rendered":"<h5 data-section-id=\"rr3c9i\" data-start=\"344\" data-end=\"376\"><strong data-start=\"348\" data-end=\"376\">K\u00fcpsetusala ja mahutavus<\/strong><\/h5>\n<ul data-start=\"377\" data-end=\"730\">\n<li data-section-id=\"9escp8\" data-start=\"377\" data-end=\"467\">\n<p data-start=\"379\" data-end=\"467\"><strong data-start=\"379\" data-end=\"400\">Kogu k\u00fcpsetusala:<\/strong> 5548 cm\u00b2<\/p>\n<\/li>\n<li data-section-id=\"qo1cfg\" data-start=\"468\" data-end=\"609\">\n<p data-start=\"470\" data-end=\"489\"><strong data-start=\"470\" data-end=\"487\">K\u00fcpsetusruum:<\/strong><\/p>\n<ul data-start=\"634\" data-end=\"730\">\n<li data-section-id=\"1547ooy\" data-start=\"492\" data-end=\"528\">\n<p data-start=\"494\" data-end=\"528\"><strong data-start=\"494\" data-end=\"508\">P\u00f5hirest:<\/strong> 3355 cm\u00b2<\/p>\n<\/li>\n<li data-section-id=\"oqgyzk\" data-start=\"531\" data-end=\"609\">\n<p data-start=\"533\" data-end=\"609\"><strong data-start=\"533\" data-end=\"551\">\u00dclemine riiul:<\/strong> 2195 cm\u00b2<\/p>\n<\/li>\n<\/ul>\n<\/li>\n<\/ul>\n<h5 data-section-id=\"1rdsa40\" data-start=\"99\" data-end=\"130\"><strong data-start=\"103\" data-end=\"130\">\u00dcldised m\u00f5\u00f5tmed ja kaal<\/strong><\/h5>\n<ul data-start=\"131\" data-end=\"342\">\n<li data-section-id=\"trczsd\" data-start=\"131\" data-end=\"255\">\n<p data-start=\"133\" data-end=\"255\"><strong data-start=\"133\" data-end=\"172\">M\u00f5\u00f5tmed (laius \u00d7 s\u00fcgavus \u00d7 k\u00f5rgus):<\/strong> 127 \u00d7 68 \u00d7 117 cm<\/p>\n<\/li>\n<li data-section-id=\"dztbuz\" data-start=\"256\" data-end=\"342\">\n<p data-start=\"258\" data-end=\"342\"><strong data-start=\"258\" data-end=\"273\">Toote kaal:<\/strong> 65 kg<\/p>\n<\/li>\n<\/ul>\n<h5><strong>V\u00f5rdlus Woodridge ja Woodridge PRO-ga &#8211; milline on erinevus<\/strong><\/h5>\n<table>\n<thead>\n<tr>\n<th><strong>Tehniline n\u00e4itaja<\/strong><\/th>\n<th><strong>Traeger Woodridge\u00a0<\/strong><\/th>\n<th><strong>Traeger Woodridge PRO<\/strong><\/th>\n<\/tr>\n<\/thead>\n<tbody>\n<tr>\n<td><strong>K\u00fcpsetusala<\/strong><\/td>\n<td>~860\u202fsq\u202fin (~5548\u202fcm\u00b2)<\/td>\n<td>~970\u202fsq\u202fin (~6260\u202fcm\u00b2)<\/td>\n<\/tr>\n<tr>\n<td><strong>WiFIRE\u00ae nutijuhtimine<\/strong><\/td>\n<td>Jah<\/td>\n<td>Jah<\/td>\n<\/tr>\n<tr>\n<td><strong>EZ\u2011Clean rasva &amp; tuhakogur<\/strong><\/td>\n<td>Jah<\/td>\n<td>Jah<\/td>\n<\/tr>\n<tr>\n<td><strong>P.A.L. Pop\u2011And\u2011Lock\u00ae \u00fchilduvus<\/strong><\/td>\n<td>Jah<\/td>\n<td>Jah<\/td>\n<\/tr>\n<tr>\n<td><strong>ModiFIRE\u00ae tarvikute \u00fchilduvus<\/strong><\/td>\n<td>Jah<\/td>\n<td>Jah<\/td>\n<\/tr>\n<tr>\n<td><strong>Digitaalne juhtpaneel<\/strong><\/td>\n<td>Jah<\/td>\n<td>Jah<\/td>\n<\/tr>\n<tr>\n<td><strong>Juhtmega lihatermomeeter kaasas<\/strong><\/td>\n<td>Jah<\/td>\n<td>Jah<\/td>\n<\/tr>\n<tr>\n<td><strong>Bluetooth\u2011termomeetri toetus<\/strong><\/td>\n<td>Jah<\/td>\n<td>Jah<\/td>\n<\/tr>\n<tr>\n<td><strong>Pelleti mahuti (hopper)<\/strong><\/td>\n<td>24\u202flbs (~10,9\u202fkg)<\/td>\n<td>24\u202flbs (~10,9\u202fkg)<\/td>\n<\/tr>\n<tr>\n<td><strong>Temperat\u016bros diapazonas<\/strong><\/td>\n<td>180\u2013500\u202f\u00b0F (82\u2013260\u202f\u00b0C)<\/td>\n<td>180\u2013500\u202f\u00b0F (82\u2013260\u202f\u00b0C)<\/td>\n<\/tr>\n<tr>\n<td><strong>Super Smoke Mode (rohkem suitsu)<\/strong><\/td>\n<td>\u274c Ei kuulu<\/td>\n<td>\u2714 Jah, ekstra suitsu funktsioon<\/td>\n<\/tr>\n<tr>\n<td><strong>Folding side shelf (k\u00f5rgendatud riiul)<\/strong><\/td>\n<td>\u274c Ei ole<\/td>\n<td>\u2714 Jah, lisat\u00f6\u00f6ruum ettevalmistuseks<\/td>\n<\/tr>\n<tr>\n<td><strong>Pelleti taseme sensor (rakenduses)<\/strong><\/td>\n<td>\u274c Ei ole<\/td>\n<td>\u2714 Jah, integreeritud sensor<\/td>\n<\/tr>\n<tr>\n<td><strong>Keep Warm funktsioon (soojas hoidmine)<\/strong><\/td>\n<td>\u2013 standardfunktsioon<\/td>\n<td>\u2714 Jah (lisav\u00f5imalus)<\/td>\n<\/tr>\n<tr>\n<td><strong>Sisseehitatud konksud restide puhastamiseks<\/strong><\/td>\n<td>Jah<\/td>\n<td>Jah<\/td>\n<\/tr>\n<tr>\n<td><strong>Svoris<\/strong><\/td>\n<td>ca 138\u202flbs (~63\u202fkg) (umbes)<\/td>\n<td>ca 174\u202flbs (~79\u202fkg)<\/td>\n<\/tr>\n<tr>\n<td><strong>Sobivus bigger cooks (suurem kogus toitu)<\/strong><\/td>\n<td>Hea igap\u00e4evakasutuseks<\/td>\n<td>Sobiv suuremate gruppide\/rohkemate roogade jaoks<\/td>\n<\/tr>\n<\/tbody>\n<\/table>\n<p>&nbsp;<\/p>\n<p><iframe loading=\"lazy\" title=\"Meet the All-New Woodridge\u2122 | Traeger Grills\" width=\"500\" height=\"281\" src=\"https:\/\/www.youtube.com\/embed\/Zips8pN1akI?feature=oembed\" frameborder=\"0\" allow=\"accelerometer; autoplay; clipboard-write; encrypted-media; gyroscope; picture-in-picture; web-share\" referrerpolicy=\"strict-origin-when-cross-origin\" allowfullscreen><\/iframe><\/p>\n<ul data-start=\"377\" data-end=\"730\">\n<li style=\"list-style-type: none;\" data-section-id=\"zljfdw\" data-start=\"610\" data-end=\"730\"><\/li>\n<\/ul>","protected":false},"excerpt":{"rendered":"<h5 data-start=\"0\" data-end=\"33\"><strong data-start=\"0\" data-end=\"33\"><span style=\"color: #ff0000;\">UUS mudel! <\/span><\/strong><strong data-start=\"0\" data-end=\"33\">Traeger Woodridge pelletgrill<\/strong><\/h5>\n<p data-start=\"35\" data-end=\"764\">Tutvu pelletgrillide uue p\u00f5lvkonnaga. Traeger Woodridge pakub suurep\u00e4rast j\u00f5udlust hea hinnaga, mist\u00f5ttu sobib see ideaalselt neile, kes alles alustavad pelletgrillimisega. V\u00f5imalus j\u00e4ljendada nii traditsioonilist grillimist kui suitsutamist mis teeb sellest mitmek\u00fclgse seadme. Lisaks saab Traeger Woodridge\u2019iga ka k\u00fcpsetada, r\u00f6stida ja hautada, nii et saad \u00f5ues s\u00fc\u00fca valmistada nii tihti kui soovid. Temperatuurivahemik 8 &#8211; 260 \u00b0C v\u00f5imaldab teha k\u00f5ike alates aeglaselt k\u00fcpsevast brisket\u2019ist kuni steikide kiire pruunistamiseni. Sisseehitatud pelletimahuti mahutab kuni 11kg pelleteid &#8211; erinevad puiduliigid, nagu n\u00e4iteks \u00f5una- v\u00f5i kirsipuu mis annavad roogadele erip\u00e4rase maitsen\u00fcansi.<\/p>\n<p data-start=\"766\" data-end=\"802\"><strong data-start=\"766\" data-end=\"802\">Lihtsaim viis pelletgrillimiseks<\/strong><\/p>\n<p data-start=\"804\" data-end=\"1570\">Traeger Woodridge muudab pelletgrillimise eriti lihtsaks t\u00e4nu intuitiivsetele juhtnuppudele, mis v\u00f5imaldavad p\u00f5him\u00f5ttel \u201cpane paika ja unusta\u201d (Set-It &amp; Forget-It) suurep\u00e4raseid tulemusi saavutada. Koos WiFIRE\u00ae nutika j\u00e4lgimistehnoloogiaga pole grillimine kunagi olnud mugavam &#8211; laadi lihtsalt Traegeri rakendus oma telefoni, et muuta temperatuuri, lisada suitsu, kasutada eksklusiivseid retsepte ja palju muud. Bluetoothiga \u00fchendatav lihatermomeeter v\u00f5imaldab sul k\u00fcpsetamist veelgi t\u00e4psemalt j\u00e4lgida, et n\u00e4ha, millal toit on saavutanud ideaalse sisetemperatuuri. P\u00e4rast k\u00fcpsetamist teeb Woodridge ka puhastamise lihtsaks: EZ Clean rasva- ja tuhakogur kogub nii toidumahlad kui pelletituhk \u00fchte mugavasse anumasse, mida saad vajadusel lihtsalt t\u00fchjendada ja pesta.<\/p>\n<p data-start=\"0\" data-end=\"16\"><strong data-start=\"0\" data-end=\"16\">Pagrindin\u0117s savyb\u0117s<\/strong><\/p>\n<ul data-start=\"18\" data-end=\"682\" data-is-last-node=\"\" data-is-only-node=\"\">\n<li data-section-id=\"alckjq\" data-start=\"18\" data-end=\"112\">\n<p data-start=\"20\" data-end=\"112\">WiFIRE\u00ae \u00fchenduvus v\u00f5imaldab Traegeri rakenduse abil oma toiduvalmistamist j\u00e4lgida k\u00f5ikjalt<\/p>\n<\/li>\n<li data-section-id=\"1kgcshj\" data-start=\"113\" data-end=\"174\">\n<p data-start=\"115\" data-end=\"174\">Murevaba puhastamine t\u00e4nu EZ-Clean rasva- ja tuhakogurile<\/p>\n<\/li>\n<li data-section-id=\"bnjvt6\" data-start=\"175\" data-end=\"262\">\n<p data-start=\"177\" data-end=\"262\">Kohanda grill enda j\u00e4rgi P.A.L. Pop-And-Lock\u00ae siinile kinnitatavate lisatarvikutega<\/p>\n<\/li>\n<li data-section-id=\"157khaq\" data-start=\"263\" data-end=\"370\">\n<p data-start=\"265\" data-end=\"370\">ModiFIRE\u00ae tarvikud kinnituvad kindlalt grillile ja laiendavad koheselt sinu toiduvalmistamise v\u00f5imalusi<\/p>\n<\/li>\n<li data-section-id=\"otxgrq\" data-start=\"371\" data-end=\"433\">\n<p data-start=\"373\" data-end=\"433\">Lihtne kasutada t\u00e4nu t\u00e4ielikult digitaalsele juhtpaneelile<\/p>\n<\/li>\n<li data-section-id=\"1bbet47\" data-start=\"434\" data-end=\"485\">\n<p data-start=\"436\" data-end=\"485\">J\u00e4lgi k\u00fcpsetamist juhtmega lihatermomeetri abil<\/p>\n<\/li>\n<li data-section-id=\"1ysd5s5\" data-start=\"486\" data-end=\"540\">\n<p data-start=\"488\" data-end=\"540\">Juhtmevaba kasutus Bluetooth-lihatermomeetri toega<\/p>\n<\/li>\n<li data-section-id=\"1t510wo\" data-start=\"541\" data-end=\"620\">\n<p data-start=\"543\" data-end=\"620\">Mugav pelletimahuti t\u00fchjendus v\u00f5imaldab kiiresti pelletite maitset vahetada<\/p>\n<\/li>\n<li data-section-id=\"52qcx3\" data-start=\"621\" data-end=\"682\" data-is-last-node=\"\">\n<p data-start=\"623\" data-end=\"682\" data-is-last-node=\"\">Sisseehitatud konksud restide riputamiseks puhastamise ajal<\/p>\n<\/li>\n<\/ul>\n<p><img loading=\"lazy\" decoding=\"async\" class=\"size-medium wp-image-1509\" src=\"https:\/\/tammetorubbq.ee\/wp-content\/uploads\/2024\/03\/traeger-grills-logo-vector-300x167.png\" alt=\"Traeger logotipas\" width=\"300\" height=\"167\" srcset=\"https:\/\/tammetorubbq.ee\/wp-content\/uploads\/2024\/03\/traeger-grills-logo-vector-300x167.png 300w, https:\/\/tammetorubbq.ee\/wp-content\/uploads\/2024\/03\/traeger-grills-logo-vector-768x427.png 768w, https:\/\/tammetorubbq.ee\/wp-content\/uploads\/2024\/03\/traeger-grills-logo-vector-18x10.png 18w, https:\/\/tammetorubbq.ee\/wp-content\/uploads\/2024\/03\/traeger-grills-logo-vector-600x333.png 600w, https:\/\/tammetorubbq.ee\/wp-content\/uploads\/2024\/03\/traeger-grills-logo-vector-64x36.png 64w, https:\/\/tammetorubbq.ee\/wp-content\/uploads\/2024\/03\/traeger-grills-logo-vector.png 900w\" sizes=\"auto, (max-width: 300px) 100vw, 300px\" \/><\/p>\n<p><a href=\"https:\/\/tammetorubbq.ee\/lt\/sumoketi-veliau\/\"><strong>PIRKITE DABAR, MOK\u0116KITE V\u0116LIAU<\/strong><\/a>\u00a0- be pal\u016bkan\u0173!<\/p>\n<p><img loading=\"lazy\" decoding=\"async\" class=\"alignnone wp-image-2646\" src=\"http:\/\/tammetorubbq.ee\/wp-content\/uploads\/2023\/12\/inbank-wordmark.png\" alt=\"Inbank\" width=\"167\" height=\"75\" srcset=\"https:\/\/tammetorubbq.ee\/wp-content\/uploads\/2023\/12\/inbank-wordmark.png 300w, https:\/\/tammetorubbq.ee\/wp-content\/uploads\/2023\/12\/inbank-wordmark-18x8.png 18w, https:\/\/tammetorubbq.ee\/wp-content\/uploads\/2023\/12\/inbank-wordmark-64x29.png 64w\" sizes=\"auto, (max-width: 167px) 100vw, 167px\" \/><\/p>\n<p>Taip pat si\u016blome galimyb\u0119 sumok\u0117ti v\u0117liau - viena, dviem arba trimis lygiomis dalimis be joki\u0173 pal\u016bkan\u0173 ar papildom\u0173 mokes\u010di\u0173.<\/p>\n<p>M\u016bs\u0173 pirkini\u0173 krep\u0161elyje rasite \u012fvairi\u0173 mok\u0117jimo b\u016bd\u0173 pasirinkim\u0105.<\/p>","protected":false},"featured_media":6067,"comment_status":"closed","ping_status":"closed","template":"","meta":{"_uf_show_specific_survey":0,"_uf_disable_surveys":false},"pwb-brand":[62],"product_brand":[],"product_cat":[56],"product_tag":[135,141,348],"class_list":{"0":"post-6066","1":"product","2":"type-product","3":"status-publish","4":"has-post-thumbnail","6":"pwb-brand-traeger","7":"product_cat-pelletgrillid","8":"product_tag-pelletgrillid","9":"product_tag-traeger","10":"product_tag-traeger-woodridge","12":"first","13":"instock","14":"taxable","15":"shipping-taxable","16":"purchasable","17":"product-type-simple"},"brands":[{"id":62,"name":"Traeger","slug":"traeger"}],"_links":{"self":[{"href":"https:\/\/tammetorubbq.ee\/lt\/wp-json\/wp\/v2\/product\/6066","targetHints":{"allow":["GET"]}}],"collection":[{"href":"https:\/\/tammetorubbq.ee\/lt\/wp-json\/wp\/v2\/product"}],"about":[{"href":"https:\/\/tammetorubbq.ee\/lt\/wp-json\/wp\/v2\/types\/product"}],"replies":[{"embeddable":true,"href":"https:\/\/tammetorubbq.ee\/lt\/wp-json\/wp\/v2\/comments?post=6066"}],"wp:featuredmedia":[{"embeddable":true,"href":"https:\/\/tammetorubbq.ee\/lt\/wp-json\/wp\/v2\/media\/6067"}],"wp:attachment":[{"href":"https:\/\/tammetorubbq.ee\/lt\/wp-json\/wp\/v2\/media?parent=6066"}],"wp:term":[{"taxonomy":"pwb-brand","embeddable":true,"href":"https:\/\/tammetorubbq.ee\/lt\/wp-json\/wp\/v2\/pwb-brand?post=6066"},{"taxonomy":"product_brand","embeddable":true,"href":"https:\/\/tammetorubbq.ee\/lt\/wp-json\/wp\/v2\/product_brand?post=6066"},{"taxonomy":"product_cat","embeddable":true,"href":"https:\/\/tammetorubbq.ee\/lt\/wp-json\/wp\/v2\/product_cat?post=6066"},{"taxonomy":"product_tag","embeddable":true,"href":"https:\/\/tammetorubbq.ee\/lt\/wp-json\/wp\/v2\/product_tag?post=6066"}],"curies":[{"name":"wp","href":"https:\/\/api.w.org\/{rel}","templated":true}]}}