{"id":6095,"date":"2026-03-19T12:09:01","date_gmt":"2026-03-19T10:09:01","guid":{"rendered":"https:\/\/tammetorubbq.ee\/?post_type=product&#038;p=6095"},"modified":"2026-05-05T13:00:03","modified_gmt":"2026-05-05T10:00:03","slug":"moddern-green-special","status":"publish","type":"product","link":"https:\/\/tammetorubbq.ee\/lt\/toode\/moddern-green-special\/","title":{"rendered":"Moddern Green Special"},"content":{"rendered":"<h6>M\u00f5\u00f5dud<\/h6>\n<ul>\n<li data-start=\"23\" data-end=\"38\">Pikkus: 55 cm<\/li>\n<li data-start=\"41\" data-end=\"55\">Laius: 55 cm<\/li>\n<li data-start=\"58\" data-end=\"74\">K\u00f5rgus: 115 cm<\/li>\n<li data-start=\"77\" data-end=\"94\">Netokaal: 87 kg<\/li>\n<li data-start=\"97\" data-end=\"113\" data-is-last-node=\"\">T\u00f6\u00f6k\u00f5rgus: 90 cm<\/li>\n<\/ul>\n<table>\n<thead>\n<tr>\n<th style=\"text-align: center;\"><strong>Omadus \/ m\u00f5\u00f5tmed<\/strong><\/th>\n<th style=\"text-align: center;\"><strong>\u00a0 \u00a0 \u00a0Moddern Special<\/strong><\/th>\n<th style=\"text-align: center;\"><strong>\u00a0 \u00a0 \u00a0Moddern Complete<\/strong><\/th>\n<\/tr>\n<\/thead>\n<tbody>\n<tr>\n<td><\/td>\n<td><\/td>\n<td><\/td>\n<\/tr>\n<tr>\n<td><strong>V\u00e4rv<\/strong><\/td>\n<td style=\"text-align: center;\">Green<\/td>\n<td style=\"text-align: center;\">Green<\/td>\n<\/tr>\n<tr>\n<td><strong>K\u00fclglauad<\/strong><\/td>\n<td style=\"text-align: center;\">Jah<\/td>\n<td style=\"text-align: center;\">Jah<\/td>\n<\/tr>\n<tr>\n<td><strong>Jalad<\/strong><\/td>\n<td style=\"text-align: center;\">Marble, Wood look<\/td>\n<td style=\"text-align: center;\">Aluminium<\/td>\n<\/tr>\n<tr>\n<td><strong>Rattad<\/strong><\/td>\n<td style=\"text-align: center;\">Jah<\/td>\n<td style=\"text-align: center;\">Jah<\/td>\n<\/tr>\n<tr>\n<td><strong>K\u00f5rgus<\/strong><\/td>\n<td style=\"text-align: center;\">115 cm<\/td>\n<td style=\"text-align: center;\">123 cm<\/td>\n<\/tr>\n<tr>\n<td><strong>V\u00e4line l\u00e4bim\u00f5\u00f5t<\/strong><\/td>\n<td style=\"text-align: center;\">130 cm<\/td>\n<td style=\"text-align: center;\">130 cm<\/td>\n<\/tr>\n<\/tbody>\n<\/table>\n<h6 data-start=\"67\" data-end=\"351\"><strong>Moddern\u00a0<\/strong><\/h6>\n<div class=\"flex flex-col text-sm pb-25\">\n<section class=\"text-token-text-primary w-full focus:outline-none [--shadow-height:45px] has-data-writing-block:pointer-events-none has-data-writing-block:-mt-(--shadow-height) has-data-writing-block:pt-(--shadow-height) [&amp;:has([data-writing-block])&gt;*]:pointer-events-auto scroll-mt-[calc(var(--header-height)+min(200px,max(70px,20svh)))]\" dir=\"auto\" data-turn-id=\"request-69ba584e-3268-8333-8880-8f20a8dfb508-6\" data-testid=\"conversation-turn-44\" data-scroll-anchor=\"true\" data-turn=\"assistant\">\n<div class=\"text-base my-auto mx-auto pb-10 [--thread-content-margin:var(--thread-content-margin-xs,calc(var(--spacing)*4))] @w-sm\/main:[--thread-content-margin:var(--thread-content-margin-sm,calc(var(--spacing)*6))] @w-lg\/main:[--thread-content-margin:var(--thread-content-margin-lg,calc(var(--spacing)*16))] px-(--thread-content-margin)\">\n<div class=\"[--thread-content-max-width:40rem] @w-lg\/main:[--thread-content-max-width:48rem] mx-auto max-w-(--thread-content-max-width) flex-1 group\/turn-messages focus-visible:outline-hidden relative flex w-full min-w-0 flex-col agent-turn\">\n<div class=\"flex max-w-full flex-col gap-4 grow\">\n<div class=\"min-h-8 text-message relative flex w-full flex-col items-end gap-2 text-start break-words whitespace-normal outline-none keyboard-focused:focus-ring [.text-message+&amp;]:mt-1\" dir=\"auto\" tabindex=\"0\" data-message-author-role=\"assistant\" data-message-id=\"31ac38d3-dde9-4ace-9344-5a76d45a5d80\" data-message-model-slug=\"gpt-5-mini\" data-turn-start-message=\"true\">\n<div class=\"flex w-full flex-col gap-1 empty:hidden\">\n<div class=\"markdown prose dark:prose-invert w-full wrap-break-word light markdown-new-styling\">\n<p data-start=\"0\" data-end=\"436\" data-is-last-node=\"\" data-is-only-node=\"\">S\u00fcndinud lihtsast k\u00fcsimusest \u2013 miks valida disaini ja j\u00f5udluse vahel, kui saab m\u00f5lemat? Just see k\u00fcsimus viis meid Moddern kamado loomiseni \u2013 s\u00f6egrillini, millel on pehmed, \u00fcmarad vormid, l\u00e4bim\u00f5eldud materjalid ja disain, mis toob rahu, mitte segadust. Iga detail on l\u00e4bi m\u00f5eldud, alates mati keraamilise pinnat\u00f6\u00f6tluse kuni unikaalse jalavalikuni. Mitte selleks, et silma paista, vaid selleks, et saaksid ise tunda ja m\u00e4rgata erinevust.<\/p>\n<p data-start=\"0\" data-end=\"436\" data-is-last-node=\"\" data-is-only-node=\"\">\n<\/div>\n<\/div>\n<\/div>\n<\/div>\n<\/div>\n<\/div>\n<\/section>\n<\/div>\n<p data-start=\"67\" data-end=\"351\">Hollandist p\u00e4rit br\u00e4nd Moddern usub, et v\u00e4ljas toidu valmistamine on rohkem kui lihtsalt s\u00f6\u00f6mine. See on kogemus ja rahulik hetk, kus saab keskenduda heale toidule ja meeldivale seltskonnale. Grill peab selle juures h\u00e4sti t\u00f6\u00f6tama ja samal ajal ka kaunilt v\u00e4lja n\u00e4gema.<\/p>\n<p data-start=\"353\" data-end=\"562\">Seet\u00f5ttu on Moddern kamado s\u00f6egrillidel pehmed, \u00fcmarad jooned, l\u00e4bim\u00f5eldud materjalivalik ja rahulik, tasakaalus disain. Eesm\u00e4rk on luua v\u00e4liruum, mis on selge ja korrastatud, mitte \u00fclekoormatud detailidest.<\/p>\n<p data-start=\"564\" data-end=\"787\">Iga Moddern kamado on viimistletud kuni k\u00f5ige v\u00e4iksemate detailideni: pinnat\u00f6\u00f6tlus, jalgade lahendused ja funktsionaalne \u00fclesehitus. Nii on v\u00f5imalik kujundada \u00f5ueala, mis on korraga stiilne, isikup\u00e4rane ja mugav kasutada.<\/p>\n","protected":false},"excerpt":{"rendered":"<div class=\"flex flex-col text-sm pb-25\">\n<section class=\"text-token-text-primary w-full focus:outline-none [--shadow-height:45px] has-data-writing-block:pointer-events-none has-data-writing-block:-mt-(--shadow-height) has-data-writing-block:pt-(--shadow-height) [&amp;:has([data-writing-block])&gt;*]:pointer-events-auto scroll-mt-[calc(var(--header-height)+min(200px,max(70px,20svh)))]\" dir=\"auto\" data-turn-id=\"request-69ba584e-3268-8333-8880-8f20a8dfb508-7\" data-testid=\"conversation-turn-46\" data-scroll-anchor=\"true\" data-turn=\"assistant\">\n<div class=\"text-base my-auto mx-auto pb-10 [--thread-content-margin:var(--thread-content-margin-xs,calc(var(--spacing)*4))] @w-sm\/main:[--thread-content-margin:var(--thread-content-margin-sm,calc(var(--spacing)*6))] @w-lg\/main:[--thread-content-margin:var(--thread-content-margin-lg,calc(var(--spacing)*16))] px-(--thread-content-margin)\">\n<div class=\"[--thread-content-max-width:40rem] @w-lg\/main:[--thread-content-max-width:48rem] mx-auto max-w-(--thread-content-max-width) flex-1 group\/turn-messages focus-visible:outline-hidden relative flex w-full min-w-0 flex-col agent-turn\">\n<div class=\"flex max-w-full flex-col gap-4 grow\">\n<div class=\"min-h-8 text-message relative flex w-full flex-col items-end gap-2 text-start break-words whitespace-normal outline-none keyboard-focused:focus-ring [.text-message+&amp;]:mt-1\" dir=\"auto\" tabindex=\"0\" data-message-author-role=\"assistant\" data-message-id=\"6e965c07-68b3-4015-a627-8b9c9da1ef12\" data-message-model-slug=\"gpt-5-mini\" data-turn-start-message=\"true\">\n<div class=\"flex w-full flex-col gap-1 empty:hidden\">\n<div class=\"markdown prose dark:prose-invert w-full wrap-break-word light markdown-new-styling\">\n<p data-start=\"51\" data-end=\"391\"><strong data-start=\"51\" data-end=\"93\">Moddern Green Special Wood-Look kamado<\/strong> \u00fchendab sooja v\u00e4limuse ja modernse disaini. Puidumustriga alumiiniumjalad annavad loomuliku ja viimistletud ilme, samas kui mustad alumiiniumist k\u00fclglauad loovad selge ja tagasihoidliku kontrasti. Kamado sobib suurep\u00e4raselt terrassile v\u00f5i aeda, kus on oluline nii v\u00e4limus kui ka funktsionaalsus.<\/p>\n<p data-start=\"393\" data-end=\"721\">Komplekt sisaldab roostevabast terasest poolkuu-resti, plate setter\u2019it ja mitmetasandilist k\u00fcpsetuss\u00fcsteemi. Nende abil saab samal kamadol valmistada aeglast madalal temperatuuril k\u00fcpsetatud roogasid, suitsutada ja grillida otsesel kuumusel. Sisseehitatud termomeeter aitab hoida soovitud temperatuuri kogu k\u00fcpsetamise v\u00e4ltel.<\/p>\n<p data-start=\"723\" data-end=\"859\" data-is-last-node=\"\" data-is-only-node=\"\">Moddern kamado on loodud regulaarseks v\u00e4litingimustes kasutamiseks ning on ehitatud taluma kuumust, sagedast kasutust ja muutlikku ilma.<\/p>\n<h6 data-start=\"757\" data-end=\"778\"><strong data-start=\"757\" data-end=\"778\">Komplekt sisaldab<\/strong><\/h6>\n<ul>\n<li data-start=\"782\" data-end=\"822\">Moddern Green Special Wood-Look kamado s\u00f6egrill<\/li>\n<li data-start=\"825\" data-end=\"856\">Puidumustriga alumiiniumjalad<\/li>\n<li data-start=\"859\" data-end=\"891\">Mustad alumiiniumist k\u00fclglauad<\/li>\n<li data-start=\"894\" data-end=\"951\">2\u00d7 poolkuu kujuline roostevabast terasest k\u00fcpsetusrest<\/li>\n<li data-start=\"954\" data-end=\"995\">1\u00d7 kuumusjagaja (keraamiline plaat) kaudseks slow&amp;low k\u00fcpsetamiseks<\/li>\n<li data-start=\"954\" data-end=\"995\">2x poolkuu kuumusjagajad (keraamiline plaat) kaudseks slow&amp;low k\u00fcpsetamiseks<\/li>\n<li data-start=\"998\" data-end=\"1032\">Mitmetasandiline k\u00fcpsetuss\u00fcsteem<\/li>\n<\/ul>\n<h6><strong>Omadused<\/strong><\/h6>\n<ul>\n<li data-start=\"1050\" data-end=\"1135\">Kamado-t\u00fc\u00fcpi grill aeglaseks k\u00fcpsetamiseks, suitsutamiseks ja otseseks grillimiseks<\/li>\n<li data-start=\"1138\" data-end=\"1196\">Puidumustriga jalad, mis annavad loomuliku v\u00e4ljan\u00e4gemise<\/li>\n<li data-start=\"1199\" data-end=\"1249\">Mustad k\u00fclglauad ettevalmistus- ja asetuspinnana<\/li>\n<li data-start=\"1252\" data-end=\"1309\">Sisseehitatud kaanetermomeeter temperatuuri j\u00e4lgimiseks<\/li>\n<li data-start=\"1312\" data-end=\"1366\" data-is-last-node=\"\">Vastupidav konstruktsioon v\u00e4litingimustes kasutamiseks<\/li>\n<\/ul>\n<\/div>\n<\/div>\n<\/div>\n<\/div>\n<div class=\"z-0 flex min-h-[46px] justify-start\">\n<h6 data-start=\"679\" data-end=\"797\">Hindab ajatut disaini, m\u00e4rkab detaile ja teeb teadlikke valikuid, siis Moddern on just sinu jaoks.<\/h6>\n<p data-start=\"679\" data-end=\"797\" data-is-last-node=\"\" data-is-only-node=\"\"><a href=\"https:\/\/tammetorubbq.ee\/wp-content\/uploads\/2026\/03\/Moddern-logo.svg\"><img decoding=\"async\" class=\"alignnone size-full wp-image-6094\" src=\"https:\/\/tammetorubbq.ee\/wp-content\/uploads\/2026\/03\/Moddern-logo.svg\" alt=\"\" \/><\/a><\/p>\n<p><a href=\"https:\/\/www.tammetorubbq.ee\/maksa-hiljem\/\"><strong>OSTA KOHE, MAKSA HILJEM<\/strong><\/a>\u00a0\u2013 intressivabalt!<\/p>\n<p><img loading=\"lazy\" decoding=\"async\" class=\"alignnone wp-image-2646\" src=\"http:\/\/tammetorubbq.ee\/wp-content\/uploads\/2023\/12\/inbank-wordmark.png\" alt=\"\" width=\"167\" height=\"75\" srcset=\"https:\/\/tammetorubbq.ee\/wp-content\/uploads\/2023\/12\/inbank-wordmark.png 300w, https:\/\/tammetorubbq.ee\/wp-content\/uploads\/2023\/12\/inbank-wordmark-18x8.png 18w, https:\/\/tammetorubbq.ee\/wp-content\/uploads\/2023\/12\/inbank-wordmark-64x29.png 64w\" sizes=\"auto, (max-width: 167px) 100vw, 167px\" \/><\/p>\n<p>Pakume v\u00f5imalust ostu eest tasuda ka hiljem \u2013 \u00fches, kahes v\u00f5i kolmes v\u00f5rdses osas, ilma igasuguse intressi ja lisatasuta.<\/p>\n<p>Valiku erinevatele v\u00f5imalustele tasumiseks leiate meie ostukorvist.<\/p>\n<\/div>\n<div class=\"mt-3 w-full empty:hidden\">\n<div class=\"text-center\"><\/div>\n<\/div>\n<\/div>\n<\/div>\n<\/section>\n<\/div>\n<div class=\"pointer-events-none h-px w-px absolute bottom-0\" aria-hidden=\"true\" data-edge=\"true\"><\/div>\n","protected":false},"featured_media":6096,"comment_status":"closed","ping_status":"closed","template":"","meta":{"_uf_show_specific_survey":0,"_uf_disable_surveys":false},"pwb-brand":[349],"product_brand":[],"product_cat":[55,169],"product_tag":[127,350,78],"class_list":{"0":"post-6095","1":"product","2":"type-product","3":"status-publish","4":"has-post-thumbnail","6":"pwb-brand-moddern","7":"product_cat-keraamilised-grillid","8":"product_cat-soegrillid","9":"product_tag-keraamilised-grillid","10":"product_tag-moddern","11":"product_tag-soegrill","13":"first","14":"instock","15":"taxable","16":"shipping-taxable","17":"purchasable","18":"product-type-simple"},"brands":[{"id":349,"name":"Moddern","slug":"moddern"}],"_links":{"self":[{"href":"https:\/\/tammetorubbq.ee\/lt\/wp-json\/wp\/v2\/product\/6095","targetHints":{"allow":["GET"]}}],"collection":[{"href":"https:\/\/tammetorubbq.ee\/lt\/wp-json\/wp\/v2\/product"}],"about":[{"href":"https:\/\/tammetorubbq.ee\/lt\/wp-json\/wp\/v2\/types\/product"}],"replies":[{"embeddable":true,"href":"https:\/\/tammetorubbq.ee\/lt\/wp-json\/wp\/v2\/comments?post=6095"}],"wp:featuredmedia":[{"embeddable":true,"href":"https:\/\/tammetorubbq.ee\/lt\/wp-json\/wp\/v2\/media\/6096"}],"wp:attachment":[{"href":"https:\/\/tammetorubbq.ee\/lt\/wp-json\/wp\/v2\/media?parent=6095"}],"wp:term":[{"taxonomy":"pwb-brand","embeddable":true,"href":"https:\/\/tammetorubbq.ee\/lt\/wp-json\/wp\/v2\/pwb-brand?post=6095"},{"taxonomy":"product_brand","embeddable":true,"href":"https:\/\/tammetorubbq.ee\/lt\/wp-json\/wp\/v2\/product_brand?post=6095"},{"taxonomy":"product_cat","embeddable":true,"href":"https:\/\/tammetorubbq.ee\/lt\/wp-json\/wp\/v2\/product_cat?post=6095"},{"taxonomy":"product_tag","embeddable":true,"href":"https:\/\/tammetorubbq.ee\/lt\/wp-json\/wp\/v2\/product_tag?post=6095"}],"curies":[{"name":"wp","href":"https:\/\/api.w.org\/{rel}","templated":true}]}}