{"id":615,"date":"2023-12-04T10:59:42","date_gmt":"2023-12-04T08:59:42","guid":{"rendered":"https:\/\/tammetorubbq.ee\/?post_type=product&#038;p=615"},"modified":"2026-04-19T23:00:17","modified_gmt":"2026-04-19T20:00:17","slug":"bbq-barbekiu-folija-30-m","status":"publish","type":"product","link":"https:\/\/tammetorubbq.ee\/lt\/produktas\/bbq-barbekiu-folija-30-m\/","title":{"rendered":"BBQ &amp; GRILL 30 m folijos pakuot\u0117"},"content":{"rendered":"<p class=\"p1\">30 metr\u0173 ritinyje, i\u0161sklaidymo d\u0117\u017eut\u0117je su pjaustytuvu<\/p>\n<p class=\"p1\">Folija yra 44 cm plo\u010dio ir 21 mikron\u0173 storio (t. y. itin plati, stora ir tvirta).<\/p>\n<p class=\"p1\">Tai geriausia folija \u0161iam darbui, geriausia kepimui ant groteli\u0173 ir kasdieniam naudojimui virtuv\u0117je.<\/p>\n<p class=\"p1\">Auk\u0161tos kokyb\u0117s, patvarus ir atsparus kar\u0161\u010diui.<\/p>","protected":false},"excerpt":{"rendered":"<p class=\"p1\">30 metr\u0173 ritinyje, i\u0161sklaidymo d\u0117\u017eut\u0117je su pjaustytuvu<\/p>\n<p class=\"p1\">Folija yra 44 cm plo\u010dio ir 21 mikron\u0173 storio (t. y. itin plati, stora ir tvirta).<\/p>\n<p class=\"p1\">Tai geriausia folija \u0161iam darbui, geriausia kepimui ant groteli\u0173 ir kasdieniam naudojimui virtuv\u0117je.<\/p>\n<p class=\"p1\">Auk\u0161tos kokyb\u0117s, patvarus ir atsparus kar\u0161\u010diui.<\/p>","protected":false},"featured_media":616,"comment_status":"open","ping_status":"closed","template":"","meta":{"_uf_show_specific_survey":0,"_uf_disable_surveys":false},"pwb-brand":[],"product_brand":[],"product_cat":[30],"product_tag":[358,134],"class_list":{"0":"post-615","1":"product","2":"type-product","3":"status-publish","4":"has-post-thumbnail","6":"product_cat-grillimise-tarvikud","7":"product_tag-foolium","8":"product_tag-grillimise-tarvikud","10":"first","11":"instock","12":"taxable","13":"shipping-taxable","14":"purchasable","15":"product-type-simple"},"brands":[],"_links":{"self":[{"href":"https:\/\/tammetorubbq.ee\/lt\/wp-json\/wp\/v2\/product\/615","targetHints":{"allow":["GET"]}}],"collection":[{"href":"https:\/\/tammetorubbq.ee\/lt\/wp-json\/wp\/v2\/product"}],"about":[{"href":"https:\/\/tammetorubbq.ee\/lt\/wp-json\/wp\/v2\/types\/product"}],"replies":[{"embeddable":true,"href":"https:\/\/tammetorubbq.ee\/lt\/wp-json\/wp\/v2\/comments?post=615"}],"wp:featuredmedia":[{"embeddable":true,"href":"https:\/\/tammetorubbq.ee\/lt\/wp-json\/wp\/v2\/media\/616"}],"wp:attachment":[{"href":"https:\/\/tammetorubbq.ee\/lt\/wp-json\/wp\/v2\/media?parent=615"}],"wp:term":[{"taxonomy":"pwb-brand","embeddable":true,"href":"https:\/\/tammetorubbq.ee\/lt\/wp-json\/wp\/v2\/pwb-brand?post=615"},{"taxonomy":"product_brand","embeddable":true,"href":"https:\/\/tammetorubbq.ee\/lt\/wp-json\/wp\/v2\/product_brand?post=615"},{"taxonomy":"product_cat","embeddable":true,"href":"https:\/\/tammetorubbq.ee\/lt\/wp-json\/wp\/v2\/product_cat?post=615"},{"taxonomy":"product_tag","embeddable":true,"href":"https:\/\/tammetorubbq.ee\/lt\/wp-json\/wp\/v2\/product_tag?post=615"}],"curies":[{"name":"wp","href":"https:\/\/api.w.org\/{rel}","templated":true}]}}