{"id":6189,"date":"2026-03-23T11:37:22","date_gmt":"2026-03-23T09:37:22","guid":{"rendered":"https:\/\/tammetorubbq.ee\/?post_type=product&#038;p=6189"},"modified":"2026-05-10T01:00:17","modified_gmt":"2026-05-09T22:00:17","slug":"napoleon-roostevabast-terasest-napitstangid","status":"publish","type":"product","link":"https:\/\/tammetorubbq.ee\/lt\/toode\/napoleon-roostevabast-terasest-napitstangid\/","title":{"rendered":"Napoleon roostevabast terasest n\u00e4pitstangid"},"content":{"rendered":"<h5 data-start=\"121\" data-end=\"152\"><strong>Kod\u0117l verta rinktis \"Napoleon\" kepsnin\u0119?<\/strong><\/h5>\n<p class=\"\" data-start=\"154\" data-end=\"369\"><strong data-start=\"154\" data-end=\"166\">Napoleonas<\/strong>\u00a0yra Kanadoje \u012fsik\u016brusi \u0161eimos \u012fmon\u0117, jau de\u0161imtme\u010dius kurianti auk\u0161tos kokyb\u0117s kepsnines ir lauko maisto gaminimo sprendimus. \u0160is prek\u0117s \u017eenklas visame pasaulyje pripa\u017eintas d\u0117l patikimumo, naujovi\u0173 ir ilgaam\u017ei\u0161kumo.<\/p>\n<p class=\"\" data-start=\"371\" data-end=\"751\">Bet kuris\u00a0<strong data-start=\"375\" data-end=\"394\">\"Napoleon\" grilis<\/strong>\u00a0suprojektuoti taip, kad u\u017etikrint\u0173 tiksli\u0105 \u0161ilumos kontrol\u0119, tvirt\u0105 konstrukcij\u0105 ir patog\u0173 naudojim\u0105. Nesvarbu, ar tai angli\u0173, duj\u0173, ar granuli\u0173 kepsnin\u0117, \"Napoleon\" derina modern\u0173 dizain\u0105 su prakti\u0161kais sprendimais: ner\u016bdijan\u010dio plieno degikliai, ketaus grotel\u0117s, JETFIRE\u2122 u\u017edegimo sistema, ACCU-PROBE\u2122 termometras ir i\u0161maniosios laikymo galimyb\u0117s - tai tik keli pavyzd\u017eiai.<\/p>\n<p class=\"\" data-start=\"753\" data-end=\"994\"><strong data-start=\"753\" data-end=\"777\">\"Napoleon\" gamini\u0173 asortimentas<\/strong>\u00a0patenkina visus poreikius - nuo ne\u0161iojam\u0173 modeli\u0173 iki piln\u0173 lauko virtuvi\u0173 sprendim\u0173. Jei vertinate patikimum\u0105, funkcionalum\u0105 ir galimyb\u0119 kepti ant groteli\u0173 i\u0161tisus metus, \"Napoleon\" yra tinkamas pasirinkimas.<\/p>","protected":false},"excerpt":{"rendered":"<h5 data-start=\"60\" data-end=\"113\"><strong data-start=\"60\" data-end=\"111\">Kitsaskujulised grillitangid \u00f5rnadele toitudele<\/strong><\/h5>\n<p data-start=\"115\" data-end=\"313\">Need kitsaskujulised grillitangid on ideaalsed \u00f5rnade toitude, nagu kala, k\u00f6\u00f6giviljade ja mereandide, k\u00e4sitsemiseks. T\u00e4pse ja kindla haarde abil saad toitu keerata v\u00f5i t\u00f5sta ilma seda vigastamata.<\/p>\n<p data-start=\"315\" data-end=\"464\">Roostevabast terasest konstruktsioon tagab tangide pikaajalise vastupidavuse ning n\u00f5udepesumasinas pestav disain teeb hoolduse lihtsaks ja kiireks.<\/p>\n<h5 data-section-id=\"1s0ig86\" data-start=\"466\" data-end=\"478\"><strong>Funkcijos<\/strong><\/h5>\n<ul data-start=\"479\" data-end=\"602\">\n<li data-section-id=\"ccs8ge\" data-start=\"479\" data-end=\"522\">Kitsas ots \u00f5rnade toitude k\u00e4sitlemiseks<\/li>\n<li data-section-id=\"5oiz3q\" data-start=\"523\" data-end=\"574\">Vastupidav roostevabast terasest konstruktsioon<\/li>\n<li data-section-id=\"1ldrl0b\" data-start=\"575\" data-end=\"602\">Galima plauti indaplov\u0117je<\/li>\n<\/ul>\n<p><img loading=\"lazy\" decoding=\"async\" class=\"wp-image-2098\" src=\"http:\/\/tammetorubbq.ee\/wp-content\/uploads\/2024\/11\/napoleon-gas-grills-logo-vector-1-300x124.png\" alt=\"&quot;Napoleon&quot; dujin\u0117s kepsnin\u0117s logotipas vektorius\" width=\"174\" height=\"72\" srcset=\"https:\/\/tammetorubbq.ee\/wp-content\/uploads\/2024\/11\/napoleon-gas-grills-logo-vector-1-300x124.png 300w, https:\/\/tammetorubbq.ee\/wp-content\/uploads\/2024\/11\/napoleon-gas-grills-logo-vector-1-768x317.png 768w, https:\/\/tammetorubbq.ee\/wp-content\/uploads\/2024\/11\/napoleon-gas-grills-logo-vector-1-18x7.png 18w, https:\/\/tammetorubbq.ee\/wp-content\/uploads\/2024\/11\/napoleon-gas-grills-logo-vector-1-600x248.png 600w, https:\/\/tammetorubbq.ee\/wp-content\/uploads\/2024\/11\/napoleon-gas-grills-logo-vector-1-64x26.png 64w, https:\/\/tammetorubbq.ee\/wp-content\/uploads\/2024\/11\/napoleon-gas-grills-logo-vector-1.png 847w\" sizes=\"auto, (max-width: 174px) 100vw, 174px\" \/><\/p>","protected":false},"featured_media":6190,"comment_status":"closed","ping_status":"closed","template":"","meta":{"_uf_show_specific_survey":0,"_uf_disable_surveys":false},"pwb-brand":[101],"product_brand":[389],"product_cat":[30],"product_tag":[134,355,362],"class_list":{"0":"post-6189","1":"product","2":"type-product","3":"status-publish","4":"has-post-thumbnail","6":"pwb-brand-napoleon","7":"product_brand-napoleon","8":"product_cat-grillimise-tarvikud","9":"product_tag-grillimise-tarvikud","10":"product_tag-grilltangid","11":"product_tag-napitstangid","13":"first","14":"instock","15":"taxable","16":"shipping-taxable","17":"purchasable","18":"product-type-simple"},"brands":[{"id":101,"name":"Napoleonas","slug":"napoleonas"}],"_links":{"self":[{"href":"https:\/\/tammetorubbq.ee\/lt\/wp-json\/wp\/v2\/product\/6189","targetHints":{"allow":["GET"]}}],"collection":[{"href":"https:\/\/tammetorubbq.ee\/lt\/wp-json\/wp\/v2\/product"}],"about":[{"href":"https:\/\/tammetorubbq.ee\/lt\/wp-json\/wp\/v2\/types\/product"}],"replies":[{"embeddable":true,"href":"https:\/\/tammetorubbq.ee\/lt\/wp-json\/wp\/v2\/comments?post=6189"}],"wp:featuredmedia":[{"embeddable":true,"href":"https:\/\/tammetorubbq.ee\/lt\/wp-json\/wp\/v2\/media\/6190"}],"wp:attachment":[{"href":"https:\/\/tammetorubbq.ee\/lt\/wp-json\/wp\/v2\/media?parent=6189"}],"wp:term":[{"taxonomy":"pwb-brand","embeddable":true,"href":"https:\/\/tammetorubbq.ee\/lt\/wp-json\/wp\/v2\/pwb-brand?post=6189"},{"taxonomy":"product_brand","embeddable":true,"href":"https:\/\/tammetorubbq.ee\/lt\/wp-json\/wp\/v2\/product_brand?post=6189"},{"taxonomy":"product_cat","embeddable":true,"href":"https:\/\/tammetorubbq.ee\/lt\/wp-json\/wp\/v2\/product_cat?post=6189"},{"taxonomy":"product_tag","embeddable":true,"href":"https:\/\/tammetorubbq.ee\/lt\/wp-json\/wp\/v2\/product_tag?post=6189"}],"curies":[{"name":"wp","href":"https:\/\/api.w.org\/{rel}","templated":true}]}}