{"id":6406,"date":"2026-04-02T11:09:30","date_gmt":"2026-04-02T08:09:30","guid":{"rendered":"https:\/\/tammetorubbq.ee\/?post_type=product&#038;p=6406"},"modified":"2026-04-06T00:00:59","modified_gmt":"2026-04-05T21:00:59","slug":"kosmos-q-the-best-classic-steak-rub-301g","status":"publish","type":"product","link":"https:\/\/tammetorubbq.ee\/lt\/produktas\/kosmos-q-the-best-classic-steak-rub-301g\/","title":{"rendered":"Kosmo`s Q The Best Classic Steak Rub 301g"},"content":{"rendered":"<p><strong data-start=\"100\" data-end=\"116\">Sudedamosios dalys: <\/strong>Sool, v\u00fcrtsid, kuivatatud k\u00fc\u00fcslauk, loodusliku musta pipra maitseaine (kartulit\u00e4rklis, keskmise ahelaga trigl\u00fctseriidid, looduslik maitseaine, \u017eelatiin, araabia kumm) ja paprika oleoresiin.<\/p>\n<p>&nbsp;<\/p>\n<table>\n<thead>\n<tr>\n<th>Toitev\u00e4\u00e4rtus 100 g kohta<\/th>\n<th>Kogus<\/th>\n<\/tr>\n<\/thead>\n<tbody>\n<tr>\n<td>Energia<\/td>\n<td>1046 kJ \/ 250 kcal<\/td>\n<\/tr>\n<tr>\n<td>Rasvad<\/td>\n<td>0 g<\/td>\n<\/tr>\n<tr>\n<td>\u2013 millest k\u00fcllastunud<\/td>\n<td>0 g<\/td>\n<\/tr>\n<tr>\n<td>S\u00fcsivesikud<\/td>\n<td>50 g<\/td>\n<\/tr>\n<tr>\n<td>\u2013 millest suhkur<\/td>\n<td>0 g<\/td>\n<\/tr>\n<tr>\n<td>Valgud<\/td>\n<td>0 g<\/td>\n<\/tr>\n<tr>\n<td>Sool<\/td>\n<td>52,5 g<\/td>\n<\/tr>\n<\/tbody>\n<\/table>\n<p>&nbsp;<\/p>\n<p><iframe loading=\"lazy\" title=\"How to make Ribeye Steaks W\/Homemade Garlic Butter Sauce | Ft. Kosmos Q\" width=\"500\" height=\"281\" src=\"https:\/\/www.youtube.com\/embed\/ghI-hblWwT8?feature=oembed&#038;enablejsapi=1&#038;origin=https:\/\/tammetorubbq.ee\" frameborder=\"0\" allow=\"accelerometer; autoplay; clipboard-write; encrypted-media; gyroscope; picture-in-picture; web-share\" referrerpolicy=\"strict-origin-when-cross-origin\" allowfullscreen><\/iframe><\/p>","protected":false},"excerpt":{"rendered":"<h5><strong>Maitseprofiililt tugev, aromaatne ja puhas &#8211; tasakaalustatud pipra ja soolaga mis r\u00f5hutad liha looduslikku maitse s\u00fcgavust.<\/strong><\/h5>\n<p data-start=\"155\" data-end=\"477\">Kosmos Q The Best Classic Steak Rub on meisterlikult koostatud maitseainesegu, mis ehitab tugevale, selgele ja ausale maitseprofiilile \u2014 ideaalne k\u00f5ikidele steikidele. See rub toob lihast v\u00e4lja selle k\u00f5ige puhtama ja loomulikuma maitse, r\u00f5hutades veiseliha looduslikku iseloomu.<\/p>\n<p data-start=\"479\" data-end=\"751\">Segu sisaldab hoolikalt valitud koostisosi: must pipar, sool, k\u00fc\u00fcslauk ja aromaatsed \u00fcrdid, mis annavad lihale \u00fchtlase, aromaatse ja tasakaalustatud maitse. Tulemuseks on rikkalik ja s\u00fcgav maitse, mis loob lihale ilusa, karamellise kooriku ning s\u00e4ilitab loomuliku v\u00e4rvi.<\/p>\n<p data-start=\"753\" data-end=\"1014\"><strong>Sobib eriti h\u00e4sti ribeye\u2019le, antrekoodile, tomahawkile, flank steak\u2019ile ja k\u00f5igile teistele lemmiksteikidele<\/strong>. Lisaks <strong>sobib ka ribidele, brisketile, burgeritele, kodusele lihapallile v\u00f5i isegi friikartulitele<\/strong> \u2014 piirangud on ainult fantaasia.<\/p>\n<p data-start=\"753\" data-end=\"1014\">\n<p data-start=\"753\" data-end=\"1014\"><img loading=\"lazy\" decoding=\"async\" class=\"wp-image-1698\" src=\"http:\/\/tammetorubbq.ee\/wp-content\/uploads\/2024\/05\/Kosmos-Q-logo.avif\" alt=\"Kosmo Q\" width=\"146\" height=\"110\" srcset=\"https:\/\/tammetorubbq.ee\/wp-content\/uploads\/2024\/05\/Kosmos-Q-logo.avif 258w, https:\/\/tammetorubbq.ee\/wp-content\/uploads\/2024\/05\/Kosmos-Q-logo-16x12.avif 16w, https:\/\/tammetorubbq.ee\/wp-content\/uploads\/2024\/05\/Kosmos-Q-logo-64x48.avif 64w\" sizes=\"auto, (max-width: 146px) 100vw, 146px\" \/><\/p>","protected":false},"featured_media":6407,"comment_status":"closed","ping_status":"closed","template":"","meta":{"_uf_show_specific_survey":0,"_uf_disable_surveys":false},"pwb-brand":[81],"product_brand":[],"product_cat":[21],"product_tag":[189,176,138,374,179,372,188,123,373,165],"class_list":{"0":"post-6406","1":"product","2":"type-product","3":"status-publish","4":"has-post-thumbnail","6":"pwb-brand-kosmos-q","7":"product_cat-maitseainesegud","8":"product_tag-antrekoot","9":"product_tag-brisket","10":"product_tag-burger","11":"product_tag-flank-steak","12":"product_tag-friikartul","13":"product_tag-kosmos-q","14":"product_tag-ribeye","15":"product_tag-steik","16":"product_tag-tomahawk","17":"product_tag-veiseribi","19":"first","20":"instock","21":"taxable","22":"shipping-taxable","23":"purchasable","24":"product-type-simple"},"brands":[{"id":81,"name":"Kosmo's Q","slug":"kosmos-q"}],"_links":{"self":[{"href":"https:\/\/tammetorubbq.ee\/lt\/wp-json\/wp\/v2\/product\/6406","targetHints":{"allow":["GET"]}}],"collection":[{"href":"https:\/\/tammetorubbq.ee\/lt\/wp-json\/wp\/v2\/product"}],"about":[{"href":"https:\/\/tammetorubbq.ee\/lt\/wp-json\/wp\/v2\/types\/product"}],"replies":[{"embeddable":true,"href":"https:\/\/tammetorubbq.ee\/lt\/wp-json\/wp\/v2\/comments?post=6406"}],"wp:featuredmedia":[{"embeddable":true,"href":"https:\/\/tammetorubbq.ee\/lt\/wp-json\/wp\/v2\/media\/6407"}],"wp:attachment":[{"href":"https:\/\/tammetorubbq.ee\/lt\/wp-json\/wp\/v2\/media?parent=6406"}],"wp:term":[{"taxonomy":"pwb-brand","embeddable":true,"href":"https:\/\/tammetorubbq.ee\/lt\/wp-json\/wp\/v2\/pwb-brand?post=6406"},{"taxonomy":"product_brand","embeddable":true,"href":"https:\/\/tammetorubbq.ee\/lt\/wp-json\/wp\/v2\/product_brand?post=6406"},{"taxonomy":"product_cat","embeddable":true,"href":"https:\/\/tammetorubbq.ee\/lt\/wp-json\/wp\/v2\/product_cat?post=6406"},{"taxonomy":"product_tag","embeddable":true,"href":"https:\/\/tammetorubbq.ee\/lt\/wp-json\/wp\/v2\/product_tag?post=6406"}],"curies":[{"name":"wp","href":"https:\/\/api.w.org\/{rel}","templated":true}]}}