{"id":6551,"date":"2026-04-10T15:55:30","date_gmt":"2026-04-10T12:55:30","guid":{"rendered":"https:\/\/tammetorubbq.ee\/?post_type=product&#038;p=6551"},"modified":"2026-04-15T02:00:06","modified_gmt":"2026-04-14T23:00:06","slug":"oaka-bbq-viski-chipotle-tuline-kaste-150g","status":"publish","type":"product","link":"https:\/\/tammetorubbq.ee\/lt\/produktas\/oaka-bbq-viski-chipotle-tuline-kaste-150g\/","title":{"rendered":"Oak\u2019a BBQ Viski Chipotle tuline kaste 150g"},"content":{"rendered":"<div class=\"flex flex-col text-sm pb-25\">\n<section class=\"text-token-text-primary w-full focus:outline-none [--shadow-height:45px] has-data-writing-block:pointer-events-none has-data-writing-block:-mt-(--shadow-height) has-data-writing-block:pt-(--shadow-height) [&amp;:has([data-writing-block])&gt;*]:pointer-events-auto scroll-mt-[calc(var(--header-height)+min(200px,max(70px,20svh)))]\" dir=\"auto\" data-turn-id=\"request-WEB:28c81414-927a-48d4-9f94-a86d0e602202-1\" data-testid=\"conversation-turn-4\" data-scroll-anchor=\"true\" data-turn=\"assistant\">\n<div class=\"text-base my-auto mx-auto pb-10 [--thread-content-margin:var(--thread-content-margin-xs,calc(var(--spacing)*4))] @w-sm\/main:[--thread-content-margin:var(--thread-content-margin-sm,calc(var(--spacing)*6))] @w-lg\/main:[--thread-content-margin:var(--thread-content-margin-lg,calc(var(--spacing)*16))] px-(--thread-content-margin)\">\n<div class=\"[--thread-content-max-width:40rem] @w-lg\/main:[--thread-content-max-width:48rem] mx-auto max-w-(--thread-content-max-width) flex-1 group\/turn-messages focus-visible:outline-hidden relative flex w-full min-w-0 flex-col agent-turn\">\n<div class=\"flex max-w-full flex-col gap-4 grow\">\n<div class=\"min-h-8 text-message relative flex w-full flex-col items-end gap-2 text-start break-words whitespace-normal outline-none keyboard-focused:focus-ring [.text-message+&amp;]:mt-1\" dir=\"auto\" tabindex=\"0\" data-message-author-role=\"assistant\" data-message-id=\"7295a5da-11e4-4be3-ba82-6d368b691a56\" data-message-model-slug=\"gpt-5-3\" data-turn-start-message=\"true\">\n<div class=\"flex w-full flex-col gap-1 empty:hidden\">\n<div class=\"markdown prose dark:prose-invert w-full wrap-break-word light markdown-new-styling\">\n<p data-start=\"0\" data-end=\"339\"><strong data-start=\"0\" data-end=\"47\">Koostisosad: <\/strong>vesi, tomatipasta (38%), punase veini \u00e4\u00e4dikas, suhkur, rapsi\u00f5li, chipotle t\u0161illid (3,7%), jalape\u00f1o ekstrakt, sool, sibulapulber, k\u00fc\u00fcslaugugraanulid, musta pipra ekstrakt, suitsutatud paprika, v\u00fcrtsid, viski (2%), stabilisaatorid \u2013 guarkummi ja ksantaankummi, s\u00e4ilitusaine \u2013 kaaliumsorbaat.<\/p>\n<p data-start=\"341\" data-end=\"531\" data-is-last-node=\"\" data-is-only-node=\"\"><strong data-start=\"341\" data-end=\"357\">S\u00e4ilitamine: <\/strong>hoida temperatuuril 0 \u00b0C kuni +25 \u00b0C. P\u00e4rast avamist s\u00e4ilitada k\u00fclmkapis temperatuuril +2 \u00b0C kuni +6 \u00b0C ning tarbida m\u00f5istliku aja jooksul, eelistatavalt 4 n\u00e4dala jooksul.<\/p>\n<\/div>\n<p data-start=\"0\" data-end=\"16\"><strong data-start=\"0\" data-end=\"16\">Toitev\u00e4\u00e4rtus<\/strong><\/p>\n<div class=\"TyagGW_tableContainer\">\n<div class=\"group TyagGW_tableWrapper flex flex-col-reverse w-fit\" tabindex=\"-1\">\n<table class=\"w-fit min-w-(--thread-content-width)\" data-start=\"18\" data-end=\"469\" data-is-last-node=\"\" data-is-only-node=\"\">\n<thead data-start=\"18\" data-end=\"68\">\n<tr data-start=\"18\" data-end=\"68\">\n<th class=\"\" data-start=\"18\" data-end=\"48\" data-col-size=\"sm\">N\u00e4itaja<\/th>\n<th class=\"\" data-start=\"48\" data-end=\"68\" data-col-size=\"sm\">Kogus<\/th>\n<\/tr>\n<\/thead>\n<tbody data-start=\"119\" data-end=\"469\" data-is-last-node=\"\">\n<tr data-start=\"119\" data-end=\"169\">\n<td data-start=\"119\" data-end=\"148\" data-col-size=\"sm\">Energiasisaldus<\/td>\n<td data-col-size=\"sm\" data-start=\"148\" data-end=\"169\">787 kJ \/ 188 kcal<\/td>\n<\/tr>\n<tr data-start=\"170\" data-end=\"219\">\n<td data-start=\"170\" data-end=\"199\" data-col-size=\"sm\">Rasvad<\/td>\n<td data-col-size=\"sm\" data-start=\"199\" data-end=\"219\">12,2 g<\/td>\n<\/tr>\n<tr data-start=\"220\" data-end=\"269\">\n<td data-start=\"220\" data-end=\"249\" data-col-size=\"sm\">\u2013 millest k\u00fcllastunud<\/td>\n<td data-col-size=\"sm\" data-start=\"249\" data-end=\"269\">1,8 g<\/td>\n<\/tr>\n<tr data-start=\"270\" data-end=\"319\">\n<td data-start=\"270\" data-end=\"299\" data-col-size=\"sm\">S\u00fcsivesikud<\/td>\n<td data-col-size=\"sm\" data-start=\"299\" data-end=\"319\">18,3 g<\/td>\n<\/tr>\n<tr data-start=\"320\" data-end=\"369\">\n<td data-start=\"320\" data-end=\"349\" data-col-size=\"sm\">\u2013 millest suhkrud<\/td>\n<td data-col-size=\"sm\" data-start=\"349\" data-end=\"369\">14,5 g<\/td>\n<\/tr>\n<tr data-start=\"370\" data-end=\"419\">\n<td data-start=\"370\" data-end=\"399\" data-col-size=\"sm\">Valgud<\/td>\n<td data-col-size=\"sm\" data-start=\"399\" data-end=\"419\">0,97 g<\/td>\n<\/tr>\n<tr data-start=\"420\" data-end=\"469\" data-is-last-node=\"\">\n<td data-start=\"420\" data-end=\"449\" data-col-size=\"sm\">Sool<\/td>\n<td data-start=\"449\" data-end=\"469\" data-is-last-node=\"\" data-col-size=\"sm\">0,52 g<\/td>\n<\/tr>\n<\/tbody>\n<\/table>\n<\/div>\n<\/div>\n<\/div>\n<\/div>\n<\/div>\n<div class=\"z-0 flex min-h-[46px] justify-start\"><\/div>\n<\/div>\n<\/div>\n<\/section>\n<\/div>\n<div class=\"pointer-events-none h-px w-px absolute bottom-0\" aria-hidden=\"true\" data-edge=\"true\"><\/div>\n","protected":false},"excerpt":{"rendered":"<p data-start=\"33\" data-end=\"256\"><strong>Oak\u2019a BBQ viski\u2013chipotle kaste on v\u00fcrtsikas ja suitsune, rikkaliku maitsega kaste<\/strong>, mis \u00fchendab chipotle t\u0161illid, viski ja teised hoolikalt valitud koostisosad. Tulemuseks on ainulaadne ja v\u00e4ljendusrikas maitsekombinatsioon.<\/p>\n<p data-start=\"258\" data-end=\"436\" data-is-last-node=\"\" data-is-only-node=\"\">Sobib suurep\u00e4raselt liha marineerimiseks, grillroogade maitsestamiseks ning tacode ja burritode t\u00e4idiseks. Samuti annab see m\u00f5nusa v\u00fcrtsika aktsendi paljudele teistele roogadele.<\/p>\n<div class=\"flex flex-col text-sm pb-25\">\n<section class=\"text-token-text-primary w-full focus:outline-none [--shadow-height:45px] has-data-writing-block:pointer-events-none has-data-writing-block:-mt-(--shadow-height) has-data-writing-block:pt-(--shadow-height) [&amp;:has([data-writing-block])&gt;*]:pointer-events-auto scroll-mt-[calc(var(--header-height)+min(200px,max(70px,20svh)))]\" dir=\"auto\" data-turn-id=\"request-WEB:28c81414-927a-48d4-9f94-a86d0e602202-1\" data-testid=\"conversation-turn-4\" data-scroll-anchor=\"true\" data-turn=\"assistant\">\n<div class=\"text-base my-auto mx-auto pb-10 [--thread-content-margin:var(--thread-content-margin-xs,calc(var(--spacing)*4))] @w-sm\/main:[--thread-content-margin:var(--thread-content-margin-sm,calc(var(--spacing)*6))] @w-lg\/main:[--thread-content-margin:var(--thread-content-margin-lg,calc(var(--spacing)*16))] px-(--thread-content-margin)\">\n<div class=\"[--thread-content-max-width:40rem] @w-lg\/main:[--thread-content-max-width:48rem] mx-auto max-w-(--thread-content-max-width) flex-1 group\/turn-messages focus-visible:outline-hidden relative flex w-full min-w-0 flex-col agent-turn\">\n<div class=\"mt-3 w-full empty:hidden\">\n<div class=\"text-center\">\n<p data-start=\"0\" data-end=\"33\"><strong>Traditsioon, kirg ja elustiil<\/strong><\/p>\n<p data-start=\"35\" data-end=\"307\">Oak\u2019A BBQ ei valmista lihtsalt kastmeid ja maitseainesegusid \u2013 nende eesm\u00e4rk on luua julgeid ja unustamatuid BBQ-elamusi. Iga Oak\u2019A BBQ kastmepudel, iga n\u00e4put\u00e4is maitseainesegu ja iga glasuur on k\u00e4sitsi loodud, et viia sinu grillimine t\u00f5elise kulinaarse rituaali tasemele.<\/p>\n<p data-start=\"309\" data-end=\"547\" data-is-last-node=\"\" data-is-only-node=\"\">BBQ on palju enamat kui lihtsalt toit. See on traditsioon, kirg ja viis inimesi kokku tuua. Kogu maailmas hinnatakse BBQ-d selle rikkalike maitsete, aeglaselt k\u00fcpsetatud t\u00e4iuslikkuse ning r\u00f5\u00f5mu p\u00e4rast, mida pakub otse tulelt jagatud eine.<\/p>\n<\/div>\n<\/div>\n<\/div>\n<\/div>\n<\/section>\n<\/div>\n<div class=\"pointer-events-none h-px w-px absolute bottom-0\" aria-hidden=\"true\" data-edge=\"true\"><\/div>\n<p><img loading=\"lazy\" decoding=\"async\" class=\" wp-image-6555\" src=\"https:\/\/tammetorubbq.ee\/wp-content\/uploads\/2026\/04\/Oaka-BBQ-logo-300x250.png\" alt=\"Oak\u2019a BBQ logo\" width=\"147\" height=\"123\" srcset=\"https:\/\/tammetorubbq.ee\/wp-content\/uploads\/2026\/04\/Oaka-BBQ-logo-300x250.png 300w, https:\/\/tammetorubbq.ee\/wp-content\/uploads\/2026\/04\/Oaka-BBQ-logo-1024x853.png 1024w, https:\/\/tammetorubbq.ee\/wp-content\/uploads\/2026\/04\/Oaka-BBQ-logo-768x640.png 768w, https:\/\/tammetorubbq.ee\/wp-content\/uploads\/2026\/04\/Oaka-BBQ-logo-14x12.png 14w, https:\/\/tammetorubbq.ee\/wp-content\/uploads\/2026\/04\/Oaka-BBQ-logo-600x500.png 600w, https:\/\/tammetorubbq.ee\/wp-content\/uploads\/2026\/04\/Oaka-BBQ-logo-64x53.png 64w, https:\/\/tammetorubbq.ee\/wp-content\/uploads\/2026\/04\/Oaka-BBQ-logo.png 1205w\" sizes=\"auto, (max-width: 147px) 100vw, 147px\" \/><\/p>\n","protected":false},"featured_media":6631,"comment_status":"closed","ping_status":"closed","template":"","meta":{"_uf_show_specific_survey":0,"_uf_disable_surveys":false},"pwb-brand":[383],"product_brand":[384],"product_cat":[22],"product_tag":[118,159,385,386,114],"class_list":{"0":"post-6551","1":"product","2":"type-product","3":"status-publish","4":"has-post-thumbnail","6":"pwb-brand-oaka-bbq","7":"product_brand-oaka-bbq","8":"product_cat-kastmed-ja-marinaadid","9":"product_tag-kanaliha","10":"product_tag-kanatiivad","11":"product_tag-oaka-bbq","12":"product_tag-oaka-bbq-kaste","13":"product_tag-sealiha","15":"first","16":"outofstock","17":"taxable","18":"shipping-taxable","19":"purchasable","20":"product-type-simple"},"brands":[{"id":383,"name":"Oak\u2019a BBQ","slug":"oaka-bbq"}],"_links":{"self":[{"href":"https:\/\/tammetorubbq.ee\/lt\/wp-json\/wp\/v2\/product\/6551","targetHints":{"allow":["GET"]}}],"collection":[{"href":"https:\/\/tammetorubbq.ee\/lt\/wp-json\/wp\/v2\/product"}],"about":[{"href":"https:\/\/tammetorubbq.ee\/lt\/wp-json\/wp\/v2\/types\/product"}],"replies":[{"embeddable":true,"href":"https:\/\/tammetorubbq.ee\/lt\/wp-json\/wp\/v2\/comments?post=6551"}],"wp:featuredmedia":[{"embeddable":true,"href":"https:\/\/tammetorubbq.ee\/lt\/wp-json\/wp\/v2\/media\/6631"}],"wp:attachment":[{"href":"https:\/\/tammetorubbq.ee\/lt\/wp-json\/wp\/v2\/media?parent=6551"}],"wp:term":[{"taxonomy":"pwb-brand","embeddable":true,"href":"https:\/\/tammetorubbq.ee\/lt\/wp-json\/wp\/v2\/pwb-brand?post=6551"},{"taxonomy":"product_brand","embeddable":true,"href":"https:\/\/tammetorubbq.ee\/lt\/wp-json\/wp\/v2\/product_brand?post=6551"},{"taxonomy":"product_cat","embeddable":true,"href":"https:\/\/tammetorubbq.ee\/lt\/wp-json\/wp\/v2\/product_cat?post=6551"},{"taxonomy":"product_tag","embeddable":true,"href":"https:\/\/tammetorubbq.ee\/lt\/wp-json\/wp\/v2\/product_tag?post=6551"}],"curies":[{"name":"wp","href":"https:\/\/api.w.org\/{rel}","templated":true}]}}