{"id":6633,"date":"2026-04-14T14:48:11","date_gmt":"2026-04-14T11:48:11","guid":{"rendered":"https:\/\/tammetorubbq.ee\/?post_type=product&#038;p=6633"},"modified":"2026-04-15T02:00:13","modified_gmt":"2026-04-14T23:00:13","slug":"oaka-bbq-vurtsikas-grillkaste-270g","status":"publish","type":"product","link":"https:\/\/tammetorubbq.ee\/lt\/produktas\/oaka-bbq-vurtsikas-grillkaste-270g\/","title":{"rendered":"Oak\u2019a BBQ v\u00fcrtsikas grillkaste 270g"},"content":{"rendered":"<p><strong data-start=\"81\" data-end=\"97\">Koostisosad: v<\/strong>esi, suhkur, tomatipasta, \u00f5una\u00e4\u00e4dikas, sool, paksendaja (modifitseeritud t\u00e4rklis), Worcestershire\u2019i kaste (veini\u00e4\u00e4dikas, linnase\u00e4\u00e4dikas (odrast), vesi, suhkur, sool, karamelliseeritud suhkrusiirup, v\u00fcrtsid (sisaldab sellerit), sidruni\u00f5li), suitsutatud paprika, k\u00fc\u00fcslaugugraanulid, tume sojakaste (vesi, sojaoad, suhkur, lauasool, nisujahu), sibulapulber, k\u00f6\u00f6mned, must pipar, jalape\u00f1o ekstrakt, cayenne\u2019i pipar, suitsu maitseaine, v\u00fcrtsid, happesuse regulaator (\u00e4\u00e4dikhape), stabilisaatorid (guarkummi, ksantaankummi), s\u00e4ilitusaine (kaaliumsorbaat).<\/p>\n<table>\n<thead>\n<tr>\n<th>Toitaineline info (100 g kohta)<\/th>\n<th>V\u00e4\u00e4rtus<\/th>\n<\/tr>\n<\/thead>\n<tbody>\n<tr>\n<td>Energiav\u00e4\u00e4rtus<\/td>\n<td>732 kJ \/ 175 kcal<\/td>\n<\/tr>\n<tr>\n<td>Rasvad<\/td>\n<td>1,66 g<\/td>\n<\/tr>\n<tr>\n<td>\u2013 millest k\u00fcllastunud rasvhapped<\/td>\n<td>1,39 g<\/td>\n<\/tr>\n<tr>\n<td>S\u00fcsivesikud<\/td>\n<td>36,0 g<\/td>\n<\/tr>\n<tr>\n<td>\u2013 millest suhkrud<\/td>\n<td>32,1 g<\/td>\n<\/tr>\n<tr>\n<td>Valgud<\/td>\n<td>1,39 g<\/td>\n<\/tr>\n<tr>\n<td>Sool<\/td>\n<td>1,3 g<\/td>\n<\/tr>\n<\/tbody>\n<\/table>","protected":false},"excerpt":{"rendered":"<p data-start=\"105\" data-end=\"351\">Oak\u2019a BBQ Spicy BBQ kaste on <strong>aromaatne ja v\u00fcrtsikas grillkaste, millel on intensiivne magushapu maitse<\/strong>.<\/p>\n<p data-start=\"105\" data-end=\"351\">See sobib suurep\u00e4raselt grillimiseks, marineerimiseks ja glasuurimiseks ning t\u00e4iustab ideaalselt burgereid, tortillasid ja teisi toite.<\/p>\n<p data-start=\"353\" data-end=\"473\">Kaste sobib nii igap\u00e4evaseks toiduvalmistamiseks kui ka hetkeks, mil soovid anda oma roale erilise ja iseloomuka maitse.<\/p>\n<ul>\n<li data-section-id=\"pa1hgp\" data-start=\"83\" data-end=\"283\"><strong data-start=\"85\" data-end=\"103\">Marineerimine:<\/strong> Marineeri liha (kana, sealiha v\u00f5i veiseliha) Spicy BBQ kastmega ning lase seista v\u00e4hemalt 30 minutit v\u00f5i kauem, et maitsed imenduksid ja liha muutuks pehmemaks ning mahlasemaks.<\/li>\n<li data-section-id=\"gm4skx\" data-start=\"285\" data-end=\"464\"><strong data-start=\"287\" data-end=\"302\">Grillimine:<\/strong> Pintselda kastet lihale grillimise viimastel 5\u201310 minutil v\u00f5i k\u00fcpsetamise l\u00f5pus. Nii tekib karamellistunud pind ning roog saab rikkaliku ja intensiivse maitse.<\/li>\n<li data-section-id=\"1w4499z\" data-start=\"466\" data-end=\"543\"><strong data-start=\"468\" data-end=\"481\">T\u00e4idised:<\/strong> Kasuta kastet burgerite ja tortillade maitse rikastamiseks.<\/li>\n<li data-section-id=\"1ej2vrs\" data-start=\"545\" data-end=\"698\"><strong data-start=\"547\" data-end=\"570\">Igap\u00e4evane kasutus:<\/strong> Serveeri kastet vorstide, burgerite, tacode v\u00f5i grillvarraste k\u00f5rvale \u2013 see t\u00e4iustab iga rooga tugeva ja iseloomuka maitsega.<\/li>\n<li data-section-id=\"1mnfdfe\" data-start=\"700\" data-end=\"855\"><strong data-start=\"702\" data-end=\"714\">Salatid:<\/strong> Sega Spicy BBQ kastet hapukoore v\u00f5i jogurtiga, et valmistada maitsev kaste salatitele, sn\u00e4kkidele, k\u00f6\u00f6giviljadele v\u00f5i soojadele roogadele.<\/li>\n<li data-section-id=\"dx88hm\" data-start=\"857\" data-end=\"992\"><strong data-start=\"859\" data-end=\"872\">BBQ road:<\/strong> Kasuta grillroogadel liha, k\u00f6\u00f6giviljade ja muude toitude maitsestamiseks, et saavutada t\u00e4iuslik v\u00fcrtsikas BBQ elamus.<\/li>\n<\/ul>\n<div class=\"flex flex-col text-sm pb-25\">\n<section class=\"text-token-text-primary w-full focus:outline-none [--shadow-height:45px] has-data-writing-block:pointer-events-none has-data-writing-block:-mt-(--shadow-height) has-data-writing-block:pt-(--shadow-height) [&amp;:has([data-writing-block])&gt;*]:pointer-events-auto scroll-mt-[calc(var(--header-height)+min(200px,max(70px,20svh)))]\" dir=\"auto\" data-turn-id=\"request-WEB:28c81414-927a-48d4-9f94-a86d0e602202-1\" data-testid=\"conversation-turn-4\" data-scroll-anchor=\"true\" data-turn=\"assistant\">\n<div class=\"text-base my-auto mx-auto pb-10 [--thread-content-margin:var(--thread-content-margin-xs,calc(var(--spacing)*4))] @w-sm\/main:[--thread-content-margin:var(--thread-content-margin-sm,calc(var(--spacing)*6))] @w-lg\/main:[--thread-content-margin:var(--thread-content-margin-lg,calc(var(--spacing)*16))] px-(--thread-content-margin)\">\n<div class=\"[--thread-content-max-width:40rem] @w-lg\/main:[--thread-content-max-width:48rem] mx-auto max-w-(--thread-content-max-width) flex-1 group\/turn-messages focus-visible:outline-hidden relative flex w-full min-w-0 flex-col agent-turn\">\n<div class=\"mt-3 w-full empty:hidden\">\n<div class=\"text-center\">\n<p data-start=\"0\" data-end=\"33\"><strong>Traditsioon, kirg ja elustiil<\/strong><\/p>\n<p data-start=\"35\" data-end=\"307\">Oak\u2019A BBQ ei valmista lihtsalt kastmeid ja maitseainesegusid \u2013 nende eesm\u00e4rk on luua julgeid ja unustamatuid BBQ-elamusi. Iga Oak\u2019A BBQ kastmepudel, iga n\u00e4put\u00e4is maitseainesegu ja iga glasuur on k\u00e4sitsi loodud, et viia sinu grillimine t\u00f5elise kulinaarse rituaali tasemele.<\/p>\n<p data-start=\"309\" data-end=\"547\" data-is-last-node=\"\" data-is-only-node=\"\">BBQ on palju enamat kui lihtsalt toit. See on traditsioon, kirg ja viis inimesi kokku tuua. Kogu maailmas hinnatakse BBQ-d selle rikkalike maitsete, aeglaselt k\u00fcpsetatud t\u00e4iuslikkuse ning r\u00f5\u00f5mu p\u00e4rast, mida pakub otse tulelt jagatud eine.<\/p>\n<\/div>\n<\/div>\n<\/div>\n<\/div>\n<\/section>\n<\/div>\n<div class=\"pointer-events-none h-px w-px absolute bottom-0\" aria-hidden=\"true\" data-edge=\"true\"><\/div>\n<p><img loading=\"lazy\" decoding=\"async\" class=\" wp-image-6555\" src=\"https:\/\/tammetorubbq.ee\/wp-content\/uploads\/2026\/04\/Oaka-BBQ-logo-300x250.png\" alt=\"Oak\u2019a BBQ logo\" width=\"147\" height=\"123\" srcset=\"https:\/\/tammetorubbq.ee\/wp-content\/uploads\/2026\/04\/Oaka-BBQ-logo-300x250.png 300w, https:\/\/tammetorubbq.ee\/wp-content\/uploads\/2026\/04\/Oaka-BBQ-logo-1024x853.png 1024w, https:\/\/tammetorubbq.ee\/wp-content\/uploads\/2026\/04\/Oaka-BBQ-logo-768x640.png 768w, https:\/\/tammetorubbq.ee\/wp-content\/uploads\/2026\/04\/Oaka-BBQ-logo-14x12.png 14w, https:\/\/tammetorubbq.ee\/wp-content\/uploads\/2026\/04\/Oaka-BBQ-logo-600x500.png 600w, https:\/\/tammetorubbq.ee\/wp-content\/uploads\/2026\/04\/Oaka-BBQ-logo-64x53.png 64w, https:\/\/tammetorubbq.ee\/wp-content\/uploads\/2026\/04\/Oaka-BBQ-logo.png 1205w\" sizes=\"auto, (max-width: 147px) 100vw, 147px\" \/><\/p>\n","protected":false},"featured_media":6634,"comment_status":"closed","ping_status":"closed","template":"","meta":{"_uf_show_specific_survey":0,"_uf_disable_surveys":false},"pwb-brand":[383],"product_brand":[384],"product_cat":[22],"product_tag":[138,118,159,120,385,386,161,114],"class_list":{"0":"post-6633","1":"product","2":"type-product","3":"status-publish","4":"has-post-thumbnail","6":"pwb-brand-oaka-bbq","7":"product_brand-oaka-bbq","8":"product_cat-kastmed-ja-marinaadid","9":"product_tag-burger","10":"product_tag-kanaliha","11":"product_tag-kanatiivad","12":"product_tag-mereannid","13":"product_tag-oaka-bbq","14":"product_tag-oaka-bbq-kaste","15":"product_tag-pizza","16":"product_tag-sealiha","18":"first","19":"outofstock","20":"taxable","21":"shipping-taxable","22":"purchasable","23":"product-type-simple"},"brands":[{"id":383,"name":"Oak\u2019a BBQ","slug":"oaka-bbq"}],"_links":{"self":[{"href":"https:\/\/tammetorubbq.ee\/lt\/wp-json\/wp\/v2\/product\/6633","targetHints":{"allow":["GET"]}}],"collection":[{"href":"https:\/\/tammetorubbq.ee\/lt\/wp-json\/wp\/v2\/product"}],"about":[{"href":"https:\/\/tammetorubbq.ee\/lt\/wp-json\/wp\/v2\/types\/product"}],"replies":[{"embeddable":true,"href":"https:\/\/tammetorubbq.ee\/lt\/wp-json\/wp\/v2\/comments?post=6633"}],"wp:featuredmedia":[{"embeddable":true,"href":"https:\/\/tammetorubbq.ee\/lt\/wp-json\/wp\/v2\/media\/6634"}],"wp:attachment":[{"href":"https:\/\/tammetorubbq.ee\/lt\/wp-json\/wp\/v2\/media?parent=6633"}],"wp:term":[{"taxonomy":"pwb-brand","embeddable":true,"href":"https:\/\/tammetorubbq.ee\/lt\/wp-json\/wp\/v2\/pwb-brand?post=6633"},{"taxonomy":"product_brand","embeddable":true,"href":"https:\/\/tammetorubbq.ee\/lt\/wp-json\/wp\/v2\/product_brand?post=6633"},{"taxonomy":"product_cat","embeddable":true,"href":"https:\/\/tammetorubbq.ee\/lt\/wp-json\/wp\/v2\/product_cat?post=6633"},{"taxonomy":"product_tag","embeddable":true,"href":"https:\/\/tammetorubbq.ee\/lt\/wp-json\/wp\/v2\/product_tag?post=6633"}],"curies":[{"name":"wp","href":"https:\/\/api.w.org\/{rel}","templated":true}]}}