{"id":6644,"date":"2026-04-14T16:20:59","date_gmt":"2026-04-14T13:20:59","guid":{"rendered":"https:\/\/tammetorubbq.ee\/?post_type=product&#038;p=6644"},"modified":"2026-04-15T00:00:08","modified_gmt":"2026-04-14T21:00:08","slug":"oaka-bbq-honey-bbq-kaste-310g","status":"publish","type":"product","link":"https:\/\/tammetorubbq.ee\/lt\/produktas\/oaka-bbq-honey-bbq-kaste-310g\/","title":{"rendered":"Oak\u2019a BBQ Honey BBQ kaste 310g"},"content":{"rendered":"<p data-start=\"81\" data-end=\"651\"><strong data-start=\"81\" data-end=\"97\">Koostisosad: <\/strong>vesi, suhkur, linnaseekstrakt (odrast), valge veini\u00e4\u00e4dikas, tomatipasta, mesi (3,4%), modifitseeritud t\u00e4rklis, sool, karamelliseeritud suhkur, ancho t\u0161illid, must pipar, k\u00fc\u00fcslauguekstrakt, happesuse regulaatorid (sidrunhape, \u00e4\u00e4dikhape), looduslik maitsetugevdaja (v\u00fcrtsid: leeskputke juur, pastinaak, sibul), magus paprika, looduslik suitsu aroom, Worcestershire\u2019i kaste (veini\u00e4\u00e4dikas, linnase\u00e4\u00e4dikas [odrast], vesi, suhkur, sool, karamelliseeritud suhkrusiirup, v\u00fcrtsid (sisaldab sellerit), sidruni\u00f5li), s\u00e4ilitusaine (kaaliumsorbaat), sinepipulber.<\/p>\n<table>\n<thead>\n<tr>\n<th>Toitaineline info (100 g kohta)<\/th>\n<th>V\u00e4\u00e4rtus<\/th>\n<\/tr>\n<\/thead>\n<tbody>\n<tr>\n<td>Energiav\u00e4\u00e4rtus<\/td>\n<td>674 kJ \/ 158 kcal<\/td>\n<\/tr>\n<tr>\n<td>Rasvad<\/td>\n<td>0,14 g<\/td>\n<\/tr>\n<tr>\n<td>\u2013 millest k\u00fcllastunud rasvhapped<\/td>\n<td>0,02 g<\/td>\n<\/tr>\n<tr>\n<td>S\u00fcsivesikud<\/td>\n<td>30,3 g<\/td>\n<\/tr>\n<tr>\n<td>\u2013 millest suhkrud<\/td>\n<td>28,0 g<\/td>\n<\/tr>\n<tr>\n<td>Valgud<\/td>\n<td>0,8 g<\/td>\n<\/tr>\n<tr>\n<td>Sool<\/td>\n<td>3,2 g<\/td>\n<\/tr>\n<\/tbody>\n<\/table>\n","protected":false},"excerpt":{"rendered":"<p>Peategelene mesi &#8211; aromaatne, magushapu kaste, milles on selgelt tuntav mee magusus, luues tasakaalustatud ja iseloomuka maitseprofiili.<\/p>\n<p data-start=\"249\" data-end=\"433\">Kaste sobib suurep\u00e4raselt liha ja kala grillimiseks, marineerimiseks ning k\u00f6\u00f6giviljade valmistamiseks. Samuti on see ideaalne burgerite, pitsade ja igap\u00e4evaste roogade maitsestamiseks.<\/p>\n<p data-start=\"435\" data-end=\"540\">Lisaks saab kastet kasutada liha glasuurimiseks, andes sellele mahlase, l\u00e4ikiva ja v\u00e4ljendusrikka maitse.<\/p>\n<ul>\n<li data-section-id=\"19lj93o\" data-start=\"96\" data-end=\"294\"><strong data-start=\"98\" data-end=\"116\">Marineerimine:<\/strong> Marineeri liha (sealiha, kana v\u00f5i veiseliha) v\u00e4hemalt 30 minutit v\u00f5i kauem enne k\u00fcpsetamist. Mesi aitab muuta liha pehmemaks ning annab k\u00fcpsetamisel kauni l\u00e4ikiva viimistluse.<\/li>\n<li data-section-id=\"r59hst\" data-start=\"296\" data-end=\"462\"><strong data-start=\"298\" data-end=\"313\">Grillimine:<\/strong> Pintselda Honey BBQ kastet lihale v\u00f5i k\u00f6\u00f6giviljadele umbes 5 minutit enne grillimise l\u00f5ppu. Nii tekib maitsekas ja aromaatne karamellistunud kiht.<\/li>\n<li data-section-id=\"1ipwzsj\" data-start=\"464\" data-end=\"644\"><strong data-start=\"466\" data-end=\"489\">Igap\u00e4evane kasutus:<\/strong> Serveeri kastet grillitud v\u00f5i r\u00f6stitud k\u00f6\u00f6giviljade, vorstide, burgerite v\u00f5i grillvarraste k\u00f5rvale. Sobib h\u00e4sti ka erinevate sn\u00e4kkide ja roogade juurde.<\/li>\n<li data-section-id=\"154mupr\" data-start=\"646\" data-end=\"834\"><strong data-start=\"648\" data-end=\"669\">Krevetid ja kala:<\/strong> Marineeri krevette v\u00f5i kala Honey BBQ kastmes. Grillimisel lisab mesi roale magusa, kergelt hapuka ja suitsuse maitsen\u00fcansi, mis sobib mereandidega suurep\u00e4raselt.<\/li>\n<\/ul>\n<div class=\"flex flex-col text-sm pb-25\">\n<section class=\"text-token-text-primary w-full focus:outline-none [--shadow-height:45px] has-data-writing-block:pointer-events-none has-data-writing-block:-mt-(--shadow-height) has-data-writing-block:pt-(--shadow-height) [&amp;:has([data-writing-block])&gt;*]:pointer-events-auto scroll-mt-[calc(var(--header-height)+min(200px,max(70px,20svh)))]\" dir=\"auto\" data-turn-id=\"request-WEB:28c81414-927a-48d4-9f94-a86d0e602202-1\" data-testid=\"conversation-turn-4\" data-scroll-anchor=\"true\" data-turn=\"assistant\">\n<div class=\"text-base my-auto mx-auto pb-10 [--thread-content-margin:var(--thread-content-margin-xs,calc(var(--spacing)*4))] @w-sm\/main:[--thread-content-margin:var(--thread-content-margin-sm,calc(var(--spacing)*6))] @w-lg\/main:[--thread-content-margin:var(--thread-content-margin-lg,calc(var(--spacing)*16))] px-(--thread-content-margin)\">\n<div class=\"[--thread-content-max-width:40rem] @w-lg\/main:[--thread-content-max-width:48rem] mx-auto max-w-(--thread-content-max-width) flex-1 group\/turn-messages focus-visible:outline-hidden relative flex w-full min-w-0 flex-col agent-turn\">\n<div class=\"mt-3 w-full empty:hidden\">\n<div class=\"text-center\">\n<p data-start=\"0\" data-end=\"33\"><strong>Traditsioon, kirg ja elustiil<\/strong><\/p>\n<p data-start=\"35\" data-end=\"307\">Oak\u2019A BBQ ei valmista lihtsalt kastmeid ja maitseainesegusid \u2013 nende eesm\u00e4rk on luua julgeid ja unustamatuid BBQ-elamusi. Iga Oak\u2019A BBQ kastmepudel, iga n\u00e4put\u00e4is maitseainesegu ja iga glasuur on k\u00e4sitsi loodud, et viia sinu grillimine t\u00f5elise kulinaarse rituaali tasemele.<\/p>\n<p data-start=\"309\" data-end=\"547\" data-is-last-node=\"\" data-is-only-node=\"\">BBQ on palju enamat kui lihtsalt toit. See on traditsioon, kirg ja viis inimesi kokku tuua. Kogu maailmas hinnatakse BBQ-d selle rikkalike maitsete, aeglaselt k\u00fcpsetatud t\u00e4iuslikkuse ning r\u00f5\u00f5mu p\u00e4rast, mida pakub otse tulelt jagatud eine.<\/p>\n<\/div>\n<\/div>\n<\/div>\n<\/div>\n<\/section>\n<\/div>\n<div class=\"pointer-events-none h-px w-px absolute bottom-0\" aria-hidden=\"true\" data-edge=\"true\"><\/div>\n<p><img loading=\"lazy\" decoding=\"async\" class=\" wp-image-6555\" src=\"https:\/\/tammetorubbq.ee\/wp-content\/uploads\/2026\/04\/Oaka-BBQ-logo-300x250.png\" alt=\"Oak\u2019a BBQ logo\" width=\"147\" height=\"123\" srcset=\"https:\/\/tammetorubbq.ee\/wp-content\/uploads\/2026\/04\/Oaka-BBQ-logo-300x250.png 300w, https:\/\/tammetorubbq.ee\/wp-content\/uploads\/2026\/04\/Oaka-BBQ-logo-1024x853.png 1024w, https:\/\/tammetorubbq.ee\/wp-content\/uploads\/2026\/04\/Oaka-BBQ-logo-768x640.png 768w, https:\/\/tammetorubbq.ee\/wp-content\/uploads\/2026\/04\/Oaka-BBQ-logo-14x12.png 14w, https:\/\/tammetorubbq.ee\/wp-content\/uploads\/2026\/04\/Oaka-BBQ-logo-600x500.png 600w, https:\/\/tammetorubbq.ee\/wp-content\/uploads\/2026\/04\/Oaka-BBQ-logo-64x53.png 64w, https:\/\/tammetorubbq.ee\/wp-content\/uploads\/2026\/04\/Oaka-BBQ-logo.png 1205w\" sizes=\"auto, (max-width: 147px) 100vw, 147px\" \/><\/p>\n","protected":false},"featured_media":6645,"comment_status":"closed","ping_status":"closed","template":"","meta":{"_uf_show_specific_survey":0,"_uf_disable_surveys":false},"pwb-brand":[383],"product_brand":[384],"product_cat":[22],"product_tag":[138,118,159,121,259,120,385,386,161,123,119],"class_list":{"0":"post-6644","1":"product","2":"type-product","3":"status-publish","4":"has-post-thumbnail","6":"pwb-brand-oaka-bbq","7":"product_brand-oaka-bbq","8":"product_cat-kastmed-ja-marinaadid","9":"product_tag-burger","10":"product_tag-kanaliha","11":"product_tag-kanatiivad","12":"product_tag-koogiviljad","13":"product_tag-lohe","14":"product_tag-mereannid","15":"product_tag-oaka-bbq","16":"product_tag-oaka-bbq-kaste","17":"product_tag-pizza","18":"product_tag-steik","19":"product_tag-veiseliha","21":"first","22":"outofstock","23":"taxable","24":"shipping-taxable","25":"purchasable","26":"product-type-simple"},"brands":[{"id":383,"name":"Oak\u2019a BBQ","slug":"oaka-bbq"}],"_links":{"self":[{"href":"https:\/\/tammetorubbq.ee\/lt\/wp-json\/wp\/v2\/product\/6644","targetHints":{"allow":["GET"]}}],"collection":[{"href":"https:\/\/tammetorubbq.ee\/lt\/wp-json\/wp\/v2\/product"}],"about":[{"href":"https:\/\/tammetorubbq.ee\/lt\/wp-json\/wp\/v2\/types\/product"}],"replies":[{"embeddable":true,"href":"https:\/\/tammetorubbq.ee\/lt\/wp-json\/wp\/v2\/comments?post=6644"}],"wp:featuredmedia":[{"embeddable":true,"href":"https:\/\/tammetorubbq.ee\/lt\/wp-json\/wp\/v2\/media\/6645"}],"wp:attachment":[{"href":"https:\/\/tammetorubbq.ee\/lt\/wp-json\/wp\/v2\/media?parent=6644"}],"wp:term":[{"taxonomy":"pwb-brand","embeddable":true,"href":"https:\/\/tammetorubbq.ee\/lt\/wp-json\/wp\/v2\/pwb-brand?post=6644"},{"taxonomy":"product_brand","embeddable":true,"href":"https:\/\/tammetorubbq.ee\/lt\/wp-json\/wp\/v2\/product_brand?post=6644"},{"taxonomy":"product_cat","embeddable":true,"href":"https:\/\/tammetorubbq.ee\/lt\/wp-json\/wp\/v2\/product_cat?post=6644"},{"taxonomy":"product_tag","embeddable":true,"href":"https:\/\/tammetorubbq.ee\/lt\/wp-json\/wp\/v2\/product_tag?post=6644"}],"curies":[{"name":"wp","href":"https:\/\/api.w.org\/{rel}","templated":true}]}}