{"id":6685,"date":"2026-04-15T14:40:09","date_gmt":"2026-04-15T11:40:09","guid":{"rendered":"https:\/\/tammetorubbq.ee\/?post_type=product&#038;p=6685"},"modified":"2026-04-16T02:00:14","modified_gmt":"2026-04-15T23:00:14","slug":"oaka-bbq-hot-rub-140g","status":"publish","type":"product","link":"https:\/\/tammetorubbq.ee\/lt\/produktas\/oaka-bbq-hot-rub-140g\/","title":{"rendered":"Oak\u2019a BBQ Hot Rub 140g"},"content":{"rendered":"<p><strong data-start=\"97\" data-end=\"113\">Sudedamosios dalys: <\/strong>tomatipulber, magus paprika pulber, jahvatatud t\u0161illipipar, sool, k\u00fc\u00fcslaugugraanulid, k\u00f6\u00f6mned, till, ingver, suhkur, suitsutatud magus paprika, must pipar, loorberilehed, sinepipulber, jahvatatud rosmariin, cayenne\u2019i pipar, rapsi\u00f5li, paakumisvastane aine (r\u00e4nidioksiid).<\/p>","protected":false},"excerpt":{"rendered":"<p data-start=\"124\" data-end=\"252\">Oak\u2019a BBQ Hot BBQ maitseainesegu on v\u00fcrtsikas ja suitsune segu, mis on loodud andma roogadele selge ja rikkaliku maitseprofiili.<\/p>\n<p data-start=\"254\" data-end=\"450\">Sobib suurep\u00e4raselt liha, k\u00f6\u00f6giviljade ning Mehhiko ja paljude teiste roogade valmistamiseks. Ideaalne valik gurmaanidele, kes hindavad kergelt teravamat ja aromaatsemat maitseelamust igas ampsus.<\/p>\n<section class=\"text-token-text-primary w-full focus:outline-none [--shadow-height:45px] has-data-writing-block:pointer-events-none has-data-writing-block:-mt-(--shadow-height) has-data-writing-block:pt-(--shadow-height) [&amp;:has([data-writing-block])&gt;*]:pointer-events-auto [content-visibility:auto] supports-[content-visibility:auto]:[contain-intrinsic-size:auto_100lvh] R6Vx5W_threadScrollVars scroll-mb-[calc(var(--scroll-root-safe-area-inset-bottom,0px)+var(--thread-response-height))] scroll-mt-[calc(var(--header-height)+min(200px,max(70px,20svh)))]\" dir=\"auto\" data-turn-id=\"request-69d8a120-c248-832c-b796-52bff5f8faa8-66\" data-testid=\"conversation-turn-136\" data-scroll-anchor=\"false\" data-turn=\"assistant\">\n<div class=\"text-base my-auto mx-auto pb-10 [--thread-content-margin:var(--thread-content-margin-xs,calc(var(--spacing)*4))] @w-sm\/main:[--thread-content-margin:var(--thread-content-margin-sm,calc(var(--spacing)*6))] @w-lg\/main:[--thread-content-margin:var(--thread-content-margin-lg,calc(var(--spacing)*16))] px-(--thread-content-margin)\">\n<div class=\"[--thread-content-max-width:40rem] @w-lg\/main:[--thread-content-max-width:48rem] mx-auto max-w-(--thread-content-max-width) flex-1 group\/turn-messages focus-visible:outline-hidden relative flex w-full min-w-0 flex-col agent-turn\">\n<div class=\"flex max-w-full flex-col gap-4 grow\">\n<div class=\"min-h-8 text-message relative flex w-full flex-col items-end gap-2 text-start break-words whitespace-normal outline-none keyboard-focused:focus-ring [.text-message+&amp;]:mt-1\" dir=\"auto\" tabindex=\"0\" data-message-author-role=\"assistant\" data-message-id=\"cea95b99-0392-47e5-a65b-b9073238de73\" data-message-model-slug=\"gpt-5-3-mini\" data-turn-start-message=\"true\">\n<div class=\"flex w-full flex-col gap-1 empty:hidden\">\n<div class=\"markdown prose dark:prose-invert w-full wrap-break-word light markdown-new-styling\">\n<ul data-start=\"96\" data-end=\"670\" data-is-only-node=\"\" data-is-last-node=\"\">\n<li data-section-id=\"1ix8sg1\" data-start=\"96\" data-end=\"222\"><strong data-start=\"98\" data-end=\"120\">Grillil:<\/strong> Raputa maitseainesegu lihale v\u00f5i k\u00f6\u00f6giviljadele enne k\u00fcpsetamist, et anda neile intensiivne maitse.<\/li>\n<li data-section-id=\"10prtwz\" data-start=\"224\" data-end=\"328\"><strong data-start=\"226\" data-end=\"236\">Supid:<\/strong> Lisa maitseainet erinevatele suppidele, et parandada maitset ja muuta need rikkalikumaks.<\/li>\n<li data-section-id=\"10n9j8y\" data-start=\"330\" data-end=\"413\"><strong data-start=\"332\" data-end=\"345\">Hautised:<\/strong> Lisa segu hautistele v\u00f5i suppidele, et rikastada roogade maitset.<\/li>\n<li data-section-id=\"142xnpu\" data-start=\"415\" data-end=\"568\"><strong data-start=\"417\" data-end=\"431\">Mereannid:<\/strong> Maitsesta mereannid enne grillimist maitseaineseguga \u2013 see annab neile intensiivse maitse ning aitab luua kauni ja aromaatse tulemuse.<\/li>\n<li data-section-id=\"1krdwfk\" data-start=\"570\" data-end=\"670\" data-is-last-node=\"\"><strong data-start=\"572\" data-end=\"590\">Pasta ja riis:<\/strong> Kasuta maitseainena pasta- ja riisiroogades, et parandada nende maitseprofiili.<\/li>\n<\/ul>\n<div class=\"flex flex-col text-sm pb-25\">\n<section class=\"text-token-text-primary w-full focus:outline-none [--shadow-height:45px] has-data-writing-block:pointer-events-none has-data-writing-block:-mt-(--shadow-height) has-data-writing-block:pt-(--shadow-height) [&amp;:has([data-writing-block])&gt;*]:pointer-events-auto scroll-mt-[calc(var(--header-height)+min(200px,max(70px,20svh)))]\" dir=\"auto\" data-turn-id=\"request-WEB:28c81414-927a-48d4-9f94-a86d0e602202-1\" data-testid=\"conversation-turn-4\" data-scroll-anchor=\"true\" data-turn=\"assistant\">\n<div class=\"text-base my-auto mx-auto pb-10 [--thread-content-margin:var(--thread-content-margin-xs,calc(var(--spacing)*4))] @w-sm\/main:[--thread-content-margin:var(--thread-content-margin-sm,calc(var(--spacing)*6))] @w-lg\/main:[--thread-content-margin:var(--thread-content-margin-lg,calc(var(--spacing)*16))] px-(--thread-content-margin)\">\n<div class=\"[--thread-content-max-width:40rem] @w-lg\/main:[--thread-content-max-width:48rem] mx-auto max-w-(--thread-content-max-width) flex-1 group\/turn-messages focus-visible:outline-hidden relative flex w-full min-w-0 flex-col agent-turn\">\n<div class=\"mt-3 w-full empty:hidden\">\n<div class=\"text-center\">\n<p data-start=\"0\" data-end=\"33\"><strong>Traditsioon, kirg ja elustiil<\/strong><\/p>\n<p data-start=\"35\" data-end=\"307\">Oak\u2019A BBQ ei valmista lihtsalt kastmeid ja maitseainesegusid \u2013 nende eesm\u00e4rk on luua julgeid ja unustamatuid BBQ-elamusi. Iga Oak\u2019A BBQ kastmepudel, iga n\u00e4put\u00e4is maitseainesegu ja iga glasuur on k\u00e4sitsi loodud, et viia sinu grillimine t\u00f5elise kulinaarse rituaali tasemele.<\/p>\n<p data-start=\"309\" data-end=\"547\" data-is-last-node=\"\" data-is-only-node=\"\">BBQ on palju enamat kui lihtsalt toit. See on traditsioon, kirg ja viis inimesi kokku tuua. Kogu maailmas hinnatakse BBQ-d selle rikkalike maitsete, aeglaselt k\u00fcpsetatud t\u00e4iuslikkuse ning r\u00f5\u00f5mu p\u00e4rast, mida pakub otse tulelt jagatud eine.<\/p>\n<\/div>\n<\/div>\n<\/div>\n<\/div>\n<\/section>\n<\/div>\n<div class=\"pointer-events-none h-px w-px absolute bottom-0\" aria-hidden=\"true\" data-edge=\"true\"><\/div>\n<p><img loading=\"lazy\" decoding=\"async\" class=\" wp-image-6555\" src=\"https:\/\/tammetorubbq.ee\/wp-content\/uploads\/2026\/04\/Oaka-BBQ-logo-300x250.png\" alt=\"Oak\u2019a BBQ logo\" width=\"147\" height=\"123\" srcset=\"https:\/\/tammetorubbq.ee\/wp-content\/uploads\/2026\/04\/Oaka-BBQ-logo-300x250.png 300w, https:\/\/tammetorubbq.ee\/wp-content\/uploads\/2026\/04\/Oaka-BBQ-logo-1024x853.png 1024w, https:\/\/tammetorubbq.ee\/wp-content\/uploads\/2026\/04\/Oaka-BBQ-logo-768x640.png 768w, https:\/\/tammetorubbq.ee\/wp-content\/uploads\/2026\/04\/Oaka-BBQ-logo-14x12.png 14w, https:\/\/tammetorubbq.ee\/wp-content\/uploads\/2026\/04\/Oaka-BBQ-logo-600x500.png 600w, https:\/\/tammetorubbq.ee\/wp-content\/uploads\/2026\/04\/Oaka-BBQ-logo-64x53.png 64w, https:\/\/tammetorubbq.ee\/wp-content\/uploads\/2026\/04\/Oaka-BBQ-logo.png 1205w\" sizes=\"auto, (max-width: 147px) 100vw, 147px\" \/><\/p>\n<\/div>\n<\/div>\n<\/div>\n<\/div>\n<div class=\"z-0 flex min-h-[46px] justify-start\"><\/div>\n<div class=\"mt-3 w-full empty:hidden\">\n<div class=\"text-center\"><\/div>\n<\/div>\n<\/div>\n<\/div>\n<\/section>\n<div class=\"pointer-events-none -mt-px h-px translate-y-[calc(var(--scroll-root-safe-area-inset-bottom)-14*var(--spacing))]\" aria-hidden=\"true\"><\/div>\n","protected":false},"featured_media":6686,"comment_status":"closed","ping_status":"closed","template":"","meta":{"_uf_show_specific_survey":0,"_uf_disable_surveys":false},"pwb-brand":[383],"product_brand":[384],"product_cat":[21],"product_tag":[138,118,121,182,385,394,395,114,119],"class_list":{"0":"post-6685","1":"product","2":"type-product","3":"status-publish","4":"has-post-thumbnail","6":"pwb-brand-oaka-bbq","7":"product_brand-oaka-bbq","8":"product_cat-maitseainesegud","9":"product_tag-burger","10":"product_tag-kanaliha","11":"product_tag-koogiviljad","12":"product_tag-linnuliha","13":"product_tag-oaka-bbq","14":"product_tag-oaka-bbq-rub","15":"product_tag-pasta","16":"product_tag-sealiha","17":"product_tag-veiseliha","19":"first","20":"instock","21":"taxable","22":"shipping-taxable","23":"purchasable","24":"product-type-simple"},"brands":[{"id":383,"name":"Oak\u2019a BBQ","slug":"oaka-bbq"}],"_links":{"self":[{"href":"https:\/\/tammetorubbq.ee\/lt\/wp-json\/wp\/v2\/product\/6685","targetHints":{"allow":["GET"]}}],"collection":[{"href":"https:\/\/tammetorubbq.ee\/lt\/wp-json\/wp\/v2\/product"}],"about":[{"href":"https:\/\/tammetorubbq.ee\/lt\/wp-json\/wp\/v2\/types\/product"}],"replies":[{"embeddable":true,"href":"https:\/\/tammetorubbq.ee\/lt\/wp-json\/wp\/v2\/comments?post=6685"}],"wp:featuredmedia":[{"embeddable":true,"href":"https:\/\/tammetorubbq.ee\/lt\/wp-json\/wp\/v2\/media\/6686"}],"wp:attachment":[{"href":"https:\/\/tammetorubbq.ee\/lt\/wp-json\/wp\/v2\/media?parent=6685"}],"wp:term":[{"taxonomy":"pwb-brand","embeddable":true,"href":"https:\/\/tammetorubbq.ee\/lt\/wp-json\/wp\/v2\/pwb-brand?post=6685"},{"taxonomy":"product_brand","embeddable":true,"href":"https:\/\/tammetorubbq.ee\/lt\/wp-json\/wp\/v2\/product_brand?post=6685"},{"taxonomy":"product_cat","embeddable":true,"href":"https:\/\/tammetorubbq.ee\/lt\/wp-json\/wp\/v2\/product_cat?post=6685"},{"taxonomy":"product_tag","embeddable":true,"href":"https:\/\/tammetorubbq.ee\/lt\/wp-json\/wp\/v2\/product_tag?post=6685"}],"curies":[{"name":"wp","href":"https:\/\/api.w.org\/{rel}","templated":true}]}}