{"id":6749,"date":"2026-04-17T10:38:13","date_gmt":"2026-04-17T07:38:13","guid":{"rendered":"https:\/\/tammetorubbq.ee\/?post_type=product&#038;p=6749"},"modified":"2026-04-19T21:00:45","modified_gmt":"2026-04-19T18:00:45","slug":"grillsymbol-soegrill-chef","status":"publish","type":"product","link":"https:\/\/tammetorubbq.ee\/lt\/produktas\/grillsymbol-soegrill-chef\/","title":{"rendered":"GrillSymbol s\u00f6egrill Chef"},"content":{"rendered":"<p class=\"isSelectedEnd\">\u2022 M\u00f5\u00f5dud: 128 \u00d7 35 \u00d7 95 cm (laius \u00d7 s\u00fcgavus \u00d7 k\u00f5rgus)<br \/>\n\u2022 Kaal: 46 kg<br \/>\n- <strong>K\u00fcpsetusala: 85 \u00d7 34 cm (komplektis 1 k\u00fcpsetusrest)<\/strong><br \/>\n\u2022 K\u00fcpsetusresti k\u00f5rgus: 80 cm (kaanega 95 cm)<\/p>\n<p class=\"isSelectedEnd\">\u2022 K\u00fcpsetusresti m\u00f5\u00f5dud: 50 \u00d7 33 cm<br \/>\n\u2022 Resti valik: ZZG, CG-1, VG, MG v\u00f5i FTG (palun m\u00e4rgi eelistus tellimisel lisainfosse)<br \/>\n\u2022 K\u00fcpsetusresti mahutavus: 1,5\u20132,5 kg liha v\u00f5i grillvorste<\/p>\n<p class=\"isSelectedEnd\">\u2022 K\u00fctus: s\u00fcsi v\u00f5i brikett<br \/>\n\u2022 2 roostevabast terasest s\u00f6evanni \u2013 lihtne t\u00fchjendada<br \/>\n\u2022 K\u00fclgedel \u00f5hutusavad tagavad hea \u00f5huvahetuse<br \/>\n\u2022 Grillvardale fikseerimise s\u00e4lgud k\u00f5igis neljas k\u00fcljes<br \/>\n\u2022 Kaanel ventilatsiooniklapp \u00f5hu reguleerimiseks<br \/>\n\u2022 Kaasvarustuses v\u00e4line termomeeter (0\u2013300 \u00b0C)<\/p>\n<p>\u2022 Kaas, k\u00fclgpaneelid ja alumine riiul: roostevaba teras<\/p>\n<p class=\"isSelectedEnd\"><strong>NB! <\/strong>Tugevate vihmasadude korral v\u00f5ib kaane ja korpuse vahelistest mikropraostest sattuda grilli sisemusse veidi vett. See ei kahjusta grilli \u2013 liigne vesi juhitakse p\u00f5hjas oleva \u00f5hutusava kaudu v\u00e4lja.<\/p>\n<p class=\"isSelectedEnd\">Cor-Ten terasest korpus v\u00f5ib kasutamise ja kuumuse m\u00f5jul muutuda tumedamaks kui tootefotodel ning ajas loomulikult muutuda. Uue tootena on Cor-Ten teras halli v\u00e4rvusega nagu tavaline kuumvaltsitud teras.<\/p>\n<p class=\"isSelectedEnd\">Toodet ei tohi paigaldada puidust aluspinnale, kuna v\u00e4ikeste avade kaudu v\u00f5ib grillimise ajal v\u00e4hesel m\u00e4\u00e4ral tuhka v\u00f5i s\u00e4demeid v\u00e4lja pudeneda.<\/p>\n<p>Cor-Ten terasest tooted tarnitakse t\u00f6\u00f6tlemata pinnaga.<\/p>","protected":false},"excerpt":{"rendered":"<h5>Klassika, mis kohtub t\u00e4nap\u00e4evaga!<\/h5>\n<p class=\"isSelectedEnd\">Ajatu disain, praktiline lahendus ja modernsed materjalid \u2013 just see teeb Chef s\u00f6egrillist erilise. 2024. aasta mudel on veelgi funktsionaalsem ning kuni 20% suurema mahutavusega!<\/p>\n<p class=\"isSelectedEnd\">Suurem grillimisala annab v\u00f5imaluse kasutada korraga grillresti ning lisaks WOK-panni v\u00f5i planchat \u2013 paindlikkus igaks grillimiskorraks.<\/p>\n<p class=\"isSelectedEnd\">Kvaliteet algab materjalidest:<br \/>\n\u2022 3 mm Cor-Ten terasest korpus tagab stabiilse kuumuse<br \/>\n\u2022 5 mm tugev grillrest viib grillimistulemuse j\u00e4rgmisele tasemele<\/p>\n<p class=\"isSelectedEnd\">Lisaks on grill loodud ka keskkonda silmas pidades \u2013 jalad ja v\u00e4iksemad detailid on disainitud nii, et tootmisel saaks kasutada materjalij\u00e4\u00e4ke, v\u00e4hendades keskkonnam\u00f5ju.<\/p>\n<p class=\"isSelectedEnd\">Cor-Teni punakaspruun toon koos roostevabast terasest detailidega teeb sellest rohkem kui grilli \u2013 see on v\u00e4limuselt t\u00f5eline pilgup\u00fc\u00fcdja igas aias.<\/p>\n<p>Ilmastikukindlad materjalid tagavad, et Chef on valmis sind teenima 365 p\u00e4eva aastas, iga ilmaga<\/p>\n<p>&nbsp;<\/p>\n<p><img loading=\"lazy\" decoding=\"async\" class=\"alignnone size-full wp-image-951\" src=\"https:\/\/tammetorubbq.ee\/wp-content\/uploads\/2023\/11\/GrillSymbol.png\" alt=\"\" width=\"273\" height=\"75\" srcset=\"https:\/\/tammetorubbq.ee\/wp-content\/uploads\/2023\/11\/GrillSymbol.png 273w, https:\/\/tammetorubbq.ee\/wp-content\/uploads\/2023\/11\/GrillSymbol-18x5.png 18w, https:\/\/tammetorubbq.ee\/wp-content\/uploads\/2023\/11\/GrillSymbol-64x18.png 64w\" sizes=\"auto, (max-width: 273px) 100vw, 273px\" \/><\/p>\n<p><a href=\"https:\/\/tammetorubbq.ee\/lt\/sumoketi-veliau\/\"><strong>PIRKITE DABAR, MOK\u0116KITE V\u0116LIAU<\/strong><\/a>\u00a0- be pal\u016bkan\u0173!<\/p>\n<p><img loading=\"lazy\" decoding=\"async\" class=\"alignnone wp-image-2646\" src=\"http:\/\/tammetorubbq.ee\/wp-content\/uploads\/2023\/12\/inbank-wordmark.png\" alt=\"\" width=\"167\" height=\"75\" srcset=\"https:\/\/tammetorubbq.ee\/wp-content\/uploads\/2023\/12\/inbank-wordmark.png 300w, https:\/\/tammetorubbq.ee\/wp-content\/uploads\/2023\/12\/inbank-wordmark-18x8.png 18w, https:\/\/tammetorubbq.ee\/wp-content\/uploads\/2023\/12\/inbank-wordmark-64x29.png 64w\" sizes=\"auto, (max-width: 167px) 100vw, 167px\" \/><\/p>\n<p>Taip pat si\u016blome galimyb\u0119 sumok\u0117ti v\u0117liau - viena, dviem arba trimis lygiomis dalimis be joki\u0173 pal\u016bkan\u0173 ar papildom\u0173 mokes\u010di\u0173.<\/p>\n<p>M\u016bs\u0173 pirkini\u0173 krep\u0161elyje rasite \u012fvairi\u0173 mok\u0117jimo b\u016bd\u0173 pasirinkim\u0105.<\/p>","protected":false},"featured_media":6752,"comment_status":"closed","ping_status":"closed","template":"","meta":{"_uf_show_specific_survey":0,"_uf_disable_surveys":false},"pwb-brand":[92],"product_brand":[396],"product_cat":[169],"product_tag":[147,397,78],"class_list":{"0":"post-6749","1":"product","2":"type-product","3":"status-publish","4":"has-post-thumbnail","6":"pwb-brand-grillsymbol","7":"product_brand-grillsymbol","8":"product_cat-soegrillid","9":"product_tag-grillsymbol","10":"product_tag-saslolivann","11":"product_tag-soegrill","13":"first","14":"instock","15":"taxable","16":"shipping-taxable","17":"purchasable","18":"product-type-simple"},"brands":[{"id":92,"name":"GrillSymbol","slug":"kepsnines-simbolis"}],"_links":{"self":[{"href":"https:\/\/tammetorubbq.ee\/lt\/wp-json\/wp\/v2\/product\/6749","targetHints":{"allow":["GET"]}}],"collection":[{"href":"https:\/\/tammetorubbq.ee\/lt\/wp-json\/wp\/v2\/product"}],"about":[{"href":"https:\/\/tammetorubbq.ee\/lt\/wp-json\/wp\/v2\/types\/product"}],"replies":[{"embeddable":true,"href":"https:\/\/tammetorubbq.ee\/lt\/wp-json\/wp\/v2\/comments?post=6749"}],"wp:featuredmedia":[{"embeddable":true,"href":"https:\/\/tammetorubbq.ee\/lt\/wp-json\/wp\/v2\/media\/6752"}],"wp:attachment":[{"href":"https:\/\/tammetorubbq.ee\/lt\/wp-json\/wp\/v2\/media?parent=6749"}],"wp:term":[{"taxonomy":"pwb-brand","embeddable":true,"href":"https:\/\/tammetorubbq.ee\/lt\/wp-json\/wp\/v2\/pwb-brand?post=6749"},{"taxonomy":"product_brand","embeddable":true,"href":"https:\/\/tammetorubbq.ee\/lt\/wp-json\/wp\/v2\/product_brand?post=6749"},{"taxonomy":"product_cat","embeddable":true,"href":"https:\/\/tammetorubbq.ee\/lt\/wp-json\/wp\/v2\/product_cat?post=6749"},{"taxonomy":"product_tag","embeddable":true,"href":"https:\/\/tammetorubbq.ee\/lt\/wp-json\/wp\/v2\/product_tag?post=6749"}],"curies":[{"name":"wp","href":"https:\/\/api.w.org\/{rel}","templated":true}]}}