{"id":6790,"date":"2026-04-21T09:02:29","date_gmt":"2026-04-21T06:02:29","guid":{"rendered":"https:\/\/tammetorubbq.ee\/?post_type=product&#038;p=6790"},"modified":"2026-04-25T04:00:06","modified_gmt":"2026-04-25T01:00:06","slug":"turnpike-bbq-kulmsuitsupuru-kirss-kott-30l","status":"publish","type":"product","link":"https:\/\/tammetorubbq.ee\/lt\/produktas\/turnpike-bbq-kulmsuitsupuru-kirss-kott-30l\/","title":{"rendered":"Turnpike BBQ k\u00fclmsuitsupuru \u2013 KIRSS \u2013 kott 3,0L"},"content":{"rendered":"<p><strong>Pakendi maht:<\/strong> 3,0 L<\/p>\n<p>&nbsp;<\/p>","protected":false},"excerpt":{"rendered":"<p data-start=\"49\" data-end=\"272\">Anna oma toitudele m\u00f5nusalt magus ja puuviljane suitsun\u00fcanss! Kirsipuidust k\u00fclmsuitsupuru annab lihale, kalale ja k\u00f6\u00f6giviljadele maheda, kergelt magusa maitse, mis ei varjuta tooraine loomulikku maitset, vaid t\u00e4iustab seda.<\/p>\n<p data-start=\"274\" data-end=\"473\">Kirsisuits sobib suurep\u00e4raselt nii iseseisvalt kasutamiseks kui ka teiste lehtpuudega kombineerimiseks. Eriti h\u00e4sti toimib see koos hikkoriga \u2013 tulemuseks on tasakaalustatud ja rikkalik suitsumaitse.<\/p>\n<ul>\n<li data-section-id=\"vtvoze\" data-start=\"495\" data-end=\"543\"><strong data-start=\"497\" data-end=\"515\">Skonio profilis:<\/strong> magus, puuviljane ja mahe<\/li>\n<li data-section-id=\"15ixtj9\" data-start=\"544\" data-end=\"611\"><strong data-start=\"546\" data-end=\"556\">Tinka:<\/strong> liha, kala, linnuliha ja k\u00f6\u00f6giviljade suitsutamiseks<\/li>\n<li data-section-id=\"6oy4xr\" data-start=\"612\" data-end=\"659\"><strong data-start=\"614\" data-end=\"629\">Naudojimas:<\/strong> ideaalne k\u00fclmsuitsutamiseks<\/li>\n<li data-section-id=\"vykzp\" data-start=\"660\" data-end=\"735\"><strong data-start=\"662\" data-end=\"681\">Kombineerimine:<\/strong> sobib segamiseks teiste puiduliikidega (nt hikkori)<\/li>\n<\/ul>\n<p>Turnpike BBQ kvaliteetse k\u00fclmsuitsupuruga on lihtne viis viia oma suitsutamiskogemus uuele tasemele.<\/p>\n<p>Taip pat \u017er: <strong><a href=\"https:\/\/tammetorubbq.ee\/lt\/produktas\/kulmsuitsu-generaator\/\">Turnpike BBQ k\u00fclmsuitsu generaator<\/a><\/strong><\/p>\n<p>&nbsp;<\/p>\n<p><img loading=\"lazy\" decoding=\"async\" class=\"wp-image-4200\" src=\"https:\/\/tammetorubbq.ee\/wp-content\/uploads\/2025\/11\/Turnpike-logo-300x109.png\" alt=\"Turnpike logo\" width=\"242\" height=\"88\" srcset=\"https:\/\/tammetorubbq.ee\/wp-content\/uploads\/2025\/11\/Turnpike-logo-300x109.png 300w, https:\/\/tammetorubbq.ee\/wp-content\/uploads\/2025\/11\/Turnpike-logo-18x7.png 18w, https:\/\/tammetorubbq.ee\/wp-content\/uploads\/2025\/11\/Turnpike-logo-64x23.png 64w, https:\/\/tammetorubbq.ee\/wp-content\/uploads\/2025\/11\/Turnpike-logo.png 390w\" sizes=\"auto, (max-width: 242px) 100vw, 242px\" \/><\/p>","protected":false},"featured_media":6793,"comment_status":"closed","ping_status":"closed","template":"","meta":{"_uf_show_specific_survey":0,"_uf_disable_surveys":false},"pwb-brand":[117],"product_brand":[391],"product_cat":[59,28],"product_tag":[163,118,121,313,182,120,114,119],"class_list":{"0":"post-6790","1":"product","2":"type-product","3":"status-publish","4":"has-post-thumbnail","6":"pwb-brand-turnpike-bbq","7":"product_brand-turnpike-bbq","8":"product_cat-suitsuklotsid","9":"product_cat-grillsusi","10":"product_tag-kala","11":"product_tag-kanaliha","12":"product_tag-koogiviljad","13":"product_tag-kulmsuitsupuru","14":"product_tag-linnuliha","15":"product_tag-mereannid","16":"product_tag-sealiha","17":"product_tag-veiseliha","19":"first","20":"instock","21":"taxable","22":"shipping-taxable","23":"purchasable","24":"product-type-simple"},"brands":[{"id":117,"name":"\"Turnpike BBQ","slug":"turnpike-bbq"}],"_links":{"self":[{"href":"https:\/\/tammetorubbq.ee\/lt\/wp-json\/wp\/v2\/product\/6790","targetHints":{"allow":["GET"]}}],"collection":[{"href":"https:\/\/tammetorubbq.ee\/lt\/wp-json\/wp\/v2\/product"}],"about":[{"href":"https:\/\/tammetorubbq.ee\/lt\/wp-json\/wp\/v2\/types\/product"}],"replies":[{"embeddable":true,"href":"https:\/\/tammetorubbq.ee\/lt\/wp-json\/wp\/v2\/comments?post=6790"}],"wp:featuredmedia":[{"embeddable":true,"href":"https:\/\/tammetorubbq.ee\/lt\/wp-json\/wp\/v2\/media\/6793"}],"wp:attachment":[{"href":"https:\/\/tammetorubbq.ee\/lt\/wp-json\/wp\/v2\/media?parent=6790"}],"wp:term":[{"taxonomy":"pwb-brand","embeddable":true,"href":"https:\/\/tammetorubbq.ee\/lt\/wp-json\/wp\/v2\/pwb-brand?post=6790"},{"taxonomy":"product_brand","embeddable":true,"href":"https:\/\/tammetorubbq.ee\/lt\/wp-json\/wp\/v2\/product_brand?post=6790"},{"taxonomy":"product_cat","embeddable":true,"href":"https:\/\/tammetorubbq.ee\/lt\/wp-json\/wp\/v2\/product_cat?post=6790"},{"taxonomy":"product_tag","embeddable":true,"href":"https:\/\/tammetorubbq.ee\/lt\/wp-json\/wp\/v2\/product_tag?post=6790"}],"curies":[{"name":"wp","href":"https:\/\/api.w.org\/{rel}","templated":true}]}}